{"id":25850980,"date":"2025-02-04T18:01:23","date_gmt":"2025-02-04T17:01:23","guid":{"rendered":"https:\/\/ack3.eu\/quality-policy\/"},"modified":"2025-11-05T11:42:37","modified_gmt":"2025-11-05T10:42:37","slug":"politica-calidad","status":"publish","type":"page","link":"https:\/\/ack3.eu\/es\/politica-calidad\/","title":{"rendered":"Pol\u00edtica de la Calidad, Medio Ambiente y del Sistema de Gesti\u00f3n de Operaciones de Seguridad Privada"},"content":{"rendered":"<p>[et_pb_section fb_built=\u00bb1&#8243; _builder_version=\u00bb4.24.0&#8243; _module_preset=\u00bbdefault\u00bb background_color=\u00bb#000000&#8243; background_pattern_repeat_origin=\u00bbcenter\u00bb custom_padding=\u00bb13px||13px||true|false\u00bb saved_tabs=\u00bball\u00bb locked=\u00bboff\u00bb global_colors_info=\u00bb{}\u00bb][et_pb_row _builder_version=\u00bb4.24.0&#8243; _module_preset=\u00bb32edda46-f9f8-4bcc-acb6-81abff8182ae\u00bb custom_margin=\u00bb||0px||false|false\u00bb custom_padding=\u00bb4px||4px||true|false\u00bb global_colors_info=\u00bb{}\u00bb][et_pb_column type=\u00bb4_4&#8243; _builder_version=\u00bb4.20.4&#8243; _module_preset=\u00bbdefault\u00bb global_colors_info=\u00bb{}\u00bb][dipi_breadcrumbs bc_home_text=\u00bbHome\u00bb bc_home_url=\u00bb\/\u00bb bc_items_alignment=\u00bbdipi-bc-left\u00bb bc_item_padding=\u00bb|10px||10px|false|true\u00bb bc_active_item_padding=\u00bb|20px||10px|true|false\u00bb _builder_version=\u00bb4.27.4&#8243; _module_preset=\u00bbdefault\u00bb active_text_color=\u00bb#BADFF7&#8243; global_colors_info=\u00bb{}\u00bb][\/dipi_breadcrumbs][\/et_pb_column][\/et_pb_row][\/et_pb_section][et_pb_section fb_built=\u00bb1&#8243; _builder_version=\u00bb4.24.0&#8243; _module_preset=\u00bbdefault\u00bb custom_padding=\u00bb||23px|||\u00bb locked=\u00bboff\u00bb global_colors_info=\u00bb{}\u00bb][et_pb_row _builder_version=\u00bb4.24.0&#8243; _module_preset=\u00bbdefault\u00bb global_colors_info=\u00bb{}\u00bb][et_pb_column type=\u00bb4_4&#8243; _builder_version=\u00bb4.24.0&#8243; _module_preset=\u00bbdefault\u00bb global_colors_info=\u00bb{}\u00bb][et_pb_text _builder_version=\u00bb4.27.4&#8243; _module_preset=\u00bbdefault\u00bb hover_enabled=\u00bb0&#8243; global_colors_info=\u00bb{}\u00bb sticky_enabled=\u00bb0&#8243;]<\/p>\n<h1>Pol\u00edtica de la Calidad, Medio Ambiente y del Sistema de Gesti\u00f3n de Operaciones de Seguridad Privada<\/h1>\n<p>La Pol\u00edtica de la Calidad, Medio Ambiente y del Sistema de Gesti\u00f3n de Operaciones de Seguridad Privada\u00a0de ACK3 CONSULTOR\u00cdA DE RIESGOS GLOBALES, S.L., en adelante <a href=\"https:\/\/ack3.eu\/es\/perfil\/\">ACK3<\/a>, establecida y aprobada por el Director General como parte de su compromiso con el desarrollo e implementaci\u00f3n del Sistema de Gesti\u00f3n de la Calidad y del Sistema de Gesti\u00f3n de Operaciones de Seguridad Privada, es la siguiente:<\/p>\n<p>ACK3 es una firma de Consultor\u00eda Estrat\u00e9gica de Riesgos\u00a0con un fuerte enfoque internacional, orientada a la excelencia\u00a0en el dise\u00f1o y ejecuci\u00f3n de servicios especializados en Consultor\u00eda de soluciones de seguridad para el \u00e1mbito militar y privado. La empresa se esfuerza por cumplir con todos los requisitos de sus partes interesadas, contribuyendo a la creaci\u00f3n de un mundo mejor, m\u00e1s justo y seguro para todos.<\/p>\n<p>Para garantizar la prestaci\u00f3n de productos y servicios confiables y eficaces que satisfagan a sus clientes y mejoren la gesti\u00f3n interna, ACK3 implementa y mantiene un Sistema de Gesti\u00f3n Integrado en cumplimiento con:<\/p>\n<ul>\n<li>UNE-EN-ISO 9001:2015 &#8211; Sistema de gesti\u00f3n de la calidad<\/li>\n<li>UNE-EN-ISO 14001:2015 &#8211; Sistema de gesti\u00f3n de la calidad ambiental<\/li>\n<li>ISO 18788:2015 &#8211; Sistema de gesti\u00f3n de operaciones de seguridad privada<\/li>\n<\/ul>\n<p>ACK3 se compromete a:<\/p>\n<ul>\n<li style=\"font-weight: 400;\">Cumplir con los requisitos de sus clientes, as\u00ed como con las normativas legales y reglamentarias aplicables a sus productos y servicios.<\/li>\n<li style=\"font-weight: 400;\">Respetar los derechos humanos y priorizar la vida y la dignidad humana como m\u00e1xima prioridad.<\/li>\n<li style=\"font-weight: 400;\">Prevenir, mitigar y reducir la probabilidad e impacto de eventos indeseados.<\/li>\n<li style=\"font-weight: 400;\">Revisar y mejorar continuamente la eficacia del Sistema de Gesti\u00f3n Integrado y sus procesos.<\/li>\n<li style=\"font-weight: 400;\">La Calidad, y la buena Gesti\u00f3n Medioambiental, es entendida como el cumplimiento de los compromisos acordados con nuestros clientes, y el resto de las partes interesadas.<\/li>\n<li style=\"font-weight: 400;\">Enfoque de todos nuestros esfuerzos y recursos hacia una mejora continua de nuestro Sistema Integrado de Gesti\u00f3n, mostrando as\u00ed a nuestros clientes la capacidad de reacci\u00f3n de ACK3 CONSULTORIA DE RIESGOS GLOBALES, S.L., as\u00ed como el compromiso que tenemos para proteger el medio ambiente y prevenir la contaminaci\u00f3n.<\/li>\n<li style=\"font-weight: 400;\">Desarrollo sostenible y respeto por el Medio Ambiente.<\/li>\n<li style=\"font-weight: 400;\">Promover el uso eficiente de la energ\u00eda y los recursos durante la prestaci\u00f3n de nuestros servicios, fomentando la mejora continua del desempe\u00f1o energ\u00e9tico y ambiental en las operaciones de nuestros clientes.<\/li>\n<li style=\"font-weight: 400;\">Satisfacer al cliente, conociendo sus necesidades, logrando as\u00ed que opte por nuestra empresa porque perciba en ella un trato personalizado.<\/li>\n<li style=\"font-weight: 400;\">Cumplir con todos los requisitos legales aplicables y otros requisitos, intentando ir m\u00e1s all\u00e1 de los m\u00ednimos reglamentarios en las actividades en que sea posible.<\/li>\n<li style=\"font-weight: 400;\">Fijar objetivos anuales concretos y realizar un seguimiento de los mismos, para lograr una mejora continua.<\/li>\n<\/ul>\n<p>Para lograr estos objetivos, la direcci\u00f3n de ACK3 proporciona la organizaci\u00f3n y los recursos necesarios, fomentando la participaci\u00f3n del personal en todos los niveles de la empresa e incentivando la colaboraci\u00f3n de los clientes en el mantenimiento y mejora del sistema. La calidad es un elemento fundamental en la cultura corporativa de ACK3.<\/p>\n<p>Adem\u00e1s, esta Pol\u00edtica de la Calidad, Medio Ambiente y del Sistema de Gesti\u00f3n de Operaciones de Seguridad Privada\u00a0de ACK3 se pone a disposici\u00f3n del p\u00fablico.<\/p>\n<p>&nbsp;<\/p>\n<p>&nbsp;<\/p>\n<p style=\"text-align: right;\"><strong>Alcobendas, 5 de noviembre de 2025<\/strong><\/p>\n<p style=\"text-align: right;\"><strong>\u00a0Director General<\/strong><\/p>\n<p style=\"text-align: right;\">Firmado: <em>Jorge Quintana Mac\u00edas<\/em><\/p>\n<p>[\/et_pb_text][\/et_pb_column][\/et_pb_row][\/et_pb_section]<\/p>\n","protected":false},"excerpt":{"rendered":"<p>Consultor\u00eda global de riesgos, soluciones de seguridad y servicios certificados por ISO, garantizando calidad y cumplimiento.<\/p>\n","protected":false},"author":2,"featured_media":25843133,"parent":0,"menu_order":0,"comment_status":"closed","ping_status":"closed","template":"","meta":{"_et_pb_use_builder":"on","_et_pb_old_content":"","_et_gb_content_width":"","footnotes":""},"dipi_cpt_category":[],"class_list":["post-25850980","page","type-page","status-publish","has-post-thumbnail","hentry"],"_links":{"self":[{"href":"https:\/\/ack3.eu\/es\/wp-json\/wp\/v2\/pages\/25850980","targetHints":{"allow":["GET"]}}],"collection":[{"href":"https:\/\/ack3.eu\/es\/wp-json\/wp\/v2\/pages"}],"about":[{"href":"https:\/\/ack3.eu\/es\/wp-json\/wp\/v2\/types\/page"}],"author":[{"embeddable":true,"href":"https:\/\/ack3.eu\/es\/wp-json\/wp\/v2\/users\/2"}],"replies":[{"embeddable":true,"href":"https:\/\/ack3.eu\/es\/wp-json\/wp\/v2\/comments?post=25850980"}],"version-history":[{"count":0,"href":"https:\/\/ack3.eu\/es\/wp-json\/wp\/v2\/pages\/25850980\/revisions"}],"wp:featuredmedia":[{"embeddable":true,"href":"https:\/\/ack3.eu\/es\/wp-json\/wp\/v2\/media\/25843133"}],"wp:attachment":[{"href":"https:\/\/ack3.eu\/es\/wp-json\/wp\/v2\/media?parent=25850980"}],"wp:term":[{"taxonomy":"dipi_cpt_category","embeddable":true,"href":"https:\/\/ack3.eu\/es\/wp-json\/wp\/v2\/dipi_cpt_category?post=25850980"}],"curies":[{"name":"wp","href":"https:\/\/api.w.org\/{rel}","templated":true}]}}