{"id":25850451,"date":"2024-10-14T11:15:56","date_gmt":"2024-10-14T09:15:56","guid":{"rendered":"https:\/\/ack3.eu\/servicios\/consultoria-estrategica-de-riesgos\/desarrollo-de-estrategias-empresariales\/"},"modified":"2025-01-23T11:15:06","modified_gmt":"2025-01-23T10:15:06","slug":"desarrollo-estrategias-empresariales","status":"publish","type":"page","link":"https:\/\/ack3.eu\/es\/servicios\/consultoria-estrategica-de-riesgos\/desarrollo-estrategias-empresariales\/","title":{"rendered":"Desarrollo de estrategias empresariales"},"content":{"rendered":"<p>[et_pb_section fb_built=\u00bb1&#8243; _builder_version=\u00bb4.24.0&#8243; _module_preset=\u00bbdefault\u00bb background_color=\u00bb#000000&#8243; background_pattern_repeat_origin=\u00bbcenter\u00bb custom_padding=\u00bb13px||13px||true|false\u00bb saved_tabs=\u00bball\u00bb locked=\u00bboff\u00bb global_colors_info=\u00bb{}\u00bb][et_pb_row _builder_version=\u00bb4.24.0&#8243; _module_preset=\u00bb32edda46-f9f8-4bcc-acb6-81abff8182ae\u00bb custom_margin=\u00bb||0px||false|false\u00bb custom_padding=\u00bb4px||4px||true|false\u00bb global_colors_info=\u00bb{}\u00bb][et_pb_column type=\u00bb4_4&#8243; _builder_version=\u00bb4.20.4&#8243; _module_preset=\u00bbdefault\u00bb global_colors_info=\u00bb{}\u00bb][dipi_breadcrumbs bc_home_text=\u00bbHome\u00bb bc_home_url=\u00bb\/\u00bb bc_items_alignment=\u00bbdipi-bc-left\u00bb bc_item_padding=\u00bb|10px||10px|false|true\u00bb bc_active_item_padding=\u00bb|20px||10px|true|false\u00bb _builder_version=\u00bb4.24.0&#8243; _module_preset=\u00bbdefault\u00bb active_text_color=\u00bb#BADFF7&#8243; global_colors_info=\u00bb{}\u00bb][\/dipi_breadcrumbs][\/et_pb_column][\/et_pb_row][\/et_pb_section][et_pb_section fb_built=\u00bb1&#8243; _builder_version=\u00bb4.24.0&#8243; _module_preset=\u00bbdefault\u00bb locked=\u00bboff\u00bb global_colors_info=\u00bb{}\u00bb][et_pb_row _builder_version=\u00bb4.24.0&#8243; _module_preset=\u00bbdefault\u00bb locked=\u00bboff\u00bb global_colors_info=\u00bb{}\u00bb][et_pb_column type=\u00bb4_4&#8243; _builder_version=\u00bb4.24.0&#8243; _module_preset=\u00bbdefault\u00bb global_colors_info=\u00bb{}\u00bb][et_pb_text _builder_version=\u00bb4.27.4&#8243; _module_preset=\u00bb13ddcc34-f131-47ca-8026-edc37a2f8af8&#8243; global_colors_info=\u00bb{}\u00bb]<\/p>\n<h1 style=\"text-align: center;\">Desarrollo de estrategias empresariales<\/h1>\n<p style=\"text-align: center;\">\n<p style=\"text-align: center;\">Nuestro servicio de desarrollo de estrategias de negocios est\u00e1 dise\u00f1ado para <strong>ayudar a las empresas que operan en entornos din\u00e1micos y de alto riesgo<\/strong> a trazar un camino claro hacia el \u00e9xito. Al refinar los objetivos, realizar un an\u00e1lisis de mercado profundo y crear estrategias accionables, aseguramos que su empresa est\u00e9 preparada para prosperar, sin importar los desaf\u00edos que se presenten. En ACK3, trabajamos estrechamente con usted para evaluar su posici\u00f3n actual, identificar oportunidades de crecimiento y construir una hoja de ruta que ofrezca resultados sostenibles, incluso en los mercados m\u00e1s impredecibles.<\/p>\n<p>[\/et_pb_text][\/et_pb_column][\/et_pb_row][et_pb_row column_structure=\u00bb1_2,1_2&#8243; module_class=\u00bbagf-vertical-align\u00bb _builder_version=\u00bb4.24.0&#8243; _module_preset=\u00bbdefault\u00bb custom_padding=\u00bb||||false|false\u00bb global_colors_info=\u00bb{}\u00bb][et_pb_column type=\u00bb1_2&#8243; _builder_version=\u00bb4.24.0&#8243; _module_preset=\u00bbdefault\u00bb global_colors_info=\u00bb{}\u00bb][et_pb_text _builder_version=\u00bb4.27.4&#8243; _module_preset=\u00bbdefault\u00bb background_color=\u00bb#F6FAFD\u00bb custom_padding=\u00bb30px|30px|30px|30px|true|true\u00bb border_radii=\u00bbon|3px|3px|3px|3px\u00bb box_shadow_style=\u00bbpreset4&#8243; box_shadow_horizontal=\u00bb7px\u00bb box_shadow_vertical=\u00bb7px\u00bb box_shadow_color=\u00bb#BADFF7&#8243; global_colors_info=\u00bb{}\u00bb]<\/p>\n<h2>\u00bfQu\u00e9 es el <strong>desarrollo de estrategias de negocios<\/strong>?<\/h2>\n<p>El Desarrollo de Estrategias de Negocios es el proceso de definir la direcci\u00f3n a largo plazo y los objetivos de una empresa, y delinear las acciones y recursos necesarios para lograrlos. Implica un an\u00e1lisis exhaustivo de factores internos y externos, la identificaci\u00f3n de las ventajas competitivas y la creaci\u00f3n de un plan que impulse el crecimiento, la innovaci\u00f3n y la rentabilidad. En ACK3, nos aseguramos de que esta estrategia <strong>no solo sea te\u00f3rica, sino que est\u00e9 basada en las realidades de su entorno operativo<\/strong>, ayud\u00e1ndole a navegar en mercados complejos, adaptarse a los cambios de la industria y aprovechar oportunidades en \u00e1reas propensas a riesgos.<\/p>\n<p>[\/et_pb_text][\/et_pb_column][et_pb_column type=\u00bb1_2&#8243; _builder_version=\u00bb4.24.0&#8243; _module_preset=\u00bbdefault\u00bb global_colors_info=\u00bb{}\u00bb][et_pb_image src=\u00bbhttps:\/\/ack3.eu\/wp-content\/uploads\/2024\/10\/Business-Development-risk-complex-environments.jpg\u00bb title_text=\u00bbBusiness-Development-risk-complex-environments\u00bb _builder_version=\u00bb4.27.2&#8243; _module_preset=\u00bbdefault\u00bb global_colors_info=\u00bb{}\u00bb][\/et_pb_image][\/et_pb_column][\/et_pb_row][et_pb_row _builder_version=\u00bb4.24.0&#8243; _module_preset=\u00bbdefault\u00bb global_colors_info=\u00bb{}\u00bb][et_pb_column type=\u00bb4_4&#8243; _builder_version=\u00bb4.24.0&#8243; _module_preset=\u00bbdefault\u00bb global_colors_info=\u00bb{}\u00bb][et_pb_text _builder_version=\u00bb4.27.4&#8243; _module_preset=\u00bbdefault\u00bb global_colors_info=\u00bb{}\u00bb]<\/p>\n<h3><strong>Logre un crecimiento sostenible<\/strong><\/h3>\n<p>Con ACK3 como su socio estrat\u00e9gico, obtiene acceso a un equipo de especialistas con experiencia comprobada en la navegaci\u00f3n de entornos complejos y de alto riesgo. Nos sumergimos en su negocio, identificando fortalezas y \u00e1reas de mejora. Nuestro enfoque va m\u00e1s all\u00e1 de los servicios de consultor\u00eda tradicionales: estamos en el terreno, entendiendo los mercados locales, los desaf\u00edos regulatorios y los factores geopol\u00edticos que impactan su negocio. Operamos en:<\/p>\n<ul>\n<li><strong>Planificaci\u00f3n estrat\u00e9gica:<\/strong> Colaboramos con usted para delinear objetivos claros y metas a largo plazo, asegurando que cada decisi\u00f3n est\u00e9 alineada con su visi\u00f3n de crecimiento y sostenibilidad. Consideramos la volatilidad del mercado y el riesgo, adaptando estrategias que permitan que su negocio prospere incluso en entornos inciertos.<\/li>\n<li><strong>An\u00e1lisis de mercado<\/strong>: Nuestro equipo realiza un an\u00e1lisis exhaustivo de su mercado, identificando tendencias, comportamientos del consumidor y oportunidades emergentes, particularmente en regiones donde la inestabilidad y el riesgo son prevalentes. Este an\u00e1lisis nos permite dar forma a estrategias que capitalizan tanto los cambios locales como globales.<\/li>\n<li><strong>Evaluaci\u00f3n competitiva:<\/strong> Analizamos las estrategias y el desempe\u00f1o de sus principales competidores, descubriendo brechas en el mercado y oportunidades de diferenciaci\u00f3n. En mercados vol\u00e1tiles, esta inteligencia es clave para mantenerse por delante de los competidores y asegurar una posici\u00f3n fuerte en el mercado.<\/li>\n<li><strong>Planificaci\u00f3n de escenarios y gesti\u00f3n de riesgos<\/strong>: Trabajamos con usted para anticipar riesgos potenciales y desarrollar planes de contingencia que aseguren que est\u00e9 preparado para cualquier eventualidad.<\/li>\n<li><strong>Hoja de ruta de ejecuci\u00f3n:<\/strong> Nuestros planes estrat\u00e9gicos no son solo ideas, son hojas de ruta detalladas y accionables. Proporcionamos iniciativas claras, plazos y requisitos de recursos para que su negocio pueda implementar la estrategia sin problemas y realizar un seguimiento de su \u00e9xito en tiempo real.<\/li>\n<li><strong>Planificaci\u00f3n de innovaci\u00f3n y crecimiento<\/strong>: Ya sea que se trate de introducir nuevos productos, expandirse a nuevos mercados o optimizar sus operaciones existentes, le ayudamos a desarrollar estrategias innovadoras que fomenten un crecimiento sostenible. Nuestra experiencia trabajando en entornos complejos nos permite anticipar lo inesperado, asegurando que sus planes de crecimiento sean resilientes y adaptables.<\/li>\n<\/ul>\n<blockquote>\n<p><strong>Ya sea que sea una startup buscando definir su camino, una empresa establecida que busca escalar o un negocio que navega por la disrupci\u00f3n, nuestro servicio de desarrollo de estrategias de negocios es la clave para desbloquear su potencial completo. Perm\u00edtanos ayudarle a construir una hoja de ruta hacia el \u00e9xito, asegurarnos de que sus recursos est\u00e9n alineados con sus objetivos estrat\u00e9gicos y preparar su empresa para un crecimiento sostenible en un mercado en constante cambio.<\/strong><\/p>\n<\/blockquote>\n<p>[\/et_pb_text][et_pb_divider _builder_version=\u00bb4.27.2&#8243; _module_preset=\u00bbdefault\u00bb global_colors_info=\u00bb{}\u00bb][\/et_pb_divider][\/et_pb_column][\/et_pb_row][et_pb_row _builder_version=\u00bb4.24.0&#8243; _module_preset=\u00bbdefault\u00bb global_module=\u00bb25841311&#8243; saved_tabs=\u00bball\u00bb locked=\u00bboff\u00bb global_colors_info=\u00bb{}\u00bb][et_pb_column type=\u00bb4_4&#8243; _builder_version=\u00bb4.24.0&#8243; _module_preset=\u00bbdefault\u00bb global_colors_info=\u00bb{}\u00bb][et_pb_text _builder_version=\u00bb4.24.0&#8243; _module_preset=\u00bbe9776427-b859-4288-b0a2-c7103567bb8c\u00bb global_colors_info=\u00bb{}\u00bb]<\/p>\n<p style=\"text-align: center;\">Cont\u00e1ctanos<\/p>\n<p>[\/et_pb_text][et_pb_text _builder_version=\u00bb4.24.2&#8243; _dynamic_attributes=\u00bbcontent\u00bb _module_preset=\u00bb13ddcc34-f131-47ca-8026-edc37a2f8af8&#8243; header_2_text_align=\u00bbcenter\u00bb custom_margin=\u00bb||5px||false|false\u00bb global_colors_info=\u00bb{}\u00bb]@ET-DC@eyJkeW5hbWljIjp0cnVlLCJjb250ZW50IjoicG9zdF90aXRsZSIsInNldHRpbmdzIjp7ImJlZm9yZSI6IjxoMj4gXHUwMGJmRXN0XHUwMGUxcyBpbnRlcmVzYWRvIGVuIGxvcyBzZXJ2aWNpb3MgZGUgIiwiYWZ0ZXIiOiJkZSBBQ0szPzwvaDI+In19@[\/et_pb_text][et_pb_text _builder_version=\u00bb4.24.0&#8243; _module_preset=\u00bb13ddcc34-f131-47ca-8026-edc37a2f8af8&#8243; global_colors_info=\u00bb{}\u00bb]<\/p>\n<p style=\"text-align: center;\">Ponte en contacto con nosotros completando el siguiente formulario:<\/p>\n<p>[\/et_pb_text][dipi_gravity_forms_styler gf_form_id=\u00bb1&#8243; form_title=\u00bbhide\u00bb _builder_version=\u00bb4.24.0&#8243; _module_preset=\u00bbdefault\u00bb form_title_font_size=\u00bb0px\u00bb field_label_font=\u00bbTrade Gothic LT Bold Extended||||||||\u00bb field_label_font_size=\u00bb15px\u00bb required_field_indicator_font_size=\u00bb15px\u00bb field_description_font_size=\u00bb16px\u00bb checkbox_radio_label_font_size=\u00bb17px\u00bb custom_all=\u00bbon\u00bb all_text_size=\u00bb17px\u00bb all_bg_color=\u00bb#000000&#8243; all_font=\u00bb|600|||||||\u00bb all_use_icon=\u00bboff\u00bb max_width=\u00bb78%\u00bb max_width_tablet=\u00bb100%\u00bb max_width_phone=\u00bb\u00bb max_width_last_edited=\u00bbon|desktop\u00bb module_alignment=\u00bbcenter\u00bb global_colors_info=\u00bb{}\u00bb all_bg_color__hover_enabled=\u00bbon|hover\u00bb all_bg_color__hover=\u00bb#535353&#8243; all_bg_enable_color__hover=\u00bbon\u00bb][\/dipi_gravity_forms_styler][\/et_pb_column][\/et_pb_row][\/et_pb_section]<\/p>\n","protected":false},"excerpt":{"rendered":"<p>Impulse su negocio con desarrollo de estrategias: refine objetivos, analice el mercado y cree estrategias para un crecimiento sostenible.<\/p>\n","protected":false},"author":2,"featured_media":25847811,"parent":25844083,"menu_order":0,"comment_status":"closed","ping_status":"closed","template":"","meta":{"_et_pb_use_builder":"on","_et_pb_old_content":"","_et_gb_content_width":"","footnotes":""},"dipi_cpt_category":[],"class_list":["post-25850451","page","type-page","status-publish","has-post-thumbnail","hentry"],"_links":{"self":[{"href":"https:\/\/ack3.eu\/es\/wp-json\/wp\/v2\/pages\/25850451","targetHints":{"allow":["GET"]}}],"collection":[{"href":"https:\/\/ack3.eu\/es\/wp-json\/wp\/v2\/pages"}],"about":[{"href":"https:\/\/ack3.eu\/es\/wp-json\/wp\/v2\/types\/page"}],"author":[{"embeddable":true,"href":"https:\/\/ack3.eu\/es\/wp-json\/wp\/v2\/users\/2"}],"replies":[{"embeddable":true,"href":"https:\/\/ack3.eu\/es\/wp-json\/wp\/v2\/comments?post=25850451"}],"version-history":[{"count":0,"href":"https:\/\/ack3.eu\/es\/wp-json\/wp\/v2\/pages\/25850451\/revisions"}],"up":[{"embeddable":true,"href":"https:\/\/ack3.eu\/es\/wp-json\/wp\/v2\/pages\/25844083"}],"wp:featuredmedia":[{"embeddable":true,"href":"https:\/\/ack3.eu\/es\/wp-json\/wp\/v2\/media\/25847811"}],"wp:attachment":[{"href":"https:\/\/ack3.eu\/es\/wp-json\/wp\/v2\/media?parent=25850451"}],"wp:term":[{"taxonomy":"dipi_cpt_category","embeddable":true,"href":"https:\/\/ack3.eu\/es\/wp-json\/wp\/v2\/dipi_cpt_category?post=25850451"}],"curies":[{"name":"wp","href":"https:\/\/api.w.org\/{rel}","templated":true}]}}