{"id":25850441,"date":"2024-07-05T08:02:58","date_gmt":"2024-07-05T06:02:58","guid":{"rendered":"https:\/\/ack3.eu\/servicios\/mission-critical-support\/meet-greet\/"},"modified":"2025-01-23T10:09:09","modified_gmt":"2025-01-23T09:09:09","slug":"meet-greet","status":"publish","type":"page","link":"https:\/\/ack3.eu\/es\/servicios\/mission-critical-support\/meet-greet\/","title":{"rendered":"Meet &#038; Greet"},"content":{"rendered":"<p>[et_pb_section fb_built=\u00bb1&#8243; _builder_version=\u00bb4.24.0&#8243; _module_preset=\u00bbdefault\u00bb background_color=\u00bb#000000&#8243; background_pattern_repeat_origin=\u00bbcenter\u00bb custom_padding=\u00bb13px||13px||true|false\u00bb saved_tabs=\u00bball\u00bb locked=\u00bboff\u00bb global_colors_info=\u00bb{}\u00bb][et_pb_row _builder_version=\u00bb4.24.0&#8243; _module_preset=\u00bb32edda46-f9f8-4bcc-acb6-81abff8182ae\u00bb custom_margin=\u00bb||0px||false|false\u00bb custom_padding=\u00bb4px||4px||true|false\u00bb global_colors_info=\u00bb{}\u00bb][et_pb_column type=\u00bb4_4&#8243; _builder_version=\u00bb4.20.4&#8243; _module_preset=\u00bbdefault\u00bb global_colors_info=\u00bb{}\u00bb][dipi_breadcrumbs bc_home_text=\u00bbHome\u00bb bc_home_url=\u00bb\/\u00bb bc_items_alignment=\u00bbdipi-bc-left\u00bb bc_item_padding=\u00bb|10px||10px|false|true\u00bb bc_active_item_padding=\u00bb|20px||10px|true|false\u00bb _builder_version=\u00bb4.24.0&#8243; _module_preset=\u00bbdefault\u00bb active_text_color=\u00bb#BADFF7&#8243; global_colors_info=\u00bb{}\u00bb][\/dipi_breadcrumbs][\/et_pb_column][\/et_pb_row][\/et_pb_section][et_pb_section fb_built=\u00bb1&#8243; _builder_version=\u00bb4.27.4&#8243; _module_preset=\u00bbdefault\u00bb locked=\u00bboff\u00bb global_colors_info=\u00bb{}\u00bb][et_pb_row _builder_version=\u00bb4.24.0&#8243; _module_preset=\u00bbdefault\u00bb custom_padding=\u00bb||4px|||\u00bb locked=\u00bboff\u00bb global_colors_info=\u00bb{}\u00bb][et_pb_column type=\u00bb4_4&#8243; _builder_version=\u00bb4.24.0&#8243; _module_preset=\u00bbdefault\u00bb global_colors_info=\u00bb{}\u00bb][et_pb_text _builder_version=\u00bb4.27.4&#8243; _module_preset=\u00bb13ddcc34-f131-47ca-8026-edc37a2f8af8&#8243; hover_enabled=\u00bb0&#8243; global_colors_info=\u00bb{}\u00bb sticky_enabled=\u00bb0&#8243;]<\/p>\n<h1 style=\"text-align: center;\">Meet &amp; Greet<\/h1>\n<h5 style=\"text-align: center;\">#WhereverYouAre<\/h5>\n<p style=\"text-align: center;\">El servicio de Meet &amp; Greet de ACK3 ofrece asistencia fluida y segura para ejecutivos, VIPs e individuos que viajan a destinos nuevos o de alto riesgo. Nuestro servicio garantiza una experiencia sin estr\u00e9s al brindar soporte personalizado, seguridad y coordinaci\u00f3n log\u00edstica desde la llegada hasta la salida. <strong>ACK3 aprovecha su red global y experiencia en seguridad para ofrecer una experiencia confiable y personalizada, permitiendo a los clientes enfocarse en sus objetivos mientras nosotros nos encargamos de la log\u00edstica<\/strong>.<\/p>\n<p>&nbsp;<\/p>\n<p>[\/et_pb_text][\/et_pb_column][\/et_pb_row][et_pb_row column_structure=\u00bb1_2,1_2&#8243; module_class=\u00bbagf-vertical-align\u00bb _builder_version=\u00bb4.24.0&#8243; _module_preset=\u00bbdefault\u00bb custom_padding=\u00bb||||false|false\u00bb global_colors_info=\u00bb{}\u00bb][et_pb_column type=\u00bb1_2&#8243; _builder_version=\u00bb4.24.0&#8243; _module_preset=\u00bbdefault\u00bb global_colors_info=\u00bb{}\u00bb][et_pb_text _builder_version=\u00bb4.27.4&#8243; _module_preset=\u00bbdefault\u00bb background_color=\u00bb#F6FAFD\u00bb custom_padding=\u00bb30px|30px|30px|30px|true|true\u00bb border_radii=\u00bbon|3px|3px|3px|3px\u00bb box_shadow_style=\u00bbpreset4&#8243; box_shadow_horizontal=\u00bb7px\u00bb box_shadow_vertical=\u00bb7px\u00bb box_shadow_color=\u00bb#BADFF7&#8243; global_colors_info=\u00bb{}\u00bb]<\/p>\n<blockquote>\n<h2>\u00bfQu\u00e9 es<strong> Meet &amp; Greet<\/strong>?<\/h2>\n<p>Meet &amp; Greet es un servicio personalizado de asistencia en viajes dise\u00f1ado para garantizar una transici\u00f3n fluida y segura a trav\u00e9s de aeropuertos, centros de transporte y nuevos destinos. Incluye desde procesos acelerados en aeropuertos hasta transporte seguro, lo que lo convierte en una opci\u00f3n ideal para personas que valoran la eficiencia, la privacidad y la seguridad.<\/p>\n<\/blockquote>\n<p>[\/et_pb_text][\/et_pb_column][et_pb_column type=\u00bb1_2&#8243; _builder_version=\u00bb4.24.0&#8243; _module_preset=\u00bbdefault\u00bb global_colors_info=\u00bb{}\u00bb][et_pb_image src=\u00bbhttps:\/\/ack3.eu\/wp-content\/uploads\/2025\/01\/meet-and-greet.jpg\u00bb alt=\u00bbConoce a tu cliente\u00bb title_text=\u00bbmeet-and-greet\u00bb _builder_version=\u00bb4.27.4&#8243; _module_preset=\u00bbdefault\u00bb global_colors_info=\u00bb{}\u00bb][\/et_pb_image][\/et_pb_column][\/et_pb_row][et_pb_row _builder_version=\u00bb4.24.0&#8243; _module_preset=\u00bbdefault\u00bb custom_padding=\u00bb||0px|||\u00bb global_colors_info=\u00bb{}\u00bb][et_pb_column type=\u00bb4_4&#8243; _builder_version=\u00bb4.24.0&#8243; _module_preset=\u00bbdefault\u00bb global_colors_info=\u00bb{}\u00bb][et_pb_text _builder_version=\u00bb4.27.4&#8243; _module_preset=\u00bbdefault\u00bb hover_enabled=\u00bb0&#8243; global_colors_info=\u00bb{}\u00bb sticky_enabled=\u00bb0&#8243;]<\/p>\n<h2 data-pm-slice=\"1 1 []\"><strong>Viajes sin complicaciones con ACK3<\/strong><\/h2>\n<p><strong>Experimenta viajes eficientes, seguros y sin estr\u00e9s.<\/strong><\/p>\n<p>El servicio de Meet &amp; Greet de ACK3 garantiza:<\/p>\n<ul data-spread=\"false\">\n<li>Soporte personalizado en cada etapa de tu viaje.<\/li>\n<li>Manejo seguro y discreto de viajeros de alto perfil.<\/li>\n<li>Coordinaci\u00f3n con socios confiables para transiciones fluidas.<\/li>\n<li>Actualizaciones en tiempo real y gesti\u00f3n proactiva de riesgos para tu tranquilidad.<\/li>\n<\/ul>\n<p>Nuestro servicio se adapta a tus necesidades espec\u00edficas, ofreciendo un nivel incomparable de profesionalismo y confiabilidad dondequiera que viajes.<\/p>\n<p>[\/et_pb_text][et_pb_divider show_divider=\u00bboff\u00bb _builder_version=\u00bb4.27.4&#8243; _module_preset=\u00bbdefault\u00bb global_colors_info=\u00bb{}\u00bb][\/et_pb_divider][\/et_pb_column][\/et_pb_row][et_pb_row _builder_version=\u00bb4.24.0&#8243; _module_preset=\u00bbdefault\u00bb custom_padding=\u00bb||0px|||\u00bb global_colors_info=\u00bb{}\u00bb][et_pb_column type=\u00bb4_4&#8243; _builder_version=\u00bb4.24.0&#8243; _module_preset=\u00bbdefault\u00bb global_colors_info=\u00bb{}\u00bb][et_pb_text _builder_version=\u00bb4.27.4&#8243; _module_preset=\u00bbdefault\u00bb global_colors_info=\u00bb{}\u00bb]<\/p>\n<h2 data-pm-slice=\"1 1 []\"><strong>Caracter\u00edsticas del servicio Meet &amp; Greet de ACK3<\/strong><\/h2>\n<div>\u00a0<\/div>\n<p>[\/et_pb_text][\/et_pb_column][\/et_pb_row][et_pb_row column_structure=\u00bb1_2,1_2&#8243; _builder_version=\u00bb4.24.0&#8243; _module_preset=\u00bbdefault\u00bb custom_padding=\u00bb||0px|||\u00bb global_colors_info=\u00bb{}\u00bb][et_pb_column type=\u00bb1_2&#8243; _builder_version=\u00bb4.24.0&#8243; _module_preset=\u00bbdefault\u00bb global_colors_info=\u00bb{}\u00bb][et_pb_text _builder_version=\u00bb4.27.4&#8243; _module_preset=\u00bbdefault\u00bb global_colors_info=\u00bb{}\u00bb]<\/p>\n<h6><strong>Asistencia personalizada<\/strong><\/h6>\n<ul data-spread=\"false\">\n<li>Personal dedicado para ayudar con el check-in, aduanas, inmigraci\u00f3n y manejo de equipaje.<\/li>\n<li>Soporte adaptado a las necesidades espec\u00edficas de cada cliente.<\/li>\n<\/ul>\n<h6><strong>Procesos acelerados<\/strong><\/h6>\n<ul data-spread=\"false\">\n<li>Agilizaci\u00f3n en controles de inmigraci\u00f3n y seguridad.<\/li>\n<li>Coordinaci\u00f3n con las autoridades aeroportuarias para garantizar transiciones fluidas.<\/li>\n<\/ul>\n<h6><strong>Transporte seguro<\/strong><\/h6>\n<ul data-spread=\"false\">\n<li>Acceso a conductores y veh\u00edculos verificados para transporte terrestre seguro.<\/li>\n<li>Seguimiento y monitoreo en tiempo real de los trayectos.<\/li>\n<\/ul>\n<div>\u00a0<\/div>\n<p>[\/et_pb_text][\/et_pb_column][et_pb_column type=\u00bb1_2&#8243; _builder_version=\u00bb4.24.0&#8243; _module_preset=\u00bbdefault\u00bb global_colors_info=\u00bb{}\u00bb][et_pb_text _builder_version=\u00bb4.27.4&#8243; _module_preset=\u00bbdefault\u00bb global_colors_info=\u00bb{}\u00bb]<\/p>\n<h6 data-pm-slice=\"1 1 [\"><strong>Servicios VIP y ejecutivos<\/strong><\/h6>\n<ul>\n<li>Acceso a salas exclusivas e instalaciones premium.<\/li>\n<li>Personal discreto y profesional para atender a clientes de alto perfil.<\/li>\n<\/ul>\n<h6 data-pm-slice=\"1 1 [\"><strong>Gesti\u00f3n de crisis y riesgos<\/strong><\/h6>\n<ul data-spread=\"false\">\n<li>Establecimiento de protocolos para restaurar operaciones tras una interrupci\u00f3n.<\/li>\n<li>Inclusi\u00f3n de estrategias de recuperaci\u00f3n de TI para minimizar tiempos de inactividad.<\/li>\n<\/ul>\n<ul>\n<li style=\"list-style-type: none;\">\u00a0<\/li>\n<\/ul>\n<div>\u00a0<\/div>\n<p>[\/et_pb_text][\/et_pb_column][\/et_pb_row][et_pb_row column_structure=\u00bb1_2,1_2&#8243; _builder_version=\u00bb4.24.0&#8243; _module_preset=\u00bbdefault\u00bb custom_padding=\u00bb||0px|||\u00bb global_colors_info=\u00bb{}\u00bb][et_pb_column type=\u00bb1_2&#8243; _builder_version=\u00bb4.24.0&#8243; _module_preset=\u00bbdefault\u00bb global_colors_info=\u00bb{}\u00bb][et_pb_text _builder_version=\u00bb4.27.4&#8243; _module_preset=\u00bbdefault\u00bb global_colors_info=\u00bb{}\u00bb]<\/p>\n<h4 data-pm-slice=\"1 3 []\"><strong>\u00bfPor qu\u00e9 elegir ACK3 para el servicio Meet &amp; Greet?<\/strong><\/h4>\n<ul>\n<li><strong>Experiencia global:<\/strong> Nuestra extensa red garantiza un servicio fluido en LATAM, EMEA y m\u00e1s all\u00e1.<\/li>\n<li><strong>Seguridad incomparable<\/strong>: Respaldados por un centro global de operaciones (SOC) 24\/7, ofrecemos monitoreo en tiempo real y gesti\u00f3n de riesgos.<\/li>\n<li><strong>Profesionalismo y discreci\u00f3n:<\/strong> Nuestro personal altamente capacitado brinda un servicio excepcional respetando la privacidad y la confidencialidad.<\/li>\n<li><strong>Soluciones personalizadas<\/strong>: Cada servicio se adapta a tus necesidades y preferencias individuales.<\/li>\n<\/ul>\n<p>[\/et_pb_text][\/et_pb_column][et_pb_column type=\u00bb1_2&#8243; _builder_version=\u00bb4.24.0&#8243; _module_preset=\u00bbdefault\u00bb global_colors_info=\u00bb{}\u00bb][et_pb_text _builder_version=\u00bb4.27.4&#8243; _module_preset=\u00bbdefault\u00bb global_colors_info=\u00bb{}\u00bb]<\/p>\n<h4 data-pm-slice=\"1 3 []\"><strong>Casos de uso<\/strong><\/h4>\n<ul>\n<li><strong>Ejecutivos corporativos:<\/strong> Simplifica los viajes de negocios con una gesti\u00f3n eficiente de aeropuertos y transporte.<\/li>\n<li><strong>Viajeros VIP:<\/strong> Disfruta de asistencia exclusiva y de alta gama para un viaje sin estr\u00e9s.<\/li>\n<li><span>Destinos de alto riesgo: Garantiza la seguridad y minimiza los riesgos con log\u00edstica segura y personal experimentado.<\/span><\/li>\n<\/ul>\n<div class=\"flex-shrink-0 flex flex-col relative items-end\">\n<div class=\"pt-0\">\n<div class=\"gizmo-bot-avatar flex h-8 w-8 items-center justify-center overflow-hidden rounded-full\">\n<div class=\"relative p-1 rounded-sm flex items-center justify-center bg-token-main-surface-primary text-token-text-primary h-8 w-8\">\u00a0<\/div>\n<\/div>\n<\/div>\n<\/div>\n<p>[\/et_pb_text][\/et_pb_column][\/et_pb_row][et_pb_row _builder_version=\u00bb4.24.0&#8243; _module_preset=\u00bbdefault\u00bb custom_padding=\u00bb6px|||||\u00bb global_colors_info=\u00bb{}\u00bb][et_pb_column type=\u00bb4_4&#8243; _builder_version=\u00bb4.24.0&#8243; _module_preset=\u00bbdefault\u00bb global_colors_info=\u00bb{}\u00bb][et_pb_text _builder_version=\u00bb4.27.4&#8243; _module_preset=\u00bbdefault\u00bb global_colors_info=\u00bb{}\u00bb]<\/p>\n<blockquote>\n<p data-pm-slice=\"1 1 []\"><strong>Al asociarse con ACK3 para servicios de meet &amp; greet, los clientes disfrutan de experiencias de viaje fluidas, soporte personalizado y seguridad mejorada. Nuestro equipo de expertos se encarga de cada detalle con precisi\u00f3n y cuidado, permitiendo a los viajeros enfocarse en sus prioridades mientras nosotros gestionamos el resto.<\/strong><\/p>\n<\/blockquote>\n<p>[\/et_pb_text][et_pb_divider _builder_version=\u00bb4.27.0&#8243; _module_preset=\u00bbdefault\u00bb global_colors_info=\u00bb{}\u00bb][\/et_pb_divider][\/et_pb_column][\/et_pb_row][et_pb_row _builder_version=\u00bb4.24.0&#8243; _module_preset=\u00bbdefault\u00bb global_module=\u00bb25841311&#8243; saved_tabs=\u00bball\u00bb locked=\u00bboff\u00bb global_colors_info=\u00bb{}\u00bb][et_pb_column type=\u00bb4_4&#8243; _builder_version=\u00bb4.24.0&#8243; _module_preset=\u00bbdefault\u00bb global_colors_info=\u00bb{}\u00bb][et_pb_text _builder_version=\u00bb4.24.0&#8243; _module_preset=\u00bbe9776427-b859-4288-b0a2-c7103567bb8c\u00bb global_colors_info=\u00bb{}\u00bb]<\/p>\n<p style=\"text-align: center;\">Cont\u00e1ctanos<\/p>\n<p>[\/et_pb_text][et_pb_text _builder_version=\u00bb4.24.2&#8243; _dynamic_attributes=\u00bbcontent\u00bb _module_preset=\u00bb13ddcc34-f131-47ca-8026-edc37a2f8af8&#8243; header_2_text_align=\u00bbcenter\u00bb custom_margin=\u00bb||5px||false|false\u00bb global_colors_info=\u00bb{}\u00bb]@ET-DC@eyJkeW5hbWljIjp0cnVlLCJjb250ZW50IjoicG9zdF90aXRsZSIsInNldHRpbmdzIjp7ImJlZm9yZSI6IjxoMj4gXHUwMGJmRXN0XHUwMGUxcyBpbnRlcmVzYWRvIGVuIGxvcyBzZXJ2aWNpb3MgZGUgIiwiYWZ0ZXIiOiJkZSBBQ0szPzwvaDI+In19@[\/et_pb_text][et_pb_text _builder_version=\u00bb4.24.0&#8243; _module_preset=\u00bb13ddcc34-f131-47ca-8026-edc37a2f8af8&#8243; global_colors_info=\u00bb{}\u00bb]<\/p>\n<p style=\"text-align: center;\">Ponte en contacto con nosotros completando el siguiente formulario:<\/p>\n<p>[\/et_pb_text][dipi_gravity_forms_styler gf_form_id=\u00bb1&#8243; form_title=\u00bbhide\u00bb _builder_version=\u00bb4.24.0&#8243; _module_preset=\u00bbdefault\u00bb form_title_font_size=\u00bb0px\u00bb field_label_font=\u00bbTrade Gothic LT Bold Extended||||||||\u00bb field_label_font_size=\u00bb15px\u00bb required_field_indicator_font_size=\u00bb15px\u00bb field_description_font_size=\u00bb16px\u00bb checkbox_radio_label_font_size=\u00bb17px\u00bb custom_all=\u00bbon\u00bb all_text_size=\u00bb17px\u00bb all_bg_color=\u00bb#000000&#8243; all_font=\u00bb|600|||||||\u00bb all_use_icon=\u00bboff\u00bb max_width=\u00bb78%\u00bb max_width_tablet=\u00bb100%\u00bb max_width_phone=\u00bb\u00bb max_width_last_edited=\u00bbon|desktop\u00bb module_alignment=\u00bbcenter\u00bb global_colors_info=\u00bb{}\u00bb all_bg_color__hover_enabled=\u00bbon|hover\u00bb all_bg_color__hover=\u00bb#535353&#8243; all_bg_enable_color__hover=\u00bbon\u00bb][\/dipi_gravity_forms_styler][\/et_pb_column][\/et_pb_row][\/et_pb_section]<\/p>\n","protected":false},"excerpt":{"rendered":"<p>Viajes seguros y sin complicaciones con Meet &#038; Greet ACK3. Soporte personalizado, procesos agilizados y seguridad premium para viajeros VIP.<\/p>\n","protected":false},"author":2,"featured_media":25850394,"parent":25844008,"menu_order":0,"comment_status":"closed","ping_status":"closed","template":"","meta":{"_et_pb_use_builder":"on","_et_pb_old_content":"","_et_gb_content_width":"","footnotes":""},"dipi_cpt_category":[],"class_list":["post-25850441","page","type-page","status-publish","has-post-thumbnail","hentry"],"_links":{"self":[{"href":"https:\/\/ack3.eu\/es\/wp-json\/wp\/v2\/pages\/25850441","targetHints":{"allow":["GET"]}}],"collection":[{"href":"https:\/\/ack3.eu\/es\/wp-json\/wp\/v2\/pages"}],"about":[{"href":"https:\/\/ack3.eu\/es\/wp-json\/wp\/v2\/types\/page"}],"author":[{"embeddable":true,"href":"https:\/\/ack3.eu\/es\/wp-json\/wp\/v2\/users\/2"}],"replies":[{"embeddable":true,"href":"https:\/\/ack3.eu\/es\/wp-json\/wp\/v2\/comments?post=25850441"}],"version-history":[{"count":0,"href":"https:\/\/ack3.eu\/es\/wp-json\/wp\/v2\/pages\/25850441\/revisions"}],"up":[{"embeddable":true,"href":"https:\/\/ack3.eu\/es\/wp-json\/wp\/v2\/pages\/25844008"}],"wp:featuredmedia":[{"embeddable":true,"href":"https:\/\/ack3.eu\/es\/wp-json\/wp\/v2\/media\/25850394"}],"wp:attachment":[{"href":"https:\/\/ack3.eu\/es\/wp-json\/wp\/v2\/media?parent=25850441"}],"wp:term":[{"taxonomy":"dipi_cpt_category","embeddable":true,"href":"https:\/\/ack3.eu\/es\/wp-json\/wp\/v2\/dipi_cpt_category?post=25850441"}],"curies":[{"name":"wp","href":"https:\/\/api.w.org\/{rel}","templated":true}]}}