{"id":25850422,"date":"2025-01-21T13:42:28","date_gmt":"2025-01-21T12:42:28","guid":{"rendered":"https:\/\/ack3.eu\/servicios\/resiliencia-organizacional\/continuidad-del-negocio\/"},"modified":"2025-01-23T08:44:26","modified_gmt":"2025-01-23T07:44:26","slug":"continuidad-negocio","status":"publish","type":"page","link":"https:\/\/ack3.eu\/es\/servicios\/resiliencia-organizacional\/continuidad-negocio\/","title":{"rendered":"Continuidad de negocio"},"content":{"rendered":"<p>[et_pb_section fb_built=\u00bb1&#8243; _builder_version=\u00bb4.24.0&#8243; _module_preset=\u00bbdefault\u00bb background_color=\u00bb#000000&#8243; background_pattern_repeat_origin=\u00bbcenter\u00bb custom_padding=\u00bb13px||13px||true|false\u00bb saved_tabs=\u00bball\u00bb locked=\u00bboff\u00bb global_colors_info=\u00bb{}\u00bb][et_pb_row _builder_version=\u00bb4.24.0&#8243; _module_preset=\u00bb32edda46-f9f8-4bcc-acb6-81abff8182ae\u00bb custom_margin=\u00bb||0px||false|false\u00bb custom_padding=\u00bb4px||4px||true|false\u00bb global_colors_info=\u00bb{}\u00bb][et_pb_column type=\u00bb4_4&#8243; _builder_version=\u00bb4.20.4&#8243; _module_preset=\u00bbdefault\u00bb global_colors_info=\u00bb{}\u00bb][dipi_breadcrumbs bc_home_text=\u00bbHome\u00bb bc_home_url=\u00bb\/\u00bb bc_items_alignment=\u00bbdipi-bc-left\u00bb bc_item_padding=\u00bb|10px||10px|false|true\u00bb bc_active_item_padding=\u00bb|20px||10px|true|false\u00bb _builder_version=\u00bb4.24.0&#8243; _module_preset=\u00bbdefault\u00bb active_text_color=\u00bb#BADFF7&#8243; global_colors_info=\u00bb{}\u00bb][\/dipi_breadcrumbs][\/et_pb_column][\/et_pb_row][\/et_pb_section][et_pb_section fb_built=\u00bb1&#8243; _builder_version=\u00bb4.27.4&#8243; _module_preset=\u00bbdefault\u00bb locked=\u00bboff\u00bb global_colors_info=\u00bb{}\u00bb][et_pb_row _builder_version=\u00bb4.24.0&#8243; _module_preset=\u00bbdefault\u00bb locked=\u00bboff\u00bb global_colors_info=\u00bb{}\u00bb][et_pb_column type=\u00bb4_4&#8243; _builder_version=\u00bb4.24.0&#8243; _module_preset=\u00bbdefault\u00bb global_colors_info=\u00bb{}\u00bb][et_pb_text _builder_version=\u00bb4.27.4&#8243; _module_preset=\u00bb13ddcc34-f131-47ca-8026-edc37a2f8af8&#8243; global_colors_info=\u00bb{}\u00bb]<\/p>\n<h1 style=\"text-align: center;\">Continuidad de negocio<\/h1>\n<p style=\"text-align: center;\">En un entorno empresarial cada vez m\u00e1s incierto, la continuidad del negocio es clave para mantener la estabilidad operativa. En ACK3, ofrecemos <strong>soluciones personalizadas para identificar riesgos, mitigar vulnerabilidades y asegurar que las operaciones cr\u00edticas contin\u00faen incluso durante interrupciones.<\/strong> Nuestra experiencia en resiliencia organizacional ayuda a las empresas a adaptarse r\u00e1pidamente y recuperarse de manera efectiva, garantizando su \u00e9xito a largo plazo.<\/p>\n<p>[\/et_pb_text][\/et_pb_column][\/et_pb_row][et_pb_row column_structure=\u00bb1_2,1_2&#8243; module_class=\u00bbagf-vertical-align\u00bb _builder_version=\u00bb4.24.0&#8243; _module_preset=\u00bbdefault\u00bb custom_padding=\u00bb||||false|false\u00bb global_colors_info=\u00bb{}\u00bb][et_pb_column type=\u00bb1_2&#8243; _builder_version=\u00bb4.24.0&#8243; _module_preset=\u00bbdefault\u00bb global_colors_info=\u00bb{}\u00bb][et_pb_text _builder_version=\u00bb4.27.4&#8243; _module_preset=\u00bbdefault\u00bb background_color=\u00bb#F6FAFD\u00bb custom_padding=\u00bb30px|30px|30px|30px|true|true\u00bb border_radii=\u00bbon|3px|3px|3px|3px\u00bb box_shadow_style=\u00bbpreset4&#8243; box_shadow_horizontal=\u00bb7px\u00bb box_shadow_vertical=\u00bb7px\u00bb box_shadow_color=\u00bb#BADFF7&#8243; global_colors_info=\u00bb{}\u00bb]<\/p>\n<blockquote>\n<h2>\u00bfQu\u00e9 es la <strong>continuidad de negocio<\/strong>?<\/h2>\n<p data-pm-slice=\"1 1 []\">La continuidad del negocio es un <strong>enfoque estrat\u00e9gico que permite a las organizaciones mantener funciones esenciales durante y despu\u00e9s de una interrupci\u00f3n<\/strong>. Implica identificar riesgos potenciales, desarrollar planes accionables e implementar medidas de protecci\u00f3n para minimizar el tiempo de inactividad y garantizar la estabilidad operativa.<\/p>\n<p data-pm-slice=\"1 1 []\">Los aspectos clave incluyen prepararse para eventos inesperados como desastres naturales, ciberataques o fallos de infraestructura; garantizar la seguridad de los empleados, las partes interesadas y los activos cr\u00edticos; o desarrollar estrategias para recuperarse. Al integrar marcos s\u00f3lidos y aprovechar los conocimientos de los expertos, la continuidad del negocio ayuda a las organizaciones no solo a sobrevivir a las interrupciones, sino a prosperar despu\u00e9s de ellas fomentando la adaptabilidad y la resiliencia.<\/p>\n<\/blockquote>\n<p>[\/et_pb_text][\/et_pb_column][et_pb_column type=\u00bb1_2&#8243; _builder_version=\u00bb4.24.0&#8243; _module_preset=\u00bbdefault\u00bb global_colors_info=\u00bb{}\u00bb][et_pb_image src=\u00bbhttps:\/\/ack3.eu\/wp-content\/uploads\/2024\/02\/Organizational-Resilience-2.webp\u00bb alt=\u00bbConoce a tu cliente\u00bb title_text=\u00bbResiliencia Organizacional\u00bb _builder_version=\u00bb4.27.4&#8243; _module_preset=\u00bbdefault\u00bb global_colors_info=\u00bb{}\u00bb][\/et_pb_image][\/et_pb_column][\/et_pb_row][et_pb_row _builder_version=\u00bb4.24.0&#8243; _module_preset=\u00bbdefault\u00bb custom_padding=\u00bb||0px|||\u00bb global_colors_info=\u00bb{}\u00bb][et_pb_column type=\u00bb4_4&#8243; _builder_version=\u00bb4.24.0&#8243; _module_preset=\u00bbdefault\u00bb global_colors_info=\u00bb{}\u00bb][et_pb_text _builder_version=\u00bb4.27.4&#8243; _module_preset=\u00bbdefault\u00bb global_colors_info=\u00bb{}\u00bb]<\/p>\n<h3 data-pm-slice=\"1 1 []\"><strong>Resiliencia adaptada a tus necesidades<\/strong><\/h3>\n<p><span style=\"font-size: 17px;\">Empoderamos a las organizaciones para navegar la incertidumbre con confianza y control. La experiencia de ACK3 radica en crear soluciones personalizadas para mitigar riesgos y garantizar la continuidad. Nosotros:<\/span><\/p>\n<ul>\n<li>Aprovechamos tecnolog\u00edas y metodolog\u00edas de vanguardia para dise\u00f1ar planes de continuidad de negocio a medida.<\/li>\n<li>Proporcionamos formaci\u00f3n pr\u00e1ctica y simulaciones para construir la preparaci\u00f3n en todos los niveles de tu organizaci\u00f3n.<\/li>\n<li>Ofrecemos soporte y orientaci\u00f3n 24\/7, asegurando que nunca est\u00e9s solo al enfrentar desaf\u00edos.<\/li>\n<li>Colaboramos estrechamente con tu equipo para alinear las estrategias de continuidad con tus objetivos operacionales.<\/li>\n<\/ul>\n<p>Nuestras soluciones est\u00e1n dise\u00f1adas para permitir que las organizaciones se adapten a circunstancias cambiantes y se recuperen r\u00e1pidamente, manteniendo su ventaja competitiva en un mundo impredecible.<\/p>\n<p>[\/et_pb_text][et_pb_divider show_divider=\u00bboff\u00bb _builder_version=\u00bb4.27.4&#8243; _module_preset=\u00bbdefault\u00bb global_colors_info=\u00bb{}\u00bb][\/et_pb_divider][\/et_pb_column][\/et_pb_row][et_pb_row _builder_version=\u00bb4.24.0&#8243; _module_preset=\u00bbdefault\u00bb custom_padding=\u00bb||0px|||\u00bb global_colors_info=\u00bb{}\u00bb][et_pb_column type=\u00bb4_4&#8243; _builder_version=\u00bb4.24.0&#8243; _module_preset=\u00bbdefault\u00bb global_colors_info=\u00bb{}\u00bb][et_pb_text _builder_version=\u00bb4.27.4&#8243; _module_preset=\u00bbdefault\u00bb global_colors_info=\u00bb{}\u00bb]<\/p>\n<h2 data-pm-slice=\"1 1 []\"><strong>Caracter\u00edsticas de la continuidad del negocio por ACK3<\/strong><\/h2>\n<div>\u00a0<\/div>\n<p>[\/et_pb_text][\/et_pb_column][\/et_pb_row][et_pb_row column_structure=\u00bb1_2,1_2&#8243; _builder_version=\u00bb4.24.0&#8243; _module_preset=\u00bbdefault\u00bb custom_padding=\u00bb||0px|||\u00bb global_colors_info=\u00bb{}\u00bb][et_pb_column type=\u00bb1_2&#8243; _builder_version=\u00bb4.24.0&#8243; _module_preset=\u00bbdefault\u00bb global_colors_info=\u00bb{}\u00bb][et_pb_text _builder_version=\u00bb4.27.4&#8243; _module_preset=\u00bbdefault\u00bb global_colors_info=\u00bb{}\u00bb]<\/p>\n<h6><strong>An\u00e1lisis de impacto en el negocio:<\/strong><\/h6>\n<ul>\n<li style=\"list-style-type: none;\">\n<ul data-spread=\"false\">\n<li>Identificar procesos cr\u00edticos y evaluar el impacto potencial de las interrupciones.<\/li>\n<li>Desarrollar estrategias de priorizaci\u00f3n para la recuperaci\u00f3n.<\/li>\n<\/ul>\n<\/li>\n<\/ul>\n<h6><strong>Evaluaci\u00f3n y mitigaci\u00f3n de riesgos:<\/strong><\/h6>\n<ul>\n<li style=\"list-style-type: none;\">\n<ul data-spread=\"false\">\n<li>Realizar evaluaciones de riesgos exhaustivas.<\/li>\n<li>Implementar medidas para reducir vulnerabilidades y exposici\u00f3n.<\/li>\n<\/ul>\n<\/li>\n<\/ul>\n<h6><strong>Planificaci\u00f3n de continuidad:<\/strong><\/h6>\n<ul>\n<li style=\"list-style-type: none;\">\n<ul data-spread=\"false\">\n<li>Desarrollar planes de continuidad del negocio (BCP) personalizados.<\/li>\n<li>Alinear estrategias con los objetivos organizacionales y los requisitos de cumplimiento.<\/li>\n<\/ul>\n<\/li>\n<\/ul>\n<div>\u00a0<\/div>\n<p>[\/et_pb_text][\/et_pb_column][et_pb_column type=\u00bb1_2&#8243; _builder_version=\u00bb4.24.0&#8243; _module_preset=\u00bbdefault\u00bb global_colors_info=\u00bb{}\u00bb][et_pb_text _builder_version=\u00bb4.27.4&#8243; _module_preset=\u00bbdefault\u00bb global_colors_info=\u00bb{}\u00bb]<\/p>\n<h6><strong>Entrenamiento y concienciaci\u00f3n:<\/strong><\/h6>\n<ul>\n<li style=\"list-style-type: none;\">\n<ul data-spread=\"false\">\n<li>Realizar talleres y simulaciones para preparar a los empleados.<\/li>\n<li>Mejorar la preparaci\u00f3n organizacional a trav\u00e9s de programas de formaci\u00f3n personalizados.<\/li>\n<\/ul>\n<\/li>\n<\/ul>\n<h6><strong>Recuperaci\u00f3n ante desastres:<\/strong><\/h6>\n<ul>\n<li style=\"list-style-type: none;\">\n<ul data-spread=\"false\">\n<li>Establecer protocolos para restaurar las operaciones despu\u00e9s de una interrupci\u00f3n.<\/li>\n<li>Incluir estrategias de recuperaci\u00f3n de TI para minimizar el tiempo de inactividad.<\/li>\n<\/ul>\n<\/li>\n<\/ul>\n<h6><strong>Pruebas y validaci\u00f3n:<\/strong><\/h6>\n<ul>\n<li style=\"list-style-type: none;\">\n<ul data-spread=\"false\">\n<li>Probar regularmente los planes de continuidad para garantizar su efectividad.<\/li>\n<li>Realizar ajustes basados en lecciones aprendidas y riesgos en evoluci\u00f3n.<\/li>\n<\/ul>\n<\/li>\n<\/ul>\n<div>\u00a0<\/div>\n<p>[\/et_pb_text][\/et_pb_column][\/et_pb_row][et_pb_row column_structure=\u00bb1_2,1_2&#8243; _builder_version=\u00bb4.24.0&#8243; _module_preset=\u00bbdefault\u00bb custom_padding=\u00bb||0px|||\u00bb global_colors_info=\u00bb{}\u00bb][et_pb_column type=\u00bb1_2&#8243; _builder_version=\u00bb4.24.0&#8243; _module_preset=\u00bbdefault\u00bb global_colors_info=\u00bb{}\u00bb][et_pb_text _builder_version=\u00bb4.27.4&#8243; _module_preset=\u00bbdefault\u00bb global_colors_info=\u00bb{}\u00bb]<\/p>\n<h4 data-pm-slice=\"1 1 []\"><strong>\u00bfPor qu\u00e9 elegir ACK3 para la continuidad del negocio?<\/strong><\/h4>\n<ul data-spread=\"false\" data-pm-slice=\"3 3 []\">\n<li><strong>Soluciones basadas en expertos:<\/strong> Aprovecha la amplia experiencia de nuestro equipo en gesti\u00f3n de riesgos y resiliencia organizacional.<\/li>\n<li><strong>Estrategias personalizadas<\/strong>: Recibe planes a medida que aborden los requisitos \u00fanicos de tu negocio.<\/li>\n<li><strong>Preparaci\u00f3n proactiva:<\/strong> Fomenta una cultura de resiliencia y preparaci\u00f3n con nuestra formaci\u00f3n y recursos.<\/li>\n<li><strong>Experiencia global:<\/strong> Con operaciones en LATAM, EMEA y m\u00e1s all\u00e1, aportamos conocimientos localizados y perspectivas globales a cada proyecto.<\/li>\n<li><span><strong>Resultados probados<\/strong>: Nuestros clientes se benefician de una mayor estabilidad operativa y menos tiempo de inactividad durante las interrupciones.<\/span><\/li>\n<\/ul>\n<p>[\/et_pb_text][\/et_pb_column][et_pb_column type=\u00bb1_2&#8243; _builder_version=\u00bb4.24.0&#8243; _module_preset=\u00bbdefault\u00bb global_colors_info=\u00bb{}\u00bb][et_pb_text _builder_version=\u00bb4.27.4&#8243; _module_preset=\u00bbdefault\u00bb global_colors_info=\u00bb{}\u00bb]<\/p>\n<h4 data-pm-slice=\"1 1 []\"><strong>Casos de uso<\/strong><\/h4>\n<div class=\"flex-shrink-0 flex flex-col relative items-end\">\n<div class=\"pt-0\">\n<div class=\"gizmo-bot-avatar flex h-8 w-8 items-center justify-center overflow-hidden rounded-full\">\n<div class=\"relative p-1 rounded-sm flex items-center justify-center bg-token-main-surface-primary text-token-text-primary h-8 w-8\">\n<ul data-spread=\"false\" data-pm-slice=\"3 3 []\">\n<li><strong>Organizaciones corporativas:<\/strong> Protege funciones cr\u00edticas del negocio y mantiene las operaciones durante las interrupciones.<\/li>\n<li><strong>Sectores de TI y tecnolog\u00eda:<\/strong> Asegura la integridad de los datos y una recuperaci\u00f3n r\u00e1pida despu\u00e9s de incidentes cibern\u00e9ticos.<\/li>\n<li><strong>Gobierno y sector p\u00fablico<\/strong>: Salvaguarda los servicios esenciales y mantiene la confianza p\u00fablica durante las crisis.<\/li>\n<\/ul>\n<\/div>\n<\/div>\n<\/div>\n<\/div>\n<p>[\/et_pb_text][\/et_pb_column][\/et_pb_row][et_pb_row _builder_version=\u00bb4.24.0&#8243; _module_preset=\u00bbdefault\u00bb custom_padding=\u00bb6px|||||\u00bb global_colors_info=\u00bb{}\u00bb][et_pb_column type=\u00bb4_4&#8243; _builder_version=\u00bb4.24.0&#8243; _module_preset=\u00bbdefault\u00bb global_colors_info=\u00bb{}\u00bb][et_pb_text _builder_version=\u00bb4.27.4&#8243; _module_preset=\u00bbdefault\u00bb global_colors_info=\u00bb{}\u00bb]<\/p>\n<blockquote>\n<p data-pm-slice=\"1 1 []\"><strong>Al asociarse con ACK3 para la continuidad del negocio, las organizaciones obtienen valiosos conocimientos sobre su resiliencia y reciben recomendaciones pr\u00e1cticas para mejorar su capacidad de resistir interrupciones. Nuestro equipo de expertos proporciona estrategias detalladas que describen los riesgos potenciales, las vulnerabilidades identificadas y las medidas recomendadas, lo que permite a las organizaciones adaptarse de manera efectiva y mitigar el impacto de los desaf\u00edos imprevistos.<\/strong><\/p>\n<\/blockquote>\n<p>[\/et_pb_text][et_pb_divider _builder_version=\u00bb4.27.0&#8243; _module_preset=\u00bbdefault\u00bb global_colors_info=\u00bb{}\u00bb][\/et_pb_divider][\/et_pb_column][\/et_pb_row][et_pb_row _builder_version=\u00bb4.24.0&#8243; _module_preset=\u00bbdefault\u00bb global_module=\u00bb25841311&#8243; saved_tabs=\u00bball\u00bb locked=\u00bboff\u00bb global_colors_info=\u00bb{}\u00bb][et_pb_column type=\u00bb4_4&#8243; _builder_version=\u00bb4.24.0&#8243; _module_preset=\u00bbdefault\u00bb global_colors_info=\u00bb{}\u00bb][et_pb_text _builder_version=\u00bb4.24.0&#8243; _module_preset=\u00bbe9776427-b859-4288-b0a2-c7103567bb8c\u00bb global_colors_info=\u00bb{}\u00bb]<\/p>\n<p style=\"text-align: center;\">Cont\u00e1ctanos<\/p>\n<p>[\/et_pb_text][et_pb_text _builder_version=\u00bb4.24.2&#8243; _dynamic_attributes=\u00bbcontent\u00bb _module_preset=\u00bb13ddcc34-f131-47ca-8026-edc37a2f8af8&#8243; header_2_text_align=\u00bbcenter\u00bb custom_margin=\u00bb||5px||false|false\u00bb global_colors_info=\u00bb{}\u00bb]@ET-DC@eyJkeW5hbWljIjp0cnVlLCJjb250ZW50IjoicG9zdF90aXRsZSIsInNldHRpbmdzIjp7ImJlZm9yZSI6IjxoMj4gXHUwMGJmRXN0XHUwMGUxcyBpbnRlcmVzYWRvIGVuIGxvcyBzZXJ2aWNpb3MgZGUgIiwiYWZ0ZXIiOiJkZSBBQ0szPzwvaDI+In19@[\/et_pb_text][et_pb_text _builder_version=\u00bb4.24.0&#8243; _module_preset=\u00bb13ddcc34-f131-47ca-8026-edc37a2f8af8&#8243; global_colors_info=\u00bb{}\u00bb]<\/p>\n<p style=\"text-align: center;\">Ponte en contacto con nosotros completando el siguiente formulario:<\/p>\n<p>[\/et_pb_text][dipi_gravity_forms_styler gf_form_id=\u00bb1&#8243; form_title=\u00bbhide\u00bb _builder_version=\u00bb4.24.0&#8243; _module_preset=\u00bbdefault\u00bb form_title_font_size=\u00bb0px\u00bb field_label_font=\u00bbTrade Gothic LT Bold Extended||||||||\u00bb field_label_font_size=\u00bb15px\u00bb required_field_indicator_font_size=\u00bb15px\u00bb field_description_font_size=\u00bb16px\u00bb checkbox_radio_label_font_size=\u00bb17px\u00bb custom_all=\u00bbon\u00bb all_text_size=\u00bb17px\u00bb all_bg_color=\u00bb#000000&#8243; all_font=\u00bb|600|||||||\u00bb all_use_icon=\u00bboff\u00bb max_width=\u00bb78%\u00bb max_width_tablet=\u00bb100%\u00bb max_width_phone=\u00bb\u00bb max_width_last_edited=\u00bbon|desktop\u00bb module_alignment=\u00bbcenter\u00bb global_colors_info=\u00bb{}\u00bb all_bg_color__hover_enabled=\u00bbon|hover\u00bb all_bg_color__hover=\u00bb#535353&#8243; all_bg_enable_color__hover=\u00bbon\u00bb][\/dipi_gravity_forms_styler][\/et_pb_column][\/et_pb_row][\/et_pb_section]<\/p>\n","protected":false},"excerpt":{"rendered":"<p>Mejora la resiliencia con las soluciones personalizadas de continuidad del negocio de ACK3. Minimiza riesgos, garantiza la estabilidad y recup\u00e9rate.<\/p>\n","protected":false},"author":2,"featured_media":25843020,"parent":25844068,"menu_order":0,"comment_status":"closed","ping_status":"closed","template":"","meta":{"_et_pb_use_builder":"on","_et_pb_old_content":"","_et_gb_content_width":"","footnotes":""},"dipi_cpt_category":[],"class_list":["post-25850422","page","type-page","status-publish","has-post-thumbnail","hentry"],"_links":{"self":[{"href":"https:\/\/ack3.eu\/es\/wp-json\/wp\/v2\/pages\/25850422","targetHints":{"allow":["GET"]}}],"collection":[{"href":"https:\/\/ack3.eu\/es\/wp-json\/wp\/v2\/pages"}],"about":[{"href":"https:\/\/ack3.eu\/es\/wp-json\/wp\/v2\/types\/page"}],"author":[{"embeddable":true,"href":"https:\/\/ack3.eu\/es\/wp-json\/wp\/v2\/users\/2"}],"replies":[{"embeddable":true,"href":"https:\/\/ack3.eu\/es\/wp-json\/wp\/v2\/comments?post=25850422"}],"version-history":[{"count":0,"href":"https:\/\/ack3.eu\/es\/wp-json\/wp\/v2\/pages\/25850422\/revisions"}],"up":[{"embeddable":true,"href":"https:\/\/ack3.eu\/es\/wp-json\/wp\/v2\/pages\/25844068"}],"wp:featuredmedia":[{"embeddable":true,"href":"https:\/\/ack3.eu\/es\/wp-json\/wp\/v2\/media\/25843020"}],"wp:attachment":[{"href":"https:\/\/ack3.eu\/es\/wp-json\/wp\/v2\/media?parent=25850422"}],"wp:term":[{"taxonomy":"dipi_cpt_category","embeddable":true,"href":"https:\/\/ack3.eu\/es\/wp-json\/wp\/v2\/dipi_cpt_category?post=25850422"}],"curies":[{"name":"wp","href":"https:\/\/api.w.org\/{rel}","templated":true}]}}