{"id":25848507,"date":"2024-11-13T14:14:22","date_gmt":"2024-11-13T13:14:22","guid":{"rendered":"https:\/\/ack3.eu\/?page_id=25848507"},"modified":"2025-09-10T18:16:06","modified_gmt":"2025-09-10T16:16:06","slug":"jorge-ventura","status":"publish","type":"page","link":"https:\/\/ack3.eu\/es\/perfil\/jorge-ventura\/","title":{"rendered":"Jorge Ventura"},"content":{"rendered":"<p>[et_pb_section fb_built=\u00bb1&#8243; _builder_version=\u00bb4.24.0&#8243; _module_preset=\u00bbdefault\u00bb locked=\u00bboff\u00bb global_colors_info=\u00bb{}\u00bb][et_pb_row column_structure=\u00bb1_3,2_3&#8243; module_class=\u00bbagf-vertical-align\u00bb _builder_version=\u00bb4.24.0&#8243; _module_preset=\u00bbdefault\u00bb background_color=\u00bbrgba(0,0,0,0.81)\u00bb background_image=\u00bbhttps:\/\/ack3.eu\/wp-content\/uploads\/2024\/01\/1.jpg\u00bb background_blend=\u00bbmultiply\u00bb custom_padding=\u00bb0px||0px||true|false\u00bb border_radii=\u00bbon|3px|3px|3px|3px\u00bb global_colors_info=\u00bb{}\u00bb][et_pb_column type=\u00bb1_3&#8243; _builder_version=\u00bb4.24.0&#8243; _module_preset=\u00bbdefault\u00bb global_colors_info=\u00bb{}\u00bb][et_pb_image src=\u00bbhttps:\/\/ack3.eu\/wp-content\/uploads\/2024\/11\/jorge-ventura.jpg\u00bb title_text=\u00bbjorge-ventura\u00bb _builder_version=\u00bb4.27.3&#8243; _module_preset=\u00bbdefault\u00bb global_colors_info=\u00bb{}\u00bb][\/et_pb_image][\/et_pb_column][et_pb_column type=\u00bb2_3&#8243; _builder_version=\u00bb4.24.0&#8243; _module_preset=\u00bbdefault\u00bb global_colors_info=\u00bb{}\u00bb][et_pb_blurb title=\u00bbJorge Ventura\u00bb use_icon=\u00bbon\u00bb font_icon=\u00bb&#xf105;||fa||900&#8243; icon_placement=\u00bbleft\u00bb image_icon_width=\u00bb178px\u00bb content_max_width=\u00bb1100px\u00bb image_icon_width_tablet=\u00bb138px\u00bb image_icon_width_phone=\u00bb105px\u00bb image_icon_width_last_edited=\u00bbon|desktop\u00bb _builder_version=\u00bb4.24.2&#8243; _module_preset=\u00bbdefault\u00bb header_level=\u00bbh1&#8243; header_text_color=\u00bb#FFFFFF\u00bb header_font_size=\u00bb36px\u00bb body_text_color=\u00bb#FFFFFF\u00bb body_font_size=\u00bb26px\u00bb custom_margin=\u00bb||4px||false|false\u00bb header_font_size_tablet=\u00bb33px\u00bb header_font_size_phone=\u00bb26px\u00bb header_font_size_last_edited=\u00bbon|phone\u00bb body_font_size_tablet=\u00bb23px\u00bb body_font_size_phone=\u00bb20px\u00bb body_font_size_last_edited=\u00bbon|phone\u00bb global_colors_info=\u00bb{}\u00bb]<\/p>\n<p>Responsable de Marketing y Ventas<\/p>\n<p>[\/et_pb_blurb][dipi_button_grid flex_direction=\u00bbrow\u00bb justify_content=\u00bbflex-start\u00bb align_items=\u00bbcenter\u00bb _builder_version=\u00bb4.27.3&#8243; _module_preset=\u00bbdefault\u00bb text_style_text_color=\u00bb#FFFFFF\u00bb text_style_font_size=\u00bb18px\u00bb link_option_url=\u00bbhttps:\/\/www.linkedin.com\/in\/jorgeventura\/\u00bb global_colors_info=\u00bb{}\u00bb][dipi_button_grid_child button_id=\u00bblinkedin\u00bb button_type=\u00bbdp_button\u00bb button_text=\u00bbLINKEDIN\u00bb button_link=\u00bbhttps:\/\/www.linkedin.com\/in\/jorgeventura\/\u00bb button_link_target=\u00bbon\u00bb _builder_version=\u00bb4.27.3&#8243; _module_preset=\u00bbdefault\u00bb text_style_font=\u00bb|600|||||||\u00bb custom_button=\u00bbon\u00bb button_font=\u00bb|600|||||||\u00bb button_use_icon=\u00bbon\u00bb button_icon=\u00bb&#xe0cb;||divi||400&#8243; button_icon_placement=\u00bbleft\u00bb button_on_hover=\u00bboff\u00bb button_custom_padding=\u00bb10px|10px|10px|33px|true|false\u00bb global_colors_info=\u00bb{}\u00bb][\/dipi_button_grid_child][\/dipi_button_grid][\/et_pb_column][\/et_pb_row][et_pb_row _builder_version=\u00bb4.24.0&#8243; _module_preset=\u00bbdefault\u00bb custom_padding=\u00bb||41px|||\u00bb global_colors_info=\u00bb{}\u00bb][et_pb_column type=\u00bb4_4&#8243; _builder_version=\u00bb4.24.0&#8243; _module_preset=\u00bbdefault\u00bb global_colors_info=\u00bb{}\u00bb][et_pb_text _builder_version=\u00bb4.27.3&#8243; _module_preset=\u00bb13ddcc34-f131-47ca-8026-edc37a2f8af8&#8243; ul_font=\u00bb||||||||\u00bb ul_line_height=\u00bb1.4em\u00bb global_colors_info=\u00bb{}\u00bb]<\/p>\n<p><span>Jorge Ventura es el <strong>Responsable de Marketing y Ventas<\/strong> en ACK3, con m\u00e1s de 10 a\u00f1os de experiencia internacional en marketing, desarrollo de negocios y estrategias de crecimiento. Su carrera abarca roles en multinacionales desde Alemania, Rusia, Italia y Espa\u00f1a, como <strong><a href=\"https:\/\/www.bbraun.com\/en.html\" target=\"_blank\" rel=\"noopener\">B. Braun<\/a><\/strong> y <a href=\"https:\/\/dmed-healthcare.com\/\" target=\"_blank\" rel=\"noopener\"><strong>D.med Healthcare<\/strong><\/a>, adem\u00e1s de proyectos en el sector de la consultor\u00eda, salud y tecnolog\u00eda. Tambi\u00e9n ha liderado iniciativas operativas para cl\u00ednicas en Espa\u00f1a y \u00c1frica, y apoyado como consultor a sectores variados, desde galer\u00edas de arte hasta startups de alta tecnolog\u00eda desarrolladas en el <\/span><strong><a href=\"https:\/\/www.csic.es\/es\" target=\"_blank\" rel=\"noopener\">Consejo Superior de Investigaciones Cient\u00edficas (CSIC)<\/a><\/strong><span>. Durante todo este proceso, ha vivido en ocho pa\u00edses diferentes, combinando sus intereses en f\u00fatbol, educaci\u00f3n y experiencia laboral en diversos sectores industriales.<\/span><\/p>\n<div class=\"flex max-w-full flex-col flex-grow\">\n<div data-message-author-role=\"assistant\" data-message-id=\"90fae67c-62f2-4bab-b400-abaeca4f089b\" dir=\"auto\" class=\"min-h-8 text-message flex w-full flex-col items-end gap-2 whitespace-normal break-words [.text-message+&amp;]:mt-5\" data-message-model-slug=\"gpt-4o\">\n<div class=\"flex w-full flex-col gap-1 empty:hidden first:pt-[3px]\">\n<div class=\"markdown prose w-full break-words dark:prose-invert light\">\n<p>Jorge contribuye con creatividad, visi\u00f3n estrat\u00e9gica y capacidad para navegar en escenarios de cambio, elementos que resultan clave en el \u00e9xito de las soluciones que ACK3 ofrece a sus clientes en contextos globales. Como parte de nuestro equipo, participa en<strong>\u00a0desarrollar estrategias de resiliencia y crecimiento<\/strong> que aseguran un valor sostenible y diferenciado en entornos complejos y de alta exigencia.<\/p>\n<\/div>\n<\/div>\n<\/div>\n<\/div>\n<p>&nbsp;<\/p>\n<h2><\/h2>\n<h2><\/h2>\n<h2><\/h2>\n<h2><\/h2>\n<h2>Educaci\u00f3n<\/h2>\n<ul>\n<li><strong><span>Executive Master in Business Administration (EMBA)<\/span><\/strong><span>\u00a0por la\u00a0<a href=\"https:\/\/www.eoi.es\/es\" target=\"_blank\" rel=\"noopener\"><strong>Escuela de Organizaci\u00f3n Industrial (EOI)<\/strong><\/a>\u00a0en Madrid, Espa\u00f1a \u2013 2019-2020<\/span><span><\/span><\/li>\n<li><strong><span>Master\u2019s Degree in <a href=\"https:\/\/embs.eu\/\" target=\"_blank\" rel=\"noopener\">European Master in Business Studies (EMBS)<\/a><\/span><\/strong><span>\u00a0por la<strong>\u00a0<\/strong><a href=\"https:\/\/www.iae.univ-smb.fr\/\" target=\"_blank\" rel=\"noopener\"><strong>IAE Savoie Mont Blanc<\/strong><\/a>\u00a0(Annecy,\u00a0<strong>Francia<\/strong>);\u00a0<strong><a href=\"https:\/\/www.uni-kassel.de\/uni\/\" target=\"_blank\" rel=\"noopener\">Universit\u00e4t Kassel<\/a><\/strong>\u00a0(<strong>Alemania<\/strong>);\u00a0<strong><a href=\"https:\/\/www.unitn.it\/\" target=\"_blank\" rel=\"noopener\">Universit\u00e0 di Trento<\/a><\/strong>\u00a0(<strong>Italia<\/strong>);\u00a0<a href=\"https:\/\/www.unileon.es\/\" target=\"_blank\" rel=\"noopener\"><strong>Universidad de Le\u00f3n<\/strong><\/a>\u00a0(Espa\u00f1a) \u2013 2013-2014. <\/span>TFM: \u00abThe impact of the crisis on the country of origin effect of Spain: a comparative analysis of the USA, Germany, and Russia markets.\u00bb<\/li>\n<li><strong><span>Bachelor\u2019s Degree in Business Administration (BBA)<\/span><\/strong><span>\u00a0por la\u00a0<a href=\"https:\/\/ncwc.edu\/\" target=\"_blank\" rel=\"noopener\"><strong>North Carolina Wesleyan University<\/strong><\/a>\u00a0(Carolina del Norte,\u00a0<strong>Estados Unidos<\/strong>) \u2013 2009-2011. Miembro del equipo de soccer de la\u00a0<a href=\"https:\/\/www.ncaa.com\/\" target=\"_blank\" rel=\"noopener\">NCAA<\/a>.<\/span><\/li>\n<li><strong><span>Licenciatura en Publicidad y Relaciones P\u00fablicas \/ 1er Grado de Periodismo<\/span><\/strong><span>\u00a0por la\u00a0<a href=\"https:\/\/www.usj.es\/\" target=\"_blank\" rel=\"noopener\"><strong>Universidad San Jorge<\/strong><\/a>\u00a0(Zaragoza, Espa\u00f1a) \u2013 2005-2009. Tesis: \u00abEstrategias de Marketing y Relaciones P\u00fablicas de agencias de jugadores de f\u00fatbol: el caso de Bah\u00eda Internacional.\u00bb<br \/>\u2013 beca Erasmus, Grado de\u00a0<strong>Marketing<\/strong>\u00a0en la\u00a0<a href=\"https:\/\/www.unite.it\/UniTE\/\" target=\"_blank\" rel=\"noopener\"><strong>Universit\u00e0 degli Studi di Teramo<\/strong><\/a> (Italia) 2007-2008.<\/span><\/li>\n<\/ul>\n<p>[\/et_pb_text][\/et_pb_column][\/et_pb_row][et_pb_row _builder_version=\u00bb4.24.2&#8243; _module_preset=\u00bbdefault\u00bb global_colors_info=\u00bb{}\u00bb][et_pb_column type=\u00bb4_4&#8243; _builder_version=\u00bb4.24.2&#8243; _module_preset=\u00bbdefault\u00bb global_colors_info=\u00bb{}\u00bb][et_pb_text _builder_version=\u00bb4.24.2&#8243; _module_preset=\u00bbdefault\u00bb global_colors_info=\u00bb{}\u00bb]<\/p>\n<h2 style=\"text-align: center;\">Noticias relacionadas<\/h2>\n<p>[\/et_pb_text][et_pb_blog posts_number=\u00bb6&#8243; include_categories=\u00bb367&#8243; show_more=\u00bbon\u00bb show_author=\u00bboff\u00bb show_categories=\u00bboff\u00bb module_class=\u00bbdipi-styled-blog\u00bb _builder_version=\u00bb4.27.3&#8243; _module_preset=\u00bbdefault\u00bb locked=\u00bboff\u00bb global_colors_info=\u00bb{}\u00bb][\/et_pb_blog][\/et_pb_column][\/et_pb_row][\/et_pb_section]<\/p>\n","protected":false},"excerpt":{"rendered":"<p>Jorge Ventura lidera Marketing y Ventas, aportando 10+ a\u00f1os de experiencia global en estrategias de negocio y crecimiento en sectores clave.<\/p>\n","protected":false},"author":2,"featured_media":25848486,"parent":25843437,"menu_order":0,"comment_status":"closed","ping_status":"closed","template":"","meta":{"_et_pb_use_builder":"on","_et_pb_old_content":"","_et_gb_content_width":"","footnotes":""},"dipi_cpt_category":[],"class_list":["post-25848507","page","type-page","status-publish","has-post-thumbnail","hentry"],"_links":{"self":[{"href":"https:\/\/ack3.eu\/es\/wp-json\/wp\/v2\/pages\/25848507","targetHints":{"allow":["GET"]}}],"collection":[{"href":"https:\/\/ack3.eu\/es\/wp-json\/wp\/v2\/pages"}],"about":[{"href":"https:\/\/ack3.eu\/es\/wp-json\/wp\/v2\/types\/page"}],"author":[{"embeddable":true,"href":"https:\/\/ack3.eu\/es\/wp-json\/wp\/v2\/users\/2"}],"replies":[{"embeddable":true,"href":"https:\/\/ack3.eu\/es\/wp-json\/wp\/v2\/comments?post=25848507"}],"version-history":[{"count":0,"href":"https:\/\/ack3.eu\/es\/wp-json\/wp\/v2\/pages\/25848507\/revisions"}],"up":[{"embeddable":true,"href":"https:\/\/ack3.eu\/es\/wp-json\/wp\/v2\/pages\/25843437"}],"wp:featuredmedia":[{"embeddable":true,"href":"https:\/\/ack3.eu\/es\/wp-json\/wp\/v2\/media\/25848486"}],"wp:attachment":[{"href":"https:\/\/ack3.eu\/es\/wp-json\/wp\/v2\/media?parent=25848507"}],"wp:term":[{"taxonomy":"dipi_cpt_category","embeddable":true,"href":"https:\/\/ack3.eu\/es\/wp-json\/wp\/v2\/dipi_cpt_category?post=25848507"}],"curies":[{"name":"wp","href":"https:\/\/api.w.org\/{rel}","templated":true}]}}