{"id":25848466,"date":"2024-11-13T10:57:32","date_gmt":"2024-11-13T09:57:32","guid":{"rendered":"https:\/\/ack3.eu\/?page_id=25848466"},"modified":"2024-11-25T12:43:14","modified_gmt":"2024-11-25T11:43:14","slug":"fernando-mazarro","status":"publish","type":"page","link":"https:\/\/ack3.eu\/es\/perfil\/fernando-mazarro\/","title":{"rendered":"Fernando Mazarro"},"content":{"rendered":"<p>[et_pb_section fb_built=\u00bb1&#8243; _builder_version=\u00bb4.24.0&#8243; _module_preset=\u00bbdefault\u00bb locked=\u00bboff\u00bb global_colors_info=\u00bb{}\u00bb][et_pb_row column_structure=\u00bb1_3,2_3&#8243; module_class=\u00bbagf-vertical-align\u00bb _builder_version=\u00bb4.24.0&#8243; _module_preset=\u00bbdefault\u00bb background_color=\u00bbrgba(0,0,0,0.81)\u00bb background_image=\u00bbhttps:\/\/ack3.eu\/wp-content\/uploads\/2024\/01\/1.jpg\u00bb background_blend=\u00bbmultiply\u00bb custom_padding=\u00bb0px||0px||true|false\u00bb border_radii=\u00bbon|3px|3px|3px|3px\u00bb global_colors_info=\u00bb{}\u00bb][et_pb_column type=\u00bb1_3&#8243; _builder_version=\u00bb4.24.0&#8243; _module_preset=\u00bbdefault\u00bb global_colors_info=\u00bb{}\u00bb][et_pb_image src=\u00bbhttps:\/\/ack3.eu\/wp-content\/uploads\/2024\/11\/fernando-mazarro.jpg\u00bb title_text=\u00bbfernando-mazarro\u00bb _builder_version=\u00bb4.27.3&#8243; _module_preset=\u00bbdefault\u00bb global_colors_info=\u00bb{}\u00bb][\/et_pb_image][\/et_pb_column][et_pb_column type=\u00bb2_3&#8243; _builder_version=\u00bb4.24.0&#8243; _module_preset=\u00bbdefault\u00bb global_colors_info=\u00bb{}\u00bb][et_pb_blurb title=\u00bbFernando Mazarro\u00bb use_icon=\u00bbon\u00bb font_icon=\u00bb&#xf105;||fa||900&#8243; icon_placement=\u00bbleft\u00bb image_icon_width=\u00bb178px\u00bb content_max_width=\u00bb1100px\u00bb image_icon_width_tablet=\u00bb138px\u00bb image_icon_width_phone=\u00bb105px\u00bb image_icon_width_last_edited=\u00bbon|desktop\u00bb _builder_version=\u00bb4.27.3&#8243; _module_preset=\u00bbdefault\u00bb header_level=\u00bbh1&#8243; header_text_color=\u00bb#FFFFFF\u00bb header_font_size=\u00bb36px\u00bb body_text_color=\u00bb#FFFFFF\u00bb body_font_size=\u00bb26px\u00bb custom_margin=\u00bb||4px||false|false\u00bb header_font_size_tablet=\u00bb33px\u00bb header_font_size_phone=\u00bb26px\u00bb header_font_size_last_edited=\u00bbon|phone\u00bb body_font_size_tablet=\u00bb23px\u00bb body_font_size_phone=\u00bb20px\u00bb body_font_size_last_edited=\u00bbon|phone\u00bb global_colors_info=\u00bb{}\u00bb]<\/p>\n<p>Coordinador HEAT<\/p>\n<p>[\/et_pb_blurb][dipi_button_grid flex_direction=\u00bbrow\u00bb justify_content=\u00bbflex-start\u00bb align_items=\u00bbcenter\u00bb _builder_version=\u00bb4.27.3&#8243; _module_preset=\u00bbdefault\u00bb text_style_text_color=\u00bb#FFFFFF\u00bb text_style_font_size=\u00bb18px\u00bb link_option_url=\u00bbhttps:\/\/www.linkedin.com\/in\/jorgeventura\/\u00bb global_colors_info=\u00bb{}\u00bb][dipi_button_grid_child button_id=\u00bblinkedin\u00bb button_type=\u00bbdp_button\u00bb button_text=\u00bbLINKEDIN\u00bb button_link=\u00bbhttps:\/\/www.linkedin.com\/in\/fernando-mazarro-8739166b\/\u00bb button_link_target=\u00bbon\u00bb _builder_version=\u00bb4.27.3&#8243; _module_preset=\u00bbdefault\u00bb text_style_font=\u00bb|600|||||||\u00bb custom_button=\u00bbon\u00bb button_font=\u00bb|600|||||||\u00bb button_use_icon=\u00bbon\u00bb button_icon=\u00bb&#xe0cb;||divi||400&#8243; button_icon_placement=\u00bbleft\u00bb button_on_hover=\u00bboff\u00bb button_custom_padding=\u00bb10px|10px|10px|33px|true|false\u00bb global_colors_info=\u00bb{}\u00bb][\/dipi_button_grid_child][\/dipi_button_grid][\/et_pb_column][\/et_pb_row][et_pb_row _builder_version=\u00bb4.24.0&#8243; _module_preset=\u00bbdefault\u00bb custom_padding=\u00bb||41px|||\u00bb global_colors_info=\u00bb{}\u00bb][et_pb_column type=\u00bb4_4&#8243; _builder_version=\u00bb4.24.0&#8243; _module_preset=\u00bbdefault\u00bb global_colors_info=\u00bb{}\u00bb][et_pb_text _builder_version=\u00bb4.27.3&#8243; _module_preset=\u00bb13ddcc34-f131-47ca-8026-edc37a2f8af8&#8243; ul_font=\u00bb||||||||\u00bb ul_line_height=\u00bb1.4em\u00bb global_colors_info=\u00bb{}\u00bb]<\/p>\n<p>Fernando Mazarro es el <strong>formador responsable del curso HEAT<\/strong> en ACK3, con m\u00e1s de 20 a\u00f1os de experiencia en seguridad y protecci\u00f3n en entornos de conflicto y alto riesgo. Su s\u00f3lida formaci\u00f3n y experiencia aseguran que los participantes reciban una capacitaci\u00f3n pr\u00e1ctica y basada en experiencias reales, orientada a entornos <a href=\"https:\/\/ack3.eu\/es\/ack3-analiza-la-economia-en-entornos-vuca-en-negocios-tv\/\">VUCA (volatilidad, incertidumbre, complejidad y ambig\u00fcedad)<\/a>.<\/p>\n<p>Fernando ha ocupado roles clave en seguridad y protecci\u00f3n dentro de misiones humanitarias y en capacitaciones para personal de ONG en diversos pa\u00edses. Su experiencia abarca el <strong>dise\u00f1o e implementaci\u00f3n de protocolos de seguridad, gesti\u00f3n de incidentes<\/strong> y promoci\u00f3n de una cultura organizacional de seguridad en entornos de alto riesgo.<\/p>\n<p>Entre sus habilidades y conocimientos espec\u00edficos destacan la gesti\u00f3n de incidentes y evaluaci\u00f3n de riesgos, asegurando que los equipos de campo est\u00e9n preparados para responder ante situaciones de crisis. Tambi\u00e9n cuenta con competencias en negociaci\u00f3n, primeros auxilios y manejo del estr\u00e9s en contextos de alta presi\u00f3n, adem\u00e1s de amplios conocimientos en armamento, protocolos de respuesta ante ataques y secuestros, y habilidades de orientaci\u00f3n y seguridad en instalaciones. Fernando Mazarro combina una base te\u00f3rica s\u00f3lida con experiencia pr\u00e1ctica, convirti\u00e9ndolo en el instructor ideal para formar a los participantes en las competencias necesarias para operar en entornos de riesgo con confianza y eficacia.<\/p>\n<p>&nbsp;<\/p>\n<p>&nbsp;<\/p>\n<h2>Formaci\u00f3n<\/h2>\n<ul>\n<li><strong>Diplomatura en Seguridad aplicada a entornos VUCA<\/strong> \u2013 <strong><a href=\"https:\/\/www.locationsafety.com\/\" target=\"_blank\" rel=\"noopener\">International Location Safety<\/a><\/strong> (2020)<\/li>\n<li><strong>Diplomatura en Seguridad, Protecci\u00f3n y Ayuda Humanitaria<\/strong> \u2013 <a href=\"https:\/\/iecah.org\/en\/\" target=\"_blank\" rel=\"noopener\"><strong>Instituto de Estudios sobre Conflictos y Acci\u00f3n Humanitaria (IECAH)<\/strong><\/a><\/li>\n<li><strong>Diplomatura en HEAT<\/strong> \u2013 <a href=\"https:\/\/www.nrc.no\/feature\/2024\/can-the-world-afford-another-crisis\/?gad_source=1&amp;gclid=CjwKCAiAudG5BhAREiwAWMlSjHZ9OC3dvvIlJLcjG2G5eLSB9TUlNU3-k4PQCQkvmpopB92qTb18oxoCIV0QAvD_BwE\" target=\"_blank\" rel=\"noopener\"><strong>Norwegian Refugee Council<\/strong><\/a> (2017)<\/li>\n<li><strong>Diplomatura en Seguridad Operativa en el Terreno<\/strong> \u2013 <a href=\"https:\/\/www.aecid.es\/\" target=\"_blank\" rel=\"noopener\"><strong>AECID<\/strong><\/a> y <a href=\"https:\/\/coordinadoraongd.org\/\" target=\"_blank\" rel=\"noopener\"><strong>CONGDE<\/strong><\/a> (2014)<\/li>\n<li><strong>Diplomatura en Experto en Organizaciones No Gubernamentales, Cooperaci\u00f3n y Ayuda Humanitaria<\/strong> \u2013 <a href=\"https:\/\/www.ucm.es\/\" target=\"_blank\" rel=\"noopener\"><strong>Universidad Complutense de Madrid<\/strong><\/a> (2002)<\/li>\n<\/ul>\n<p>[\/et_pb_text][\/et_pb_column][\/et_pb_row][et_pb_row _builder_version=\u00bb4.24.2&#8243; _module_preset=\u00bbdefault\u00bb global_colors_info=\u00bb{}\u00bb][et_pb_column type=\u00bb4_4&#8243; _builder_version=\u00bb4.24.2&#8243; _module_preset=\u00bbdefault\u00bb global_colors_info=\u00bb{}\u00bb][et_pb_text _builder_version=\u00bb4.24.2&#8243; _module_preset=\u00bbdefault\u00bb global_colors_info=\u00bb{}\u00bb]<\/p>\n<h2 style=\"text-align: center;\">Noticias relacionadas<\/h2>\n<p>[\/et_pb_text][et_pb_blog posts_number=\u00bb6&#8243; show_more=\u00bbon\u00bb show_author=\u00bboff\u00bb show_categories=\u00bboff\u00bb module_class=\u00bbdipi-styled-blog\u00bb _builder_version=\u00bb4.27.3&#8243; _module_preset=\u00bbdefault\u00bb hover_enabled=\u00bb0&#8243; locked=\u00bboff\u00bb global_colors_info=\u00bb{}\u00bb include_categories=\u00bb595&#8243; sticky_enabled=\u00bb0&#8243;][\/et_pb_blog][\/et_pb_column][\/et_pb_row][\/et_pb_section]<\/p>\n","protected":false},"excerpt":{"rendered":"<p>Fernando Mazarro, experto en seguridad, lidera el curso HEAT, aportando 20+ a\u00f1os de experiencia en protecci\u00f3n en entornos de alto riesgo.<\/p>\n","protected":false},"author":2,"featured_media":25848484,"parent":25843437,"menu_order":0,"comment_status":"closed","ping_status":"closed","template":"","meta":{"_et_pb_use_builder":"on","_et_pb_old_content":"","_et_gb_content_width":"","footnotes":""},"dipi_cpt_category":[],"class_list":["post-25848466","page","type-page","status-publish","has-post-thumbnail","hentry"],"_links":{"self":[{"href":"https:\/\/ack3.eu\/es\/wp-json\/wp\/v2\/pages\/25848466","targetHints":{"allow":["GET"]}}],"collection":[{"href":"https:\/\/ack3.eu\/es\/wp-json\/wp\/v2\/pages"}],"about":[{"href":"https:\/\/ack3.eu\/es\/wp-json\/wp\/v2\/types\/page"}],"author":[{"embeddable":true,"href":"https:\/\/ack3.eu\/es\/wp-json\/wp\/v2\/users\/2"}],"replies":[{"embeddable":true,"href":"https:\/\/ack3.eu\/es\/wp-json\/wp\/v2\/comments?post=25848466"}],"version-history":[{"count":0,"href":"https:\/\/ack3.eu\/es\/wp-json\/wp\/v2\/pages\/25848466\/revisions"}],"up":[{"embeddable":true,"href":"https:\/\/ack3.eu\/es\/wp-json\/wp\/v2\/pages\/25843437"}],"wp:featuredmedia":[{"embeddable":true,"href":"https:\/\/ack3.eu\/es\/wp-json\/wp\/v2\/media\/25848484"}],"wp:attachment":[{"href":"https:\/\/ack3.eu\/es\/wp-json\/wp\/v2\/media?parent=25848466"}],"wp:term":[{"taxonomy":"dipi_cpt_category","embeddable":true,"href":"https:\/\/ack3.eu\/es\/wp-json\/wp\/v2\/dipi_cpt_category?post=25848466"}],"curies":[{"name":"wp","href":"https:\/\/api.w.org\/{rel}","templated":true}]}}