{"id":25848191,"date":"2024-10-30T10:51:03","date_gmt":"2024-10-30T09:51:03","guid":{"rendered":"https:\/\/ack3.eu\/?page_id=25848191"},"modified":"2025-11-12T13:14:38","modified_gmt":"2025-11-12T12:14:38","slug":"intelminds","status":"publish","type":"page","link":"https:\/\/ack3.eu\/es\/medios-de-comunicacion\/intelminds\/","title":{"rendered":"IntelMinds"},"content":{"rendered":"<p>[et_pb_section fb_built=\u00bb1&#8243; _builder_version=\u00bb4.24.0&#8243; _module_preset=\u00bbdefault\u00bb locked=\u00bboff\u00bb global_colors_info=\u00bb{}\u00bb][et_pb_row _builder_version=\u00bb4.24.0&#8243; _module_preset=\u00bbdefault\u00bb module_alignment=\u00bbcenter\u00bb locked=\u00bboff\u00bb global_colors_info=\u00bb{}\u00bb][et_pb_column type=\u00bb4_4&#8243; _builder_version=\u00bb4.24.0&#8243; _module_preset=\u00bbdefault\u00bb global_colors_info=\u00bb{}\u00bb][et_pb_image src=\u00bbhttps:\/\/ack3.eu\/wp-content\/uploads\/2025\/11\/IntelMinds-logo.png\u00bb title_text=\u00bbIntelMinds-logo\u00bb align=\u00bbcenter\u00bb _builder_version=\u00bb4.27.4&#8243; _module_preset=\u00bbdefault\u00bb width=\u00bb25%\u00bb max_width=\u00bb25%\u00bb module_alignment=\u00bbcenter\u00bb min_height=\u00bb50%\u00bb height=\u00bb50%\u00bb max_height=\u00bb50%\u00bb hover_enabled=\u00bb0&#8243; global_colors_info=\u00bb{}\u00bb sticky_enabled=\u00bb0&#8243;][\/et_pb_image][et_pb_text _builder_version=\u00bb4.27.4&#8243; _module_preset=\u00bb13ddcc34-f131-47ca-8026-edc37a2f8af8&#8243; max_width=\u00bb70%\u00bb max_width_tablet=\u00bb70%\u00bb max_width_phone=\u00bb70%\u00bb max_width_last_edited=\u00bbon|desktop\u00bb custom_margin=\u00bb||||false|false\u00bb header_font_size_tablet=\u00bb\u00bb header_font_size_phone=\u00bb24px\u00bb header_font_size_last_edited=\u00bbon|desktop\u00bb global_colors_info=\u00bb{}\u00bb]<\/p>\n<h1 style=\"text-align: center;\"><strong>IntelMinds 2026<\/strong><\/h1>\n<h5 style=\"text-align: center;\"><strong>Foro de analistas en inteligencia, seguridad y riesgos<\/strong><\/h5>\n<p style=\"text-align: center;\">Esta plataforma nace para consolidar, profesionalizar y fortalecer una comunidad de analistas en espa\u00f1ol a nivel internacional, unir a las primeras generaciones de profesionales que buscan ser una referencia en el sector. La cumbre IntelMinds 2026 es el espacio anual donde los <strong>analistas de hoy se convierten en los l\u00edderes de ma\u00f1ana<\/strong>, compartiendo conocimientos, t\u00e9cnicas y herramientas de \u00faltima generaci\u00f3n.<\/p>\n<p>[\/et_pb_text][\/et_pb_column][\/et_pb_row][et_pb_row _builder_version=\u00bb4.24.0&#8243; _module_preset=\u00bbdefault\u00bb custom_padding=\u00bb1px|||||\u00bb global_colors_info=\u00bb{}\u00bb][et_pb_column type=\u00bb4_4&#8243; _builder_version=\u00bb4.24.0&#8243; _module_preset=\u00bbdefault\u00bb global_colors_info=\u00bb{}\u00bb][et_pb_image src=\u00bbhttps:\/\/ack3.eu\/wp-content\/uploads\/2024\/10\/FAISER-Summit-Foro-de-Analistas-en-Inteligencia-SEguridad-y-Riesgos.jpg\u00bb title_text=\u00bbFAISER-Summit Foro de Analistas en Inteligencia, SEguridad y Riesgos\u00bb _builder_version=\u00bb4.27.2&#8243; _module_preset=\u00bbdefault\u00bb max_width=\u00bb90%\u00bb max_width_tablet=\u00bb100%\u00bb max_width_phone=\u00bb100%\u00bb max_width_last_edited=\u00bbon|phone\u00bb module_alignment=\u00bbcenter\u00bb custom_margin=\u00bb||0px||false|false\u00bb global_colors_info=\u00bb{}\u00bb][\/et_pb_image][et_pb_divider divider_weight=\u00bb12px\u00bb _builder_version=\u00bb4.24.0&#8243; _module_preset=\u00bbdefault\u00bb custom_margin=\u00bb0px||0px||true|false\u00bb custom_padding=\u00bb0px||0px||true|false\u00bb global_colors_info=\u00bb{}\u00bb][\/et_pb_divider][\/et_pb_column][\/et_pb_row][et_pb_row column_structure=\u00bb1_2,1_2&#8243; _builder_version=\u00bb4.27.4&#8243; _module_preset=\u00bbdefault\u00bb custom_padding=\u00bb||2px|||\u00bb global_colors_info=\u00bb{}\u00bb][et_pb_column type=\u00bb1_2&#8243; _builder_version=\u00bb4.27.4&#8243; _module_preset=\u00bbdefault\u00bb global_colors_info=\u00bb{}\u00bb][et_pb_text _builder_version=\u00bb4.27.4&#8243; _module_preset=\u00bb13ddcc34-f131-47ca-8026-edc37a2f8af8&#8243; max_width=\u00bb70%\u00bb max_width_tablet=\u00bb70%\u00bb max_width_phone=\u00bb70%\u00bb max_width_last_edited=\u00bbon|desktop\u00bb custom_margin=\u00bb||||false|false\u00bb header_font_size_tablet=\u00bb\u00bb header_font_size_phone=\u00bb24px\u00bb header_font_size_last_edited=\u00bbon|desktop\u00bb global_colors_info=\u00bb{}\u00bb]<\/p>\n<blockquote>\n<h3><strong>\u00bfQu\u00e9 es IntelMinds?<\/strong><\/h3>\n<p>IntelMinds es el foro internacional que re\u00fane a la primera comunidad de analistas en inteligencia, seguridad y riesgos en espa\u00f1ol. Nace con el objetivo de consolidar un espacio \u00fanico donde los profesionales puedan formarse, compartir experiencias y acceder a herramientas de vanguardia. M\u00e1s que un evento, es un movimiento que impulsa el liderazgo de los analistas hispanohablantes en un mundo complejo y digital, conectando expertos, organizaciones y proveedores globales para preparar a la nueva generaci\u00f3n de l\u00edderes.<strong><br \/><\/strong><\/p>\n<\/blockquote>\n<p>[\/et_pb_text][\/et_pb_column][et_pb_column type=\u00bb1_2&#8243; _builder_version=\u00bb4.27.4&#8243; _module_preset=\u00bbdefault\u00bb global_colors_info=\u00bb{}\u00bb][et_pb_divider show_divider=\u00bboff\u00bb _builder_version=\u00bb4.27.4&#8243; _module_preset=\u00bbdefault\u00bb global_colors_info=\u00bb{}\u00bb][\/et_pb_divider][et_pb_image src=\u00bbhttps:\/\/ack3.eu\/wp-content\/uploads\/2025\/09\/IntelMinds-Analistas-Inteligencia.jpg\u00bb title_text=\u00bbIntelMinds-Analistas-Inteligencia\u00bb _builder_version=\u00bb4.27.4&#8243; _module_preset=\u00bbdefault\u00bb global_colors_info=\u00bb{}\u00bb][\/et_pb_image][\/et_pb_column][\/et_pb_row][et_pb_row column_structure=\u00bb1_2,1_2&#8243; _builder_version=\u00bb4.27.4&#8243; _module_preset=\u00bbdefault\u00bb custom_padding=\u00bb1px|||||\u00bb global_colors_info=\u00bb{}\u00bb][et_pb_column type=\u00bb1_2&#8243; _builder_version=\u00bb4.27.4&#8243; _module_preset=\u00bbdefault\u00bb global_colors_info=\u00bb{}\u00bb][et_pb_image src=\u00bbhttps:\/\/ack3.eu\/wp-content\/uploads\/2024\/09\/Introduccion-a-las-disciplinas-de-inteligencia.jpg\u00bb title_text=\u00bbIntroduccio\u0301n-a-las-disciplinas-de-inteligencia\u00bb _builder_version=\u00bb4.27.4&#8243; _module_preset=\u00bbdefault\u00bb global_colors_info=\u00bb{}\u00bb][\/et_pb_image][\/et_pb_column][et_pb_column type=\u00bb1_2&#8243; _builder_version=\u00bb4.27.4&#8243; _module_preset=\u00bbdefault\u00bb global_colors_info=\u00bb{}\u00bb][et_pb_divider show_divider=\u00bboff\u00bb _builder_version=\u00bb4.27.4&#8243; _module_preset=\u00bbdefault\u00bb global_colors_info=\u00bb{}\u00bb][\/et_pb_divider][et_pb_divider show_divider=\u00bboff\u00bb _builder_version=\u00bb4.27.4&#8243; _module_preset=\u00bbdefault\u00bb global_colors_info=\u00bb{}\u00bb][\/et_pb_divider][et_pb_divider show_divider=\u00bboff\u00bb _builder_version=\u00bb4.27.4&#8243; _module_preset=\u00bbdefault\u00bb global_colors_info=\u00bb{}\u00bb][\/et_pb_divider][et_pb_code _builder_version=\u00bb4.27.4&#8243; _module_preset=\u00bbdefault\u00bb global_colors_info=\u00bb{}\u00bb]<!DOCTYPE html><!-- [et_pb_line_break_holder] --><html lang=\"es\"><!-- [et_pb_line_break_holder] --><head><!-- [et_pb_line_break_holder] --><meta charset=\"UTF-8\"><!-- [et_pb_line_break_holder] --><title>IntelMinds \u2014 Misi\u00f3n<\/title><!-- [et_pb_line_break_holder] --><\/p>\n<style><!-- [et_pb_line_break_holder] -->  body{margin:0;display:grid;place-items:center;min-height:100vh;font-family:sans-serif;background:#f6f8fb}<!-- [et_pb_line_break_holder] -->  .card{text-align:center;max-width:800px;background:#fff;padding:24px;border-radius:20px;box-shadow:0 6px 16px rgba(0,0,0,.1)}<!-- [et_pb_line_break_holder] -->  .underline{height:3px;width:120px;margin:10px auto;background:linear-gradient(90deg,#badff7,transparent)}<!-- [et_pb_line_break_holder] --><\/style>\n<p><!-- [et_pb_line_break_holder] --><\/head><!-- [et_pb_line_break_holder] --><body><!-- [et_pb_line_break_holder] -->  <\/p>\n<div class=\"card\"><!-- [et_pb_line_break_holder] -->    <\/p>\n<h1>Nuestra misi\u00f3n<\/h1>\n<p><!-- [et_pb_line_break_holder] -->    <\/p>\n<div class=\"underline\"><\/div>\n<p><!-- [et_pb_line_break_holder] -->    <pee><!-- [et_pb_line_break_holder] -->      Crear una comunidad vibrante y unificada de analistas en inteligencia, seguridad y gesti\u00f3n de riesgos. Promovemos la colaboraci\u00f3n, la actualizaci\u00f3n profesional y la exposici\u00f3n a herramientas innovadoras. <strong>IntelMinds<\/strong> es m\u00e1s que un evento anual; es un movimiento que busca consolidar el sector de analistas en espa\u00f1ol, preparando a estos profesionales para liderar el futuro.<!-- [et_pb_line_break_holder] -->    <\/pee><!-- [et_pb_line_break_holder] -->  <\/div>\n<p><!-- [et_pb_line_break_holder] --><\/body><!-- [et_pb_line_break_holder] --><\/html>[\/et_pb_code][\/et_pb_column][\/et_pb_row][et_pb_row _builder_version=\u00bb4.24.0&#8243; _module_preset=\u00bbdefault\u00bb custom_padding=\u00bb1px|||||\u00bb global_colors_info=\u00bb{}\u00bb][et_pb_column type=\u00bb4_4&#8243; _builder_version=\u00bb4.24.0&#8243; _module_preset=\u00bbdefault\u00bb global_colors_info=\u00bb{}\u00bb][et_pb_divider divider_weight=\u00bb12px\u00bb _builder_version=\u00bb4.24.0&#8243; _module_preset=\u00bbdefault\u00bb custom_margin=\u00bb0px||0px||true|false\u00bb custom_padding=\u00bb0px||0px||true|false\u00bb global_colors_info=\u00bb{}\u00bb][\/et_pb_divider][et_pb_divider _builder_version=\u00bb4.27.4&#8243; _module_preset=\u00bbdefault\u00bb global_colors_info=\u00bb{}\u00bb][\/et_pb_divider][\/et_pb_column][\/et_pb_row][et_pb_row _builder_version=\u00bb4.27.4&#8243; _module_preset=\u00bbdefault\u00bb background_color=\u00bb#000000&#8243; custom_padding=\u00bb||0px|||\u00bb global_colors_info=\u00bb{}\u00bb][et_pb_column type=\u00bb4_4&#8243; _builder_version=\u00bb4.27.4&#8243; _module_preset=\u00bbdefault\u00bb global_colors_info=\u00bb{}\u00bb][et_pb_text _builder_version=\u00bb4.27.4&#8243; _module_preset=\u00bb13ddcc34-f131-47ca-8026-edc37a2f8af8&#8243; max_width=\u00bb70%\u00bb max_width_tablet=\u00bb70%\u00bb max_width_phone=\u00bb70%\u00bb max_width_last_edited=\u00bbon|desktop\u00bb custom_margin=\u00bb||||false|false\u00bb header_font_size_tablet=\u00bb\u00bb header_font_size_phone=\u00bb24px\u00bb header_font_size_last_edited=\u00bbon|desktop\u00bb global_colors_info=\u00bb{}\u00bb]<\/p>\n<blockquote><\/blockquote>\n<h2><span style=\"color: #ffffff;\"><strong>Contenidos<\/strong><\/span><\/h2>\n<p><span style=\"color: #ffffff;\"><strong>Inteligencia y an\u00e1lisis<\/strong><\/span><br \/><span style=\"color: #ffffff;\">Exploraci\u00f3n de las \u00faltimas herramientas y metodolog\u00edas para el an\u00e1lisis de inteligencia en la gesti\u00f3n de riesgos. Se incluyen temas como:<\/span><\/p>\n<ul>\n<li><span style=\"color: #ffffff;\">Nuevas tendencias en an\u00e1lisis de inteligencia.<\/span><\/li>\n<li><span style=\"color: #ffffff;\">Uso de tecnolog\u00eda avanzada en el an\u00e1lisis de datos y patrones.<\/span><\/li>\n<li><span style=\"color: #ffffff;\">Talleres pr\u00e1cticos sobre software y herramientas de inteligencia.<\/span><\/li>\n<\/ul>\n<p><span style=\"color: #ffffff;\"><strong>Seguridad integral<\/strong><\/span><br \/><span style=\"color: #ffffff;\">La seguridad va m\u00e1s all\u00e1 de la ciberseguridad. En esta secci\u00f3n, nos enfocamos en:<\/span><\/p>\n<ul>\n<li><span style=\"color: #ffffff;\">Seguridad f\u00edsica, seguridad digital y c\u00f3mo ambos convergen en el mundo actual.<\/span><\/li>\n<li><span style=\"color: #ffffff;\">Prevenci\u00f3n y detecci\u00f3n de amenazas, y gesti\u00f3n de incidentes.<\/span><\/li>\n<li><span style=\"color: #ffffff;\">Estrategias de seguridad para organizaciones y gobiernos.<\/span><\/li>\n<\/ul>\n<p><span style=\"color: #ffffff;\"><strong>Gesti\u00f3n de riesgos<\/strong><\/span><br \/><span style=\"color: #ffffff;\">Actualizaci\u00f3n y formaci\u00f3n en m\u00e9todos avanzados de gesti\u00f3n de riesgos. Algunos temas clave incluyen:<\/span><\/p>\n<ul>\n<li><span style=\"color: #ffffff;\">Gesti\u00f3n integral de riesgos en entornos de alta incertidumbre.<\/span><\/li>\n<li><span style=\"color: #ffffff;\">Mapeo de riesgos y planes de contingencia.<\/span><\/li>\n<li><span style=\"color: #ffffff;\">Uso de inteligencia en la gesti\u00f3n de crisis.<\/span><\/li>\n<\/ul>\n<p><span style=\"color: #ffffff;\"><strong>Innovaci\u00f3n y herramientas tecnol\u00f3gicas<\/strong><\/span><br \/><span style=\"color: #ffffff;\">Espacio dedicado a la exposici\u00f3n de herramientas, software y tecnolog\u00edas emergentes en el sector de la inteligencia y seguridad:<\/span><\/p>\n<ul>\n<li><span style=\"color: #ffffff;\">Software de an\u00e1lisis y predicci\u00f3n.<\/span><\/li>\n<li><span style=\"color: #ffffff;\">Inteligencia artificial y aprendizaje autom\u00e1tico en seguridad.<\/span><\/li>\n<li><span style=\"color: #ffffff;\">Demostraci\u00f3n de productos y herramientas de proveedores l\u00edderes en el sector.<\/span><\/li>\n<\/ul>\n<p>[\/et_pb_text][et_pb_divider _builder_version=\u00bb4.27.4&#8243; _module_preset=\u00bbdefault\u00bb background_color=\u00bb#BADFF7&#8243; min_height=\u00bb68.8px\u00bb custom_margin=\u00bb||-28px|||\u00bb custom_padding=\u00bb||0px|||\u00bb global_colors_info=\u00bb{}\u00bb][\/et_pb_divider][et_pb_text _builder_version=\u00bb4.27.4&#8243; _module_preset=\u00bbdefault\u00bb background_color=\u00bb#BADFF7&#8243; custom_padding=\u00bb|200px||200px||\u00bb global_colors_info=\u00bb{}\u00bb]<\/p>\n<h2>Call for papers<\/h2>\n<article class=\"text-token-text-primary w-full focus:outline-none scroll-mt-[calc(var(--header-height)+min(200px,max(70px,20svh)))]\" dir=\"auto\" data-turn-id=\"request-68c8053a-72ec-8326-a384-a769f12415c5-4\" data-testid=\"conversation-turn-16\" data-scroll-anchor=\"true\" data-turn=\"assistant\" tabindex=\"-1\">\n<div class=\"text-base my-auto mx-auto pb-10 [--thread-content-margin:--spacing(4)] thread-sm:[--thread-content-margin:--spacing(6)] thread-lg:[--thread-content-margin:--spacing(16)] px-(--thread-content-margin)\">\n<div class=\"[--thread-content-max-width:40rem] thread-lg:[--thread-content-max-width:48rem] mx-auto max-w-(--thread-content-max-width) flex-1 group\/turn-messages focus-visible:outline-hidden relative flex w-full min-w-0 flex-col agent-turn\" tabindex=\"-1\">\n<div class=\"flex max-w-full flex-col grow\">\n<div data-message-author-role=\"assistant\" data-message-id=\"63668716-74c2-4b21-9ed9-4816abcb477c\" dir=\"auto\" class=\"min-h-8 text-message relative flex w-full flex-col items-end gap-2 text-start break-words whitespace-normal [.text-message+&amp;]:mt-5\" data-message-model-slug=\"gpt-5\">\n<div class=\"flex w-full flex-col gap-1 empty:hidden first:pt-[3px]\">\n<div class=\"markdown prose dark:prose-invert w-full break-words light markdown-new-styling\">\n<p data-start=\"41\" data-end=\"450\" data-is-last-node=\"\" data-is-only-node=\"\">IntelMinds 2026 invita a investigadores, profesionales y expertos a presentar ponencias sobre inteligencia, seguridad, gesti\u00f3n de riesgos y tecnolog\u00edas emergentes. Comparte ideas innovadoras, estudios de caso o soluciones pr\u00e1cticas con una comunidad internacional de analistas hispanohablantes. Las contribuciones seleccionadas ser\u00e1n presentadas en la cumbre y publicadas en las actas de la conferencia.<\/p>\n<\/div>\n<\/div>\n<\/div>\n<\/div>\n<div class=\"mt-3 w-full empty:hidden\">\n<div class=\"text-center\"><\/div>\n<\/div>\n<\/div>\n<\/div>\n<\/article>\n<div aria-hidden=\"true\" data-edge=\"true\" class=\"pointer-events-none h-px w-px\"><\/div>\n<p>[\/et_pb_text][et_pb_divider _builder_version=\u00bb4.27.4&#8243; _module_preset=\u00bbdefault\u00bb background_color=\u00bb#BADFF7&#8243; min_height=\u00bb68.8px\u00bb custom_margin=\u00bb-45px||-28px|||\u00bb custom_padding=\u00bb||0px|||\u00bb global_colors_info=\u00bb{}\u00bb][\/et_pb_divider][et_pb_divider _builder_version=\u00bb4.27.4&#8243; _module_preset=\u00bbdefault\u00bb global_colors_info=\u00bb{}\u00bb][\/et_pb_divider][\/et_pb_column][\/et_pb_row][et_pb_row _builder_version=\u00bb4.27.4&#8243; _module_preset=\u00bbdefault\u00bb custom_padding=\u00bb||2px|||\u00bb global_colors_info=\u00bb{}\u00bb][et_pb_column type=\u00bb4_4&#8243; _builder_version=\u00bb4.27.4&#8243; _module_preset=\u00bbdefault\u00bb global_colors_info=\u00bb{}\u00bb][\/et_pb_column][\/et_pb_row][et_pb_row _builder_version=\u00bb4.27.0&#8243; _module_preset=\u00bbdefault\u00bb global_colors_info=\u00bb{}\u00bb][et_pb_column type=\u00bb4_4&#8243; _builder_version=\u00bb4.27.0&#8243; _module_preset=\u00bbdefault\u00bb global_colors_info=\u00bb{}\u00bb][et_pb_divider _builder_version=\u00bb4.27.0&#8243; _module_preset=\u00bbdefault\u00bb global_colors_info=\u00bb{}\u00bb][\/et_pb_divider][et_pb_text _builder_version=\u00bb4.24.0&#8243; _module_preset=\u00bbe9776427-b859-4288-b0a2-c7103567bb8c\u00bb global_colors_info=\u00bb{}\u00bb]<\/p>\n<p style=\"text-align: center;\">Cont\u00e1ctanos<\/p>\n<p>[\/et_pb_text][et_pb_text _builder_version=\u00bb4.27.4&#8243; _module_preset=\u00bb13ddcc34-f131-47ca-8026-edc37a2f8af8&#8243; global_colors_info=\u00bb{}\u00bb]<\/p>\n<h3 style=\"text-align: center;\"><strong>\u00bfTienes preguntas?<\/strong><\/h3>\n<p style=\"text-align: center;\">Si tienes alguna consulta sobre IntelMinds, quieres participar, no dudes en ponerte en contacto con nuestro equipo:<\/p>\n<p>[\/et_pb_text][\/et_pb_column][\/et_pb_row][et_pb_row _builder_version=\u00bb4.24.0&#8243; _module_preset=\u00bbdefault\u00bb saved_tabs=\u00bball\u00bb locked=\u00bboff\u00bb global_colors_info=\u00bb{}\u00bb][et_pb_column type=\u00bb4_4&#8243; _builder_version=\u00bb4.24.0&#8243; _module_preset=\u00bbdefault\u00bb global_colors_info=\u00bb{}\u00bb][dipi_gravity_forms_styler gf_form_id=\u00bb1&#8243; form_title=\u00bbhide\u00bb _builder_version=\u00bb4.24.0&#8243; _module_preset=\u00bbdefault\u00bb form_title_font_size=\u00bb0px\u00bb field_label_font=\u00bbTrade Gothic LT Bold Extended||||||||\u00bb field_label_font_size=\u00bb15px\u00bb required_field_indicator_font_size=\u00bb15px\u00bb field_description_font_size=\u00bb16px\u00bb checkbox_radio_label_font_size=\u00bb17px\u00bb custom_all=\u00bbon\u00bb all_text_size=\u00bb17px\u00bb all_bg_color=\u00bb#000000&#8243; all_font=\u00bb|600|||||||\u00bb all_use_icon=\u00bboff\u00bb max_width=\u00bb78%\u00bb max_width_tablet=\u00bb100%\u00bb max_width_phone=\u00bb100%\u00bb max_width_last_edited=\u00bbon|desktop\u00bb module_alignment=\u00bbcenter\u00bb global_colors_info=\u00bb{}\u00bb all_bg_color__hover_enabled=\u00bbon|hover\u00bb all_bg_color__hover=\u00bb#535353&#8243; all_bg_enable_color__hover=\u00bbon\u00bb][\/dipi_gravity_forms_styler][\/et_pb_column][\/et_pb_row][\/et_pb_section]<\/p>\n","protected":false},"excerpt":{"rendered":"<p>IntelMinds 2025 es el foro de Analistas en Inteligencia, Seguridad y Riesgos: evento anual promoviendo innovaci\u00f3n, colaboraci\u00f3n y formaci\u00f3n.<\/p>\n","protected":false},"author":2,"featured_media":25859479,"parent":25843873,"menu_order":0,"comment_status":"closed","ping_status":"closed","template":"","meta":{"_et_pb_use_builder":"on","_et_pb_old_content":"","_et_gb_content_width":"","footnotes":""},"dipi_cpt_category":[],"class_list":["post-25848191","page","type-page","status-publish","has-post-thumbnail","hentry"],"_links":{"self":[{"href":"https:\/\/ack3.eu\/es\/wp-json\/wp\/v2\/pages\/25848191","targetHints":{"allow":["GET"]}}],"collection":[{"href":"https:\/\/ack3.eu\/es\/wp-json\/wp\/v2\/pages"}],"about":[{"href":"https:\/\/ack3.eu\/es\/wp-json\/wp\/v2\/types\/page"}],"author":[{"embeddable":true,"href":"https:\/\/ack3.eu\/es\/wp-json\/wp\/v2\/users\/2"}],"replies":[{"embeddable":true,"href":"https:\/\/ack3.eu\/es\/wp-json\/wp\/v2\/comments?post=25848191"}],"version-history":[{"count":0,"href":"https:\/\/ack3.eu\/es\/wp-json\/wp\/v2\/pages\/25848191\/revisions"}],"up":[{"embeddable":true,"href":"https:\/\/ack3.eu\/es\/wp-json\/wp\/v2\/pages\/25843873"}],"wp:featuredmedia":[{"embeddable":true,"href":"https:\/\/ack3.eu\/es\/wp-json\/wp\/v2\/media\/25859479"}],"wp:attachment":[{"href":"https:\/\/ack3.eu\/es\/wp-json\/wp\/v2\/media?parent=25848191"}],"wp:term":[{"taxonomy":"dipi_cpt_category","embeddable":true,"href":"https:\/\/ack3.eu\/es\/wp-json\/wp\/v2\/dipi_cpt_category?post=25848191"}],"curies":[{"name":"wp","href":"https:\/\/api.w.org\/{rel}","templated":true}]}}