{"id":25847546,"date":"2024-02-13T13:22:00","date_gmt":"2024-02-13T12:22:00","guid":{"rendered":"https:\/\/ack3.eu\/ack3-libya\/"},"modified":"2024-10-16T15:07:55","modified_gmt":"2024-10-16T13:07:55","slug":"tripoli-libia","status":"publish","type":"page","link":"https:\/\/ack3.eu\/es\/tripoli-libia\/","title":{"rendered":"ACK3 Tr\u00edpoli"},"content":{"rendered":"<p>[et_pb_section fb_built=\u00bb1&#8243; _builder_version=\u00bb4.24.0&#8243; _module_preset=\u00bbdefault\u00bb global_colors_info=\u00bb{}\u00bb][et_pb_row _builder_version=\u00bb4.24.0&#8243; _module_preset=\u00bbdefault\u00bb global_colors_info=\u00bb{}\u00bb][et_pb_column type=\u00bb4_4&#8243; _builder_version=\u00bb4.24.0&#8243; _module_preset=\u00bbdefault\u00bb global_colors_info=\u00bb{}\u00bb][et_pb_text _builder_version=\u00bb4.27.2&#8243; _module_preset=\u00bb13ddcc34-f131-47ca-8026-edc37a2f8af8&#8243; global_colors_info=\u00bb{}\u00bb]<\/p>\n<h1 style=\"text-align: center;\">Consultor\u00eda estrat\u00e9gica de riesgos e inteligencia en Libia<\/h1>\n<p style=\"text-align: center;\">La incursi\u00f3n de ACK3 en Tr\u00edpoli, Libia, marca una extensi\u00f3n significativa de nuestra experiencia en gesti\u00f3n de riesgos, inteligencia estrat\u00e9gica y apoyo a misiones cr\u00edticas en uno de los entornos m\u00e1s complejos de \u00c1frica del Norte. En ACK3 demostramos un gran compromiso en navegar en regiones de alto riesgo, ofreciendo soluciones personalizadas que abordan los intrincados desaf\u00edos y las oportunidades matizadas presentes en Libia.<\/p>\n<p>[\/et_pb_text][\/et_pb_column][\/et_pb_row][et_pb_row column_structure=\u00bb1_2,1_2&#8243; module_class=\u00bbagf-vertical-align\u00bb _builder_version=\u00bb4.24.0&#8243; _module_preset=\u00bbdefault\u00bb global_colors_info=\u00bb{}\u00bb][et_pb_column type=\u00bb1_2&#8243; _builder_version=\u00bb4.24.0&#8243; _module_preset=\u00bbdefault\u00bb global_colors_info=\u00bb{}\u00bb][et_pb_image src=\u00bbhttps:\/\/ack3.eu\/wp-content\/uploads\/2024\/02\/tripoli.webp\u00bb alt=\u00bbACK3 Ciudad de M\u00e9xico\u00bb title_text=\u00bbtripoli\u00bb _builder_version=\u00bb4.24.0&#8243; _module_preset=\u00bbdefault\u00bb global_colors_info=\u00bb{}\u00bb][\/et_pb_image][\/et_pb_column][et_pb_column type=\u00bb1_2&#8243; _builder_version=\u00bb4.24.0&#8243; _module_preset=\u00bbdefault\u00bb global_colors_info=\u00bb{}\u00bb][et_pb_text _builder_version=\u00bb4.27.2&#8243; _module_preset=\u00bbdefault\u00bb global_colors_info=\u00bb{}\u00bb]<\/p>\n<h2>Navegando el complejo contexto de Libia<\/h2>\n<p>El panorama de Libia, caracterizado por la inestabilidad pol\u00edtica, los desaf\u00edos de seguridad y la volatilidad econ\u00f3mica, presenta un conjunto \u00fanico de riesgos para empresas y organizaciones. La transici\u00f3n pol\u00edtica en curso, junto con las preocupaciones de seguridad derivadas de conflictos internos y din\u00e1micas regionales, requiere un enfoque matizado para la gesti\u00f3n de riesgos.<\/p>\n<p>[\/et_pb_text][\/et_pb_column][\/et_pb_row][et_pb_row column_structure=\u00bb1_3,1_3,1_3&#8243; _builder_version=\u00bb4.24.0&#8243; _module_preset=\u00bbdefault\u00bb global_colors_info=\u00bb{}\u00bb][et_pb_column type=\u00bb1_3&#8243; _builder_version=\u00bb4.24.0&#8243; _module_preset=\u00bbdefault\u00bb global_colors_info=\u00bb{}\u00bb][et_pb_blurb title=\u00bbConsultor\u00eda de riesgos estrat\u00e9gicos en Tr\u00edpoli\u00bb use_icon=\u00bbon\u00bb font_icon=\u00bb&#x3d;||divi||400&#8243; icon_color=\u00bb#000000&#8243; image_icon_width=\u00bb68px\u00bb icon_alignment=\u00bbleft\u00bb _builder_version=\u00bb4.27.2&#8243; _module_preset=\u00bbdefault\u00bb global_colors_info=\u00bb{}\u00bb]<\/p>\n<p>En Tr\u00edpoli, ACK3 ofrece consultor\u00eda estrat\u00e9gica en gesti\u00f3n de riesgos adaptada espec\u00edficamente al contexto libio. Los servicios incluyen an\u00e1lisis de riesgos geopol\u00edticos, gesti\u00f3n de riesgos de seguridad y planificaci\u00f3n estrat\u00e9gica, dise\u00f1ados para navegar las incertidumbres del mercado libio. La experiencia de ACK3 es crucial para las entidades que buscan operar o invertir en Libia, asegurando una toma de decisiones informada y la mitigaci\u00f3n de riesgos.<\/p>\n<p>[\/et_pb_blurb][\/et_pb_column][et_pb_column type=\u00bb1_3&#8243; _builder_version=\u00bb4.24.0&#8243; _module_preset=\u00bbdefault\u00bb global_colors_info=\u00bb{}\u00bb][et_pb_blurb title=\u00bbInteligencia econ\u00f3mica en una econom\u00eda en transici\u00f3n\u00bb use_icon=\u00bbon\u00bb font_icon=\u00bb&#x3d;||divi||400&#8243; icon_color=\u00bb#000000&#8243; image_icon_width=\u00bb68px\u00bb icon_alignment=\u00bbleft\u00bb _builder_version=\u00bb4.27.2&#8243; _module_preset=\u00bbdefault\u00bb global_colors_info=\u00bb{}\u00bb]<\/p>\n<p>Los servicios de inteligencia econ\u00f3mica de ACK3 en Tr\u00edpoli son vitales para comprender la din\u00e1mica cambiante de la econom\u00eda libia. Al ofrecer informaci\u00f3n sobre las din\u00e1micas del mercado, los riesgos de inversi\u00f3n y el panorama pol\u00edtico, ACK3 ayuda a los clientes a identificar tanto oportunidades como posibles inconvenientes en un pa\u00eds rico en recursos naturales pero lleno de incertidumbre.<\/p>\n<p>[\/et_pb_blurb][\/et_pb_column][et_pb_column type=\u00bb1_3&#8243; _builder_version=\u00bb4.24.0&#8243; _module_preset=\u00bbdefault\u00bb global_colors_info=\u00bb{}\u00bb][et_pb_blurb title=\u00bbCiberseguridad y protecci\u00f3n de infraestructuras\u00bb use_icon=\u00bbon\u00bb font_icon=\u00bb&#x3d;||divi||400&#8243; icon_color=\u00bb#000000&#8243; image_icon_width=\u00bb68px\u00bb icon_alignment=\u00bbleft\u00bb _builder_version=\u00bb4.27.2&#8243; _module_preset=\u00bbdefault\u00bb global_colors_info=\u00bb{}\u00bb]<\/p>\n<p>Dadas las dificultades de infraestructura y las amenazas cibern\u00e9ticas en Libia, los servicios integrales de ciberseguridad y protecci\u00f3n de infraestructura de ACK3 son indispensables. Estos servicios garantizan la salvaguarda de activos, datos y operaciones en un entorno donde la seguridad digital y f\u00edsica son primordiales.<\/p>\n<p>[\/et_pb_blurb][\/et_pb_column][\/et_pb_row][et_pb_row column_structure=\u00bb1_3,1_3,1_3&#8243; _builder_version=\u00bb4.24.0&#8243; _module_preset=\u00bbdefault\u00bb custom_padding=\u00bb1px|||||\u00bb global_colors_info=\u00bb{}\u00bb][et_pb_column type=\u00bb1_3&#8243; _builder_version=\u00bb4.24.0&#8243; _module_preset=\u00bbdefault\u00bb global_colors_info=\u00bb{}\u00bb][et_pb_blurb title=\u00bbSeguridad de RRHH: gesti\u00f3n de riesgos laborales\u00bb use_icon=\u00bbon\u00bb font_icon=\u00bb&#x3d;||divi||400&#8243; icon_color=\u00bb#000000&#8243; image_icon_width=\u00bb68px\u00bb icon_alignment=\u00bbleft\u00bb _builder_version=\u00bb4.27.2&#8243; _module_preset=\u00bbdefault\u00bb global_colors_info=\u00bb{}\u00bb]<\/p>\n<p>En Tr\u00edpoli, ACK3 aborda la compleja tarea de la seguridad de recursos humanos, centr\u00e1ndose en el an\u00e1lisis de riesgos del personal, evaluaciones de integridad y el desarrollo de protocolos operativos seguros. Estos servicios est\u00e1n dise\u00f1ados para garantizar la seguridad y fiabilidad tanto de los equipos locales como de los expatriados que trabajan en \u00e1reas de alto riesgo.<\/p>\n<p>[\/et_pb_blurb][\/et_pb_column][et_pb_column type=\u00bb1_3&#8243; _builder_version=\u00bb4.24.0&#8243; _module_preset=\u00bbdefault\u00bb global_colors_info=\u00bb{}\u00bb][et_pb_blurb title=\u00bbDesarrollo de resiliencia organizacional en tiempos de incertidumbre\u00bb use_icon=\u00bbon\u00bb font_icon=\u00bb&#x3d;||divi||400&#8243; icon_color=\u00bb#000000&#8243; image_icon_width=\u00bb68px\u00bb icon_alignment=\u00bbleft\u00bb _builder_version=\u00bb4.27.2&#8243; _module_preset=\u00bbdefault\u00bb global_colors_info=\u00bb{}\u00bb]<\/p>\n<p>ACK3 enfatiza la resiliencia organizacional en Tr\u00edpoli, preparando a los clientes para resistir y recuperarse de los riesgos multifac\u00e9ticos inherentes a Libia. Esto incluye la planificaci\u00f3n de gesti\u00f3n de crisis, estrategias de contingencia y capacitaci\u00f3n en resiliencia, adaptadas al contexto libio.<\/p>\n<p>[\/et_pb_blurb][\/et_pb_column][et_pb_column type=\u00bb1_3&#8243; _builder_version=\u00bb4.24.0&#8243; _module_preset=\u00bbdefault\u00bb global_colors_info=\u00bb{}\u00bb][\/et_pb_column][\/et_pb_row][et_pb_row _builder_version=\u00bb4.24.0&#8243; _module_preset=\u00bbdefault\u00bb global_colors_info=\u00bb{}\u00bb][et_pb_column type=\u00bb4_4&#8243; _builder_version=\u00bb4.24.0&#8243; _module_preset=\u00bbdefault\u00bb global_colors_info=\u00bb{}\u00bb][et_pb_text _builder_version=\u00bb4.27.2&#8243; _module_preset=\u00bb13ddcc34-f131-47ca-8026-edc37a2f8af8&#8243; global_colors_info=\u00bb{}\u00bb]<\/p>\n<h2 style=\"text-align: center;\">Tu socio estrat\u00e9gico en Libia<\/h2>\n<p style=\"text-align: center;\">La presencia de ACK3 en Tr\u00edpoli subraya su papel como un socio estrat\u00e9gico para navegar las complejidades de Libia. Con un profundo entendimiento del paisaje de riesgos local y un enfoque multidisciplinario en la gesti\u00f3n de riesgos, ACK3 est\u00e1 en una posici\u00f3n \u00fanica para apoyar a empresas y organizaciones en el logro de sus objetivos en medio de los desaf\u00edos del mercado libio.<\/p>\n<p>[\/et_pb_text][et_pb_divider _builder_version=\u00bb4.24.0&#8243; _module_preset=\u00bbdefault\u00bb global_colors_info=\u00bb{}\u00bb][\/et_pb_divider][\/et_pb_column][\/et_pb_row][et_pb_row _builder_version=\u00bb4.24.0&#8243; _module_preset=\u00bbdefault\u00bb global_module=\u00bb25841843&#8243; saved_tabs=\u00bball\u00bb locked=\u00bboff\u00bb global_colors_info=\u00bb{}\u00bb][et_pb_column type=\u00bb4_4&#8243; _builder_version=\u00bb4.24.0&#8243; _module_preset=\u00bbdefault\u00bb global_colors_info=\u00bb{}\u00bb][et_pb_text _builder_version=\u00bb4.24.0&#8243; _module_preset=\u00bbe9776427-b859-4288-b0a2-c7103567bb8c\u00bb global_colors_info=\u00bb{}\u00bb]<\/p>\n<p style=\"text-align: center;\">Cont\u00e1ctanos<\/p>\n<p>[\/et_pb_text][et_pb_text _builder_version=\u00bb4.24.0&#8243; _module_preset=\u00bb13ddcc34-f131-47ca-8026-edc37a2f8af8&#8243; header_2_text_align=\u00bbcenter\u00bb custom_margin=\u00bb||5px||false|false\u00bb global_colors_info=\u00bb{}\u00bb]<\/p>\n<h2>\u00bfEst\u00e1s interesado en nuestros servicios?<\/h2>\n<p>[\/et_pb_text][et_pb_text _builder_version=\u00bb4.24.0&#8243; _module_preset=\u00bb13ddcc34-f131-47ca-8026-edc37a2f8af8&#8243; global_colors_info=\u00bb{}\u00bb]<\/p>\n<p style=\"text-align: center;\">Ponte en contacto con nosotros completando el siguiente formulario:<\/p>\n<p>[\/et_pb_text][dipi_gravity_forms_styler gf_form_id=\u00bb1&#8243; form_title=\u00bbhide\u00bb _builder_version=\u00bb4.24.0&#8243; _module_preset=\u00bbdefault\u00bb form_title_font_size=\u00bb0px\u00bb field_label_font=\u00bbTrade Gothic LT Bold Extended||||||||\u00bb field_label_font_size=\u00bb15px\u00bb required_field_indicator_font_size=\u00bb15px\u00bb field_description_font_size=\u00bb16px\u00bb checkbox_radio_label_font_size=\u00bb17px\u00bb custom_all=\u00bbon\u00bb all_text_size=\u00bb17px\u00bb all_bg_color=\u00bb#000000&#8243; all_font=\u00bb|600|||||||\u00bb all_use_icon=\u00bboff\u00bb max_width=\u00bb78%\u00bb max_width_tablet=\u00bb100%\u00bb max_width_phone=\u00bb\u00bb max_width_last_edited=\u00bbon|desktop\u00bb module_alignment=\u00bbcenter\u00bb global_colors_info=\u00bb{}\u00bb all_bg_color__hover_enabled=\u00bbon|hover\u00bb all_bg_color__hover=\u00bb#535353&#8243; all_bg_enable_color__hover=\u00bbon\u00bb][\/dipi_gravity_forms_styler][\/et_pb_column][\/et_pb_row][\/et_pb_section]<\/p>\n","protected":false},"excerpt":{"rendered":"<p>ACK3 ofrece soluciones de gesti\u00f3n de riesgos en Libia \u00b7 An\u00e1lisis de riesgos, inteligencia estrat\u00e9gica, ciberseguridad y resiliencia organizacional.<\/p>\n","protected":false},"author":1,"featured_media":25843105,"parent":0,"menu_order":0,"comment_status":"closed","ping_status":"closed","template":"","meta":{"_et_pb_use_builder":"on","_et_pb_old_content":"","_et_gb_content_width":"","footnotes":""},"dipi_cpt_category":[],"class_list":["post-25847546","page","type-page","status-publish","has-post-thumbnail","hentry"],"_links":{"self":[{"href":"https:\/\/ack3.eu\/es\/wp-json\/wp\/v2\/pages\/25847546","targetHints":{"allow":["GET"]}}],"collection":[{"href":"https:\/\/ack3.eu\/es\/wp-json\/wp\/v2\/pages"}],"about":[{"href":"https:\/\/ack3.eu\/es\/wp-json\/wp\/v2\/types\/page"}],"author":[{"embeddable":true,"href":"https:\/\/ack3.eu\/es\/wp-json\/wp\/v2\/users\/1"}],"replies":[{"embeddable":true,"href":"https:\/\/ack3.eu\/es\/wp-json\/wp\/v2\/comments?post=25847546"}],"version-history":[{"count":0,"href":"https:\/\/ack3.eu\/es\/wp-json\/wp\/v2\/pages\/25847546\/revisions"}],"wp:featuredmedia":[{"embeddable":true,"href":"https:\/\/ack3.eu\/es\/wp-json\/wp\/v2\/media\/25843105"}],"wp:attachment":[{"href":"https:\/\/ack3.eu\/es\/wp-json\/wp\/v2\/media?parent=25847546"}],"wp:term":[{"taxonomy":"dipi_cpt_category","embeddable":true,"href":"https:\/\/ack3.eu\/es\/wp-json\/wp\/v2\/dipi_cpt_category?post=25847546"}],"curies":[{"name":"wp","href":"https:\/\/api.w.org\/{rel}","templated":true}]}}