{"id":25847522,"date":"2024-02-13T13:22:34","date_gmt":"2024-02-13T12:22:34","guid":{"rendered":"https:\/\/ack3.eu\/ack3-nigeria\/"},"modified":"2024-10-16T15:09:51","modified_gmt":"2024-10-16T13:09:51","slug":"lagos-nigeria","status":"publish","type":"page","link":"https:\/\/ack3.eu\/es\/lagos-nigeria\/","title":{"rendered":"ACK3 Lagos"},"content":{"rendered":"<p>[et_pb_section fb_built=\u00bb1&#8243; _builder_version=\u00bb4.24.0&#8243; _module_preset=\u00bbdefault\u00bb global_colors_info=\u00bb{}\u00bb][et_pb_row _builder_version=\u00bb4.24.0&#8243; _module_preset=\u00bbdefault\u00bb global_colors_info=\u00bb{}\u00bb][et_pb_column type=\u00bb4_4&#8243; _builder_version=\u00bb4.24.0&#8243; _module_preset=\u00bbdefault\u00bb global_colors_info=\u00bb{}\u00bb][et_pb_text _builder_version=\u00bb4.27.2&#8243; _module_preset=\u00bb13ddcc34-f131-47ca-8026-edc37a2f8af8&#8243; global_colors_info=\u00bb{}\u00bb]<\/p>\n<h1 style=\"text-align: center;\">Consultor\u00eda estrat\u00e9gica de riesgos e inteligencia\u00a0en Nigeria<\/h1>\n<p style=\"text-align: center;\">ACK3, una destacada firma europea con amplia experiencia en an\u00e1lisis de riesgos, inteligencia estrat\u00e9gica y apoyo a misiones cr\u00edticas, extiende sus servicios especializados a Lagos, Nigeria. Este movimiento estrat\u00e9gico subraya el compromiso de ACK3 con el abordaje de los desaf\u00edos y oportunidades \u00fanicos del vibrante pero complejo mercado nigeriano, especialmente en Lagos, el principal centro comercial de \u00c1frica Occidental.<\/p>\n<p>[\/et_pb_text][\/et_pb_column][\/et_pb_row][et_pb_row column_structure=\u00bb1_2,1_2&#8243; module_class=\u00bbagf-vertical-align\u00bb _builder_version=\u00bb4.24.0&#8243; _module_preset=\u00bbdefault\u00bb global_colors_info=\u00bb{}\u00bb][et_pb_column type=\u00bb1_2&#8243; _builder_version=\u00bb4.24.0&#8243; _module_preset=\u00bbdefault\u00bb global_colors_info=\u00bb{}\u00bb][et_pb_image src=\u00bbhttps:\/\/ack3.eu\/wp-content\/uploads\/2024\/02\/lagos.jpg\u00bb alt=\u00bbACK3 Ciudad de M\u00e9xico\u00bb title_text=\u00bblagos\u00bb _builder_version=\u00bb4.24.0&#8243; _module_preset=\u00bbdefault\u00bb global_colors_info=\u00bb{}\u00bb][\/et_pb_image][\/et_pb_column][et_pb_column type=\u00bb1_2&#8243; _builder_version=\u00bb4.24.0&#8243; _module_preset=\u00bbdefault\u00bb global_colors_info=\u00bb{}\u00bb][et_pb_text _builder_version=\u00bb4.27.2&#8243; _module_preset=\u00bbdefault\u00bb global_colors_info=\u00bb{}\u00bb]<\/p>\n<h2>Entendiendo el panorama nigeriano<\/h2>\n<p>Nigeria, con Lagos como su epicentro comercial, presenta una mezcla din\u00e1mica de oportunidades y riesgos multifac\u00e9ticos. La creciente econom\u00eda del pa\u00eds, su significativa ventaja demogr\u00e1fica y su estrat\u00e9gica posici\u00f3n geogr\u00e1fica ofrecen un enorme potencial. Sin embargo, las empresas y organizaciones que operan en este contexto enfrentan desaf\u00edos como la inestabilidad pol\u00edtica, la volatilidad econ\u00f3mica, problemas de seguridad como el crimen y la insurgencia, adem\u00e1s de d\u00e9ficits en infraestructura.<\/p>\n<p>[\/et_pb_text][\/et_pb_column][\/et_pb_row][et_pb_row column_structure=\u00bb1_3,1_3,1_3&#8243; _builder_version=\u00bb4.24.0&#8243; _module_preset=\u00bbdefault\u00bb global_colors_info=\u00bb{}\u00bb][et_pb_column type=\u00bb1_3&#8243; _builder_version=\u00bb4.24.0&#8243; _module_preset=\u00bbdefault\u00bb global_colors_info=\u00bb{}\u00bb][et_pb_blurb title=\u00bbConsultor\u00eda estrat\u00e9gica de riesgos\u00bb use_icon=\u00bbon\u00bb font_icon=\u00bb&#x3d;||divi||400&#8243; icon_color=\u00bb#000000&#8243; image_icon_width=\u00bb68px\u00bb icon_alignment=\u00bbleft\u00bb _builder_version=\u00bb4.27.2&#8243; _module_preset=\u00bbdefault\u00bb global_colors_info=\u00bb{}\u00bb]<\/p>\n<p>En Lagos, ACK3 aprovecha su experiencia global y conocimientos locales para ofrecer consultor\u00eda estrat\u00e9gica en gesti\u00f3n de riesgos adaptada al contexto nigeriano. Ayudamos a las empresas a navegar por las complejidades del mercado, ofreciendo servicios en desarrollo de estrategias empresariales, estrategias de entrada al mercado y planificaci\u00f3n corporativa.<\/p>\n<p>[\/et_pb_blurb][\/et_pb_column][et_pb_column type=\u00bb1_3&#8243; _builder_version=\u00bb4.24.0&#8243; _module_preset=\u00bbdefault\u00bb global_colors_info=\u00bb{}\u00bb][et_pb_blurb title=\u00bbInteligencia econ\u00f3mica y apoyo para la entrada al mercado\u00bb use_icon=\u00bbon\u00bb font_icon=\u00bb&#x3d;||divi||400&#8243; icon_color=\u00bb#000000&#8243; image_icon_width=\u00bb68px\u00bb icon_alignment=\u00bbleft\u00bb _builder_version=\u00bb4.27.2&#8243; _module_preset=\u00bbdefault\u00bb global_colors_info=\u00bb{}\u00bb]<\/p>\n<p>La inteligencia econ\u00f3mica es un componente cr\u00edtico de la oferta de servicios de ACK3 en Lagos, donde proporciona a los clientes informaci\u00f3n vital a trav\u00e9s de inteligencia competitiva y de mercado, an\u00e1lisis de riesgos sectoriales e inteligencia geopol\u00edtica, lo que permite la toma de decisiones informadas en el impredecible entorno econ\u00f3mico de Nigeria.<\/p>\n<p>[\/et_pb_blurb][\/et_pb_column][et_pb_column type=\u00bb1_3&#8243; _builder_version=\u00bb4.24.0&#8243; _module_preset=\u00bbdefault\u00bb global_colors_info=\u00bb{}\u00bb][et_pb_blurb title=\u00bbCiberseguridad\u00bb use_icon=\u00bbon\u00bb font_icon=\u00bb&#x3d;||divi||400&#8243; icon_color=\u00bb#000000&#8243; image_icon_width=\u00bb68px\u00bb icon_alignment=\u00bbleft\u00bb _builder_version=\u00bb4.27.2&#8243; _module_preset=\u00bbdefault\u00bb global_colors_info=\u00bb{}\u00bb]<\/p>\n<p>Dado el r\u00e1pido desarrollo del entorno digital en Nigeria, la ciberseguridad es primordial. Los servicios integrales de ciberseguridad de ACK3, que incluyen evaluaciones de seguridad de redes y respuesta a incidentes, garantizan que las empresas puedan operar de manera segura en un mundo cada vez m\u00e1s digital.<\/p>\n<p>[\/et_pb_blurb][\/et_pb_column][\/et_pb_row][et_pb_row column_structure=\u00bb1_3,1_3,1_3&#8243; _builder_version=\u00bb4.24.0&#8243; _module_preset=\u00bbdefault\u00bb custom_padding=\u00bb1px|||||\u00bb global_colors_info=\u00bb{}\u00bb][et_pb_column type=\u00bb1_3&#8243; _builder_version=\u00bb4.24.0&#8243; _module_preset=\u00bbdefault\u00bb global_colors_info=\u00bb{}\u00bb][et_pb_blurb title=\u00bbSeguridad en recursos humanos\u00bb use_icon=\u00bbon\u00bb font_icon=\u00bb&#x3d;||divi||400&#8243; icon_color=\u00bb#000000&#8243; image_icon_width=\u00bb68px\u00bb icon_alignment=\u00bbleft\u00bb _builder_version=\u00bb4.27.2&#8243; _module_preset=\u00bbdefault\u00bb global_colors_info=\u00bb{}\u00bb]<\/p>\n<p>Reconociendo el papel cr\u00edtico del capital humano, ACK3 ofrece servicios en Lagos centrados en evaluaciones de integridad, an\u00e1lisis de riesgos de personal y cumplimiento laboral, con el objetivo de crear un entorno laboral seguro, \u00e9tico y productivo.<\/p>\n<p>[\/et_pb_blurb][\/et_pb_column][et_pb_column type=\u00bb1_3&#8243; _builder_version=\u00bb4.24.0&#8243; _module_preset=\u00bbdefault\u00bb global_colors_info=\u00bb{}\u00bb][et_pb_blurb title=\u00bbGesti\u00f3n de riesgos y resiliencia organizacional\u00bb use_icon=\u00bbon\u00bb font_icon=\u00bb&#x3d;||divi||400&#8243; icon_color=\u00bb#000000&#8243; image_icon_width=\u00bb68px\u00bb icon_alignment=\u00bbleft\u00bb _builder_version=\u00bb4.27.2&#8243; _module_preset=\u00bbdefault\u00bb global_colors_info=\u00bb{}\u00bb]<\/p>\n<p>Los servicios de gesti\u00f3n de riesgos de ACK3 en Lagos est\u00e1n dise\u00f1ados para abordar los desaf\u00edos \u00fanicos del mercado nigeriano. Esto incluye evaluaciones de riesgos, planificaci\u00f3n de mitigaci\u00f3n y gesti\u00f3n de riesgos de viaje, adem\u00e1s de fomentar la resiliencia organizacional a trav\u00e9s de la planificaci\u00f3n de la continuidad del negocio y la resiliencia de la cadena de suministro.<\/p>\n<p>[\/et_pb_blurb][\/et_pb_column][et_pb_column type=\u00bb1_3&#8243; _builder_version=\u00bb4.24.0&#8243; _module_preset=\u00bbdefault\u00bb global_colors_info=\u00bb{}\u00bb][et_pb_blurb title=\u00bbServicios de consultor\u00eda integrada\u00bb use_icon=\u00bbon\u00bb font_icon=\u00bb&#x3d;||divi||400&#8243; icon_color=\u00bb#000000&#8243; image_icon_width=\u00bb68px\u00bb icon_alignment=\u00bbleft\u00bb _builder_version=\u00bb4.27.2&#8243; _module_preset=\u00bbdefault\u00bb global_colors_info=\u00bb{}\u00bb]<\/p>\n<p>M\u00e1s all\u00e1 de la gesti\u00f3n de riesgos tradicional, ACK3 en Lagos ofrece servicios de consultor\u00eda integrada que incorporan la gesti\u00f3n de riesgos en todos los aspectos de las operaciones comerciales, desde la estrategia operativa y la transformaci\u00f3n tecnol\u00f3gica hasta la optimizaci\u00f3n de recursos humanos, garantizando una protecci\u00f3n integral y un crecimiento estrat\u00e9gico.<\/p>\n<p>[\/et_pb_blurb][\/et_pb_column][\/et_pb_row][et_pb_row _builder_version=\u00bb4.24.0&#8243; _module_preset=\u00bbdefault\u00bb global_colors_info=\u00bb{}\u00bb][et_pb_column type=\u00bb4_4&#8243; _builder_version=\u00bb4.24.0&#8243; _module_preset=\u00bbdefault\u00bb global_colors_info=\u00bb{}\u00bb][et_pb_text _builder_version=\u00bb4.27.2&#8243; _module_preset=\u00bb13ddcc34-f131-47ca-8026-edc37a2f8af8&#8243; global_colors_info=\u00bb{}\u00bb]<\/p>\n<h2 style=\"text-align: center;\">Tu socio estrat\u00e9gico en Nigeria<\/h2>\n<p style=\"text-align: center;\">La presencia de ACK3 en Lagos marca un paso significativo en la provisi\u00f3n de servicios de consultor\u00eda en gesti\u00f3n de riesgos de primer nivel en Nigeria. Con un profundo entendimiento del panorama de riesgos local y regional, y una amplia gama de servicios, ACK3 se posiciona como un socio vital para empresas y organizaciones que buscan navegar y prosperar en el din\u00e1mico mercado nigeriano.<\/p>\n<p>[\/et_pb_text][et_pb_divider _builder_version=\u00bb4.24.0&#8243; _module_preset=\u00bbdefault\u00bb global_colors_info=\u00bb{}\u00bb][\/et_pb_divider][\/et_pb_column][\/et_pb_row][et_pb_row _builder_version=\u00bb4.24.0&#8243; _module_preset=\u00bbdefault\u00bb global_module=\u00bb25841843&#8243; saved_tabs=\u00bball\u00bb locked=\u00bboff\u00bb global_colors_info=\u00bb{}\u00bb][et_pb_column type=\u00bb4_4&#8243; _builder_version=\u00bb4.24.0&#8243; _module_preset=\u00bbdefault\u00bb global_colors_info=\u00bb{}\u00bb][et_pb_text _builder_version=\u00bb4.24.0&#8243; _module_preset=\u00bbe9776427-b859-4288-b0a2-c7103567bb8c\u00bb global_colors_info=\u00bb{}\u00bb]<\/p>\n<p style=\"text-align: center;\">Cont\u00e1ctanos<\/p>\n<p>[\/et_pb_text][et_pb_text _builder_version=\u00bb4.24.0&#8243; _module_preset=\u00bb13ddcc34-f131-47ca-8026-edc37a2f8af8&#8243; header_2_text_align=\u00bbcenter\u00bb custom_margin=\u00bb||5px||false|false\u00bb global_colors_info=\u00bb{}\u00bb]<\/p>\n<h2>\u00bfEst\u00e1s interesado en nuestros servicios?<\/h2>\n<p>[\/et_pb_text][et_pb_text _builder_version=\u00bb4.24.0&#8243; _module_preset=\u00bb13ddcc34-f131-47ca-8026-edc37a2f8af8&#8243; global_colors_info=\u00bb{}\u00bb]<\/p>\n<p style=\"text-align: center;\">Ponte en contacto con nosotros completando el siguiente formulario:<\/p>\n<p>[\/et_pb_text][dipi_gravity_forms_styler gf_form_id=\u00bb1&#8243; form_title=\u00bbhide\u00bb _builder_version=\u00bb4.24.0&#8243; _module_preset=\u00bbdefault\u00bb form_title_font_size=\u00bb0px\u00bb field_label_font=\u00bbTrade Gothic LT Bold Extended||||||||\u00bb field_label_font_size=\u00bb15px\u00bb required_field_indicator_font_size=\u00bb15px\u00bb field_description_font_size=\u00bb16px\u00bb checkbox_radio_label_font_size=\u00bb17px\u00bb custom_all=\u00bbon\u00bb all_text_size=\u00bb17px\u00bb all_bg_color=\u00bb#000000&#8243; all_font=\u00bb|600|||||||\u00bb all_use_icon=\u00bboff\u00bb max_width=\u00bb78%\u00bb max_width_tablet=\u00bb100%\u00bb max_width_phone=\u00bb\u00bb max_width_last_edited=\u00bbon|desktop\u00bb module_alignment=\u00bbcenter\u00bb global_colors_info=\u00bb{}\u00bb all_bg_color__hover_enabled=\u00bbon|hover\u00bb all_bg_color__hover=\u00bb#535353&#8243; all_bg_enable_color__hover=\u00bbon\u00bb][\/dipi_gravity_forms_styler][\/et_pb_column][\/et_pb_row][\/et_pb_section]<\/p>\n","protected":false},"excerpt":{"rendered":"<p>ACK3 ofrece servicios en Lagos, Nigeria \u00b7 An\u00e1lisis de riesgos, inteligencia estrat\u00e9gica, ciberseguridad y resiliencia organizacional.<\/p>\n","protected":false},"author":1,"featured_media":25843107,"parent":0,"menu_order":0,"comment_status":"closed","ping_status":"closed","template":"","meta":{"_et_pb_use_builder":"on","_et_pb_old_content":"","_et_gb_content_width":"","footnotes":""},"dipi_cpt_category":[],"class_list":["post-25847522","page","type-page","status-publish","has-post-thumbnail","hentry"],"_links":{"self":[{"href":"https:\/\/ack3.eu\/es\/wp-json\/wp\/v2\/pages\/25847522","targetHints":{"allow":["GET"]}}],"collection":[{"href":"https:\/\/ack3.eu\/es\/wp-json\/wp\/v2\/pages"}],"about":[{"href":"https:\/\/ack3.eu\/es\/wp-json\/wp\/v2\/types\/page"}],"author":[{"embeddable":true,"href":"https:\/\/ack3.eu\/es\/wp-json\/wp\/v2\/users\/1"}],"replies":[{"embeddable":true,"href":"https:\/\/ack3.eu\/es\/wp-json\/wp\/v2\/comments?post=25847522"}],"version-history":[{"count":0,"href":"https:\/\/ack3.eu\/es\/wp-json\/wp\/v2\/pages\/25847522\/revisions"}],"wp:featuredmedia":[{"embeddable":true,"href":"https:\/\/ack3.eu\/es\/wp-json\/wp\/v2\/media\/25843107"}],"wp:attachment":[{"href":"https:\/\/ack3.eu\/es\/wp-json\/wp\/v2\/media?parent=25847522"}],"wp:term":[{"taxonomy":"dipi_cpt_category","embeddable":true,"href":"https:\/\/ack3.eu\/es\/wp-json\/wp\/v2\/dipi_cpt_category?post=25847522"}],"curies":[{"name":"wp","href":"https:\/\/api.w.org\/{rel}","templated":true}]}}