{"id":25847499,"date":"2024-02-06T14:53:20","date_gmt":"2024-02-06T13:53:20","guid":{"rendered":"https:\/\/ack3.eu\/ack3-colombia\/"},"modified":"2024-10-16T14:49:13","modified_gmt":"2024-10-16T12:49:13","slug":"bogota-colombia","status":"publish","type":"page","link":"https:\/\/ack3.eu\/es\/bogota-colombia\/","title":{"rendered":"ACK3 Bogot\u00e1"},"content":{"rendered":"<p>[et_pb_section fb_built=\u00bb1&#8243; _builder_version=\u00bb4.24.0&#8243; _module_preset=\u00bbdefault\u00bb global_colors_info=\u00bb{}\u00bb][et_pb_row _builder_version=\u00bb4.24.0&#8243; _module_preset=\u00bbdefault\u00bb global_colors_info=\u00bb{}\u00bb][et_pb_column type=\u00bb4_4&#8243; _builder_version=\u00bb4.24.0&#8243; _module_preset=\u00bbdefault\u00bb global_colors_info=\u00bb{}\u00bb][et_pb_text _builder_version=\u00bb4.27.2&#8243; _module_preset=\u00bb13ddcc34-f131-47ca-8026-edc37a2f8af8&#8243; hover_enabled=\u00bb0&#8243; global_colors_info=\u00bb{}\u00bb sticky_enabled=\u00bb0&#8243;]<\/p>\n<h1 style=\"text-align: center;\">Consultor\u00eda estrat\u00e9gica de riesgos e inteligencia en Colombia<\/h1>\n<p style=\"text-align: center;\">ACK3, reconocida por su amplia experiencia en <a href=\"https:\/\/ack3.eu\/es\/servicios\/gestion-de-riesgos\/\"><strong>an\u00e1lisis de riesgos<\/strong><\/a>, <a href=\"https:\/\/ack3.eu\/es\/servicios\/inteligencia-economica\/\"><strong>inteligencia estrat\u00e9gica<\/strong><\/a> y <a href=\"https:\/\/ack3.eu\/es\/servicios\/mission-critical-support\/\"><strong>soporte t\u00e9cnico en misiones<\/strong><\/a>, tiene una presencia significativa en <strong>Bogot\u00e1, Colombia<\/strong>. Este punto de apoyo estrat\u00e9gico en Am\u00e9rica del Sur permite a ACK3 ofrecer soluciones especializadas de gesti\u00f3n de riesgos adaptadas a los desaf\u00edos y oportunidades \u00fanicos de la regi\u00f3n, aprovechando tanto los conocimientos locales como los est\u00e1ndares internacionales.<\/p>\n<p>[\/et_pb_text][\/et_pb_column][\/et_pb_row][et_pb_row column_structure=\u00bb1_2,1_2&#8243; module_class=\u00bbagf-vertical-align\u00bb _builder_version=\u00bb4.24.0&#8243; _module_preset=\u00bbdefault\u00bb global_colors_info=\u00bb{}\u00bb][et_pb_column type=\u00bb1_2&#8243; _builder_version=\u00bb4.24.0&#8243; _module_preset=\u00bbdefault\u00bb global_colors_info=\u00bb{}\u00bb][et_pb_image src=\u00bbhttps:\/\/ack3.eu\/wp-content\/uploads\/2024\/02\/Bogota-2.webp\u00bb alt=\u00bbACK3 Colombia\u00bb title_text=\u00bbBogota-2&#8243; _builder_version=\u00bb4.24.0&#8243; _module_preset=\u00bbdefault\u00bb global_colors_info=\u00bb{}\u00bb][\/et_pb_image][\/et_pb_column][et_pb_column type=\u00bb1_2&#8243; _builder_version=\u00bb4.24.0&#8243; _module_preset=\u00bbdefault\u00bb global_colors_info=\u00bb{}\u00bb][et_pb_text _builder_version=\u00bb4.27.2&#8243; _module_preset=\u00bbdefault\u00bb global_colors_info=\u00bb{}\u00bb]<\/p>\n<h2>Comprendiendo el paisaje colombiano<\/h2>\n<p>Colombia, con su geograf\u00eda diversa, econom\u00eda vibrante y complejas din\u00e1micas sociales, presenta un entorno de riesgo multifac\u00e9tico. Las empresas que operan en Bogot\u00e1 deben navegar por problemas como las preocupaciones de seguridad relacionadas con el crimen y la insurgencia, las fluctuaciones pol\u00edticas y econ\u00f3micas, y los cambios regulatorios, todo mientras capitalizan la posici\u00f3n estrat\u00e9gica y el potencial econ\u00f3mico del pa\u00eds.<\/p>\n<p>[\/et_pb_text][\/et_pb_column][\/et_pb_row][et_pb_row column_structure=\u00bb1_3,1_3,1_3&#8243; _builder_version=\u00bb4.24.0&#8243; _module_preset=\u00bbdefault\u00bb global_colors_info=\u00bb{}\u00bb][et_pb_column type=\u00bb1_3&#8243; _builder_version=\u00bb4.24.0&#8243; _module_preset=\u00bbdefault\u00bb global_colors_info=\u00bb{}\u00bb][et_pb_blurb title=\u00bbConsultor\u00eda estrat\u00e9gica de riesgos\u00bb use_icon=\u00bbon\u00bb font_icon=\u00bb&#x3d;||divi||400&#8243; icon_color=\u00bb#000000&#8243; image_icon_width=\u00bb68px\u00bb icon_alignment=\u00bbleft\u00bb _builder_version=\u00bb4.27.2&#8243; _module_preset=\u00bbdefault\u00bb global_colors_info=\u00bb{}\u00bb]<\/p>\n<p>En Bogot\u00e1, los servicios de consultor\u00eda estrat\u00e9gica en gesti\u00f3n de riesgos de ACK3 son esenciales para las empresas que buscan entender y mitigar los riesgos asociados con operar en Colombia. Estos servicios abarcan estrategias de entrada al mercado, desarrollo de estrategias empresariales y planificaci\u00f3n corporativa, asegurando que los clientes puedan navegar con confianza las complejidades del mercado colombiano.<\/p>\n<p>[\/et_pb_blurb][\/et_pb_column][et_pb_column type=\u00bb1_3&#8243; _builder_version=\u00bb4.24.0&#8243; _module_preset=\u00bbdefault\u00bb global_colors_info=\u00bb{}\u00bb][et_pb_blurb title=\u00bbInteligencia econ\u00f3mica y apoyo para la entrada al mercado\u00bb use_icon=\u00bbon\u00bb font_icon=\u00bb&#x3d;||divi||400&#8243; icon_color=\u00bb#000000&#8243; image_icon_width=\u00bb68px\u00bb icon_alignment=\u00bbleft\u00bb _builder_version=\u00bb4.27.2&#8243; _module_preset=\u00bbdefault\u00bb global_colors_info=\u00bb{}\u00bb]<\/p>\n<p>La inteligencia econ\u00f3mica es un componente cr\u00edtico de las ofertas de ACK3 en Bogot\u00e1, proporcionando a los clientes informaci\u00f3n sobre la din\u00e1mica del mercado, los paisajes competitivos y las oportunidades de inversi\u00f3n en Colombia. Esta inteligencia apoya la toma de decisiones informadas en un pa\u00eds conocido por su potencial econ\u00f3mico y desaf\u00edos.<\/p>\n<p>[\/et_pb_blurb][\/et_pb_column][et_pb_column type=\u00bb1_3&#8243; _builder_version=\u00bb4.24.0&#8243; _module_preset=\u00bbdefault\u00bb global_colors_info=\u00bb{}\u00bb][et_pb_blurb title=\u00bbCiberseguridad\u00bb use_icon=\u00bbon\u00bb font_icon=\u00bb&#x3d;||divi||400&#8243; icon_color=\u00bb#000000&#8243; image_icon_width=\u00bb68px\u00bb icon_alignment=\u00bbleft\u00bb _builder_version=\u00bb4.27.2&#8243; _module_preset=\u00bbdefault\u00bb global_colors_info=\u00bb{}\u00bb]<\/p>\n<p>Dada la creciente digitalizaci\u00f3n de la econom\u00eda colombiana, la ciberseguridad se convierte en una preocupaci\u00f3n primordial. ACK3 aborda esta cuesti\u00f3n con servicios integrales dise\u00f1ados para proteger a las empresas de amenazas cibern\u00e9ticas, garantizando la seguridad operativa y la resiliencia en la era digital.<\/p>\n<p>[\/et_pb_blurb][\/et_pb_column][\/et_pb_row][et_pb_row column_structure=\u00bb1_3,1_3,1_3&#8243; _builder_version=\u00bb4.24.0&#8243; _module_preset=\u00bbdefault\u00bb custom_padding=\u00bb1px|||||\u00bb global_colors_info=\u00bb{}\u00bb][et_pb_column type=\u00bb1_3&#8243; _builder_version=\u00bb4.24.0&#8243; _module_preset=\u00bbdefault\u00bb global_colors_info=\u00bb{}\u00bb][et_pb_blurb title=\u00bbSeguridad en recursos humanos\u00bb use_icon=\u00bbon\u00bb font_icon=\u00bb&#x3d;||divi||400&#8243; icon_color=\u00bb#000000&#8243; image_icon_width=\u00bb68px\u00bb icon_alignment=\u00bbleft\u00bb _builder_version=\u00bb4.27.2&#8243; _module_preset=\u00bbdefault\u00bb global_colors_info=\u00bb{}\u00bb]<\/p>\n<p>Los servicios de seguridad de recursos humanos de ACK3 en Bogot\u00e1 se centran en abordar los desaf\u00edos \u00fanicos de la gesti\u00f3n de la fuerza laboral en Colombia, incluyendo evaluaciones de integridad, an\u00e1lisis de riesgos de personal y cumplimiento de las leyes laborales locales, garantizando un entorno laboral seguro y productivo.<\/p>\n<p>[\/et_pb_blurb][\/et_pb_column][et_pb_column type=\u00bb1_3&#8243; _builder_version=\u00bb4.24.0&#8243; _module_preset=\u00bbdefault\u00bb global_colors_info=\u00bb{}\u00bb][et_pb_blurb title=\u00bbGesti\u00f3n de riesgos y resiliencia organizacional\u00bb use_icon=\u00bbon\u00bb font_icon=\u00bb&#x3d;||divi||400&#8243; icon_color=\u00bb#000000&#8243; image_icon_width=\u00bb68px\u00bb icon_alignment=\u00bbleft\u00bb _builder_version=\u00bb4.27.2&#8243; _module_preset=\u00bbdefault\u00bb global_colors_info=\u00bb{}\u00bb]<\/p>\n<p>Los servicios de gesti\u00f3n de riesgos de ACK3 en Bogot\u00e1 est\u00e1n adaptados al contexto colombiano, abordando riesgos de seguridad, cumplimiento regulatorio e incertidumbres geopol\u00edticas. Tambi\u00e9n enfatizamos la resiliencia organizacional, ofreciendo servicios dise\u00f1ados para garantizar la continuidad del negocio y la resiliencia de la cadena de suministro frente a interrupciones.<\/p>\n<p>[\/et_pb_blurb][\/et_pb_column][et_pb_column type=\u00bb1_3&#8243; _builder_version=\u00bb4.24.0&#8243; _module_preset=\u00bbdefault\u00bb global_colors_info=\u00bb{}\u00bb][\/et_pb_column][\/et_pb_row][et_pb_row _builder_version=\u00bb4.24.0&#8243; _module_preset=\u00bbdefault\u00bb global_colors_info=\u00bb{}\u00bb][et_pb_column type=\u00bb4_4&#8243; _builder_version=\u00bb4.24.0&#8243; _module_preset=\u00bbdefault\u00bb global_colors_info=\u00bb{}\u00bb][et_pb_text _builder_version=\u00bb4.27.2&#8243; _module_preset=\u00bb13ddcc34-f131-47ca-8026-edc37a2f8af8&#8243; global_colors_info=\u00bb{}\u00bb]<\/p>\n<h2 style=\"text-align: center;\">Tu socio estrat\u00e9gico en Colombia<\/h2>\n<p style=\"text-align: center;\">El establecimiento de ACK3 en Bogot\u00e1 subraya su compromiso de ofrecer servicios de consultor\u00eda en gesti\u00f3n de riesgos de primer nivel en Colombia y en la regi\u00f3n. Con un profundo entendimiento del panorama de riesgos local y una amplia gama de servicios, ACK3 se posiciona como un socio clave para las empresas que buscan navegar y prosperar en el din\u00e1mico mercado colombiano.<\/p>\n<p>[\/et_pb_text][et_pb_divider _builder_version=\u00bb4.24.0&#8243; _module_preset=\u00bbdefault\u00bb global_colors_info=\u00bb{}\u00bb][\/et_pb_divider][\/et_pb_column][\/et_pb_row][et_pb_row _builder_version=\u00bb4.24.0&#8243; _module_preset=\u00bbdefault\u00bb global_module=\u00bb25841843&#8243; saved_tabs=\u00bball\u00bb locked=\u00bboff\u00bb global_colors_info=\u00bb{}\u00bb][et_pb_column type=\u00bb4_4&#8243; _builder_version=\u00bb4.24.0&#8243; _module_preset=\u00bbdefault\u00bb global_colors_info=\u00bb{}\u00bb][et_pb_text _builder_version=\u00bb4.24.0&#8243; _module_preset=\u00bbe9776427-b859-4288-b0a2-c7103567bb8c\u00bb global_colors_info=\u00bb{}\u00bb]<\/p>\n<p style=\"text-align: center;\">Cont\u00e1ctanos<\/p>\n<p>[\/et_pb_text][et_pb_text _builder_version=\u00bb4.24.0&#8243; _module_preset=\u00bb13ddcc34-f131-47ca-8026-edc37a2f8af8&#8243; header_2_text_align=\u00bbcenter\u00bb custom_margin=\u00bb||5px||false|false\u00bb global_colors_info=\u00bb{}\u00bb]<\/p>\n<h2>\u00bfEst\u00e1s interesado en nuestros servicios?<\/h2>\n<p>[\/et_pb_text][et_pb_text _builder_version=\u00bb4.24.0&#8243; _module_preset=\u00bb13ddcc34-f131-47ca-8026-edc37a2f8af8&#8243; global_colors_info=\u00bb{}\u00bb]<\/p>\n<p style=\"text-align: center;\">Ponte en contacto con nosotros completando el siguiente formulario:<\/p>\n<p>[\/et_pb_text][dipi_gravity_forms_styler gf_form_id=\u00bb1&#8243; form_title=\u00bbhide\u00bb _builder_version=\u00bb4.24.0&#8243; _module_preset=\u00bbdefault\u00bb form_title_font_size=\u00bb0px\u00bb field_label_font=\u00bbTrade Gothic LT Bold Extended||||||||\u00bb field_label_font_size=\u00bb15px\u00bb required_field_indicator_font_size=\u00bb15px\u00bb field_description_font_size=\u00bb16px\u00bb checkbox_radio_label_font_size=\u00bb17px\u00bb custom_all=\u00bbon\u00bb all_text_size=\u00bb17px\u00bb all_bg_color=\u00bb#000000&#8243; all_font=\u00bb|600|||||||\u00bb all_use_icon=\u00bboff\u00bb max_width=\u00bb78%\u00bb max_width_tablet=\u00bb100%\u00bb max_width_phone=\u00bb\u00bb max_width_last_edited=\u00bbon|desktop\u00bb module_alignment=\u00bbcenter\u00bb global_colors_info=\u00bb{}\u00bb all_bg_color__hover_enabled=\u00bbon|hover\u00bb all_bg_color__hover=\u00bb#535353&#8243; all_bg_enable_color__hover=\u00bbon\u00bb][\/dipi_gravity_forms_styler][\/et_pb_column][\/et_pb_row][\/et_pb_section]<\/p>\n","protected":false},"excerpt":{"rendered":"<p>Ofrecemos soluciones de gesti\u00f3n de riesgos en Colombia \u00b7 An\u00e1lisis de riesgos, inteligencia estrat\u00e9gica, ciberseguridad y resiliencia organizacional.<\/p>\n","protected":false},"author":1,"featured_media":25843077,"parent":0,"menu_order":0,"comment_status":"closed","ping_status":"closed","template":"","meta":{"_et_pb_use_builder":"on","_et_pb_old_content":"","_et_gb_content_width":"","footnotes":""},"dipi_cpt_category":[],"class_list":["post-25847499","page","type-page","status-publish","has-post-thumbnail","hentry"],"_links":{"self":[{"href":"https:\/\/ack3.eu\/es\/wp-json\/wp\/v2\/pages\/25847499","targetHints":{"allow":["GET"]}}],"collection":[{"href":"https:\/\/ack3.eu\/es\/wp-json\/wp\/v2\/pages"}],"about":[{"href":"https:\/\/ack3.eu\/es\/wp-json\/wp\/v2\/types\/page"}],"author":[{"embeddable":true,"href":"https:\/\/ack3.eu\/es\/wp-json\/wp\/v2\/users\/1"}],"replies":[{"embeddable":true,"href":"https:\/\/ack3.eu\/es\/wp-json\/wp\/v2\/comments?post=25847499"}],"version-history":[{"count":0,"href":"https:\/\/ack3.eu\/es\/wp-json\/wp\/v2\/pages\/25847499\/revisions"}],"wp:featuredmedia":[{"embeddable":true,"href":"https:\/\/ack3.eu\/es\/wp-json\/wp\/v2\/media\/25843077"}],"wp:attachment":[{"href":"https:\/\/ack3.eu\/es\/wp-json\/wp\/v2\/media?parent=25847499"}],"wp:term":[{"taxonomy":"dipi_cpt_category","embeddable":true,"href":"https:\/\/ack3.eu\/es\/wp-json\/wp\/v2\/dipi_cpt_category?post=25847499"}],"curies":[{"name":"wp","href":"https:\/\/api.w.org\/{rel}","templated":true}]}}