{"id":25847488,"date":"2024-02-06T14:53:01","date_gmt":"2024-02-06T13:53:01","guid":{"rendered":"https:\/\/ack3.eu\/ack3-mexico\/"},"modified":"2024-10-16T14:41:36","modified_gmt":"2024-10-16T12:41:36","slug":"ciudad-de-mexico","status":"publish","type":"page","link":"https:\/\/ack3.eu\/es\/ciudad-de-mexico\/","title":{"rendered":"ACK3 Ciudad de Mexico"},"content":{"rendered":"<p>[et_pb_section fb_built=\u00bb1&#8243; _builder_version=\u00bb4.24.0&#8243; _module_preset=\u00bbdefault\u00bb global_colors_info=\u00bb{}\u00bb][et_pb_row _builder_version=\u00bb4.24.0&#8243; _module_preset=\u00bbdefault\u00bb global_colors_info=\u00bb{}\u00bb][et_pb_column type=\u00bb4_4&#8243; _builder_version=\u00bb4.24.0&#8243; _module_preset=\u00bbdefault\u00bb global_colors_info=\u00bb{}\u00bb][et_pb_text _builder_version=\u00bb4.27.2&#8243; _module_preset=\u00bb13ddcc34-f131-47ca-8026-edc37a2f8af8&#8243; global_colors_info=\u00bb{}\u00bb]<\/p>\n<h1 style=\"text-align: center;\">Consultor\u00eda estrat\u00e9gica de riesgos e inteligencia en M\u00e9xico<\/h1>\n<p style=\"text-align: center;\">ACK3, una firma europea con amplia experiencia en <strong><a href=\"https:\/\/ack3.eu\/es\/servicios\/gestion-de-riesgos\/\">gesti\u00f3n de riesgos<\/a>, <a href=\"https:\/\/ack3.eu\/es\/servicios\/inteligencia-economica\/\">inteligencia econ\u00f3mica<\/a><\/strong> y <a href=\"https:\/\/ack3.eu\/es\/servicios\/mission-critical-support\/\"><strong>soporte t\u00e9cnico en misiones<\/strong><\/a>, extiende su presencia global a M\u00e9xico, posicion\u00e1ndose como un <strong>actor clave en el panorama de gesti\u00f3n de riesgos en Am\u00e9rica Latina.<\/strong><\/p>\n<p style=\"text-align: center;\">Con un equipo diverso de expertos en \u00e1reas como seguridad, defensa, ciberseguridad y estrategia corporativa, ACK3 est\u00e1 especialmente capacitada para abordar los riesgos multifac\u00e9ticos que enfrentan <strong>empresas, individuos y organizaciones en M\u00e9xico<\/strong>.<\/p>\n<p>[\/et_pb_text][\/et_pb_column][\/et_pb_row][et_pb_row column_structure=\u00bb1_2,1_2&#8243; module_class=\u00bbagf-vertical-align\u00bb _builder_version=\u00bb4.24.0&#8243; _module_preset=\u00bbdefault\u00bb global_colors_info=\u00bb{}\u00bb][et_pb_column type=\u00bb1_2&#8243; _builder_version=\u00bb4.24.0&#8243; _module_preset=\u00bbdefault\u00bb global_colors_info=\u00bb{}\u00bb][et_pb_image src=\u00bbhttps:\/\/ack3.eu\/wp-content\/uploads\/2024\/02\/Mexico-City-2.webp\u00bb alt=\u00bbACK3 Ciudad de M\u00e9xico\u00bb title_text=\u00bbMexico City-2&#8243; _builder_version=\u00bb4.24.0&#8243; _module_preset=\u00bbdefault\u00bb global_colors_info=\u00bb{}\u00bb][\/et_pb_image][\/et_pb_column][et_pb_column type=\u00bb1_2&#8243; _builder_version=\u00bb4.24.0&#8243; _module_preset=\u00bbdefault\u00bb global_colors_info=\u00bb{}\u00bb][et_pb_text _builder_version=\u00bb4.27.2&#8243; _module_preset=\u00bbdefault\u00bb global_colors_info=\u00bb{}\u00bb]<\/p>\n<h2>El contexto mexicano<\/h2>\n<p>La din\u00e1mica econom\u00eda de M\u00e9xico y su posici\u00f3n estrat\u00e9gica como puente entre Norteam\u00e9rica y Sudam\u00e9rica presentan oportunidades \u00fanicas, junto con importantes desaf\u00edos en la gesti\u00f3n de riesgos.<\/p>\n<blockquote>\n<p>Factores como la volatilidad pol\u00edtica, las disparidades econ\u00f3micas y preocupaciones de seguridad, que incluyen el crimen y las amenazas cibern\u00e9ticas, contribuyen a un entorno de riesgo complejo.<\/p>\n<\/blockquote>\n<p>Estos desaf\u00edos se ven agravados por riesgos naturales, como terremotos y huracanes, que pueden afectar la continuidad de los negocios y la resiliencia operativa.<\/p>\n<p>[\/et_pb_text][\/et_pb_column][\/et_pb_row][et_pb_row _builder_version=\u00bb4.24.2&#8243; _module_preset=\u00bbdefault\u00bb global_colors_info=\u00bb{}\u00bb][et_pb_column type=\u00bb4_4&#8243; _builder_version=\u00bb4.24.2&#8243; _module_preset=\u00bbdefault\u00bb global_colors_info=\u00bb{}\u00bb][et_pb_text _builder_version=\u00bb4.27.2&#8243; _module_preset=\u00bbdefault\u00bb global_colors_info=\u00bb{}\u00bb]<\/p>\n<h3>El enfoque de ACK3: Expertise local y est\u00e1ndares globales<\/h3>\n<p>Al abordar el intrincado panorama de riesgos de M\u00e9xico, ACK3 aprovecha su presencia local con un equipo de expertos que poseen un <strong>profundo entendimiento del contexto local, la cultura y el marco regulatorio<\/strong>. Esta expertise local, combinada con los est\u00e1ndares globales y metodolog\u00edas avanzadas de ACK3, garantiza un enfoque integral de gesti\u00f3n de riesgos adaptado a las necesidades espec\u00edficas de las empresas que operan o ingresan al mercado mexicano.<\/p>\n<p>[\/et_pb_text][\/et_pb_column][\/et_pb_row][et_pb_row column_structure=\u00bb1_3,1_3,1_3&#8243; _builder_version=\u00bb4.24.0&#8243; _module_preset=\u00bbdefault\u00bb global_colors_info=\u00bb{}\u00bb][et_pb_column type=\u00bb1_3&#8243; _builder_version=\u00bb4.24.0&#8243; _module_preset=\u00bbdefault\u00bb global_colors_info=\u00bb{}\u00bb][et_pb_blurb title=\u00bbConsultor\u00eda estrat\u00e9gica de riesgos\u00bb use_icon=\u00bbon\u00bb font_icon=\u00bb&#x3d;||divi||400&#8243; icon_color=\u00bb#000000&#8243; image_icon_width=\u00bb68px\u00bb icon_alignment=\u00bbleft\u00bb _builder_version=\u00bb4.27.2&#8243; _module_preset=\u00bbdefault\u00bb global_colors_info=\u00bb{}\u00bb]<\/p>\n<p>ACK3 ofrece servicios de consultor\u00eda estrat\u00e9gica en gesti\u00f3n de riesgos en M\u00e9xico, centrados en el desarrollo de estrategias empresariales, estrategias de entrada al mercado, planificaci\u00f3n corporativa y asesor\u00eda en fusiones y adquisiciones. Nuestros consultores trabajan en estrecha colaboraci\u00f3n con los clientes para navegar por las complejidades del mercado, identificando oportunidades y mitigando riesgos para asegurar una ventaja competitiva.\u00a0<\/p>\n<p>[\/et_pb_blurb][\/et_pb_column][et_pb_column type=\u00bb1_3&#8243; _builder_version=\u00bb4.24.0&#8243; _module_preset=\u00bbdefault\u00bb global_colors_info=\u00bb{}\u00bb][et_pb_blurb title=\u00bbInteligencia econ\u00f3mica y apoyo para la entrada al mercado\u00bb use_icon=\u00bbon\u00bb font_icon=\u00bb&#x3d;||divi||400&#8243; icon_color=\u00bb#000000&#8243; image_icon_width=\u00bb68px\u00bb icon_alignment=\u00bbleft\u00bb _builder_version=\u00bb4.27.2&#8243; _module_preset=\u00bbdefault\u00bb global_colors_info=\u00bb{}\u00bb]<\/p>\n<p>Con un fuerte \u00e9nfasis en la inteligencia econ\u00f3mica, ACK3 proporciona informaci\u00f3n pr\u00e1ctica a trav\u00e9s de servicios de inteligencia competitiva, de mercado y corporativa. Esto incluye an\u00e1lisis de riesgos sectoriales e inteligencia geopol\u00edtica, que son cruciales para la toma de decisiones informadas en el vol\u00e1til panorama econ\u00f3mico de M\u00e9xico.<\/p>\n<p>[\/et_pb_blurb][\/et_pb_column][et_pb_column type=\u00bb1_3&#8243; _builder_version=\u00bb4.24.0&#8243; _module_preset=\u00bbdefault\u00bb global_colors_info=\u00bb{}\u00bb][et_pb_blurb title=\u00bbCiberseguridad\u00bb use_icon=\u00bbon\u00bb font_icon=\u00bb&#x3d;||divi||400&#8243; icon_color=\u00bb#000000&#8243; image_icon_width=\u00bb68px\u00bb icon_alignment=\u00bbleft\u00bb _builder_version=\u00bb4.27.2&#8243; _module_preset=\u00bbdefault\u00bb global_colors_info=\u00bb{}\u00bb]<\/p>\n<p>Reconociendo las crecientes amenazas cibern\u00e9ticas en M\u00e9xico, los servicios de ciberseguridad de ACK3 son fundamentales. Desde evaluaciones de seguridad de redes hasta pruebas de penetraci\u00f3n y respuesta a incidentes, la firma garantiza defensas robustas contra los riesgos cibern\u00e9ticos, protegiendo activos e informaci\u00f3n cr\u00edticos.<\/p>\n<p>[\/et_pb_blurb][\/et_pb_column][\/et_pb_row][et_pb_row column_structure=\u00bb1_3,1_3,1_3&#8243; _builder_version=\u00bb4.24.0&#8243; _module_preset=\u00bbdefault\u00bb custom_padding=\u00bb1px|||||\u00bb global_colors_info=\u00bb{}\u00bb][et_pb_column type=\u00bb1_3&#8243; _builder_version=\u00bb4.24.0&#8243; _module_preset=\u00bbdefault\u00bb global_colors_info=\u00bb{}\u00bb][et_pb_blurb title=\u00bbSeguridad en recursos humanos\u00bb use_icon=\u00bbon\u00bb font_icon=\u00bb&#x3d;||divi||400&#8243; icon_color=\u00bb#000000&#8243; image_icon_width=\u00bb68px\u00bb icon_alignment=\u00bbleft\u00bb _builder_version=\u00bb4.27.2&#8243; _module_preset=\u00bbdefault\u00bb global_colors_info=\u00bb{}\u00bb]<\/p>\n<p>El capital humano es un activo cr\u00edtico, y los servicios de seguridad de recursos humanos de ACK3 en M\u00e9xico incluyen evaluaciones de integridad, an\u00e1lisis de riesgos de personal y auditor\u00edas de cumplimiento laboral. Estos servicios est\u00e1n dise\u00f1ados para fomentar una cultura laboral segura y \u00e9tica, mejorando la resiliencia organizacional.<\/p>\n<p>[\/et_pb_blurb][\/et_pb_column][et_pb_column type=\u00bb1_3&#8243; _builder_version=\u00bb4.24.0&#8243; _module_preset=\u00bbdefault\u00bb global_colors_info=\u00bb{}\u00bb][et_pb_blurb title=\u00bbGesti\u00f3n de riesgos y resiliencia organizacional\u00bb use_icon=\u00bbon\u00bb font_icon=\u00bb&#x3d;||divi||400&#8243; icon_color=\u00bb#000000&#8243; image_icon_width=\u00bb68px\u00bb icon_alignment=\u00bbleft\u00bb _builder_version=\u00bb4.27.2&#8243; _module_preset=\u00bbdefault\u00bb global_colors_info=\u00bb{}\u00bb]<\/p>\n<p>Los servicios de gesti\u00f3n de riesgos de ACK3 en M\u00e9xico abarcan evaluaciones de riesgos integrales, planificaci\u00f3n de mitigaci\u00f3n y gesti\u00f3n de riesgos de viaje, adaptados al contexto local. La firma tambi\u00e9n se enfoca en la resiliencia organizacional, ofreciendo servicios de continuidad del negocio, recuperaci\u00f3n ante desastres y resiliencia de la cadena de suministro para garantizar la estabilidad operativa en medio de las interrupciones.<\/p>\n<p>[\/et_pb_blurb][\/et_pb_column][et_pb_column type=\u00bb1_3&#8243; _builder_version=\u00bb4.24.0&#8243; _module_preset=\u00bbdefault\u00bb global_colors_info=\u00bb{}\u00bb][et_pb_blurb title=\u00bbServicios de consultor\u00eda integrada\u00bb use_icon=\u00bbon\u00bb font_icon=\u00bb&#x3d;||divi||400&#8243; icon_color=\u00bb#000000&#8243; image_icon_width=\u00bb68px\u00bb icon_alignment=\u00bbleft\u00bb _builder_version=\u00bb4.27.2&#8243; _module_preset=\u00bbdefault\u00bb global_colors_info=\u00bb{}\u00bb]<\/p>\n<p>M\u00e1s all\u00e1 de la gesti\u00f3n de riesgos tradicional, los servicios de consultor\u00eda integrados de ACK3 en M\u00e9xico apoyan la estrategia operativa, la transformaci\u00f3n tecnol\u00f3gica y la optimizaci\u00f3n de recursos humanos. Este enfoque hol\u00edstico garantiza que la gesti\u00f3n de riesgos est\u00e9 integrada en todos los aspectos de las operaciones comerciales, impulsando el crecimiento y la innovaci\u00f3n.<\/p>\n<p>[\/et_pb_blurb][\/et_pb_column][\/et_pb_row][et_pb_row _builder_version=\u00bb4.24.0&#8243; _module_preset=\u00bbdefault\u00bb locked=\u00bboff\u00bb global_colors_info=\u00bb{}\u00bb][et_pb_column type=\u00bb4_4&#8243; _builder_version=\u00bb4.24.0&#8243; _module_preset=\u00bbdefault\u00bb global_colors_info=\u00bb{}\u00bb][et_pb_text _builder_version=\u00bb4.27.2&#8243; _module_preset=\u00bb13ddcc34-f131-47ca-8026-edc37a2f8af8&#8243; global_colors_info=\u00bb{}\u00bb]<\/p>\n<h2 style=\"text-align: center;\">Tu socio de confianza en M\u00e9xico<\/h2>\n<p style=\"text-align: center;\">Como proveedor de confianza para las principales organizaciones internacionales, la presencia de ACK3 en la Ciudad de M\u00e9xico no solo potencia nuestras operaciones en LATAM, sino que tambi\u00e9n solidifica nuestro compromiso de ofrecer servicios de consultor\u00eda en gesti\u00f3n de riesgos de clase mundial. Con un profundo entendimiento del entorno de riesgos en M\u00e9xico y en toda Am\u00e9rica Latina, junto con una suite integral de servicios, ACK3 se erige como un aliado clave para empresas y organizaciones que buscan navegar y prosperar en este mercado vibrante pero desafiante.<\/p>\n<p>[\/et_pb_text][et_pb_divider show_divider=\u00bboff\u00bb _builder_version=\u00bb4.24.3&#8243; _module_preset=\u00bbdefault\u00bb global_colors_info=\u00bb{}\u00bb][\/et_pb_divider][et_pb_text _builder_version=\u00bb4.24.3&#8243; _module_preset=\u00bb13ddcc34-f131-47ca-8026-edc37a2f8af8&#8243; global_colors_info=\u00bb{}\u00bb]<\/p>\n<h2 style=\"text-align: center;\">ACK3 LATAM<\/h2>\n<p style=\"text-align: center;\"><strong>Ciudad de M\u00e9xico, M\u00e9xico<\/strong><\/p>\n<p style=\"text-align: center;\">Av. Pdte. Masaryk 111-Piso 1, Polanco, 11560 CDMX, Mexico  <\/p>\n<p>[\/et_pb_text][et_pb_code _builder_version=\u00bb4.24.3&#8243; _module_preset=\u00bbdefault\u00bb global_colors_info=\u00bb{}\u00bb]<iframe src=\"https:\/\/www.google.com\/maps\/embed?pb=!1m18!1m12!1m3!1d3762.5473941260752!2d-99.18858652409509!3d19.431952240700227!2m3!1f0!2f0!3f0!3m2!1i1024!2i768!4f13.1!3m3!1m2!1s0x85d1f9ba174752e1%3A0x8dbcb367e17fbf5a!2sACK3%20%C2%B7%20Global%20Risk%20Consultancy%20(LATAM%20Office)!5e0!3m2!1ses!2ses!4v1714135677294!5m2!1ses!2ses\" width=\"100%\" height=\"450\" style=\"border:0;\" allowfullscreen=\"\" loading=\"lazy\" referrerpolicy=\"no-referrer-when-downgrade\"><\/iframe>[\/et_pb_code][\/et_pb_column][\/et_pb_row][et_pb_row _builder_version=\u00bb4.24.0&#8243; _module_preset=\u00bbdefault\u00bb global_colors_info=\u00bb{}\u00bb][et_pb_column type=\u00bb4_4&#8243; _builder_version=\u00bb4.24.0&#8243; _module_preset=\u00bbdefault\u00bb global_colors_info=\u00bb{}\u00bb][et_pb_divider _builder_version=\u00bb4.24.0&#8243; _module_preset=\u00bbdefault\u00bb global_colors_info=\u00bb{}\u00bb][\/et_pb_divider][\/et_pb_column][\/et_pb_row][et_pb_row _builder_version=\u00bb4.24.0&#8243; _module_preset=\u00bbdefault\u00bb global_module=\u00bb25841843&#8243; saved_tabs=\u00bball\u00bb locked=\u00bboff\u00bb global_colors_info=\u00bb{}\u00bb][et_pb_column type=\u00bb4_4&#8243; _builder_version=\u00bb4.24.0&#8243; _module_preset=\u00bbdefault\u00bb global_colors_info=\u00bb{}\u00bb][et_pb_text _builder_version=\u00bb4.24.0&#8243; _module_preset=\u00bbe9776427-b859-4288-b0a2-c7103567bb8c\u00bb global_colors_info=\u00bb{}\u00bb]<\/p>\n<p style=\"text-align: center;\">Cont\u00e1ctanos<\/p>\n<p>[\/et_pb_text][et_pb_text _builder_version=\u00bb4.24.0&#8243; _module_preset=\u00bb13ddcc34-f131-47ca-8026-edc37a2f8af8&#8243; header_2_text_align=\u00bbcenter\u00bb custom_margin=\u00bb||5px||false|false\u00bb global_colors_info=\u00bb{}\u00bb]<\/p>\n<h2>\u00bfEst\u00e1s interesado en nuestros servicios?<\/h2>\n<p>[\/et_pb_text][et_pb_text _builder_version=\u00bb4.24.0&#8243; _module_preset=\u00bb13ddcc34-f131-47ca-8026-edc37a2f8af8&#8243; global_colors_info=\u00bb{}\u00bb]<\/p>\n<p style=\"text-align: center;\">Ponte en contacto con nosotros completando el siguiente formulario:<\/p>\n<p>[\/et_pb_text][dipi_gravity_forms_styler gf_form_id=\u00bb1&#8243; form_title=\u00bbhide\u00bb _builder_version=\u00bb4.24.0&#8243; _module_preset=\u00bbdefault\u00bb form_title_font_size=\u00bb0px\u00bb field_label_font=\u00bbTrade Gothic LT Bold Extended||||||||\u00bb field_label_font_size=\u00bb15px\u00bb required_field_indicator_font_size=\u00bb15px\u00bb field_description_font_size=\u00bb16px\u00bb checkbox_radio_label_font_size=\u00bb17px\u00bb custom_all=\u00bbon\u00bb all_text_size=\u00bb17px\u00bb all_bg_color=\u00bb#000000&#8243; all_font=\u00bb|600|||||||\u00bb all_use_icon=\u00bboff\u00bb max_width=\u00bb78%\u00bb max_width_tablet=\u00bb100%\u00bb max_width_phone=\u00bb\u00bb max_width_last_edited=\u00bbon|desktop\u00bb module_alignment=\u00bbcenter\u00bb global_colors_info=\u00bb{}\u00bb all_bg_color__hover_enabled=\u00bbon|hover\u00bb all_bg_color__hover=\u00bb#535353&#8243; all_bg_enable_color__hover=\u00bbon\u00bb][\/dipi_gravity_forms_styler][\/et_pb_column][\/et_pb_row][\/et_pb_section]<\/p>\n","protected":false},"excerpt":{"rendered":"<p>ACK3 ofrece soluciones de gesti\u00f3n de riesgos en M\u00e9xico \u00b7 An\u00e1lisis de riesgos, inteligencia estrat\u00e9gica, ciberseguridad y resiliencia organizacional.<\/p>\n","protected":false},"author":1,"featured_media":25843079,"parent":0,"menu_order":0,"comment_status":"closed","ping_status":"closed","template":"","meta":{"_et_pb_use_builder":"on","_et_pb_old_content":"","_et_gb_content_width":"","footnotes":""},"dipi_cpt_category":[],"class_list":["post-25847488","page","type-page","status-publish","has-post-thumbnail","hentry"],"_links":{"self":[{"href":"https:\/\/ack3.eu\/es\/wp-json\/wp\/v2\/pages\/25847488","targetHints":{"allow":["GET"]}}],"collection":[{"href":"https:\/\/ack3.eu\/es\/wp-json\/wp\/v2\/pages"}],"about":[{"href":"https:\/\/ack3.eu\/es\/wp-json\/wp\/v2\/types\/page"}],"author":[{"embeddable":true,"href":"https:\/\/ack3.eu\/es\/wp-json\/wp\/v2\/users\/1"}],"replies":[{"embeddable":true,"href":"https:\/\/ack3.eu\/es\/wp-json\/wp\/v2\/comments?post=25847488"}],"version-history":[{"count":0,"href":"https:\/\/ack3.eu\/es\/wp-json\/wp\/v2\/pages\/25847488\/revisions"}],"wp:featuredmedia":[{"embeddable":true,"href":"https:\/\/ack3.eu\/es\/wp-json\/wp\/v2\/media\/25843079"}],"wp:attachment":[{"href":"https:\/\/ack3.eu\/es\/wp-json\/wp\/v2\/media?parent=25847488"}],"wp:term":[{"taxonomy":"dipi_cpt_category","embeddable":true,"href":"https:\/\/ack3.eu\/es\/wp-json\/wp\/v2\/dipi_cpt_category?post=25847488"}],"curies":[{"name":"wp","href":"https:\/\/api.w.org\/{rel}","templated":true}]}}