{"id":25847256,"date":"2024-02-05T17:16:49","date_gmt":"2024-02-05T16:16:49","guid":{"rendered":"https:\/\/ack3.eu\/servicios\/evaluaciones-de-impacto-ambiental\/gestion-sostenible-de-la-cadena-de-suministro\/"},"modified":"2024-10-03T12:43:02","modified_gmt":"2024-10-03T10:43:02","slug":"gestion-sostenible-de-la-cadena-de-suministro","status":"publish","type":"page","link":"https:\/\/ack3.eu\/es\/servicios\/evaluaciones-de-impacto-ambiental\/gestion-sostenible-de-la-cadena-de-suministro\/","title":{"rendered":"Gesti\u00f3n Sostenible de la Cadena de Suministro"},"content":{"rendered":"<p>[et_pb_section fb_built=\u00bb1&#8243; _builder_version=\u00bb4.24.0&#8243; _module_preset=\u00bbdefault\u00bb background_color=\u00bb#000000&#8243; background_pattern_repeat_origin=\u00bbcenter\u00bb custom_padding=\u00bb13px||13px||true|false\u00bb saved_tabs=\u00bball\u00bb locked=\u00bboff\u00bb global_colors_info=\u00bb{}\u00bb][et_pb_row _builder_version=\u00bb4.24.0&#8243; _module_preset=\u00bb32edda46-f9f8-4bcc-acb6-81abff8182ae\u00bb custom_margin=\u00bb||0px||false|false\u00bb custom_padding=\u00bb4px||4px||true|false\u00bb global_colors_info=\u00bb{}\u00bb][et_pb_column type=\u00bb4_4&#8243; _builder_version=\u00bb4.20.4&#8243; _module_preset=\u00bbdefault\u00bb global_colors_info=\u00bb{}\u00bb][dipi_breadcrumbs bc_home_text=\u00bbHome\u00bb bc_home_url=\u00bb\/\u00bb bc_items_alignment=\u00bbdipi-bc-left\u00bb bc_item_padding=\u00bb|10px||10px|false|true\u00bb bc_active_item_padding=\u00bb|20px||10px|true|false\u00bb _builder_version=\u00bb4.24.0&#8243; _module_preset=\u00bbdefault\u00bb active_text_color=\u00bb#BADFF7&#8243; global_colors_info=\u00bb{}\u00bb][\/dipi_breadcrumbs][\/et_pb_column][\/et_pb_row][\/et_pb_section][et_pb_section fb_built=\u00bb1&#8243; _builder_version=\u00bb4.24.0&#8243; _module_preset=\u00bbdefault\u00bb global_colors_info=\u00bb{}\u00bb][et_pb_row _builder_version=\u00bb4.24.0&#8243; _module_preset=\u00bbdefault\u00bb locked=\u00bboff\u00bb global_colors_info=\u00bb{}\u00bb][et_pb_column type=\u00bb4_4&#8243; _builder_version=\u00bb4.24.0&#8243; _module_preset=\u00bbdefault\u00bb global_colors_info=\u00bb{}\u00bb][et_pb_text _builder_version=\u00bb4.27.2&#8243; _module_preset=\u00bb13ddcc34-f131-47ca-8026-edc37a2f8af8&#8243; global_colors_info=\u00bb{}\u00bb]<\/p>\n<h1 style=\"text-align: center;\">Gesti\u00f3n Sostenible de la Cadena de Suministro<\/h1>\n<p style=\"text-align: center;\">Nuestro servicio de Gesti\u00f3n de la Cadena de Suministro Sostenible est\u00e1 dedicado a ayudar a las empresas a crear cadenas de suministro \u00e9ticas, conscientes del medio ambiente y resilientes. Proporcionamos soluciones integrales para evaluar, optimizar y monitorear la sostenibilidad de la cadena de suministro, asegurando el cumplimiento de los est\u00e1ndares de responsabilidad ambiental y social.<\/p>\n<p>[\/et_pb_text][\/et_pb_column][\/et_pb_row][et_pb_row column_structure=\u00bb1_2,1_2&#8243; module_class=\u00bbagf-vertical-align\u00bb _builder_version=\u00bb4.24.0&#8243; _module_preset=\u00bbdefault\u00bb custom_padding=\u00bb||||false|false\u00bb global_colors_info=\u00bb{}\u00bb][et_pb_column type=\u00bb1_2&#8243; _builder_version=\u00bb4.24.0&#8243; _module_preset=\u00bbdefault\u00bb global_colors_info=\u00bb{}\u00bb][et_pb_text _builder_version=\u00bb4.27.2&#8243; _module_preset=\u00bbdefault\u00bb background_color=\u00bb#F6FAFD\u00bb custom_padding=\u00bb30px|30px|30px|30px|true|true\u00bb border_radii=\u00bbon|3px|3px|3px|3px\u00bb box_shadow_style=\u00bbpreset4&#8243; box_shadow_horizontal=\u00bb7px\u00bb box_shadow_vertical=\u00bb7px\u00bb box_shadow_color=\u00bb#BADFF7&#8243; global_colors_info=\u00bb{}\u00bb]<\/p>\n<h2>\u00bfQu\u00e9 es una Cadena de Suministro Sostenible?\u00a0<\/h2>\n<p>Una Cadena de Suministro Sostenible es un enfoque empresarial que busca optimizar los aspectos ambientales, sociales y econ\u00f3micos de las operaciones de la cadena de suministro. Implica <strong>integrar pr\u00e1cticas \u00e9ticas y ecol\u00f3gicas a lo largo de toda la cadena de suministro, desde la obtenci\u00f3n de materias primas hasta la entrega de productos o servicios a los clientes<\/strong>. El objetivo es minimizar los impactos negativos en el medio ambiente, promover pr\u00e1cticas laborales justas y asegurar la rentabilidad a largo plazo. La sostenibilidad en la cadena de suministro incluye la reducci\u00f3n de emisiones de carbono, la conservaci\u00f3n de recursos, el apoyo a comunidades locales y el mantenimiento de la transparencia en las operaciones. Al adoptar pr\u00e1cticas sostenibles en la cadena de suministro, las organizaciones pueden mejorar su reputaci\u00f3n, reducir riesgos y contribuir a una econom\u00eda global m\u00e1s sostenible y responsable.<\/p>\n<p>[\/et_pb_text][\/et_pb_column][et_pb_column type=\u00bb1_2&#8243; _builder_version=\u00bb4.24.0&#8243; _module_preset=\u00bbdefault\u00bb global_colors_info=\u00bb{}\u00bb][et_pb_image src=\u00bbhttps:\/\/ack3.eu\/wp-content\/uploads\/2024\/01\/Sustainable-Supply-Chain-Management-2.webp\u00bb alt=\u00bbConoce a tu cliente\u00bb title_text=\u00bbSustainable Supply Chain Management-2&#8243; _builder_version=\u00bb4.24.0&#8243; _module_preset=\u00bbdefault\u00bb global_colors_info=\u00bb{}\u00bb][\/et_pb_image][\/et_pb_column][\/et_pb_row][et_pb_row _builder_version=\u00bb4.24.0&#8243; _module_preset=\u00bbdefault\u00bb global_colors_info=\u00bb{}\u00bb][et_pb_column type=\u00bb4_4&#8243; _builder_version=\u00bb4.24.0&#8243; _module_preset=\u00bbdefault\u00bb global_colors_info=\u00bb{}\u00bb][et_pb_text _builder_version=\u00bb4.27.2&#8243; _module_preset=\u00bbdefault\u00bb global_colors_info=\u00bb{}\u00bb]<\/p>\n<h3>Cultivando un negocio responsable<\/h3>\n<p>Nuestros servicios abarcan evaluaciones de la cadena de suministro, desarrollo de estrategias de sostenibilidad, participaci\u00f3n de proveedores, monitoreo de cumplimiento e informes de sostenibilidad. Aprovechando nuestra experiencia y conocimientos de la industria, ayudamos a las organizaciones a construir cadenas de suministro sostenibles que reduzcan el impacto ambiental, mejoren la reputaci\u00f3n y impulsen el \u00e9xito a largo plazo. Operamos en:<\/p>\n<p style=\"padding-left: 40px;\"><strong>\u2981 <\/strong><strong>Evaluaci\u00f3n de la cadena de suministro<\/strong>: Evaluamos las pr\u00e1cticas actuales e identificar brechas de sostenibilidad.<br \/><strong>\u2981 Estrategia de sostenibilidad: <\/strong>Desarrollamos un plan personalizado para operaciones ecol\u00f3gicas.<br \/><strong>\u2981 <\/strong><strong>Participaci\u00f3n de proveedores<\/strong>: Colaboramos con proveedores para una obtenci\u00f3n y pr\u00e1cticas \u00e9ticas.<br \/><strong>\u2981 <\/strong><strong>Monitoreo de cumplimiento<\/strong>: Aseguramos la adhesi\u00f3n a est\u00e1ndares ambientales y sociales.<br \/><strong>\u2981 <\/strong><strong>Informes de sostenibilidad<\/strong>: Generamos informes transparentes sobre iniciativas sostenibles.<br \/><strong>\u2981 <\/strong><strong>Reducci\u00f3n del impacto ambiental<\/strong>: Implementamos medidas para minimizar la huella ecol\u00f3gica.<br \/><strong>\u2981 <\/strong><strong>Mejora de la reputaci\u00f3n<\/strong>: Construimos una imagen positiva a trav\u00e9s de pr\u00e1cticas responsables en la cadena de suministro.<br \/><strong>\u2981 \u00c9xito a largo plazo:<\/strong> Fomentamos la sostenibilidad para la prosperidad empresarial duradera.<\/p>\n<blockquote>\n<p><strong>Con ACK3 como tu socio, puedes adoptar la sostenibilidad, minimizar riesgos y fomentar pr\u00e1cticas comerciales responsables en toda su cadena de suministro, contribuyendo a un futuro mejor para su organizaci\u00f3n y el planeta.<\/strong><\/p>\n<\/blockquote>\n<p>[\/et_pb_text][et_pb_divider _builder_version=\u00bb4.27.2&#8243; _module_preset=\u00bbdefault\u00bb global_colors_info=\u00bb{}\u00bb][\/et_pb_divider][\/et_pb_column][\/et_pb_row][et_pb_row _builder_version=\u00bb4.24.0&#8243; _module_preset=\u00bbdefault\u00bb global_module=\u00bb25840410&#8243; saved_tabs=\u00bball\u00bb locked=\u00bboff\u00bb global_colors_info=\u00bb{}\u00bb][et_pb_column type=\u00bb4_4&#8243; _builder_version=\u00bb4.24.0&#8243; _module_preset=\u00bbdefault\u00bb global_colors_info=\u00bb{}\u00bb][et_pb_text _builder_version=\u00bb4.24.0&#8243; _module_preset=\u00bbe9776427-b859-4288-b0a2-c7103567bb8c\u00bb global_colors_info=\u00bb{}\u00bb]<\/p>\n<p style=\"text-align: center;\">Cont\u00e1ctanos<\/p>\n<p>[\/et_pb_text][et_pb_text _builder_version=\u00bb4.24.0&#8243; _dynamic_attributes=\u00bbcontent\u00bb _module_preset=\u00bb13ddcc34-f131-47ca-8026-edc37a2f8af8&#8243; header_2_text_align=\u00bbcenter\u00bb custom_margin=\u00bb||5px||false|false\u00bb global_colors_info=\u00bb{}\u00bb]@ET-DC@eyJkeW5hbWljIjp0cnVlLCJjb250ZW50IjoicG9zdF90aXRsZSIsInNldHRpbmdzIjp7ImJlZm9yZSI6IjxoMj4gXHUwMGJmRXN0XHUwMGUxcyBpbnRlcmVzYWRvIGVuIGxvcyBzZXJ2aWNpb3MgZGUgIiwiYWZ0ZXIiOiIgZGUgQUNLMz88L2gyPiJ9fQ==@[\/et_pb_text][et_pb_text _builder_version=\u00bb4.24.0&#8243; _module_preset=\u00bb13ddcc34-f131-47ca-8026-edc37a2f8af8&#8243; global_colors_info=\u00bb{}\u00bb]<\/p>\n<p style=\"text-align: center;\">Ponte en contacto con nosotros completando el siguiente formulario:<\/p>\n<p>[\/et_pb_text][dipi_gravity_forms_styler gf_form_id=\u00bb1&#8243; form_title=\u00bbhide\u00bb _builder_version=\u00bb4.24.0&#8243; _module_preset=\u00bbdefault\u00bb form_title_font_size=\u00bb0px\u00bb field_label_font=\u00bbTrade Gothic LT Bold Extended||||||||\u00bb field_label_font_size=\u00bb15px\u00bb required_field_indicator_font_size=\u00bb15px\u00bb field_description_font_size=\u00bb16px\u00bb checkbox_radio_label_font_size=\u00bb17px\u00bb custom_all=\u00bbon\u00bb all_text_size=\u00bb17px\u00bb all_bg_color=\u00bb#000000&#8243; all_font=\u00bb|600|||||||\u00bb all_use_icon=\u00bboff\u00bb max_width=\u00bb78%\u00bb max_width_tablet=\u00bb100%\u00bb max_width_phone=\u00bb100%\u00bb max_width_last_edited=\u00bbon|desktop\u00bb module_alignment=\u00bbcenter\u00bb global_colors_info=\u00bb{}\u00bb all_bg_color__hover_enabled=\u00bbon|hover\u00bb all_bg_color__hover=\u00bb#535353&#8243; all_bg_enable_color__hover=\u00bbon\u00bb][\/dipi_gravity_forms_styler][\/et_pb_column][\/et_pb_row][\/et_pb_section]<\/p>\n","protected":false},"excerpt":{"rendered":"<p>ACK3 ayuda a las empresas a crear cadenas de suministro \u00e9ticas y ecol\u00f3gicas, asegurando la sostenibilidad.<\/p>\n","protected":false},"author":1,"featured_media":25842976,"parent":25844450,"menu_order":0,"comment_status":"closed","ping_status":"closed","template":"","meta":{"_et_pb_use_builder":"on","_et_pb_old_content":"","_et_gb_content_width":"","footnotes":""},"dipi_cpt_category":[],"class_list":["post-25847256","page","type-page","status-publish","has-post-thumbnail","hentry"],"_links":{"self":[{"href":"https:\/\/ack3.eu\/es\/wp-json\/wp\/v2\/pages\/25847256","targetHints":{"allow":["GET"]}}],"collection":[{"href":"https:\/\/ack3.eu\/es\/wp-json\/wp\/v2\/pages"}],"about":[{"href":"https:\/\/ack3.eu\/es\/wp-json\/wp\/v2\/types\/page"}],"author":[{"embeddable":true,"href":"https:\/\/ack3.eu\/es\/wp-json\/wp\/v2\/users\/1"}],"replies":[{"embeddable":true,"href":"https:\/\/ack3.eu\/es\/wp-json\/wp\/v2\/comments?post=25847256"}],"version-history":[{"count":0,"href":"https:\/\/ack3.eu\/es\/wp-json\/wp\/v2\/pages\/25847256\/revisions"}],"up":[{"embeddable":true,"href":"https:\/\/ack3.eu\/es\/wp-json\/wp\/v2\/pages\/25844450"}],"wp:featuredmedia":[{"embeddable":true,"href":"https:\/\/ack3.eu\/es\/wp-json\/wp\/v2\/media\/25842976"}],"wp:attachment":[{"href":"https:\/\/ack3.eu\/es\/wp-json\/wp\/v2\/media?parent=25847256"}],"wp:term":[{"taxonomy":"dipi_cpt_category","embeddable":true,"href":"https:\/\/ack3.eu\/es\/wp-json\/wp\/v2\/dipi_cpt_category?post=25847256"}],"curies":[{"name":"wp","href":"https:\/\/api.w.org\/{rel}","templated":true}]}}