{"id":25847200,"date":"2024-02-05T16:50:38","date_gmt":"2024-02-05T15:50:38","guid":{"rendered":"https:\/\/ack3.eu\/servicios\/etica-cumplimiento-y-gobernanza-ecg\/servicios-anticorrupcion-y-antisoborno\/"},"modified":"2024-10-07T11:50:50","modified_gmt":"2024-10-07T09:50:50","slug":"servicios-anticorrupcion-y-antisoborno","status":"publish","type":"page","link":"https:\/\/ack3.eu\/es\/servicios\/etica-cumplimiento-y-gobernanza-ecg\/servicios-anticorrupcion-y-antisoborno\/","title":{"rendered":"Servicios Anticorrupci\u00f3n y Antisoborno"},"content":{"rendered":"<p>[et_pb_section fb_built=\u00bb1&#8243; _builder_version=\u00bb4.24.0&#8243; _module_preset=\u00bbdefault\u00bb background_color=\u00bb#000000&#8243; background_pattern_repeat_origin=\u00bbcenter\u00bb custom_padding=\u00bb13px||13px||true|false\u00bb saved_tabs=\u00bball\u00bb locked=\u00bboff\u00bb global_colors_info=\u00bb{}\u00bb][et_pb_row _builder_version=\u00bb4.24.0&#8243; _module_preset=\u00bb32edda46-f9f8-4bcc-acb6-81abff8182ae\u00bb custom_margin=\u00bb||0px||false|false\u00bb custom_padding=\u00bb4px||4px||true|false\u00bb global_colors_info=\u00bb{}\u00bb][et_pb_column type=\u00bb4_4&#8243; _builder_version=\u00bb4.20.4&#8243; _module_preset=\u00bbdefault\u00bb global_colors_info=\u00bb{}\u00bb][dipi_breadcrumbs bc_home_text=\u00bbHome\u00bb bc_home_url=\u00bb\/\u00bb bc_items_alignment=\u00bbdipi-bc-left\u00bb bc_item_padding=\u00bb|10px||10px|false|true\u00bb bc_active_item_padding=\u00bb|20px||10px|true|false\u00bb _builder_version=\u00bb4.24.0&#8243; _module_preset=\u00bbdefault\u00bb active_text_color=\u00bb#BADFF7&#8243; global_colors_info=\u00bb{}\u00bb][\/dipi_breadcrumbs][\/et_pb_column][\/et_pb_row][\/et_pb_section][et_pb_section fb_built=\u00bb1&#8243; _builder_version=\u00bb4.24.0&#8243; _module_preset=\u00bbdefault\u00bb global_colors_info=\u00bb{}\u00bb][et_pb_row _builder_version=\u00bb4.24.0&#8243; _module_preset=\u00bbdefault\u00bb locked=\u00bboff\u00bb global_colors_info=\u00bb{}\u00bb][et_pb_column type=\u00bb4_4&#8243; _builder_version=\u00bb4.24.0&#8243; _module_preset=\u00bbdefault\u00bb global_colors_info=\u00bb{}\u00bb][et_pb_text _builder_version=\u00bb4.27.2&#8243; _module_preset=\u00bb13ddcc34-f131-47ca-8026-edc37a2f8af8&#8243; hover_enabled=\u00bb0&#8243; global_colors_info=\u00bb{}\u00bb sticky_enabled=\u00bb0&#8243;]<\/p>\n<h1 style=\"text-align: center;\">Servicios anticorrupci\u00f3n y antisoborno<\/h1>\n<p style=\"text-align: center;\">El servicio de prevenci\u00f3n de soborno y corrupci\u00f3n de ACK3 es una oferta especializada dise\u00f1ada para <strong>ayudar a las organizaciones a combatir el soborno, la corrupci\u00f3n y la conducta poco \u00e9tica<\/strong>. Nos destacamos en proporcionar orientaci\u00f3n experta y soluciones pr\u00e1cticas para <strong>establecer programas s\u00f3lidos de prevenci\u00f3n de sobornos<\/strong>.<\/p>\n<p>[\/et_pb_text][\/et_pb_column][\/et_pb_row][et_pb_row column_structure=\u00bb1_2,1_2&#8243; module_class=\u00bbagf-vertical-align\u00bb _builder_version=\u00bb4.24.0&#8243; _module_preset=\u00bbdefault\u00bb custom_padding=\u00bb||||false|false\u00bb global_colors_info=\u00bb{}\u00bb][et_pb_column type=\u00bb1_2&#8243; _builder_version=\u00bb4.24.0&#8243; _module_preset=\u00bbdefault\u00bb global_colors_info=\u00bb{}\u00bb][et_pb_text _builder_version=\u00bb4.27.2&#8243; _module_preset=\u00bbdefault\u00bb background_color=\u00bb#F6FAFD\u00bb custom_padding=\u00bb30px|30px|30px|30px|true|true\u00bb border_radii=\u00bbon|3px|3px|3px|3px\u00bb box_shadow_style=\u00bbpreset4&#8243; box_shadow_horizontal=\u00bb7px\u00bb box_shadow_vertical=\u00bb7px\u00bb box_shadow_color=\u00bb#BADFF7&#8243; global_colors_info=\u00bb{}\u00bb]<\/p>\n<h2>\u00bfEn qu\u00e9 consiste la prevenci\u00f3n de soborno?<\/h2>\n<p>El soborno implica ofrecer, dar, recibir o solicitar algo de valor para influir en las acciones o decisiones de una persona o entidad, a menudo de manera deshonesta o poco \u00e9tica. La prevenci\u00f3n de soborno se refiere a las medidas, <strong>pol\u00edticas y pr\u00e1cticas dise\u00f1adas para prevenir, detectar y combatir el soborno<\/strong> dentro de las organizaciones o en diversos sectores. Estos esfuerzos tienen como objetivo promover la conducta \u00e9tica, mantener la transparencia y cumplir con los requisitos legales y regulatorios, reduciendo as\u00ed el riesgo de pr\u00e1cticas corruptas.<\/p>\n<p>[\/et_pb_text][et_pb_text _builder_version=\u00bb4.27.2&#8243; _module_preset=\u00bbdefault\u00bb background_color=\u00bb#F6FAFD\u00bb custom_padding=\u00bb1px|30px|1px|30px|true|true\u00bb border_radii=\u00bbon|3px|3px|3px|3px\u00bb box_shadow_style=\u00bbpreset4&#8243; box_shadow_horizontal=\u00bb7px\u00bb box_shadow_vertical=\u00bb7px\u00bb box_shadow_color=\u00bb#BADFF7&#8243; global_colors_info=\u00bb{}\u00bb]<\/p>\n<h2>\u00bfQu\u00e9 es la corrupci\u00f3n?<\/h2>\n<p>La corrupci\u00f3n es una forma de <strong>comportamiento deshonesto o poco \u00e9tico caracterizada por el abuso de poder, autoridad o recursos confiados para el beneficio personal, a menudo involucrando la oferta o aceptaci\u00f3n de sobornos, malversaci\u00f3n, fraude u otras actividades il\u00edcitas<\/strong>. Puede ocurrir en diversos contextos, como el gobierno, los negocios, la pol\u00edtica o la sociedad civil, y puede socavar el estado de derecho, el desarrollo econ\u00f3mico, la justicia social y la confianza p\u00fablica. Los esfuerzos para combatir la corrupci\u00f3n incluyen marcos legales, pol\u00edticas anti-corrupci\u00f3n e iniciativas para promover la transparencia, la responsabilidad y la conducta \u00e9tica.<\/p>\n<p>[\/et_pb_text][\/et_pb_column][et_pb_column type=\u00bb1_2&#8243; _builder_version=\u00bb4.24.0&#8243; _module_preset=\u00bbdefault\u00bb global_colors_info=\u00bb{}\u00bb][et_pb_image src=\u00bbhttps:\/\/ack3.eu\/wp-content\/uploads\/2024\/02\/Anti-Bribery-and-Corruption-Services.webp\u00bb alt=\u00bbConoce a tu cliente\u00bb title_text=\u00bbServicios Anticorrupci\u00f3n y Antisoborno\u00bb _builder_version=\u00bb4.24.0&#8243; _module_preset=\u00bbdefault\u00bb global_colors_info=\u00bb{}\u00bb][\/et_pb_image][et_pb_text _builder_version=\u00bb4.27.2&#8243; _module_preset=\u00bbdefault\u00bb global_colors_info=\u00bb{}\u00bb]<\/p>\n<h3>Defendiendo pr\u00e1cticas comerciales \u00e9ticas<\/h3>\n<blockquote>\n<p>\u00bfQuieres combatir el soborno y la corrupci\u00f3n en tu organizaci\u00f3n?<\/p>\n<\/blockquote>\n<p>Aprovechando nuestra experiencia y conocimientos de la industria, ayudamos a las organizaciones a prevenir el soborno y la corrupci\u00f3n, <strong>asegurando el cumplimiento legal y defendiendo pr\u00e1cticas comerciales \u00e9ticas<\/strong>.<\/p>\n<p>[\/et_pb_text][\/et_pb_column][\/et_pb_row][et_pb_row _builder_version=\u00bb4.24.0&#8243; _module_preset=\u00bbdefault\u00bb global_colors_info=\u00bb{}\u00bb][et_pb_column type=\u00bb4_4&#8243; _builder_version=\u00bb4.24.0&#8243; _module_preset=\u00bbdefault\u00bb global_colors_info=\u00bb{}\u00bb][et_pb_text _builder_version=\u00bb4.27.2&#8243; _module_preset=\u00bbdefault\u00bb global_colors_info=\u00bb{}\u00bb]<\/p>\n<p>Operamos en:<\/p>\n<p style=\"padding-left: 40px;\"><strong>\u2981 Evaluaci\u00f3n de riesgos:<\/strong> Identificamos vulnerabilidades y se\u00f1alamos \u00e1reas de alto riesgo, permiti\u00e9ndote tomar decisiones informadas.<br \/><strong>\u2981 Desarrollo de pol\u00edticas:<\/strong> Nuestros expertos elaboran directrices claras y conformes para garantizar la conducta \u00e9tica y el cumplimiento normativo.<br \/><strong>\u2981 <a href=\"https:\/\/ack3.eu\/es\/servicios\/servicios-de-investigacion-y-legales\/due-diligence\/\">Due diligence<\/a>:<\/strong> Investigamos rigurosamente, proporcionando una comprensi\u00f3n completa de los riesgos potenciales y las obligaciones de cumplimiento.<br \/><strong>\u2981 Capacitaci\u00f3n en cumplimiento:<\/strong> Nuestros programas personalizados educan a tu personal sobre pr\u00e1cticas \u00e9ticas, fomentando una cultura de responsabilidad.<br \/><strong>\u2981 <a href=\"https:\/\/ack3.eu\/es\/servicios\/servicios-de-investigacion-y-legales\/\">Investigaciones<\/a>:<\/strong> Recopilamos pruebas y tomamos medidas prudentes, protegiendo a tu organizaci\u00f3n de la corrupci\u00f3n y la conducta no \u00e9tica.<\/p>\n<blockquote>\n<p><strong>Con ACK3 como tu socio en Servicios de Prevenci\u00f3n de Soborno y Corrupci\u00f3n, obtienes acceso a herramientas valiosas para salvaguardar tu reputaci\u00f3n, mitigar riesgos y promover una cultura de integridad y cumplimiento dentro de tu organizaci\u00f3n.<\/strong><\/p>\n<\/blockquote>\n<p>[\/et_pb_text][et_pb_divider _builder_version=\u00bb4.27.2&#8243; _module_preset=\u00bbdefault\u00bb global_colors_info=\u00bb{}\u00bb][\/et_pb_divider][\/et_pb_column][\/et_pb_row][et_pb_row _builder_version=\u00bb4.24.0&#8243; _module_preset=\u00bbdefault\u00bb global_module=\u00bb25840410&#8243; saved_tabs=\u00bball\u00bb locked=\u00bboff\u00bb global_colors_info=\u00bb{}\u00bb][et_pb_column type=\u00bb4_4&#8243; _builder_version=\u00bb4.24.0&#8243; _module_preset=\u00bbdefault\u00bb global_colors_info=\u00bb{}\u00bb][et_pb_text _builder_version=\u00bb4.24.0&#8243; _module_preset=\u00bbe9776427-b859-4288-b0a2-c7103567bb8c\u00bb global_colors_info=\u00bb{}\u00bb]<\/p>\n<p style=\"text-align: center;\">Cont\u00e1ctanos<\/p>\n<p>[\/et_pb_text][et_pb_text _builder_version=\u00bb4.24.0&#8243; _dynamic_attributes=\u00bbcontent\u00bb _module_preset=\u00bb13ddcc34-f131-47ca-8026-edc37a2f8af8&#8243; header_2_text_align=\u00bbcenter\u00bb custom_margin=\u00bb||5px||false|false\u00bb global_colors_info=\u00bb{}\u00bb]@ET-DC@eyJkeW5hbWljIjp0cnVlLCJjb250ZW50IjoicG9zdF90aXRsZSIsInNldHRpbmdzIjp7ImJlZm9yZSI6IjxoMj4gXHUwMGJmRXN0XHUwMGUxcyBpbnRlcmVzYWRvIGVuIGxvcyBzZXJ2aWNpb3MgZGUgIiwiYWZ0ZXIiOiIgZGUgQUNLMz88L2gyPiJ9fQ==@[\/et_pb_text][et_pb_text _builder_version=\u00bb4.24.0&#8243; _module_preset=\u00bb13ddcc34-f131-47ca-8026-edc37a2f8af8&#8243; global_colors_info=\u00bb{}\u00bb]<\/p>\n<p style=\"text-align: center;\">Ponte en contacto con nosotros completando el siguiente formulario:<\/p>\n<p>[\/et_pb_text][dipi_gravity_forms_styler gf_form_id=\u00bb1&#8243; form_title=\u00bbhide\u00bb _builder_version=\u00bb4.24.0&#8243; _module_preset=\u00bbdefault\u00bb form_title_font_size=\u00bb0px\u00bb field_label_font=\u00bbTrade Gothic LT Bold Extended||||||||\u00bb field_label_font_size=\u00bb15px\u00bb required_field_indicator_font_size=\u00bb15px\u00bb field_description_font_size=\u00bb16px\u00bb checkbox_radio_label_font_size=\u00bb17px\u00bb custom_all=\u00bbon\u00bb all_text_size=\u00bb17px\u00bb all_bg_color=\u00bb#000000&#8243; all_font=\u00bb|600|||||||\u00bb all_use_icon=\u00bboff\u00bb max_width=\u00bb78%\u00bb max_width_tablet=\u00bb100%\u00bb max_width_phone=\u00bb100%\u00bb max_width_last_edited=\u00bbon|desktop\u00bb module_alignment=\u00bbcenter\u00bb global_colors_info=\u00bb{}\u00bb all_bg_color__hover_enabled=\u00bbon|hover\u00bb all_bg_color__hover=\u00bb#535353&#8243; all_bg_enable_color__hover=\u00bbon\u00bb][\/dipi_gravity_forms_styler][\/et_pb_column][\/et_pb_row][\/et_pb_section]<\/p>\n","protected":false},"excerpt":{"rendered":"<p>Servicios de ACK3: Ayudamos a las organizaciones a combatir el soborno y la corrupci\u00f3n con soluciones efectivas y \u00e9ticas.<\/p>\n","protected":false},"author":1,"featured_media":25843065,"parent":25844431,"menu_order":0,"comment_status":"closed","ping_status":"closed","template":"","meta":{"_et_pb_use_builder":"on","_et_pb_old_content":"","_et_gb_content_width":"","footnotes":""},"dipi_cpt_category":[],"class_list":["post-25847200","page","type-page","status-publish","has-post-thumbnail","hentry"],"_links":{"self":[{"href":"https:\/\/ack3.eu\/es\/wp-json\/wp\/v2\/pages\/25847200","targetHints":{"allow":["GET"]}}],"collection":[{"href":"https:\/\/ack3.eu\/es\/wp-json\/wp\/v2\/pages"}],"about":[{"href":"https:\/\/ack3.eu\/es\/wp-json\/wp\/v2\/types\/page"}],"author":[{"embeddable":true,"href":"https:\/\/ack3.eu\/es\/wp-json\/wp\/v2\/users\/1"}],"replies":[{"embeddable":true,"href":"https:\/\/ack3.eu\/es\/wp-json\/wp\/v2\/comments?post=25847200"}],"version-history":[{"count":0,"href":"https:\/\/ack3.eu\/es\/wp-json\/wp\/v2\/pages\/25847200\/revisions"}],"up":[{"embeddable":true,"href":"https:\/\/ack3.eu\/es\/wp-json\/wp\/v2\/pages\/25844431"}],"wp:featuredmedia":[{"embeddable":true,"href":"https:\/\/ack3.eu\/es\/wp-json\/wp\/v2\/media\/25843065"}],"wp:attachment":[{"href":"https:\/\/ack3.eu\/es\/wp-json\/wp\/v2\/media?parent=25847200"}],"wp:term":[{"taxonomy":"dipi_cpt_category","embeddable":true,"href":"https:\/\/ack3.eu\/es\/wp-json\/wp\/v2\/dipi_cpt_category?post=25847200"}],"curies":[{"name":"wp","href":"https:\/\/api.w.org\/{rel}","templated":true}]}}