{"id":25845953,"date":"2024-02-02T11:34:00","date_gmt":"2024-02-02T10:34:00","guid":{"rendered":"https:\/\/ack3.eu\/servicios\/mission-critical-support\/centro-de-operaciones-de-seguridad-hibrida-global-soc\/"},"modified":"2026-04-08T11:41:33","modified_gmt":"2026-04-08T09:41:33","slug":"operaciones-soc","status":"publish","type":"page","link":"https:\/\/ack3.eu\/es\/servicios\/mission-critical-support\/operaciones-soc\/","title":{"rendered":"Centro de Operaciones de Seguridad (SOC)"},"content":{"rendered":"<p>[et_pb_section fb_built=\u00bb1&#8243; _builder_version=\u00bb4.24.0&#8243; _module_preset=\u00bbdefault\u00bb background_color=\u00bb#000000&#8243; background_pattern_repeat_origin=\u00bbcenter\u00bb custom_padding=\u00bb13px||13px||true|false\u00bb saved_tabs=\u00bball\u00bb locked=\u00bboff\u00bb global_colors_info=\u00bb{}\u00bb][et_pb_row _builder_version=\u00bb4.24.0&#8243; _module_preset=\u00bb32edda46-f9f8-4bcc-acb6-81abff8182ae\u00bb custom_margin=\u00bb||0px||false|false\u00bb custom_padding=\u00bb4px||4px||true|false\u00bb global_colors_info=\u00bb{}\u00bb][et_pb_column type=\u00bb4_4&#8243; _builder_version=\u00bb4.20.4&#8243; _module_preset=\u00bbdefault\u00bb global_colors_info=\u00bb{}\u00bb][dipi_breadcrumbs bc_home_text=\u00bbHome\u00bb bc_home_url=\u00bb\/\u00bb bc_items_alignment=\u00bbdipi-bc-left\u00bb bc_item_padding=\u00bb|10px||10px|false|true\u00bb bc_active_item_padding=\u00bb|20px||10px|true|false\u00bb _builder_version=\u00bb4.24.0&#8243; _module_preset=\u00bbdefault\u00bb active_text_color=\u00bb#BADFF7&#8243; global_colors_info=\u00bb{}\u00bb][\/dipi_breadcrumbs][\/et_pb_column][\/et_pb_row][\/et_pb_section][et_pb_section fb_built=\u00bb1&#8243; _builder_version=\u00bb4.24.0&#8243; _module_preset=\u00bbdefault\u00bb global_colors_info=\u00bb{}\u00bb][et_pb_row _builder_version=\u00bb4.24.0&#8243; _module_preset=\u00bbdefault\u00bb locked=\u00bboff\u00bb global_colors_info=\u00bb{}\u00bb][et_pb_column type=\u00bb4_4&#8243; _builder_version=\u00bb4.24.0&#8243; _module_preset=\u00bbdefault\u00bb global_colors_info=\u00bb{}\u00bb][et_pb_text _builder_version=\u00bb4.27.6&#8243; _module_preset=\u00bb13ddcc34-f131-47ca-8026-edc37a2f8af8&#8243; global_colors_info=\u00bb{}\u00bb]<\/p>\n<h1 style=\"text-align: center;\">Centro de Operaciones de Seguridad H\u00edbrida Global (SOC)<\/h1>\n<p data-start=\"247\" data-end=\"503\" style=\"text-align: center;\">El Centro Global de Operaciones de Seguridad H\u00edbrida 24\/7 de ACK3 es una capacidad avanzada dise\u00f1ada para proporcionar <strong data-start=\"366\" data-end=\"458\">monitorizaci\u00f3n continua, anticipaci\u00f3n de riesgos y apoyo directo a la toma de decisiones<\/strong> en entornos operativos complejos y globales. En l\u00ednea con nuestro posicionamiento como <strong data-start=\"547\" data-end=\"585\">Strategic Risk &amp; Decision Advisory<\/strong>, el SOC no es \u00fanicamente un centro de seguridad, sino un <strong data-start=\"643\" data-end=\"693\">sistema de inteligencia aplicado a la decisi\u00f3n<\/strong>, capaz de transformar informaci\u00f3n en criterio operativo. A diferencia de los modelos tradicionales, ACK3 integra en un \u00fanico sistema <strong data-start=\"828\" data-end=\"878\">inteligencia, tecnolog\u00eda y capacidad operativa<\/strong>, ofreciendo una visi\u00f3n completa del riesgo que abarca tanto el dominio digital como el f\u00edsico.<\/p>\n<p>[\/et_pb_text][\/et_pb_column][\/et_pb_row][et_pb_row column_structure=\u00bb1_2,1_2&#8243; module_class=\u00bbagf-vertical-align\u00bb _builder_version=\u00bb4.24.0&#8243; _module_preset=\u00bbdefault\u00bb custom_padding=\u00bb||||false|false\u00bb global_colors_info=\u00bb{}\u00bb][et_pb_column type=\u00bb1_2&#8243; _builder_version=\u00bb4.24.0&#8243; _module_preset=\u00bbdefault\u00bb global_colors_info=\u00bb{}\u00bb][et_pb_text _builder_version=\u00bb4.27.6&#8243; _module_preset=\u00bbdefault\u00bb background_color=\u00bb#F6FAFD\u00bb custom_padding=\u00bb30px|30px|30px|30px|true|true\u00bb border_radii=\u00bbon|3px|3px|3px|3px\u00bb box_shadow_style=\u00bbpreset4&#8243; box_shadow_horizontal=\u00bb7px\u00bb box_shadow_vertical=\u00bb7px\u00bb box_shadow_color=\u00bb#BADFF7&#8243; global_colors_info=\u00bb{}\u00bb]<\/p>\n<h2>\u00bfQu\u00e9 es un Centro de Operaciones de Seguridad (SOC)?<\/h2>\n<p>Un Centro de Operaciones de Seguridad (SOC, por sus siglas en ingl\u00e9s) es una estructura centralizada, f\u00edsica o distribuida, encargada de monitorizar, detectar y responder a amenazas en tiempo real. Tradicionalmente, los SOC se enfocan en la protecci\u00f3n de sistemas, redes y datos frente a incidentes de ciberseguridad, utilizando tecnolog\u00edas avanzadas y equipos especializados para garantizar la integridad de la informaci\u00f3n y la continuidad de los sistemas cr\u00edticos. En entornos globales y complejos, su funci\u00f3n evoluciona hacia la gesti\u00f3n integral del riesgo. En el modelo de ACK3, el SOC act\u00faa como un sensor estrat\u00e9gico que integra informaci\u00f3n de los dominios ciber, f\u00edsico y geopol\u00edtico para anticipar amenazas y apoyar la toma de decisiones. As\u00ed, no solo protege la infraestructura tecnol\u00f3gica, sino que refuerza la continuidad del negocio, la seguridad de las personas y la resiliencia organizativa.<\/p>\n<p>[\/et_pb_text][\/et_pb_column][et_pb_column type=\u00bb1_2&#8243; _builder_version=\u00bb4.24.0&#8243; _module_preset=\u00bbdefault\u00bb global_colors_info=\u00bb{}\u00bb][et_pb_image src=\u00bbhttps:\/\/ack3.eu\/wp-content\/uploads\/2025\/10\/ACK3-SOC-Madrid.jpg\u00bb title_text=\u00bbACK3-SOC-Madrid\u00bb _builder_version=\u00bb4.27.6&#8243; _module_preset=\u00bbdefault\u00bb global_colors_info=\u00bb{}\u00bb][\/et_pb_image][\/et_pb_column][\/et_pb_row][et_pb_row _builder_version=\u00bb4.24.0&#8243; _module_preset=\u00bbdefault\u00bb global_colors_info=\u00bb{}\u00bb][et_pb_column type=\u00bb4_4&#8243; _builder_version=\u00bb4.24.0&#8243; _module_preset=\u00bbdefault\u00bb global_colors_info=\u00bb{}\u00bb][et_pb_text _builder_version=\u00bb4.27.6&#8243; _module_preset=\u00bbdefault\u00bb global_colors_info=\u00bb{}\u00bb]<\/p>\n<h3>Anticipar el riesgo. Decidir con ventaja.<\/h3>\n<p data-start=\"208\" data-end=\"564\">El SOC de ACK3 se apoya en la <a href=\"https:\/\/ack3.eu\/es\/productos\/plataforma-de-analisis-de-inteligencia\/\"><strong>ACK3 IAP (Plataforma de Inteligencia \u00abIntelligence Analysis Platform\u00bb)<\/strong><\/a>, un conjunto de plataformas propia que integra tecnolog\u00eda avanzada, monitorizaci\u00f3n continua y capacidades anal\u00edticas para transformar informaci\u00f3n en inteligencia accionable. Este enfoque permite no solo detectar incidentes, sino <strong data-start=\"496\" data-end=\"563\">anticipar riesgos y apoyar la toma de decisiones en tiempo real<\/strong>. A trav\u00e9s de un modelo h\u00edbrido y con alcance global, ACK3 combina inteligencia, tecnolog\u00eda y capacidad operativa para proteger activos digitales, infraestructura cr\u00edtica, personas y operaciones en entornos complejos. Nuestra capacidad incluye:<\/p>\n<p data-start=\"208\" data-end=\"564\">\n<ul data-start=\"811\" data-end=\"1699\">\n<li data-section-id=\"i5qtcf\" data-start=\"811\" data-end=\"942\"><strong data-start=\"813\" data-end=\"846\">Monitorizaci\u00f3n continua 24\/7:<\/strong> Supervisi\u00f3n global de riesgos ciber, f\u00edsicos y geopol\u00edticos que pueden impactar la operativa.<\/li>\n<li data-section-id=\"pbrzlm\" data-start=\"943\" data-end=\"1068\"><strong data-start=\"945\" data-end=\"984\">Detecci\u00f3n y respuesta a incidentes:<\/strong> Identificaci\u00f3n temprana y gesti\u00f3n coordinada para minimizar impacto y exposici\u00f3n.<\/li>\n<li data-section-id=\"1p14ltu\" data-start=\"1069\" data-end=\"1206\"><strong data-start=\"1071\" data-end=\"1111\">An\u00e1lisis de amenazas e inteligencia:<\/strong> Integraci\u00f3n de m\u00faltiples fuentes para anticipar escenarios y reforzar la toma de decisiones.<\/li>\n<li data-section-id=\"e4tymu\" data-start=\"1207\" data-end=\"1354\"><strong data-start=\"1209\" data-end=\"1260\">Resiliencia operativa y continuidad de negocio:<\/strong> Evaluaci\u00f3n constante del entorno para garantizar la operatividad bajo condiciones adversas.<\/li>\n<li data-section-id=\"1vsdlhg\" data-start=\"1355\" data-end=\"1463\"><strong data-start=\"1357\" data-end=\"1387\">Cumplimiento y gobernanza:<\/strong> Soporte en requisitos regulatorios y estructuras de decisi\u00f3n corporativa.<\/li>\n<li data-section-id=\"s6y1vo\" data-start=\"1464\" data-end=\"1570\"><strong data-start=\"1466\" data-end=\"1503\">Arquitectura h\u00edbrida y escalable:<\/strong> Integraci\u00f3n de capacidades tecnol\u00f3gicas en la nube y en terreno.<\/li>\n<li data-section-id=\"1hzkur8\" data-start=\"1571\" data-end=\"1699\"><strong data-start=\"1573\" data-end=\"1594\">Cobertura global:<\/strong> Apoyo a organizaciones con presencia internacional mediante un modelo centralizado con despliegue local.<\/li>\n<\/ul>\n<p>[\/et_pb_text][\/et_pb_column][\/et_pb_row][et_pb_row _builder_version=\u00bb4.24.2&#8243; _module_preset=\u00bbdefault\u00bb custom_padding=\u00bb||0px|||\u00bb global_colors_info=\u00bb{}\u00bb][et_pb_column type=\u00bb4_4&#8243; _builder_version=\u00bb4.24.2&#8243; _module_preset=\u00bbdefault\u00bb global_colors_info=\u00bb{}\u00bb][et_pb_text _builder_version=\u00bb4.27.6&#8243; _module_preset=\u00bbdefault\u00bb custom_padding=\u00bb||50px|||\u00bb global_colors_info=\u00bb{}\u00bb]<\/p>\n<h3 data-section-id=\"12rg298\" data-start=\"102\" data-end=\"151\"><span role=\"text\"><strong data-start=\"106\" data-end=\"151\">Su socio estrat\u00e9gico en riesgo y decisi\u00f3n<\/strong><\/span><\/h3>\n<blockquote>\n<p data-start=\"153\" data-end=\"562\"><strong>En ACK3, no nos definimos \u00fanicamente por nuestra capacidad de seguridad, sino por nuestra habilidad para acompa\u00f1ar a las organizaciones en la toma de decisiones en entornos complejos. Nuestra infraestructura integra Centros de Operaciones de Seguridad (SOC) y Equipos Locales de Enlace Operacional (OLC) estrat\u00e9gicamente desplegados a nivel global, permitiendo una visi\u00f3n continua y contextual del riesgo.<\/strong><\/p>\n<\/blockquote>\n<p data-start=\"564\" data-end=\"948\">Este modelo combina presencia local, inteligencia avanzada y tecnolog\u00eda de \u00faltima generaci\u00f3n para ofrecer una capacidad real de anticipaci\u00f3n y respuesta. La integraci\u00f3n de perfiles con experiencia en entornos corporativos, seguridad, defensa y gesti\u00f3n de crisis nos permite entender el contexto desde m\u00faltiples perspectivas y actuar con precisi\u00f3n en situaciones de alta incertidumbre. M\u00e1s all\u00e1 de un proveedor de servicios, ACK3 act\u00faa como un <strong data-start=\"1008\" data-end=\"1037\">partner de misi\u00f3n cr\u00edtica<\/strong>, capaz de conectar informaci\u00f3n, contexto y operaci\u00f3n para proteger activos, garantizar la continuidad del negocio y reforzar la capacidad de decisi\u00f3n de nuestros clientes.<\/p>\n<p>[\/et_pb_text][\/et_pb_column][\/et_pb_row][et_pb_row column_structure=\u00bb1_2,1_2&#8243; _builder_version=\u00bb4.24.2&#8243; _module_preset=\u00bbdefault\u00bb min_height=\u00bb381.4px\u00bb custom_padding=\u00bb||8px|||\u00bb global_colors_info=\u00bb{}\u00bb][et_pb_column type=\u00bb1_2&#8243; _builder_version=\u00bb4.24.2&#8243; _module_preset=\u00bbdefault\u00bb global_colors_info=\u00bb{}\u00bb][et_pb_image src=\u00bbhttps:\/\/ack3.eu\/wp-content\/uploads\/2022\/06\/ACK3-SOC.jpg\u00bb title_text=\u00bbACK3-SOC\u00bb _builder_version=\u00bb4.27.0&#8243; _module_preset=\u00bbdefault\u00bb global_colors_info=\u00bb{}\u00bb][\/et_pb_image][\/et_pb_column][et_pb_column type=\u00bb1_2&#8243; _builder_version=\u00bb4.24.2&#8243; _module_preset=\u00bbdefault\u00bb global_colors_info=\u00bb{}\u00bb][et_pb_text _builder_version=\u00bb4.27.6&#8243; _module_preset=\u00bbdefault\u00bb global_colors_info=\u00bb{}\u00bb]<\/p>\n<h3 data-section-id=\"c4grtv\" data-start=\"88\" data-end=\"130\"><span role=\"text\"><strong data-start=\"92\" data-end=\"130\">De la monitorizaci\u00f3n a la decisi\u00f3n<\/strong><\/span><\/h3>\n<p data-start=\"132\" data-end=\"501\">En ACK3, entendemos la seguridad no como un fin, sino como una capacidad para <strong data-start=\"210\" data-end=\"275\">operar, anticipar y decidir en entornos complejos e inciertos<\/strong>. Nuestro modelo integra Centros de Operaciones de Seguridad (SOC) y Equipos Locales de Enlace Operacional (OLC) estrat\u00e9gicamente desplegados a nivel global, permitiendo una visi\u00f3n continua, contextual y accionable del riesgo. Combinamos inteligencia, tecnolog\u00eda y capacidad operativa para transformar se\u00f1ales dispersas en <strong data-start=\"599\" data-end=\"622\">criterio accionable<\/strong>, conectando lo que ocurre en el terreno con la toma de decisiones a nivel corporativo. Esta capacidad permite no solo identificar amenazas, sino interpretar su impacto potencial sobre la operativa, anticipar escenarios y reducir la incertidumbre en momentos cr\u00edticos. La integraci\u00f3n de experiencia local, perfiles con trayectoria en entornos corporativos, seguridad, defensa y gesti\u00f3n de crisis, junto con capacidades tecnol\u00f3gicas avanzadas, nos permite actuar con precisi\u00f3n, rapidez y coherencia en escenarios de alta volatilidad. Nuestro enfoque h\u00edbrido asegura una respuesta adaptada a cada contexto, manteniendo siempre el equilibrio entre protecci\u00f3n, continuidad operativa y toma de decisiones. De este modo, el SOC de ACK3 evoluciona de un modelo tradicional de monitorizaci\u00f3n hacia un <strong data-start=\"1417\" data-end=\"1467\">sistema de inteligencia aplicado a la decisi\u00f3n<\/strong>, alineado con las necesidades reales de organizaciones que operan en entornos globales y din\u00e1micos.<\/p>\n<p>[\/et_pb_text][\/et_pb_column][\/et_pb_row][et_pb_row _builder_version=\u00bb4.24.2&#8243; _module_preset=\u00bbdefault\u00bb custom_margin=\u00bb-5px|auto||auto||\u00bb custom_padding=\u00bb0px|||||\u00bb global_colors_info=\u00bb{}\u00bb][et_pb_column type=\u00bb4_4&#8243; _builder_version=\u00bb4.24.2&#8243; _module_preset=\u00bbdefault\u00bb global_colors_info=\u00bb{}\u00bb][et_pb_divider show_divider=\u00bboff\u00bb _builder_version=\u00bb4.27.6&#8243; _module_preset=\u00bbdefault\u00bb custom_padding=\u00bb||0px|||\u00bb global_colors_info=\u00bb{}\u00bb][\/et_pb_divider][et_pb_text _builder_version=\u00bb4.27.6&#8243; _module_preset=\u00bbdefault\u00bb min_height=\u00bb47.6px\u00bb global_colors_info=\u00bb{}\u00bb]<\/p>\n<blockquote>\n<p style=\"padding-left: 40px;\"><strong>Con ACK3 como su socio en SOC H\u00edbrido Global, su organizaci\u00f3n accede a una capacidad que va m\u00e1s all\u00e1 de la seguridad tradicional: un modelo que protege activos cr\u00edticos, garantiza la continuidad operativa y convierte la informaci\u00f3n en inteligencia \u00fatil para la toma de decisiones. Nuestro enfoque integra monitorizaci\u00f3n, an\u00e1lisis y contexto para anticipar riesgos, gestionar la incertidumbre y operar con ventaja en entornos globales complejos.<\/strong><\/p>\n<\/blockquote>\n<p>[\/et_pb_text][et_pb_divider _builder_version=\u00bb4.27.0&#8243; _module_preset=\u00bbdefault\u00bb global_colors_info=\u00bb{}\u00bb][\/et_pb_divider][\/et_pb_column][\/et_pb_row][et_pb_row _builder_version=\u00bb4.24.0&#8243; _module_preset=\u00bbdefault\u00bb locked=\u00bboff\u00bb global_colors_info=\u00bb{}\u00bb][et_pb_column type=\u00bb4_4&#8243; _builder_version=\u00bb4.24.0&#8243; _module_preset=\u00bbdefault\u00bb global_colors_info=\u00bb{}\u00bb][et_pb_text _builder_version=\u00bb4.27.0&#8243; _module_preset=\u00bbe9776427-b859-4288-b0a2-c7103567bb8c\u00bb global_colors_info=\u00bb{}\u00bb]<\/p>\n<p style=\"text-align: center;\">Cont\u00e1ctanos<\/p>\n<p>[\/et_pb_text][et_pb_text _builder_version=\u00bb4.24.0&#8243; _module_preset=\u00bb13ddcc34-f131-47ca-8026-edc37a2f8af8&#8243; global_colors_info=\u00bb{}\u00bb]<\/p>\n<h2 style=\"text-align: center;\">\u00bfEst\u00e1s interesado en los servicios de SOC de ACK3?<\/h2>\n<p style=\"text-align: center;\">Ponte en contacto con nosotros completando el siguiente formulario:<\/p>\n<p>[\/et_pb_text][dipi_gravity_forms_styler gf_form_id=\u00bb1&#8243; form_title=\u00bbhide\u00bb _builder_version=\u00bb4.24.2&#8243; _module_preset=\u00bbdefault\u00bb form_title_font_size=\u00bb0px\u00bb field_label_font=\u00bbTrade Gothic LT Bold Extended||||||||\u00bb field_label_font_size=\u00bb15px\u00bb required_field_indicator_font_size=\u00bb15px\u00bb field_description_font_size=\u00bb16px\u00bb checkbox_radio_label_font_size=\u00bb17px\u00bb custom_all=\u00bbon\u00bb all_text_size=\u00bb17px\u00bb all_bg_color=\u00bb#000000&#8243; all_font=\u00bb|600|||||||\u00bb all_use_icon=\u00bboff\u00bb max_width=\u00bb78%\u00bb max_width_tablet=\u00bb100%\u00bb max_width_phone=\u00bb\u00bb max_width_last_edited=\u00bbon|desktop\u00bb module_alignment=\u00bbcenter\u00bb saved_tabs=\u00bball\u00bb global_colors_info=\u00bb{}\u00bb all_bg_color__hover_enabled=\u00bbon|hover\u00bb all_bg_color__hover=\u00bb#535353&#8243; all_bg_enable_color__hover=\u00bbon\u00bb][\/dipi_gravity_forms_styler][\/et_pb_column][\/et_pb_row][\/et_pb_section]<\/p>\n","protected":false},"excerpt":{"rendered":"<p>El Servicio del Centro Global de Operaciones de Seguridad H\u00edbrida de ACK3 fortalece la postura de seguridad general de las organizaciones.<\/p>\n","protected":false},"author":1,"featured_media":25865038,"parent":25844008,"menu_order":0,"comment_status":"closed","ping_status":"closed","template":"","meta":{"_et_pb_use_builder":"on","_et_pb_old_content":"","_et_gb_content_width":"","footnotes":""},"dipi_cpt_category":[],"class_list":["post-25845953","page","type-page","status-publish","has-post-thumbnail","hentry"],"_links":{"self":[{"href":"https:\/\/ack3.eu\/es\/wp-json\/wp\/v2\/pages\/25845953","targetHints":{"allow":["GET"]}}],"collection":[{"href":"https:\/\/ack3.eu\/es\/wp-json\/wp\/v2\/pages"}],"about":[{"href":"https:\/\/ack3.eu\/es\/wp-json\/wp\/v2\/types\/page"}],"author":[{"embeddable":true,"href":"https:\/\/ack3.eu\/es\/wp-json\/wp\/v2\/users\/1"}],"replies":[{"embeddable":true,"href":"https:\/\/ack3.eu\/es\/wp-json\/wp\/v2\/comments?post=25845953"}],"version-history":[{"count":0,"href":"https:\/\/ack3.eu\/es\/wp-json\/wp\/v2\/pages\/25845953\/revisions"}],"up":[{"embeddable":true,"href":"https:\/\/ack3.eu\/es\/wp-json\/wp\/v2\/pages\/25844008"}],"wp:featuredmedia":[{"embeddable":true,"href":"https:\/\/ack3.eu\/es\/wp-json\/wp\/v2\/media\/25865038"}],"wp:attachment":[{"href":"https:\/\/ack3.eu\/es\/wp-json\/wp\/v2\/media?parent=25845953"}],"wp:term":[{"taxonomy":"dipi_cpt_category","embeddable":true,"href":"https:\/\/ack3.eu\/es\/wp-json\/wp\/v2\/dipi_cpt_category?post=25845953"}],"curies":[{"name":"wp","href":"https:\/\/api.w.org\/{rel}","templated":true}]}}