{"id":25845540,"date":"2024-06-25T11:50:43","date_gmt":"2024-06-25T09:50:43","guid":{"rendered":"https:\/\/ack3.eu\/risk-assessment-iq-raiq\/"},"modified":"2024-09-11T10:20:03","modified_gmt":"2024-09-11T08:20:03","slug":"evaluacion-de-riesgos-iq-raiq","status":"publish","type":"page","link":"https:\/\/ack3.eu\/es\/productos\/evaluacion-de-riesgos-iq-raiq\/","title":{"rendered":"Evaluaci\u00f3n de Riesgos IQ (RAIQ\u2122)"},"content":{"rendered":"<p>[et_pb_section fb_built=\u00bb1&#8243; _builder_version=\u00bb4.24.0&#8243; _module_preset=\u00bbdefault\u00bb locked=\u00bboff\u00bb global_colors_info=\u00bb{}\u00bb][et_pb_row _builder_version=\u00bb4.24.0&#8243; _module_preset=\u00bbdefault\u00bb locked=\u00bboff\u00bb global_colors_info=\u00bb{}\u00bb][et_pb_column type=\u00bb4_4&#8243; _builder_version=\u00bb4.24.0&#8243; _module_preset=\u00bbdefault\u00bb global_colors_info=\u00bb{}\u00bb][et_pb_text _builder_version=\u00bb4.25.2&#8243; _module_preset=\u00bb13ddcc34-f131-47ca-8026-edc37a2f8af8&#8243; global_colors_info=\u00bb{}\u00bb]<\/p>\n<h1 style=\"text-align: center;\">Evaluaci\u00f3n de Riesgos IQ (RAIQ\u2122)<\/h1>\n<h3 style=\"text-align: center;\">Identifica y analiza los puntos d\u00e9biles: Evaluaci\u00f3n de riesgos para la organizaci\u00f3n<\/h3>\n<p style=\"text-align: center;\"><span style=\"font-size: 20px;\">La Evaluaci\u00f3n de Riesgos IQ\u2122 (RAIQ) es como un examen personalizado hecho informe ofrecido por ACK3. Con un equipo especializado de <strong>veteranos oficiales de las fuerzas especiales, analistas internacionales y herramientas de \u00faltima generaci\u00f3n como el <a href=\"https:\/\/ack3.eu\/es\/productos\/plataforma-de-analisis-de-inteligencia\/\">IAP<\/a><\/strong>, utilizando fuentes de informaci\u00f3n privilegiadas, <strong>ACK3 desarrolla un informe identificando las debilidades de cada empresa u organizaci\u00f3n y recomienda puntos de acci\u00f3n<\/strong>.<\/span><\/p>\n<p>[\/et_pb_text][\/et_pb_column][\/et_pb_row][et_pb_row column_structure=\u00bb1_2,1_2&#8243; module_class=\u00bbagf-vertical-align\u00bb _builder_version=\u00bb4.24.0&#8243; _module_preset=\u00bbdefault\u00bb custom_padding=\u00bb||||false|false\u00bb global_colors_info=\u00bb{}\u00bb][et_pb_column type=\u00bb1_2&#8243; _builder_version=\u00bb4.24.0&#8243; _module_preset=\u00bbdefault\u00bb global_colors_info=\u00bb{}\u00bb][et_pb_image src=\u00bbhttps:\/\/ack3.eu\/wp-content\/uploads\/2024\/07\/ACK3-Risk-Assessment-RAIQ.png\u00bb alt=\u00bbArchangel\u00bb title_text=\u00bbACK3-Risk-Assessment-RAIQ\u00bb _builder_version=\u00bb4.27.0&#8243; _module_preset=\u00bbdefault\u00bb global_colors_info=\u00bb{}\u00bb][\/et_pb_image][\/et_pb_column][et_pb_column type=\u00bb1_2&#8243; _builder_version=\u00bb4.24.0&#8243; _module_preset=\u00bbdefault\u00bb global_colors_info=\u00bb{}\u00bb][et_pb_text _builder_version=\u00bb4.25.2&#8243; _module_preset=\u00bbdefault\u00bb global_colors_info=\u00bb{}\u00bb]<\/p>\n<blockquote>\n<h2><strong>\u00bfQu\u00e9 es el RAIQ\u2122 de ACK3?<\/strong><\/h2>\n<p>La Evaluaci\u00f3n de Riesgos IQ (RAIQ\u2122) de ACK3 es una <strong>evaluaci\u00f3n integral dise\u00f1ada para identificar y analizar los riesgos potenciales que podr\u00edan afectar a su organizaci\u00f3n<\/strong>. Este servicio aprovecha la experiencia de nuestro equipo, que incluye veteranos oficiales de las fuerzas especiales, analistas internacionales y herramientas de \u00faltima generaci\u00f3n como el IAP, combinadas con fuentes de informaci\u00f3n privilegiadas. El proceso de RAIQ implica una evaluaci\u00f3n exhaustiva de varias categor\u00edas de riesgos para proporcionar un informe detallado que resalta las vulnerabilidades y recomienda pasos accionables para mitigar estos riesgos. <strong>Este enfoque proactivo ayuda a las organizaciones a fortalecer su resiliencia y planificaci\u00f3n estrat\u00e9gica<\/strong>.<\/p>\n<\/blockquote>\n<p>[\/et_pb_text][\/et_pb_column][\/et_pb_row][et_pb_row _builder_version=\u00bb4.24.0&#8243; _module_preset=\u00bbdefault\u00bb custom_padding=\u00bb3px||31px|||\u00bb global_colors_info=\u00bb{}\u00bb][et_pb_column type=\u00bb4_4&#8243; _builder_version=\u00bb4.24.0&#8243; _module_preset=\u00bbdefault\u00bb global_colors_info=\u00bb{}\u00bb][et_pb_text _builder_version=\u00bb4.25.2&#8243; _module_preset=\u00bbdefault\u00bb min_height=\u00bb40px\u00bb global_colors_info=\u00bb{}\u00bb]<\/p>\n<h4>Estos servicios incluyen:<\/h4>\n<p>[\/et_pb_text][\/et_pb_column][\/et_pb_row][et_pb_row column_structure=\u00bb1_2,1_2&#8243; _builder_version=\u00bb4.24.0&#8243; _module_preset=\u00bbdefault\u00bb min_height=\u00bb678px\u00bb custom_margin=\u00bb|auto|28px|auto||\u00bb custom_padding=\u00bb1px||0px|||\u00bb global_colors_info=\u00bb{}\u00bb][et_pb_column type=\u00bb1_2&#8243; _builder_version=\u00bb4.24.0&#8243; _module_preset=\u00bbdefault\u00bb global_colors_info=\u00bb{}\u00bb][et_pb_text _builder_version=\u00bb4.27.0&#8243; _module_preset=\u00bbdefault\u00bb global_colors_info=\u00bb{}\u00bb]<\/p>\n<h3>1. Riesgos Financieros, Legales y Regulatorios<\/h3>\n<ul>\n<li><strong>Riesgo de mercado<\/strong>: Fluctuaciones de precio.<\/li>\n<li><strong>Riesgo de cr\u00e9dito<\/strong>: Deudores que no cumplen.<\/li>\n<li><strong>Riesgo de liquidez<\/strong>: Dificultad para convertir activos.<\/li>\n<li><strong>Riesgo de tipo de cambio<\/strong>: Variaciones en los tipos de cambio.<\/li>\n<li><strong>Riesgo de tasa de inter\u00e9s<\/strong>: Cambios en las tasas.<\/li>\n<li><strong>Cumplimiento normativo<\/strong>: Leyes y regulaciones.<\/li>\n<li><strong>Litigios y reclamaciones<\/strong>: Potenciales demandas y reclamaciones.<\/li>\n<li><strong>Cambios regulatorios<\/strong>: Nuevas leyes y regulaciones.<\/li>\n<li><strong>Propiedad intelectual<\/strong>: Violaci\u00f3n o p\u00e9rdida de derechos.<\/li>\n<\/ul>\n<ul><\/ul>\n<p>[\/et_pb_text][et_pb_text _builder_version=\u00bb4.27.0&#8243; _module_preset=\u00bbdefault\u00bb global_colors_info=\u00bb{}\u00bb]<\/p>\n<h3>2. Riesgos Operacionales<\/h3>\n<ul>\n<li><strong>Fallos de procesos<\/strong>: Errores en los procesos internos que afectan la eficiencia.<\/li>\n<li><strong>Fallos tecnol\u00f3gicos<\/strong>: Problemas con los sistemas de informaci\u00f3n y tecnolog\u00eda.<\/li>\n<li><strong>Riesgos de recursos humanos<\/strong>: Problemas con la gesti\u00f3n del personal, como alta rotaci\u00f3n o falta de formaci\u00f3n.<\/li>\n<li><strong>Riesgos de proveedores<\/strong>: Dependencia y fallos de los proveedores.<\/li>\n<li><strong>Interrupciones en la cadena de suministro<\/strong>: Problemas que afectan la entrega de bienes y servicios.<\/li>\n<\/ul>\n<p>[\/et_pb_text][\/et_pb_column][et_pb_column type=\u00bb1_2&#8243; _builder_version=\u00bb4.24.0&#8243; _module_preset=\u00bbdefault\u00bb global_colors_info=\u00bb{}\u00bb][et_pb_text _builder_version=\u00bb4.27.0&#8243; _module_preset=\u00bbdefault\u00bb global_colors_info=\u00bb{}\u00bb]<\/p>\n<h3>6. Riesgos Sociales y Pol\u00edticos<\/h3>\n<ul>\n<li><strong>Riesgos laborales<\/strong>: Condiciones laborales y los derechos de los trabajadores.<\/li>\n<li><strong>Condiciones de trabajo<\/strong>: Seguridad y salud en el lugar de trabajo.<\/li>\n<li><strong>Inestabilidad pol\u00edtica<\/strong>: Impacto en los mercados y operaciones.<\/li>\n<li><strong>Riesgos geopol\u00edticos<\/strong>: Conflictos internacionales y cambios en las pol\u00edticas gubernamentales.<\/li>\n<li><strong>Nacionalizaci\u00f3n o expropiaci\u00f3n<\/strong>: Riesgos de que el gobierno tome el control de activos privados.<\/li>\n<\/ul>\n<ul><\/ul>\n<p>[\/et_pb_text][et_pb_text _builder_version=\u00bb4.27.0&#8243; _module_preset=\u00bbdefault\u00bb global_colors_info=\u00bb{}\u00bb]<\/p>\n<h3>7. Infraestructura<\/h3>\n<ul>\n<li><strong>Mantenimiento de infraestructuras<\/strong>: Riesgos asociados.<\/li>\n<li><strong>Riesgos de construcci\u00f3n<\/strong>: Problemas durante la construcci\u00f3n.<\/li>\n<li><strong>Fallos de infraestructuras cr\u00edticas<\/strong>: Infraestructuras esenciales.<\/li>\n<\/ul>\n<ul><\/ul>\n<p>[\/et_pb_text][et_pb_text _builder_version=\u00bb4.27.0&#8243; _module_preset=\u00bbdefault\u00bb global_colors_info=\u00bb{}\u00bb]<\/p>\n<h3>8. Innovaci\u00f3n y Desarrollo<\/h3>\n<ul>\n<li><strong>Fracaso de la innovaci\u00f3n<\/strong>: Falta de \u00e9xito en proyectos innovadores.<\/li>\n<li><strong>Competencia tecnol\u00f3gica<\/strong>: Competencia en el campo tecnol\u00f3gico.<\/li>\n<li><strong>Riesgos de I+D<\/strong>: Problemas en investigaci\u00f3n y desarrollo.<\/li>\n<\/ul>\n<p>[\/et_pb_text][\/et_pb_column][\/et_pb_row][et_pb_row column_structure=\u00bb1_2,1_2&#8243; _builder_version=\u00bb4.24.0&#8243; _module_preset=\u00bbdefault\u00bb custom_margin=\u00bb14px|auto||auto||\u00bb custom_padding=\u00bb1px||0px|||\u00bb global_colors_info=\u00bb{}\u00bb][et_pb_column type=\u00bb1_2&#8243; _builder_version=\u00bb4.24.0&#8243; _module_preset=\u00bbdefault\u00bb global_colors_info=\u00bb{}\u00bb][et_pb_text _builder_version=\u00bb4.27.0&#8243; _module_preset=\u00bbdefault\u00bb global_colors_info=\u00bb{}\u00bb]<\/p>\n<h3>3. Riesgos Estrat\u00e9gicos y Reputacionales<\/h3>\n<ul>\n<li><strong>Cambios en el mercado<\/strong>: Modificaciones en la demanda o entrada de nuevos competidores.<\/li>\n<li><strong>Decisiones estrat\u00e9gicas incorrectas<\/strong>: Estrategias que no est\u00e1n alineadas con los objetivos corporativos.<\/li>\n<li><strong>Innovaci\u00f3n y cambio tecnol\u00f3gico<\/strong>: Incapacidad para adaptarse a los avances tecnol\u00f3gicos.<\/li>\n<li><strong>Fusiones y adquisiciones<\/strong>: Riesgos asociados con la integraci\u00f3n y absorci\u00f3n de otras empresas.<\/li>\n<li><strong>Da\u00f1o a la reputaci\u00f3n<\/strong>: P\u00e9rdida de confianza por parte de clientes, inversores y partes interesadas.<\/li>\n<li><strong>Riesgos de comunicaci\u00f3n<\/strong>: Interna y externa.<\/li>\n<li><strong>Gesti\u00f3n de crisis<\/strong>: Manejo de situaciones de crisis que afectan la imagen p\u00fablica.<\/li>\n<\/ul>\n<p>[\/et_pb_text][et_pb_text _builder_version=\u00bb4.27.0&#8243; _module_preset=\u00bbdefault\u00bb global_colors_info=\u00bb{}\u00bb]<\/p>\n<h3>4. Salud y Seguridad<\/h3>\n<ul>\n<li><strong>Salud ocupacional<\/strong>: Condiciones de salud en el lugar de trabajo.<\/li>\n<li><strong>Seguridad en el lugar de trabajo<\/strong>: Protecci\u00f3n contra accidentes laborales.<\/li>\n<li><strong>Pandemias y crisis de salud<\/strong>: Enfermedades y crisis de salud que afectan las operaciones.<\/li>\n<\/ul>\n<p>[\/et_pb_text][et_pb_text _builder_version=\u00bb4.27.0&#8243; _module_preset=\u00bbdefault\u00bb global_colors_info=\u00bb{}\u00bb]<\/p>\n<h3>5. Ciberseguridad<\/h3>\n<ul>\n<li><strong>Ciberseguridad<\/strong>: Ciberataques y protecci\u00f3n de datos.<\/li>\n<li><strong>Seguridad de datos<\/strong>: Protecci\u00f3n de la informaci\u00f3n.<\/li>\n<li><strong>Espionaje industrial o competitivo<\/strong>: Robo de informaci\u00f3n confidencial.<\/li>\n<\/ul>\n<p>[\/et_pb_text][\/et_pb_column][et_pb_column type=\u00bb1_2&#8243; _builder_version=\u00bb4.24.0&#8243; _module_preset=\u00bbdefault\u00bb global_colors_info=\u00bb{}\u00bb][et_pb_text _builder_version=\u00bb4.27.0&#8243; _module_preset=\u00bbdefault\u00bb global_colors_info=\u00bb{}\u00bb]<\/p>\n<h3>9. Gobernanza Corporativa<\/h3>\n<ul>\n<li><strong>Estructura de gobernanza corporativa<\/strong>: Problemas con la estructura y gobernanza.<\/li>\n<li><strong>Riesgos de fraude y corrupci\u00f3n<\/strong>: Actividades fraudulentas y corrupci\u00f3n interna.<\/li>\n<li><strong>\u00c9tica y conducta corporativa<\/strong>: Pr\u00e1cticas y comportamientos \u00e9ticos.<\/li>\n<\/ul>\n<p>[\/et_pb_text][et_pb_text _builder_version=\u00bb4.27.0&#8243; _module_preset=\u00bbdefault\u00bb global_colors_info=\u00bb{}\u00bb]<\/p>\n<h3>10. Ambientales<\/h3>\n<ul>\n<li><strong>Impacto ambiental<\/strong>: Da\u00f1o ambiental causado por las operaciones.<\/li>\n<li><strong>Regulaciones ambientales<\/strong>: Cumplimiento de las normas ambientales.<\/li>\n<li><strong>Desastres naturales<\/strong>: Desastres naturales que afectan las operaciones.<\/li>\n<\/ul>\n<ul><\/ul>\n<p>[\/et_pb_text][et_pb_text _builder_version=\u00bb4.27.0&#8243; _module_preset=\u00bbdefault\u00bb global_colors_info=\u00bb{}\u00bb]<\/p>\n<h3>11. Cliente y Mercado<\/h3>\n<ul>\n<li><strong>Satisfacci\u00f3n del cliente<\/strong>: Riesgos relacionados con la satisfacci\u00f3n del cliente.<\/li>\n<li><strong>P\u00e9rdida de clientes clave<\/strong>: Impacto de perder clientes importantes.<\/li>\n<li><strong>Expansi\u00f3n a nuevos mercados<\/strong>: Desaf\u00edos y riesgos en la expansi\u00f3n a nuevos mercados.<\/li>\n<\/ul>\n<ul><\/ul>\n<p>[\/et_pb_text][et_pb_text _builder_version=\u00bb4.27.0&#8243; _module_preset=\u00bbdefault\u00bb global_colors_info=\u00bb{}\u00bb]<\/p>\n<h3>12. Proyecto<\/h3>\n<ul>\n<li><strong>Gesti\u00f3n de proyectos<\/strong>: Problemas en la gesti\u00f3n de proyectos.<\/li>\n<li><strong>Sobrecostes y retrasos<\/strong>: Costes excesivos y retrasos en los proyectos.<\/li>\n<li><strong>Calidad del proyecto<\/strong>: Cumplimiento de los est\u00e1ndares de calidad del proyecto.<\/li>\n<\/ul>\n<p>[\/et_pb_text][\/et_pb_column][\/et_pb_row][et_pb_row _builder_version=\u00bb4.24.0&#8243; _module_preset=\u00bbdefault\u00bb global_colors_info=\u00bb{}\u00bb][et_pb_column type=\u00bb4_4&#8243; _builder_version=\u00bb4.24.0&#8243; _module_preset=\u00bbdefault\u00bb global_colors_info=\u00bb{}\u00bb][et_pb_text _builder_version=\u00bb4.25.2&#8243; _module_preset=\u00bbdefault\u00bb global_colors_info=\u00bb{}\u00bb]<\/p>\n<blockquote>\n<p><strong>Contratar este servicio proporciona varios beneficios. Ayuda a identificar y abordar vulnerabilidades dentro de su organizaci\u00f3n, asegurando un enfoque proactivo para la gesti\u00f3n de riesgos. La evaluaci\u00f3n integral por expertos experimentados proporciona conocimientos y recomendaciones accionables, mejorando la resiliencia y la planificaci\u00f3n estrat\u00e9gica de su organizaci\u00f3n. Al comprender y mitigar los riesgos, su organizaci\u00f3n puede lograr una mejor eficiencia operativa, proteger su reputaci\u00f3n y navegar por entornos complejos de manera m\u00e1s efectiva.<\/strong><\/p>\n<\/blockquote>\n<p>[\/et_pb_text][et_pb_divider _builder_version=\u00bb4.27.0&#8243; _module_preset=\u00bbdefault\u00bb hover_enabled=\u00bb0&#8243; sticky_enabled=\u00bb0&#8243;][\/et_pb_divider][\/et_pb_column][\/et_pb_row][et_pb_row _builder_version=\u00bb4.24.0&#8243; _module_preset=\u00bbdefault\u00bb global_module=\u00bb25841311&#8243; saved_tabs=\u00bball\u00bb locked=\u00bboff\u00bb global_colors_info=\u00bb{}\u00bb][et_pb_column type=\u00bb4_4&#8243; _builder_version=\u00bb4.24.0&#8243; _module_preset=\u00bbdefault\u00bb global_colors_info=\u00bb{}\u00bb][et_pb_text _builder_version=\u00bb4.24.0&#8243; _module_preset=\u00bbe9776427-b859-4288-b0a2-c7103567bb8c\u00bb global_colors_info=\u00bb{}\u00bb]<\/p>\n<p style=\"text-align: center;\">Cont\u00e1ctanos<\/p>\n<p>[\/et_pb_text][et_pb_text _builder_version=\u00bb4.24.2&#8243; _dynamic_attributes=\u00bbcontent\u00bb _module_preset=\u00bb13ddcc34-f131-47ca-8026-edc37a2f8af8&#8243; header_2_text_align=\u00bbcenter\u00bb custom_margin=\u00bb||5px||false|false\u00bb global_colors_info=\u00bb{}\u00bb]@ET-DC@eyJkeW5hbWljIjp0cnVlLCJjb250ZW50IjoicG9zdF90aXRsZSIsInNldHRpbmdzIjp7ImJlZm9yZSI6IjxoMj4gXHUwMGJmRXN0XHUwMGUxcyBpbnRlcmVzYWRvIGVuIGxvcyBzZXJ2aWNpb3MgZGUgIiwiYWZ0ZXIiOiJkZSBBQ0szPzwvaDI+In19@[\/et_pb_text][et_pb_text _builder_version=\u00bb4.24.0&#8243; _module_preset=\u00bb13ddcc34-f131-47ca-8026-edc37a2f8af8&#8243; global_colors_info=\u00bb{}\u00bb]<\/p>\n<p style=\"text-align: center;\">Ponte en contacto con nosotros completando el siguiente formulario:<\/p>\n<p>[\/et_pb_text][dipi_gravity_forms_styler gf_form_id=\u00bb1&#8243; form_title=\u00bbhide\u00bb _builder_version=\u00bb4.24.0&#8243; _module_preset=\u00bbdefault\u00bb form_title_font_size=\u00bb0px\u00bb field_label_font=\u00bbTrade Gothic LT Bold Extended||||||||\u00bb field_label_font_size=\u00bb15px\u00bb required_field_indicator_font_size=\u00bb15px\u00bb field_description_font_size=\u00bb16px\u00bb checkbox_radio_label_font_size=\u00bb17px\u00bb custom_all=\u00bbon\u00bb all_text_size=\u00bb17px\u00bb all_bg_color=\u00bb#000000&#8243; all_font=\u00bb|600|||||||\u00bb all_use_icon=\u00bboff\u00bb max_width=\u00bb78%\u00bb max_width_tablet=\u00bb100%\u00bb max_width_phone=\u00bb\u00bb max_width_last_edited=\u00bbon|desktop\u00bb module_alignment=\u00bbcenter\u00bb global_colors_info=\u00bb{}\u00bb all_bg_color__hover_enabled=\u00bbon|hover\u00bb all_bg_color__hover=\u00bb#535353&#8243; all_bg_enable_color__hover=\u00bbon\u00bb][\/dipi_gravity_forms_styler][\/et_pb_column][\/et_pb_row][\/et_pb_section]<\/p>\n","protected":false},"excerpt":{"rendered":"<p>La Evaluaci\u00f3n de Riesgos IQ (RAIQ) de ACK3 identifica y analiza los puntos d\u00e9biles con sus riesgos organizacionales. Informe y acciones.<\/p>\n","protected":false},"author":2,"featured_media":25845530,"parent":25843888,"menu_order":0,"comment_status":"closed","ping_status":"closed","template":"","meta":{"_et_pb_use_builder":"on","_et_pb_old_content":"","_et_gb_content_width":"","footnotes":""},"dipi_cpt_category":[],"class_list":["post-25845540","page","type-page","status-publish","has-post-thumbnail","hentry"],"_links":{"self":[{"href":"https:\/\/ack3.eu\/es\/wp-json\/wp\/v2\/pages\/25845540","targetHints":{"allow":["GET"]}}],"collection":[{"href":"https:\/\/ack3.eu\/es\/wp-json\/wp\/v2\/pages"}],"about":[{"href":"https:\/\/ack3.eu\/es\/wp-json\/wp\/v2\/types\/page"}],"author":[{"embeddable":true,"href":"https:\/\/ack3.eu\/es\/wp-json\/wp\/v2\/users\/2"}],"replies":[{"embeddable":true,"href":"https:\/\/ack3.eu\/es\/wp-json\/wp\/v2\/comments?post=25845540"}],"version-history":[{"count":0,"href":"https:\/\/ack3.eu\/es\/wp-json\/wp\/v2\/pages\/25845540\/revisions"}],"up":[{"embeddable":true,"href":"https:\/\/ack3.eu\/es\/wp-json\/wp\/v2\/pages\/25843888"}],"wp:featuredmedia":[{"embeddable":true,"href":"https:\/\/ack3.eu\/es\/wp-json\/wp\/v2\/media\/25845530"}],"wp:attachment":[{"href":"https:\/\/ack3.eu\/es\/wp-json\/wp\/v2\/media?parent=25845540"}],"wp:term":[{"taxonomy":"dipi_cpt_category","embeddable":true,"href":"https:\/\/ack3.eu\/es\/wp-json\/wp\/v2\/dipi_cpt_category?post=25845540"}],"curies":[{"name":"wp","href":"https:\/\/api.w.org\/{rel}","templated":true}]}}