{"id":25845376,"date":"2024-06-12T16:01:27","date_gmt":"2024-06-12T14:01:27","guid":{"rendered":"https:\/\/ack3.eu\/oscar-ruiz\/"},"modified":"2024-07-04T17:22:55","modified_gmt":"2024-07-04T15:22:55","slug":"oscar-ruiz","status":"publish","type":"page","link":"https:\/\/ack3.eu\/es\/oscar-ruiz\/","title":{"rendered":"\u00d3scar Ruiz"},"content":{"rendered":"<p>[et_pb_section fb_built=\u00bb1&#8243; _builder_version=\u00bb4.24.0&#8243; _module_preset=\u00bbdefault\u00bb locked=\u00bboff\u00bb global_colors_info=\u00bb{}\u00bb][et_pb_row column_structure=\u00bb1_3,2_3&#8243; module_class=\u00bbagf-vertical-align\u00bb _builder_version=\u00bb4.24.0&#8243; _module_preset=\u00bbdefault\u00bb background_color=\u00bbrgba(0,0,0,0.81)\u00bb background_image=\u00bbhttps:\/\/ack3.eu\/wp-content\/uploads\/2024\/01\/1.jpg\u00bb background_blend=\u00bbmultiply\u00bb custom_padding=\u00bb0px||0px||true|false\u00bb border_radii=\u00bbon|3px|3px|3px|3px\u00bb global_colors_info=\u00bb{}\u00bb][et_pb_column type=\u00bb1_3&#8243; _builder_version=\u00bb4.24.0&#8243; _module_preset=\u00bbdefault\u00bb global_colors_info=\u00bb{}\u00bb][et_pb_image src=\u00bbhttps:\/\/ack3.eu\/wp-content\/uploads\/2024\/06\/Oscar-1.jpg\u00bb title_text=\u00bb\u00d3scar\u00bb _builder_version=\u00bb4.25.1&#8243; _module_preset=\u00bbdefault\u00bb global_colors_info=\u00bb{}\u00bb][\/et_pb_image][\/et_pb_column][et_pb_column type=\u00bb2_3&#8243; _builder_version=\u00bb4.24.0&#8243; _module_preset=\u00bbdefault\u00bb global_colors_info=\u00bb{}\u00bb][et_pb_blurb title=\u00bb\u00d3scar Ruiz\u00bb use_icon=\u00bbon\u00bb font_icon=\u00bb&#xf105;||fa||900&#8243; icon_placement=\u00bbleft\u00bb image_icon_width=\u00bb178px\u00bb content_max_width=\u00bb1100px\u00bb image_icon_width_tablet=\u00bb138px\u00bb image_icon_width_phone=\u00bb105px\u00bb image_icon_width_last_edited=\u00bbon|desktop\u00bb _builder_version=\u00bb4.26.0&#8243; _module_preset=\u00bbdefault\u00bb header_level=\u00bbh1&#8243; header_text_color=\u00bb#FFFFFF\u00bb header_font_size=\u00bb36px\u00bb body_text_color=\u00bb#FFFFFF\u00bb body_font_size=\u00bb26px\u00bb custom_margin=\u00bb||4px||false|false\u00bb hover_enabled=\u00bb0&#8243; header_font_size_tablet=\u00bb33px\u00bb header_font_size_phone=\u00bb26px\u00bb header_font_size_last_edited=\u00bbon|phone\u00bb body_font_size_tablet=\u00bb23px\u00bb body_font_size_phone=\u00bb20px\u00bb body_font_size_last_edited=\u00bbon|phone\u00bb global_colors_info=\u00bb{}\u00bb sticky_enabled=\u00bb0&#8243;]<\/p>\n<p>Regional Unit<\/p>\n<p>[\/et_pb_blurb][dipi_button_grid flex_direction=\u00bbrow\u00bb justify_content=\u00bbflex-start\u00bb align_items=\u00bbcenter\u00bb _builder_version=\u00bb4.25.1&#8243; _module_preset=\u00bbdefault\u00bb text_style_text_color=\u00bb#FFFFFF\u00bb text_style_font_size=\u00bb18px\u00bb global_colors_info=\u00bb{}\u00bb][dipi_button_grid_child button_id=\u00bblinkedin\u00bb button_type=\u00bbdp_button\u00bb button_text=\u00bbLINKEDIN\u00bb button_link=\u00bbhttps:\/\/www.linkedin.com\/in\/oscar-ruiz-6a004710b\/\u00bb button_link_target=\u00bbon\u00bb _builder_version=\u00bb4.25.1&#8243; _module_preset=\u00bbdefault\u00bb text_style_font=\u00bb|600|||||||\u00bb custom_button=\u00bbon\u00bb button_font=\u00bb|600|||||||\u00bb button_use_icon=\u00bbon\u00bb button_icon=\u00bb&#xe0cb;||divi||400&#8243; button_icon_placement=\u00bbleft\u00bb button_on_hover=\u00bboff\u00bb button_custom_padding=\u00bb10px|10px|10px|33px|true|false\u00bb global_colors_info=\u00bb{}\u00bb][\/dipi_button_grid_child][\/dipi_button_grid][\/et_pb_column][\/et_pb_row][et_pb_row _builder_version=\u00bb4.24.0&#8243; _module_preset=\u00bbdefault\u00bb global_colors_info=\u00bb{}\u00bb][et_pb_column type=\u00bb4_4&#8243; _builder_version=\u00bb4.24.0&#8243; _module_preset=\u00bbdefault\u00bb global_colors_info=\u00bb{}\u00bb][et_pb_text _builder_version=\u00bb4.26.0&#8243; _module_preset=\u00bb13ddcc34-f131-47ca-8026-edc37a2f8af8&#8243; hover_enabled=\u00bb0&#8243; global_colors_info=\u00bb{}\u00bb sticky_enabled=\u00bb0&#8243;]<\/p>\n<p><strong>\u00d3scar Ruiz P\u00e9rez<\/strong> es un <strong>Regional Unit\u00a0en ACK3<\/strong>, especializado en <strong>migraciones y geopol\u00edtica internacional.<\/strong> Tiene una destacada carrera militar en la <strong><a href=\"https:\/\/armada.defensa.gob.es\/ArmadaPortal\/page\/Portal\/ArmadaEspannola\/buquesinfanteria\/prefLang-en\/\" target=\"_blank\" rel=\"noopener\">Infanter\u00eda de Marina<\/a><\/strong>, con m\u00e1s de 30 a\u00f1os de experiencia. Durante nueve a\u00f1os, estuvo destinado en las <a href=\"https:\/\/www.nato.int\/cps\/en\/natolive\/topics_49284.htm\" target=\"_blank\" rel=\"noopener\"><strong>Sedes Generales de la OTAN<\/strong><\/a> en B\u00e9lgica y Sarajevo, donde desempe\u00f1\u00f3 <strong>funciones de inteligencia y seguridad de la informaci\u00f3n<\/strong>. Ha participado en diversas <strong>misiones militares en \u00c1frica, Am\u00e9rica y Europa<\/strong>. Su amplia experiencia y conocimientos lo convierten en una figura respetada en el \u00e1mbito de la seguridad y la defensa.<\/p>\n<p>Adem\u00e1s, \u00d3scar es <strong>profesor y ponente en temas como el terrorismo yihadista, los desaf\u00edos de las migraciones y la seguridad mar\u00edtima<\/strong>. Actualmente es responsable de secci\u00f3n en <a href=\"https:\/\/www.escudodigital.com\/\" target=\"_blank\" rel=\"noopener\"><strong>Escudo Digital<\/strong><\/a> y profesor ponente invitado en <strong><a href=\"https:\/\/www.atalayar.com\/\" target=\"_blank\" rel=\"noopener\">ATALAYAR<\/a><\/strong> entre dos orillas y la <a href=\"https:\/\/fguma.es\/\" target=\"_blank\" rel=\"noopener\"><strong>Fundaci\u00f3n General de la Universidad de M\u00e1laga (FGUMA)<\/strong><\/a>. Ha colaborado en cursos de verano en la <a href=\"https:\/\/www.urjc.es\/\" target=\"_blank\" rel=\"noopener\"><strong>Universidad Rey Juan Carlos<\/strong><\/a> y en cursos de primavera en la Universidad de M\u00e1laga, abordando temas como <strong>terrorismo, inmigraci\u00f3n y ciberamenazas<\/strong>.<\/p>\n<p>[\/et_pb_text][\/et_pb_column][\/et_pb_row][et_pb_row _builder_version=\u00bb4.24.2&#8243; _module_preset=\u00bbdefault\u00bb locked=\u00bboff\u00bb global_colors_info=\u00bb{}\u00bb][et_pb_column type=\u00bb4_4&#8243; _builder_version=\u00bb4.24.2&#8243; _module_preset=\u00bbdefault\u00bb global_colors_info=\u00bb{}\u00bb][et_pb_text _builder_version=\u00bb4.24.2&#8243; _module_preset=\u00bbdefault\u00bb global_colors_info=\u00bb{}\u00bb]<\/p>\n<h2 style=\"text-align: center;\">Art\u00edculos relacionados<\/h2>\n<p>[\/et_pb_text][et_pb_blog posts_number=\u00bb6&#8243; include_categories=\u00bb266&#8243; show_more=\u00bbon\u00bb show_author=\u00bboff\u00bb show_categories=\u00bboff\u00bb module_class=\u00bbdipi-styled-blog\u00bb _builder_version=\u00bb4.25.1&#8243; _module_preset=\u00bbdefault\u00bb locked=\u00bboff\u00bb global_colors_info=\u00bb{}\u00bb][\/et_pb_blog][\/et_pb_column][\/et_pb_row][\/et_pb_section][et_pb_section fb_built=\u00bb1&#8243; _builder_version=\u00bb4.24.0&#8243; _module_preset=\u00bbdefault\u00bb custom_padding=\u00bb0px||||false|false\u00bb global_module=\u00bb25841043&#8243; locked=\u00bboff\u00bb global_colors_info=\u00bb{}\u00bb][et_pb_row _builder_version=\u00bb4.24.0&#8243; _module_preset=\u00bbdefault\u00bb custom_padding=\u00bb||22px|||\u00bb global_colors_info=\u00bb{}\u00bb][et_pb_column type=\u00bb4_4&#8243; _builder_version=\u00bb4.24.0&#8243; _module_preset=\u00bbdefault\u00bb global_colors_info=\u00bb{}\u00bb][et_pb_text _builder_version=\u00bb4.24.0&#8243; _module_preset=\u00bb13ddcc34-f131-47ca-8026-edc37a2f8af8&#8243; global_colors_info=\u00bb{}\u00bb]<\/p>\n<h2 style=\"text-align: center;\">Conoce m\u00e1s sobre ACK3<\/h2>\n<p>[\/et_pb_text][\/et_pb_column][\/et_pb_row][et_pb_row column_structure=\u00bb1_4,1_4,1_4,1_4&#8243; use_custom_gutter=\u00bbon\u00bb gutter_width=\u00bb2&#8243; make_equal=\u00bbon\u00bb _builder_version=\u00bb4.24.0&#8243; _module_preset=\u00bbdefault\u00bb locked=\u00bboff\u00bb global_colors_info=\u00bb{}\u00bb][et_pb_column type=\u00bb1_4&#8243; _builder_version=\u00bb4.24.0&#8243; _module_preset=\u00bbdefault\u00bb custom_padding=\u00bb||30px||false|false\u00bb border_width_all=\u00bb1px\u00bb border_color_all=\u00bb#dbdbdb\u00bb global_colors_info=\u00bb{}\u00bb][et_pb_divider show_divider=\u00bboff\u00bb _builder_version=\u00bb4.24.2&#8243; _module_preset=\u00bbdefault\u00bb background_image=\u00bbhttps:\/\/ack3.eu\/wp-content\/uploads\/2024\/03\/Quintana-Wiwi-Middle-East-Risk-Management-Consulting-ACK3-security.jpg\u00bb custom_margin=\u00bb||20px||false|false\u00bb custom_padding=\u00bb10vh||10vh||true|false\u00bb custom_padding_tablet=\u00bb\u00bb custom_padding_phone=\u00bb13vh||13vh||true|false\u00bb custom_padding_last_edited=\u00bbon|phone\u00bb global_colors_info=\u00bb{}\u00bb][\/et_pb_divider][et_pb_text _builder_version=\u00bb4.24.0&#8243; _dynamic_attributes=\u00bblink_option_url\u00bb _module_preset=\u00bb_initial\u00bb header_4_text_color=\u00bb#FFFFFF\u00bb header_5_font_size=\u00bb18px\u00bb max_width=\u00bb100%\u00bb custom_margin=\u00bb||15px||false|false\u00bb custom_padding=\u00bb|40px||40px|false|true\u00bb custom_padding_tablet=\u00bb|30px||30px|false|true\u00bb custom_padding_phone=\u00bb|20px||20px|false|true\u00bb custom_padding_last_edited=\u00bbon|phone\u00bb link_option_url=\u00bb@ET-DC@eyJkeW5hbWljIjp0cnVlLCJjb250ZW50IjoicG9zdF9saW5rX3VybF9wYWdlIiwic2V0dGluZ3MiOnsicG9zdF9pZCI6IjEzNSJ9fQ==@\u00bb global_colors_info=\u00bb{}\u00bb]<\/p>\n<h5>Perfil<\/h5>\n<p>[\/et_pb_text][et_pb_button button_url=\u00bb@ET-DC@eyJkeW5hbWljIjp0cnVlLCJjb250ZW50IjoicG9zdF9saW5rX3VybF9wYWdlIiwic2V0dGluZ3MiOnsicG9zdF9pZCI6IjEzNSJ9fQ==@\u00bb button_text=\u00bbLeer m\u00e1s\u00bb _builder_version=\u00bb4.24.0&#8243; _dynamic_attributes=\u00bbbutton_url\u00bb _module_preset=\u00bb_initial\u00bb custom_margin=\u00bb|||40px|false|false\u00bb custom_margin_tablet=\u00bb|||\u00bb custom_margin_phone=\u00bb|||20px|false|false\u00bb custom_margin_last_edited=\u00bbon|desktop\u00bb locked=\u00bboff\u00bb global_colors_info=\u00bb{}\u00bb][\/et_pb_button][\/et_pb_column][et_pb_column type=\u00bb1_4&#8243; _builder_version=\u00bb4.24.0&#8243; _module_preset=\u00bbdefault\u00bb custom_padding=\u00bb||30px||false|false\u00bb border_width_all=\u00bb1px\u00bb border_color_all=\u00bb#dbdbdb\u00bb global_colors_info=\u00bb{}\u00bb][et_pb_divider show_divider=\u00bboff\u00bb _builder_version=\u00bb4.24.0&#8243; _module_preset=\u00bbdefault\u00bb background_image=\u00bbhttps:\/\/ack3.eu\/wp-content\/uploads\/2024\/02\/profile-image-box-GO.jpg\u00bb custom_margin=\u00bb||20px||false|false\u00bb custom_padding=\u00bb10vh||10vh||true|false\u00bb custom_padding_tablet=\u00bb\u00bb custom_padding_phone=\u00bb13vh||13vh||true|false\u00bb custom_padding_last_edited=\u00bbon|phone\u00bb global_colors_info=\u00bb{}\u00bb][\/et_pb_divider][et_pb_text _builder_version=\u00bb4.24.2&#8243; _dynamic_attributes=\u00bblink_option_url\u00bb _module_preset=\u00bb_initial\u00bb header_4_text_color=\u00bb#FFFFFF\u00bb header_5_font_size=\u00bb18px\u00bb max_width=\u00bb100%\u00bb custom_margin=\u00bb||15px||false|false\u00bb custom_padding=\u00bb|40px||40px|false|true\u00bb custom_padding_tablet=\u00bb|30px||30px|false|true\u00bb custom_padding_phone=\u00bb|20px||20px|false|true\u00bb custom_padding_last_edited=\u00bbon|phone\u00bb link_option_url=\u00bb@ET-DC@eyJkeW5hbWljIjp0cnVlLCJjb250ZW50IjoicG9zdF9saW5rX3VybF9wYWdlIiwic2V0dGluZ3MiOnsicG9zdF9pZCI6IjEzNyJ9fQ==@\u00bb global_colors_info=\u00bb{}\u00bb]<\/p>\n<h5>Oficinas internacionales<\/h5>\n<p>[\/et_pb_text][et_pb_button button_url=\u00bb@ET-DC@eyJkeW5hbWljIjp0cnVlLCJjb250ZW50IjoicG9zdF9saW5rX3VybF9wYWdlIiwic2V0dGluZ3MiOnsicG9zdF9pZCI6IjEzNyJ9fQ==@\u00bb button_text=\u00bbLeer m\u00e1s\u00bb _builder_version=\u00bb4.24.0&#8243; _dynamic_attributes=\u00bbbutton_url\u00bb _module_preset=\u00bb_initial\u00bb custom_margin=\u00bb|||40px|false|false\u00bb custom_margin_tablet=\u00bb|||\u00bb custom_margin_phone=\u00bb|||20px|false|false\u00bb custom_margin_last_edited=\u00bbon|desktop\u00bb locked=\u00bboff\u00bb global_colors_info=\u00bb{}\u00bb][\/et_pb_button][\/et_pb_column][et_pb_column type=\u00bb1_4&#8243; _builder_version=\u00bb4.24.0&#8243; _module_preset=\u00bbdefault\u00bb custom_padding=\u00bb||30px||false|false\u00bb border_width_all=\u00bb1px\u00bb border_color_all=\u00bb#dbdbdb\u00bb global_colors_info=\u00bb{}\u00bb][et_pb_divider show_divider=\u00bboff\u00bb _builder_version=\u00bb4.24.0&#8243; _module_preset=\u00bbdefault\u00bb background_image=\u00bbhttps:\/\/ack3.eu\/wp-content\/uploads\/2024\/02\/profile-image-box-cr.jpg\u00bb custom_margin=\u00bb||20px||false|false\u00bb custom_padding=\u00bb10vh||10vh||true|false\u00bb custom_padding_tablet=\u00bb\u00bb custom_padding_phone=\u00bb13vh||13vh||true|false\u00bb custom_padding_last_edited=\u00bbon|phone\u00bb global_colors_info=\u00bb{}\u00bb][\/et_pb_divider][et_pb_text _builder_version=\u00bb4.24.2&#8243; _module_preset=\u00bb_initial\u00bb header_4_text_color=\u00bb#FFFFFF\u00bb header_5_font_size=\u00bb18px\u00bb max_width=\u00bb100%\u00bb custom_margin=\u00bb||15px||false|false\u00bb custom_padding=\u00bb|40px||40px|false|true\u00bb custom_padding_tablet=\u00bb|30px||30px|false|true\u00bb custom_padding_phone=\u00bb|20px||20px|false|true\u00bb custom_padding_last_edited=\u00bbon|phone\u00bb global_colors_info=\u00bb{}\u00bb]<\/p>\n<h5>Responsabilidad Corporativa<\/h5>\n<p>[\/et_pb_text][et_pb_button button_url=\u00bb@ET-DC@eyJkeW5hbWljIjp0cnVlLCJjb250ZW50IjoicG9zdF9saW5rX3VybF9wYWdlIiwic2V0dGluZ3MiOnsicG9zdF9pZCI6IjE0NCJ9fQ==@\u00bb button_text=\u00bbLeer m\u00e1s\u00bb _builder_version=\u00bb4.24.0&#8243; _dynamic_attributes=\u00bbbutton_url\u00bb _module_preset=\u00bb_initial\u00bb custom_margin=\u00bb|||40px|false|false\u00bb custom_margin_tablet=\u00bb|||\u00bb custom_margin_phone=\u00bb|||20px|false|false\u00bb custom_margin_last_edited=\u00bbon|desktop\u00bb locked=\u00bboff\u00bb global_colors_info=\u00bb{}\u00bb][\/et_pb_button][\/et_pb_column][et_pb_column type=\u00bb1_4&#8243; _builder_version=\u00bb4.24.0&#8243; _module_preset=\u00bbdefault\u00bb custom_padding=\u00bb||30px||false|false\u00bb border_width_all=\u00bb1px\u00bb border_color_all=\u00bb#dbdbdb\u00bb global_colors_info=\u00bb{}\u00bb][et_pb_divider show_divider=\u00bboff\u00bb _builder_version=\u00bb4.24.0&#8243; _module_preset=\u00bbdefault\u00bb background_image=\u00bbhttps:\/\/ack3.eu\/wp-content\/uploads\/2024\/02\/profile-image-box-media.jpg\u00bb custom_margin=\u00bb||20px||false|false\u00bb custom_padding=\u00bb10vh||10vh||true|false\u00bb custom_padding_tablet=\u00bb\u00bb custom_padding_phone=\u00bb13vh||13vh||true|false\u00bb custom_padding_last_edited=\u00bbon|phone\u00bb global_colors_info=\u00bb{}\u00bb][\/et_pb_divider][et_pb_text _builder_version=\u00bb4.24.0&#8243; _dynamic_attributes=\u00bblink_option_url\u00bb _module_preset=\u00bb_initial\u00bb header_4_text_color=\u00bb#FFFFFF\u00bb header_5_font_size=\u00bb18px\u00bb max_width=\u00bb100%\u00bb custom_margin=\u00bb||15px||false|false\u00bb custom_padding=\u00bb|40px||40px|false|true\u00bb custom_padding_tablet=\u00bb|30px||30px|false|true\u00bb custom_padding_phone=\u00bb|20px||20px|false|true\u00bb custom_padding_last_edited=\u00bbon|phone\u00bb link_option_url=\u00bb@ET-DC@eyJkeW5hbWljIjp0cnVlLCJjb250ZW50IjoicG9zdF9saW5rX3VybF9wYWdlIiwic2V0dGluZ3MiOnsicG9zdF9pZCI6IjI1ODQxMDc2In19@\u00bb global_colors_info=\u00bb{}\u00bb]<\/p>\n<h5>Medios de Comunicaci\u00f3n<\/h5>\n<p>[\/et_pb_text][et_pb_button button_url=\u00bb@ET-DC@eyJkeW5hbWljIjp0cnVlLCJjb250ZW50IjoicG9zdF9saW5rX3VybF9wYWdlIiwic2V0dGluZ3MiOnsicG9zdF9pZCI6IjI1ODQxMDc2In19@\u00bb button_text=\u00bbLeer m\u00e1s\u00bb _builder_version=\u00bb4.24.0&#8243; _dynamic_attributes=\u00bbbutton_url\u00bb _module_preset=\u00bb_initial\u00bb custom_margin=\u00bb|||40px|false|false\u00bb custom_margin_tablet=\u00bb|||\u00bb custom_margin_phone=\u00bb|||20px|false|false\u00bb custom_margin_last_edited=\u00bbon|desktop\u00bb locked=\u00bboff\u00bb global_colors_info=\u00bb{}\u00bb][\/et_pb_button][\/et_pb_column][\/et_pb_row][\/et_pb_section][et_pb_section fb_built=\u00bb1&#8243; _builder_version=\u00bb4.24.0&#8243; _module_preset=\u00bbdefault\u00bb background_color=\u00bbrgba(0,0,0,0.28)\u00bb background_image=\u00bbhttps:\/\/ack3.eu\/wp-content\/uploads\/2024\/01\/grupo-gente-negocios-trabaja-juntos-oficina.webp\u00bb background_blend=\u00bbmultiply\u00bb custom_padding=\u00bb20px||20px||true|false\u00bb global_module=\u00bb25841044&#8243; locked=\u00bboff\u00bb global_colors_info=\u00bb{}\u00bb][et_pb_row _builder_version=\u00bb4.24.0&#8243; _module_preset=\u00bbdefault\u00bb global_colors_info=\u00bb{}\u00bb][et_pb_column type=\u00bb4_4&#8243; _builder_version=\u00bb4.24.0&#8243; _module_preset=\u00bbdefault\u00bb global_colors_info=\u00bb{}\u00bb][et_pb_text _builder_version=\u00bb4.24.0&#8243; _module_preset=\u00bbdefault\u00bb header_2_text_color=\u00bb#FFFFFF\u00bb custom_margin=\u00bb||26px||false|false\u00bb global_colors_info=\u00bb{}\u00bb]<\/p>\n<h2 style=\"text-align: center;\">\u00bfTienes alguna pregunta?<\/h2>\n<p>[\/et_pb_text][et_pb_divider divider_weight=\u00bb3px\u00bb _builder_version=\u00bb4.24.0&#8243; _module_preset=\u00bbdefault\u00bb width=\u00bb9%\u00bb width_tablet=\u00bb17%\u00bb width_phone=\u00bb\u00bb width_last_edited=\u00bbon|phone\u00bb module_alignment=\u00bbcenter\u00bb custom_margin=\u00bb||15px||false|false\u00bb global_colors_info=\u00bb{}\u00bb][\/et_pb_divider][et_pb_text _builder_version=\u00bb4.24.0&#8243; _module_preset=\u00bbdefault\u00bb header_6_text_color=\u00bb#FFFFFF\u00bb global_colors_info=\u00bb{}\u00bb]<\/p>\n<h6 style=\"text-align: center;\">\u00a1Conectemos!<\/h6>\n<p>[\/et_pb_text][et_pb_button button_url=\u00bb@ET-DC@eyJkeW5hbWljIjp0cnVlLCJjb250ZW50IjoicG9zdF9saW5rX3VybF9wYWdlIiwic2V0dGluZ3MiOnsicG9zdF9pZCI6IjExNiIsImVuYWJsZV9odG1sIjoib2ZmIn19@\u00bb button_text=\u00bbContacto\u00bb button_alignment=\u00bbcenter\u00bb _builder_version=\u00bb4.24.0&#8243; _dynamic_attributes=\u00bbbutton_url\u00bb _module_preset=\u00bbdefault\u00bb global_colors_info=\u00bb{}\u00bb][\/et_pb_button][\/et_pb_column][\/et_pb_row][\/et_pb_section]<\/p>\n","protected":false},"excerpt":{"rendered":"<p>\u00d3scar Ruiz P\u00e9rez, Regional Unit de ACK3 experto en inteligencia, seguridad, defensa con m\u00e1s de 30 a\u00f1os en la Infanter\u00eda de Marina.<\/p>\n","protected":false},"author":2,"featured_media":0,"parent":0,"menu_order":0,"comment_status":"closed","ping_status":"closed","template":"","meta":{"_et_pb_use_builder":"on","_et_pb_old_content":"","_et_gb_content_width":"","footnotes":""},"dipi_cpt_category":[],"class_list":["post-25845376","page","type-page","status-publish","hentry"],"_links":{"self":[{"href":"https:\/\/ack3.eu\/es\/wp-json\/wp\/v2\/pages\/25845376","targetHints":{"allow":["GET"]}}],"collection":[{"href":"https:\/\/ack3.eu\/es\/wp-json\/wp\/v2\/pages"}],"about":[{"href":"https:\/\/ack3.eu\/es\/wp-json\/wp\/v2\/types\/page"}],"author":[{"embeddable":true,"href":"https:\/\/ack3.eu\/es\/wp-json\/wp\/v2\/users\/2"}],"replies":[{"embeddable":true,"href":"https:\/\/ack3.eu\/es\/wp-json\/wp\/v2\/comments?post=25845376"}],"version-history":[{"count":0,"href":"https:\/\/ack3.eu\/es\/wp-json\/wp\/v2\/pages\/25845376\/revisions"}],"wp:attachment":[{"href":"https:\/\/ack3.eu\/es\/wp-json\/wp\/v2\/media?parent=25845376"}],"wp:term":[{"taxonomy":"dipi_cpt_category","embeddable":true,"href":"https:\/\/ack3.eu\/es\/wp-json\/wp\/v2\/dipi_cpt_category?post=25845376"}],"curies":[{"name":"wp","href":"https:\/\/api.w.org\/{rel}","templated":true}]}}