{"id":25844602,"date":"2024-02-01T10:05:57","date_gmt":"2024-02-01T09:05:57","guid":{"rendered":"https:\/\/ack3.eu\/productos\/monitor-geolocalizador-tmg\/"},"modified":"2024-10-07T14:16:25","modified_gmt":"2024-10-07T12:16:25","slug":"monitor-geolocalizador-tmg","status":"publish","type":"page","link":"https:\/\/ack3.eu\/es\/productos\/monitor-geolocalizador-tmg\/","title":{"rendered":"Monitor-Geolocalizador (TMG\u2122)"},"content":{"rendered":"<p>[et_pb_section fb_built=\u00bb1&#8243; _builder_version=\u00bb4.24.0&#8243; _module_preset=\u00bbdefault\u00bb background_color=\u00bb#000000&#8243; background_pattern_repeat_origin=\u00bbcenter\u00bb custom_padding=\u00bb13px||13px||true|false\u00bb saved_tabs=\u00bball\u00bb locked=\u00bboff\u00bb global_colors_info=\u00bb{}\u00bb][et_pb_row _builder_version=\u00bb4.24.0&#8243; _module_preset=\u00bb32edda46-f9f8-4bcc-acb6-81abff8182ae\u00bb custom_margin=\u00bb||0px||false|false\u00bb custom_padding=\u00bb4px||4px||true|false\u00bb global_colors_info=\u00bb{}\u00bb][et_pb_column type=\u00bb4_4&#8243; _builder_version=\u00bb4.20.4&#8243; _module_preset=\u00bbdefault\u00bb global_colors_info=\u00bb{}\u00bb][dipi_breadcrumbs bc_home_text=\u00bbHome\u00bb bc_home_url=\u00bb\/\u00bb bc_items_alignment=\u00bbdipi-bc-left\u00bb bc_item_padding=\u00bb|10px||10px|false|true\u00bb bc_active_item_padding=\u00bb|20px||10px|true|false\u00bb _builder_version=\u00bb4.24.0&#8243; _module_preset=\u00bbdefault\u00bb active_text_color=\u00bb#BADFF7&#8243; global_colors_info=\u00bb{}\u00bb][\/dipi_breadcrumbs][\/et_pb_column][\/et_pb_row][\/et_pb_section][et_pb_section fb_built=\u00bb1&#8243; _builder_version=\u00bb4.24.0&#8243; _module_preset=\u00bbdefault\u00bb locked=\u00bboff\u00bb global_colors_info=\u00bb{}\u00bb][et_pb_row _builder_version=\u00bb4.24.0&#8243; _module_preset=\u00bbdefault\u00bb locked=\u00bboff\u00bb global_colors_info=\u00bb{}\u00bb][et_pb_column type=\u00bb4_4&#8243; _builder_version=\u00bb4.24.0&#8243; _module_preset=\u00bbdefault\u00bb global_colors_info=\u00bb{}\u00bb][et_pb_text _builder_version=\u00bb4.25.1&#8243; _module_preset=\u00bb13ddcc34-f131-47ca-8026-edc37a2f8af8&#8243; global_colors_info=\u00bb{}\u00bb]<\/p>\n<h1 style=\"text-align: center;\">Monitor-Geolocalizador (TMG\u2122)<\/h1>\n<p style=\"text-align: center;\">El <strong>Monitor-Geolocalizador (TMG\u2122) es una plataforma de \u00faltima generaci\u00f3n dise\u00f1ada para consolidar datos de seguimiento y alertas de diversos dispositivos en una interfaz \u00fanica y f\u00e1cil de usar<\/strong>. Permite a las organizaciones monitorear efectivamente la ubicaci\u00f3n de su personal y responder r\u00e1pidamente a cualquier emergencia o situaci\u00f3n cr\u00edtica.<\/p>\n<p>[\/et_pb_text][\/et_pb_column][\/et_pb_row][et_pb_row column_structure=\u00bb1_2,1_2&#8243; module_class=\u00bbagf-vertical-align\u00bb _builder_version=\u00bb4.24.0&#8243; _module_preset=\u00bbdefault\u00bb custom_padding=\u00bb0px||||false|false\u00bb global_colors_info=\u00bb{}\u00bb][et_pb_column type=\u00bb1_2&#8243; _builder_version=\u00bb4.24.0&#8243; _module_preset=\u00bbdefault\u00bb global_colors_info=\u00bb{}\u00bb][et_pb_image src=\u00bbhttps:\/\/ack3.eu\/wp-content\/uploads\/2024\/01\/Tracking-Monitoring-2.webp\u00bb title_text=\u00bbMonitor-Geolocalizador\u00bb _builder_version=\u00bb4.24.0&#8243; _module_preset=\u00bbdefault\u00bb global_colors_info=\u00bb{}\u00bb][\/et_pb_image][\/et_pb_column][et_pb_column type=\u00bb1_2&#8243; _builder_version=\u00bb4.24.0&#8243; _module_preset=\u00bbdefault\u00bb global_colors_info=\u00bb{}\u00bb][et_pb_text _builder_version=\u00bb4.24.2&#8243; _module_preset=\u00bbdefault\u00bb global_colors_info=\u00bb{}\u00bb]<\/p>\n<h2>\u00bfQu\u00e9 es el ACK3 TMG<strong>\u2122<\/strong>?<\/h2>\n<p>TMG significa \u00ab<strong>Tracking Monitoring and Geolocator<\/strong>\u00bb (<strong>Seguimiento, Monitoreo y Geolocalizaci\u00f3n<\/strong>). Se refiere a un sistema o plataforma dise\u00f1ada para rastrear y monitorear la ubicaci\u00f3n de individuos o activos en tiempo real utilizando tecnolog\u00eda de geolocalizaci\u00f3n.<\/p>\n<blockquote>\n<p>Los sistemas TMG a menudo proporcionan funciones como alertas, geovallas y datos de seguimiento hist\u00f3ricos para mejorar la seguridad, la protecci\u00f3n y la eficiencia operativa.<\/p>\n<\/blockquote>\n<p>[\/et_pb_text][\/et_pb_column][\/et_pb_row][et_pb_row _builder_version=\u00bb4.24.0&#8243; _module_preset=\u00bbdefault\u00bb custom_padding=\u00bb||3px|||\u00bb global_colors_info=\u00bb{}\u00bb][et_pb_column type=\u00bb4_4&#8243; _builder_version=\u00bb4.24.0&#8243; _module_preset=\u00bbdefault\u00bb global_colors_info=\u00bb{}\u00bb][et_pb_text _builder_version=\u00bb4.27.2&#8243; _module_preset=\u00bbdefault\u00bb hover_enabled=\u00bb0&#8243; global_colors_info=\u00bb{}\u00bb sticky_enabled=\u00bb0&#8243;]<\/p>\n<h3>Beneficios: Mantener a su personal seguro mientras cumples con el &#8216;Duty of Care&#8217; como empleador<\/h3>\n<ul>\n<li><strong>Matriz<\/strong>: Visualice la informaci\u00f3n de seguimiento de todo su personal y dispositivos en un mapa personalizable. Editar y revisar activos cercanos, ubicaciones seguras y geovallas Consolidar informaci\u00f3n cr\u00edtica para acceder r\u00e1pidamente durante emergencias.<\/li>\n<li><strong>Colaborar<\/strong>: Permitir a los usuarios compartir informaci\u00f3n cr\u00edtica f\u00e1cilmente y colaborar con colegas que trabajan en equipos remotos a trav\u00e9s de una vista compartida y centralizada de los datos.<\/li>\n<li><strong>Responder<\/strong>: Responder r\u00e1pidamente a las alertas en tiempo real activadas por individuos bajo su cuidado. Gestionar y revisar alarmas de emergencia e identificar y resolver r\u00e1pidamente situaciones cr\u00edticas.<\/li>\n<\/ul>\n<p>&nbsp;<\/p>\n<h3>Caracter\u00edsticas: Salvando vidas a nivel mundial<\/h3>\n<ul>\n<li><strong>Pantalla matriz<\/strong>: Una vista integral de datos de seguimiento y alertas en una sola pantalla, permitiendo un monitoreo y respuesta r\u00e1pidos y eficientes.<\/li>\n<li><strong>Alertas<\/strong>: Se reciben alertas de emergencia en tiempo real y personal\u00edcelas seg\u00fan la ubicaci\u00f3n de la geovalla, el tiempo y la criticidad del activo. Las alarmas no reportadas autom\u00e1ticamente activan alertas si los individuos o activos no se registran seg\u00fan lo programado. Reciba notificaciones si un activo excede los l\u00edmites de velocidad en ubicaciones espec\u00edficas.<\/li>\n<li><strong>Notificaciones<\/strong>: Gestiona los eventos cr\u00edticos con alertas personalizables en la aplicaci\u00f3n y active notificaciones masivas por SMS y correo electr\u00f3nico a su equipo, asegurando que todos est\u00e9n informados.<\/li>\n<li><strong>Geovallas<\/strong>: Define l\u00edmites geogr\u00e1ficos para agregar contexto a su mapa y activar alertas cuando individuos o activos ingresen o salgan de \u00e1reas designadas.<\/li>\n<li><strong>Puntos de inter\u00e9s<\/strong>: Posiciona lugares de trabajo, hospitales u otras ubicaciones importantes junto con datos de seguimiento para proporcionar contexto adicional. Monitoree la proximidad de activos a puntos de inter\u00e9s para una mayor conciencia situacional.<\/li>\n<li><strong>Mensajes<\/strong>: Comunica directamente con individuos o grupos a trav\u00e9s de la plataforma de mensajer\u00eda en la aplicaci\u00f3n o SMS, mejorando la comunicaci\u00f3n durante emergencias.<\/li>\n<li><strong>Historial<\/strong>: Accede a una l\u00ednea de tiempo de eventos cr\u00edticos pasados para evaluar, aprender y planificar respuestas. Revisa el historial de movimientos para obtener informaci\u00f3n sobre c\u00f3mo los individuos han enfrentado situaciones anteriores.<\/li>\n<\/ul>\n<p>[\/et_pb_text][et_pb_text _builder_version=\u00bb4.27.2&#8243; _module_preset=\u00bbdefault\u00bb hover_enabled=\u00bb0&#8243; global_colors_info=\u00bb{}\u00bb sticky_enabled=\u00bb0&#8243;]<\/p>\n<blockquote>\n<p><strong>El Monitor-Geolocalizador (TMG) de ACK3 es una soluci\u00f3n integral dise\u00f1ada para mejorar la seguridad proporcionando a las organizaciones las herramientas necesarias para monitorear, responder y gestionar situaciones cr\u00edticas a nivel mundial.<\/strong><\/p>\n<\/blockquote>\n<p>[\/et_pb_text][\/et_pb_column][\/et_pb_row][et_pb_row _builder_version=\u00bb4.24.2&#8243; _module_preset=\u00bbdefault\u00bb background_color=\u00bbrgba(0,0,0,0.59)\u00bb background_image=\u00bbhttps:\/\/ack3.eu\/wp-content\/uploads\/2024\/02\/peligro-incertidumbre-mundo.jpg\u00bb background_blend=\u00bbmultiply\u00bb custom_padding=\u00bb80px||80px||true|false\u00bb border_radii=\u00bbon|3px|3px|3px|3px\u00bb box_shadow_style=\u00bbpreset3&#8243; saved_tabs=\u00bball\u00bb locked=\u00bboff\u00bb global_colors_info=\u00bb{}\u00bb][et_pb_column type=\u00bb4_4&#8243; _builder_version=\u00bb4.24.0&#8243; _module_preset=\u00bbdefault\u00bb global_colors_info=\u00bb{}\u00bb][et_pb_text _builder_version=\u00bb4.24.0&#8243; _module_preset=\u00bb13ddcc34-f131-47ca-8026-edc37a2f8af8&#8243; text_text_color=\u00bb#FFFFFF\u00bb header_2_text_color=\u00bb#FFFFFF\u00bb global_colors_info=\u00bb{}\u00bb]<\/p>\n<h2 style=\"text-align: center;\">\u00bfCurios@ sobre el estado del mundo?<\/h2>\n<p style=\"text-align: center;\">\u00a1Explora el Mapa Global de Riesgos 2024!<\/p>\n<p>[\/et_pb_text][et_pb_button button_url=\u00bb@ET-DC@eyJkeW5hbWljIjp0cnVlLCJjb250ZW50IjoicG9zdF9saW5rX3VybF9wYWdlIiwic2V0dGluZ3MiOnsicG9zdF9pZCI6IjI1ODQyMDY5IiwiZW5hYmxlX2h0bWwiOiJvZmYifX0=@\u00bb button_text=\u00bbMapa de Riesgo Global\u00bb button_alignment=\u00bbcenter\u00bb _builder_version=\u00bb4.24.0&#8243; _dynamic_attributes=\u00bbbutton_url\u00bb _module_preset=\u00bbdefault\u00bb global_colors_info=\u00bb{}\u00bb][\/et_pb_button][\/et_pb_column][\/et_pb_row][et_pb_row _builder_version=\u00bb4.27.2&#8243; _module_preset=\u00bbdefault\u00bb][et_pb_column _builder_version=\u00bb4.27.2&#8243; _module_preset=\u00bbdefault\u00bb type=\u00bb4_4&#8243;][et_pb_divider _builder_version=\u00bb4.27.2&#8243; _module_preset=\u00bbdefault\u00bb hover_enabled=\u00bb0&#8243; sticky_enabled=\u00bb0&#8243;][\/et_pb_divider][\/et_pb_column][\/et_pb_row][et_pb_row _builder_version=\u00bb4.24.0&#8243; _module_preset=\u00bbdefault\u00bb global_module=\u00bb25841311&#8243; saved_tabs=\u00bball\u00bb locked=\u00bboff\u00bb global_colors_info=\u00bb{}\u00bb][et_pb_column type=\u00bb4_4&#8243; _builder_version=\u00bb4.24.0&#8243; _module_preset=\u00bbdefault\u00bb global_colors_info=\u00bb{}\u00bb][et_pb_text _builder_version=\u00bb4.24.0&#8243; _module_preset=\u00bbe9776427-b859-4288-b0a2-c7103567bb8c\u00bb global_colors_info=\u00bb{}\u00bb]<\/p>\n<p style=\"text-align: center;\">Cont\u00e1ctanos<\/p>\n<p>[\/et_pb_text][et_pb_text _builder_version=\u00bb4.24.2&#8243; _dynamic_attributes=\u00bbcontent\u00bb _module_preset=\u00bb13ddcc34-f131-47ca-8026-edc37a2f8af8&#8243; header_2_text_align=\u00bbcenter\u00bb custom_margin=\u00bb||5px||false|false\u00bb global_colors_info=\u00bb{}\u00bb]@ET-DC@eyJkeW5hbWljIjp0cnVlLCJjb250ZW50IjoicG9zdF90aXRsZSIsInNldHRpbmdzIjp7ImJlZm9yZSI6IjxoMj4gXHUwMGJmRXN0XHUwMGUxcyBpbnRlcmVzYWRvIGVuIGxvcyBzZXJ2aWNpb3MgZGUgIiwiYWZ0ZXIiOiJkZSBBQ0szPzwvaDI+In19@[\/et_pb_text][et_pb_text _builder_version=\u00bb4.24.0&#8243; _module_preset=\u00bb13ddcc34-f131-47ca-8026-edc37a2f8af8&#8243; global_colors_info=\u00bb{}\u00bb]<\/p>\n<p style=\"text-align: center;\">Ponte en contacto con nosotros completando el siguiente formulario:<\/p>\n<p>[\/et_pb_text][dipi_gravity_forms_styler gf_form_id=\u00bb1&#8243; form_title=\u00bbhide\u00bb _builder_version=\u00bb4.24.0&#8243; _module_preset=\u00bbdefault\u00bb form_title_font_size=\u00bb0px\u00bb field_label_font=\u00bbTrade Gothic LT Bold Extended||||||||\u00bb field_label_font_size=\u00bb15px\u00bb required_field_indicator_font_size=\u00bb15px\u00bb field_description_font_size=\u00bb16px\u00bb checkbox_radio_label_font_size=\u00bb17px\u00bb custom_all=\u00bbon\u00bb all_text_size=\u00bb17px\u00bb all_bg_color=\u00bb#000000&#8243; all_font=\u00bb|600|||||||\u00bb all_use_icon=\u00bboff\u00bb max_width=\u00bb78%\u00bb max_width_tablet=\u00bb100%\u00bb max_width_phone=\u00bb\u00bb max_width_last_edited=\u00bbon|desktop\u00bb module_alignment=\u00bbcenter\u00bb global_colors_info=\u00bb{}\u00bb all_bg_color__hover_enabled=\u00bbon|hover\u00bb all_bg_color__hover=\u00bb#535353&#8243; all_bg_enable_color__hover=\u00bbon\u00bb][\/dipi_gravity_forms_styler][\/et_pb_column][\/et_pb_row][\/et_pb_section]<\/p>\n","protected":false},"excerpt":{"rendered":"<p>Permite a las organizaciones monitorear la ubicaci\u00f3n de su personal y responder r\u00e1pidamente a cualquier emergencia o situaci\u00f3n cr\u00edtica.<\/p>\n","protected":false},"author":1,"featured_media":25842978,"parent":25843888,"menu_order":0,"comment_status":"closed","ping_status":"closed","template":"","meta":{"_et_pb_use_builder":"on","_et_pb_old_content":"","_et_gb_content_width":"","footnotes":""},"dipi_cpt_category":[],"class_list":["post-25844602","page","type-page","status-publish","has-post-thumbnail","hentry"],"_links":{"self":[{"href":"https:\/\/ack3.eu\/es\/wp-json\/wp\/v2\/pages\/25844602","targetHints":{"allow":["GET"]}}],"collection":[{"href":"https:\/\/ack3.eu\/es\/wp-json\/wp\/v2\/pages"}],"about":[{"href":"https:\/\/ack3.eu\/es\/wp-json\/wp\/v2\/types\/page"}],"author":[{"embeddable":true,"href":"https:\/\/ack3.eu\/es\/wp-json\/wp\/v2\/users\/1"}],"replies":[{"embeddable":true,"href":"https:\/\/ack3.eu\/es\/wp-json\/wp\/v2\/comments?post=25844602"}],"version-history":[{"count":0,"href":"https:\/\/ack3.eu\/es\/wp-json\/wp\/v2\/pages\/25844602\/revisions"}],"up":[{"embeddable":true,"href":"https:\/\/ack3.eu\/es\/wp-json\/wp\/v2\/pages\/25843888"}],"wp:featuredmedia":[{"embeddable":true,"href":"https:\/\/ack3.eu\/es\/wp-json\/wp\/v2\/media\/25842978"}],"wp:attachment":[{"href":"https:\/\/ack3.eu\/es\/wp-json\/wp\/v2\/media?parent=25844602"}],"wp:term":[{"taxonomy":"dipi_cpt_category","embeddable":true,"href":"https:\/\/ack3.eu\/es\/wp-json\/wp\/v2\/dipi_cpt_category?post=25844602"}],"curies":[{"name":"wp","href":"https:\/\/api.w.org\/{rel}","templated":true}]}}