{"id":25844599,"date":"2024-02-06T14:45:15","date_gmt":"2024-02-06T13:45:15","guid":{"rendered":"https:\/\/ack3.eu\/perfil\/jorge-quintana\/"},"modified":"2024-12-18T15:13:58","modified_gmt":"2024-12-18T14:13:58","slug":"jorge-quintana","status":"publish","type":"page","link":"https:\/\/ack3.eu\/es\/perfil\/jorge-quintana\/","title":{"rendered":"Jorge Quintana"},"content":{"rendered":"<p>[et_pb_section fb_built=\u00bb1&#8243; _builder_version=\u00bb4.24.0&#8243; _module_preset=\u00bbdefault\u00bb background_color=\u00bb#000000&#8243; background_pattern_repeat_origin=\u00bbcenter\u00bb custom_padding=\u00bb13px||13px||true|false\u00bb saved_tabs=\u00bball\u00bb locked=\u00bboff\u00bb global_colors_info=\u00bb{}\u00bb][et_pb_row _builder_version=\u00bb4.24.0&#8243; _module_preset=\u00bb32edda46-f9f8-4bcc-acb6-81abff8182ae\u00bb custom_margin=\u00bb||0px||false|false\u00bb custom_padding=\u00bb4px||4px||true|false\u00bb global_colors_info=\u00bb{}\u00bb][et_pb_column type=\u00bb4_4&#8243; _builder_version=\u00bb4.20.4&#8243; _module_preset=\u00bbdefault\u00bb global_colors_info=\u00bb{}\u00bb][dipi_breadcrumbs bc_home_text=\u00bbHome\u00bb bc_home_url=\u00bb\/\u00bb bc_items_alignment=\u00bbdipi-bc-left\u00bb bc_item_padding=\u00bb|10px||10px|false|true\u00bb bc_active_item_padding=\u00bb|20px||10px|true|false\u00bb _builder_version=\u00bb4.24.0&#8243; _module_preset=\u00bbdefault\u00bb active_text_color=\u00bb#BADFF7&#8243; global_colors_info=\u00bb{}\u00bb][\/dipi_breadcrumbs][\/et_pb_column][\/et_pb_row][\/et_pb_section][et_pb_section fb_built=\u00bb1&#8243; _builder_version=\u00bb4.24.0&#8243; _module_preset=\u00bbdefault\u00bb global_colors_info=\u00bb{}\u00bb][et_pb_row column_structure=\u00bb1_3,2_3&#8243; module_class=\u00bbagf-vertical-align\u00bb _builder_version=\u00bb4.24.0&#8243; _module_preset=\u00bbdefault\u00bb background_color=\u00bbrgba(0,0,0,0.81)\u00bb background_image=\u00bbhttps:\/\/ack3.eu\/wp-content\/uploads\/2024\/01\/1.jpg\u00bb background_blend=\u00bbmultiply\u00bb custom_padding=\u00bb0px||0px||true|false\u00bb border_radii=\u00bbon|3px|3px|3px|3px\u00bb global_colors_info=\u00bb{}\u00bb][et_pb_column type=\u00bb1_3&#8243; _builder_version=\u00bb4.24.0&#8243; _module_preset=\u00bbdefault\u00bb global_colors_info=\u00bb{}\u00bb][et_pb_image src=\u00bbhttps:\/\/ack3.eu\/wp-content\/uploads\/2024\/02\/JAQM2.webp\u00bb title_text=\u00bbJAQM2&#8243; _builder_version=\u00bb4.24.0&#8243; _module_preset=\u00bbdefault\u00bb global_colors_info=\u00bb{}\u00bb][\/et_pb_image][\/et_pb_column][et_pb_column type=\u00bb2_3&#8243; _builder_version=\u00bb4.24.0&#8243; _module_preset=\u00bbdefault\u00bb global_colors_info=\u00bb{}\u00bb][et_pb_blurb title=\u00bbJorge Quintana\u00bb use_icon=\u00bbon\u00bb font_icon=\u00bb&#xf105;||fa||900&#8243; icon_placement=\u00bbleft\u00bb image_icon_width=\u00bb178px\u00bb content_max_width=\u00bb1100px\u00bb image_icon_width_tablet=\u00bb138px\u00bb image_icon_width_phone=\u00bb105px\u00bb image_icon_width_last_edited=\u00bbon|desktop\u00bb _builder_version=\u00bb4.24.2&#8243; _module_preset=\u00bbdefault\u00bb header_level=\u00bbh1&#8243; header_text_color=\u00bb#FFFFFF\u00bb header_font_size=\u00bb36px\u00bb body_text_color=\u00bb#FFFFFF\u00bb body_font_size=\u00bb26px\u00bb custom_margin=\u00bb||4px||false|false\u00bb header_font_size_tablet=\u00bb33px\u00bb header_font_size_phone=\u00bb26px\u00bb header_font_size_last_edited=\u00bbon|phone\u00bb body_font_size_tablet=\u00bb23px\u00bb body_font_size_phone=\u00bb20px\u00bb body_font_size_last_edited=\u00bbon|phone\u00bb global_colors_info=\u00bb{}\u00bb]<\/p>\n<p>CEO<\/p>\n<p>[\/et_pb_blurb][dipi_button_grid flex_direction=\u00bbrow\u00bb justify_content=\u00bbflex-start\u00bb align_items=\u00bbcenter\u00bb _builder_version=\u00bb4.27.4&#8243; _module_preset=\u00bbdefault\u00bb text_style_text_color=\u00bb#FFFFFF\u00bb text_style_font_size=\u00bb18px\u00bb hover_enabled=\u00bb0&#8243; global_colors_info=\u00bb{}\u00bb link_option_url=\u00bbhttps:\/\/www.linkedin.com\/in\/jorge-quintana-91118525\/\u00bb sticky_enabled=\u00bb0&#8243;][dipi_button_grid_child button_id=\u00bblinkedin\u00bb button_type=\u00bbdp_button\u00bb button_text=\u00bbLINKEDIN\u00bb button_link=\u00bbhttps:\/\/www.linkedin.com\/in\/jorge-quintana-91118525\/\u00bb button_link_target=\u00bbon\u00bb _builder_version=\u00bb4.27.4&#8243; _module_preset=\u00bbdefault\u00bb text_style_font=\u00bb|600|||||||\u00bb custom_button=\u00bbon\u00bb button_font=\u00bb|600|||||||\u00bb button_use_icon=\u00bbon\u00bb button_icon=\u00bb&#xe0cb;||divi||400&#8243; button_icon_placement=\u00bbleft\u00bb button_on_hover=\u00bboff\u00bb button_custom_padding=\u00bb10px|10px|10px|33px|true|false\u00bb hover_enabled=\u00bb0&#8243; global_colors_info=\u00bb{}\u00bb sticky_enabled=\u00bb0&#8243;][\/dipi_button_grid_child][\/dipi_button_grid][\/et_pb_column][\/et_pb_row][et_pb_row _builder_version=\u00bb4.24.0&#8243; _module_preset=\u00bbdefault\u00bb custom_padding=\u00bb||41px|||\u00bb global_colors_info=\u00bb{}\u00bb][et_pb_column type=\u00bb4_4&#8243; _builder_version=\u00bb4.24.0&#8243; _module_preset=\u00bbdefault\u00bb global_colors_info=\u00bb{}\u00bb][et_pb_text _builder_version=\u00bb4.25.1&#8243; _module_preset=\u00bb13ddcc34-f131-47ca-8026-edc37a2f8af8&#8243; ul_font=\u00bb||||||||\u00bb ul_line_height=\u00bb1.4em\u00bb global_colors_info=\u00bb{}\u00bb]<\/p>\n<p><strong>Jorge Quintana<\/strong> lidera ACK3 como su CEO, con una s\u00f3lida trayectoria como <strong>distinguido veterano<\/strong> <span>de las <\/span> <a href=\"https:\/\/ejercito.defensa.gob.es\/en\/unidades\/Alicante\/cg_moe\/\" target=\"_blank\" rel=\"noopener\">Fuerzas Especiales Espa\u00f1olas<\/a> y las unidades de Buceadores de Asalto. Su <strong>amplia experiencia militar, que abarca m\u00e1s de 25 a\u00f1os, lo ha dotado de un profundo conocimiento en seguridad, gesti\u00f3n de emergencias y resiliencia, con compromisos profesionales en m\u00e1s de 50 pa\u00edses<\/strong>. La experiencia de Quintana se ve ampliada por sus roles en asistencia militar y cooperaci\u00f3n civil-militar.<\/p>\n<p>Al pasar de lo militar al mundo corporativo, Jorge Quintana ha ocupado <strong>puestos influyentes en grandes corporaciones<\/strong> como <a href=\"https:\/\/www.iberdrola.com\/home\" target=\"_blank\" rel=\"noopener\">Iberdrola<\/a>, <a href=\"https:\/\/www.cepsa.es\/en\/company\" target=\"_blank\" rel=\"noopener\">Cepsa<\/a>, <a href=\"https:\/\/www.acciona.com\" target=\"_blank\" rel=\"noopener\">Acciona<\/a>, <a href=\"https:\/\/www.group.sener\/?lang=en\" target=\"_blank\" rel=\"noopener\">Sener<\/a> y <a href=\"https:\/\/www.ferrovial.com\/en\/\" target=\"_blank\" rel=\"noopener\">Ferrovial<\/a>, demostrando su capacidad \u00fanica para adaptar sus habilidades estrat\u00e9gicas y operativas al entorno corporativo. <strong>Su perspicacia creativa y financiera, poco com\u00fan entre los profesionales de las fuerzas especiales<\/strong>, ha resultado invaluable para navegar por paisajes empresariales complejos.<\/p>\n<p>Como l\u00edder, Quintana es conocido por su enfoque proactivo, sus habilidades de gesti\u00f3n y consultor\u00eda integrales, y una vasta red de contactos, asegurando que los clientes de ACK3 reciban un valor excepcional, soluciones empresariales innovadoras y estrategias de resiliencia \u00f3ptimas para prosperar en situaciones desafiantes.<\/p>\n<p>&nbsp;<\/p>\n<h2>Educaci\u00f3n<\/h2>\n<ul>\n<li><strong>M\u00e1ster en Administraci\u00f3n de Negocios (MBA)<\/strong> por la <a href=\"https:\/\/eneb.com\/\" target=\"_blank\" rel=\"noopener\">European Business School de Barcelona (ENEB)<\/a>, 2017-2018. Barcelona, Espa\u00f1a.<br \/><strong><\/strong><\/li>\n<li><strong>Curso de Ciberseguridad para PYMES y trabajadores aut\u00f3nomos<\/strong> por el <a href=\"https:\/\/www.incibe.es\/\" target=\"_blank\" rel=\"noopener\">Instituto Nacional de Ciberseguridad de Espa\u00f1a (INCIBE)<\/a>, Le\u00f3n, Spain.<br \/><strong><\/strong><\/li>\n<li><strong>Master en Ciberseguridad<\/strong> de <a href=\"https:\/\/www.imf-formacion.com\/escuelas\/ciberseguridad-deloitte\" target=\"_blank\" rel=\"noopener\">IMF Smart Education<\/a> en colaboraci\u00f3n con <a href=\"https:\/\/www.deloitte.com\/global\/en\" target=\"_blank\" rel=\"noopener\">Deloitte<\/a>, 2016-2017. Madrid, Espa\u00f1a.<br \/><strong><\/strong><\/li>\n<li><strong>Certificaci\u00f3n Auditor de Resiliencia RES<\/strong> por <a href=\"https:\/\/www.asisonline.org\/\" target=\"_blank\" rel=\"noopener\">ASIS Internacional<\/a>, 2013. Alexandria, Virginia, EE. UU.<br \/><strong><\/strong><\/li>\n<li><strong>Certificado de Gesti\u00f3n Efectiva para Profesionales de la Seguridad<\/strong> por el <a href=\"https:\/\/www.ie.edu\/es\/business-school\/\" target=\"_blank\" rel=\"noopener\">IE Business School<\/a>, 2013. Madrid, Espa\u00f1a.<br \/><strong>Curso en Estudios Internacionales Avanzados<\/strong> por la <a href=\"https:\/\/www.sociedadestudiosinternacionales.org\/\" target=\"_blank\" rel=\"noopener\">Sociedad de Estudios Internacionales<\/a>, 2012. Madrid, Espa\u00f1a.<br \/><strong><\/strong><\/li>\n<li><strong>Certificado de Gesti\u00f3n Segura<\/strong> por la <span><a href=\"https:\/\/iosh.com\/\" target=\"_blank\" rel=\"noopener\"> Instituci\u00f3n de Seguridad y Salud Ocupacional (IOSH)<\/a>,<\/span> 2010. <span>Leicestershire, Reino Unido.<\/span><br \/><strong><\/strong><\/li>\n<li><strong>Gesti\u00f3n Integral de Seguridad<\/strong> por la <a href=\"https:\/\/www.uvic.cat\/\" target=\"_blank\" rel=\"noopener\">Universitat de Vic \u2013 Universitat Central de Catalunya (UVic-UCC)<\/a>, 2010-2011. Barcelona, Espa\u00f1a.<br \/><strong><\/strong><\/li>\n<li><strong>Curso en Gesti\u00f3n y Consultor\u00eda de Seguridad<\/strong> por la <a href=\"https:\/\/www.leedsbeckett.ac.uk\/\" target=\"_blank\" rel=\"noopener\">Leeds Beckett University<\/a>. 2009-2011. Leeds<span>, Reino Unido<\/span><br \/><strong><\/strong><\/li>\n<li><strong>Ciencias Militares<\/strong> en la <a href=\"https:\/\/ejercito.defensa.gob.es\/en\/unidades\/Madrid\/eget\/\" target=\"_blank\" rel=\"noopener\">Escuela de Guerra del Ej\u00e9rcito (Spanish Army War College)<\/a>, 2006-2007. Tarifa, C\u00e1diz, Espa\u00f1a.<br \/><strong><\/strong><\/li>\n<li><strong>Oficial del Cuerpo General de Armas<\/strong>, <strong>Infanter\u00eda<\/strong>, de la <a href=\"https:\/\/ejercito.defensa.gob.es\/en\/unidades\/Zaragoza\/agm\/\" target=\"_blank\" rel=\"noopener\">Academia General Militar<\/a>, 1991-1996. Zaragoza, Espa\u00f1a<\/li>\n<\/ul>\n<p>[\/et_pb_text][\/et_pb_column][\/et_pb_row][et_pb_row _builder_version=\u00bb4.24.2&#8243; _module_preset=\u00bbdefault\u00bb global_colors_info=\u00bb{}\u00bb][et_pb_column type=\u00bb4_4&#8243; _builder_version=\u00bb4.24.2&#8243; _module_preset=\u00bbdefault\u00bb global_colors_info=\u00bb{}\u00bb][et_pb_text _builder_version=\u00bb4.24.2&#8243; _module_preset=\u00bbdefault\u00bb global_colors_info=\u00bb{}\u00bb]<\/p>\n<h2 style=\"text-align: center;\">Noticias relacionadas<\/h2>\n<p>[\/et_pb_text][et_pb_blog posts_number=\u00bb6&#8243; include_categories=\u00bb104&#8243; show_more=\u00bbon\u00bb show_author=\u00bboff\u00bb show_categories=\u00bboff\u00bb module_class=\u00bbdipi-styled-blog\u00bb _builder_version=\u00bb4.27.3&#8243; _module_preset=\u00bbdefault\u00bb locked=\u00bboff\u00bb global_colors_info=\u00bb{}\u00bb][\/et_pb_blog][\/et_pb_column][\/et_pb_row][\/et_pb_section][et_pb_section fb_built=\u00bb1&#8243; _builder_version=\u00bb4.24.0&#8243; _module_preset=\u00bbdefault\u00bb custom_padding=\u00bb0px||||false|false\u00bb global_module=\u00bb25841043&#8243; locked=\u00bboff\u00bb global_colors_info=\u00bb{}\u00bb][et_pb_row _builder_version=\u00bb4.24.0&#8243; _module_preset=\u00bbdefault\u00bb custom_padding=\u00bb||22px|||\u00bb global_colors_info=\u00bb{}\u00bb][et_pb_column type=\u00bb4_4&#8243; _builder_version=\u00bb4.24.0&#8243; _module_preset=\u00bbdefault\u00bb global_colors_info=\u00bb{}\u00bb][et_pb_text _builder_version=\u00bb4.24.0&#8243; _module_preset=\u00bb13ddcc34-f131-47ca-8026-edc37a2f8af8&#8243; global_colors_info=\u00bb{}\u00bb]<\/p>\n<h2 style=\"text-align: center;\">Conoce m\u00e1s sobre ACK3<\/h2>\n<p>[\/et_pb_text][\/et_pb_column][\/et_pb_row][et_pb_row column_structure=\u00bb1_4,1_4,1_4,1_4&#8243; use_custom_gutter=\u00bbon\u00bb gutter_width=\u00bb2&#8243; make_equal=\u00bbon\u00bb _builder_version=\u00bb4.24.0&#8243; _module_preset=\u00bbdefault\u00bb locked=\u00bboff\u00bb global_colors_info=\u00bb{}\u00bb][et_pb_column type=\u00bb1_4&#8243; _builder_version=\u00bb4.24.0&#8243; _module_preset=\u00bbdefault\u00bb custom_padding=\u00bb||30px||false|false\u00bb border_width_all=\u00bb1px\u00bb border_color_all=\u00bb#dbdbdb\u00bb global_colors_info=\u00bb{}\u00bb][et_pb_divider show_divider=\u00bboff\u00bb _builder_version=\u00bb4.24.2&#8243; _module_preset=\u00bbdefault\u00bb background_image=\u00bbhttps:\/\/ack3.eu\/wp-content\/uploads\/2024\/03\/Quintana-Wiwi-Middle-East-Risk-Management-Consulting-ACK3-security.jpg\u00bb custom_margin=\u00bb||20px||false|false\u00bb custom_padding=\u00bb10vh||10vh||true|false\u00bb custom_padding_tablet=\u00bb\u00bb custom_padding_phone=\u00bb13vh||13vh||true|false\u00bb custom_padding_last_edited=\u00bbon|phone\u00bb global_colors_info=\u00bb{}\u00bb][\/et_pb_divider][et_pb_text _builder_version=\u00bb4.24.0&#8243; _dynamic_attributes=\u00bblink_option_url\u00bb _module_preset=\u00bb_initial\u00bb header_4_text_color=\u00bb#FFFFFF\u00bb header_5_font_size=\u00bb18px\u00bb max_width=\u00bb100%\u00bb custom_margin=\u00bb||15px||false|false\u00bb custom_padding=\u00bb|40px||40px|false|true\u00bb custom_padding_tablet=\u00bb|30px||30px|false|true\u00bb custom_padding_phone=\u00bb|20px||20px|false|true\u00bb custom_padding_last_edited=\u00bbon|phone\u00bb link_option_url=\u00bb@ET-DC@eyJkeW5hbWljIjp0cnVlLCJjb250ZW50IjoicG9zdF9saW5rX3VybF9wYWdlIiwic2V0dGluZ3MiOnsicG9zdF9pZCI6IjEzNSJ9fQ==@\u00bb global_colors_info=\u00bb{}\u00bb]<\/p>\n<h5>Perfil<\/h5>\n<p>[\/et_pb_text][et_pb_button button_url=\u00bb@ET-DC@eyJkeW5hbWljIjp0cnVlLCJjb250ZW50IjoicG9zdF9saW5rX3VybF9wYWdlIiwic2V0dGluZ3MiOnsicG9zdF9pZCI6IjEzNSJ9fQ==@\u00bb button_text=\u00bbLeer m\u00e1s\u00bb _builder_version=\u00bb4.24.0&#8243; _dynamic_attributes=\u00bbbutton_url\u00bb _module_preset=\u00bb_initial\u00bb custom_margin=\u00bb|||40px|false|false\u00bb custom_margin_tablet=\u00bb|||\u00bb custom_margin_phone=\u00bb|||20px|false|false\u00bb custom_margin_last_edited=\u00bbon|desktop\u00bb locked=\u00bboff\u00bb global_colors_info=\u00bb{}\u00bb][\/et_pb_button][\/et_pb_column][et_pb_column type=\u00bb1_4&#8243; _builder_version=\u00bb4.24.0&#8243; _module_preset=\u00bbdefault\u00bb custom_padding=\u00bb||30px||false|false\u00bb border_width_all=\u00bb1px\u00bb border_color_all=\u00bb#dbdbdb\u00bb global_colors_info=\u00bb{}\u00bb][et_pb_divider show_divider=\u00bboff\u00bb _builder_version=\u00bb4.24.0&#8243; _module_preset=\u00bbdefault\u00bb background_image=\u00bbhttps:\/\/ack3.eu\/wp-content\/uploads\/2024\/02\/profile-image-box-GO.jpg\u00bb custom_margin=\u00bb||20px||false|false\u00bb custom_padding=\u00bb10vh||10vh||true|false\u00bb custom_padding_tablet=\u00bb\u00bb custom_padding_phone=\u00bb13vh||13vh||true|false\u00bb custom_padding_last_edited=\u00bbon|phone\u00bb global_colors_info=\u00bb{}\u00bb][\/et_pb_divider][et_pb_text _builder_version=\u00bb4.24.2&#8243; _dynamic_attributes=\u00bblink_option_url\u00bb _module_preset=\u00bb_initial\u00bb header_4_text_color=\u00bb#FFFFFF\u00bb header_5_font_size=\u00bb18px\u00bb max_width=\u00bb100%\u00bb custom_margin=\u00bb||15px||false|false\u00bb custom_padding=\u00bb|40px||40px|false|true\u00bb custom_padding_tablet=\u00bb|30px||30px|false|true\u00bb custom_padding_phone=\u00bb|20px||20px|false|true\u00bb custom_padding_last_edited=\u00bbon|phone\u00bb link_option_url=\u00bb@ET-DC@eyJkeW5hbWljIjp0cnVlLCJjb250ZW50IjoicG9zdF9saW5rX3VybF9wYWdlIiwic2V0dGluZ3MiOnsicG9zdF9pZCI6IjEzNyJ9fQ==@\u00bb global_colors_info=\u00bb{}\u00bb]<\/p>\n<h5>Oficinas internacionales<\/h5>\n<p>[\/et_pb_text][et_pb_button button_url=\u00bb@ET-DC@eyJkeW5hbWljIjp0cnVlLCJjb250ZW50IjoicG9zdF9saW5rX3VybF9wYWdlIiwic2V0dGluZ3MiOnsicG9zdF9pZCI6IjEzNyJ9fQ==@\u00bb button_text=\u00bbLeer m\u00e1s\u00bb _builder_version=\u00bb4.24.0&#8243; _dynamic_attributes=\u00bbbutton_url\u00bb _module_preset=\u00bb_initial\u00bb custom_margin=\u00bb|||40px|false|false\u00bb custom_margin_tablet=\u00bb|||\u00bb custom_margin_phone=\u00bb|||20px|false|false\u00bb custom_margin_last_edited=\u00bbon|desktop\u00bb locked=\u00bboff\u00bb global_colors_info=\u00bb{}\u00bb][\/et_pb_button][\/et_pb_column][et_pb_column type=\u00bb1_4&#8243; _builder_version=\u00bb4.24.0&#8243; _module_preset=\u00bbdefault\u00bb custom_padding=\u00bb||30px||false|false\u00bb border_width_all=\u00bb1px\u00bb border_color_all=\u00bb#dbdbdb\u00bb global_colors_info=\u00bb{}\u00bb][et_pb_divider show_divider=\u00bboff\u00bb _builder_version=\u00bb4.24.0&#8243; _module_preset=\u00bbdefault\u00bb background_image=\u00bbhttps:\/\/ack3.eu\/wp-content\/uploads\/2024\/02\/profile-image-box-cr.jpg\u00bb custom_margin=\u00bb||20px||false|false\u00bb custom_padding=\u00bb10vh||10vh||true|false\u00bb custom_padding_tablet=\u00bb\u00bb custom_padding_phone=\u00bb13vh||13vh||true|false\u00bb custom_padding_last_edited=\u00bbon|phone\u00bb global_colors_info=\u00bb{}\u00bb][\/et_pb_divider][et_pb_text _builder_version=\u00bb4.24.2&#8243; _module_preset=\u00bb_initial\u00bb header_4_text_color=\u00bb#FFFFFF\u00bb header_5_font_size=\u00bb18px\u00bb max_width=\u00bb100%\u00bb custom_margin=\u00bb||15px||false|false\u00bb custom_padding=\u00bb|40px||40px|false|true\u00bb custom_padding_tablet=\u00bb|30px||30px|false|true\u00bb custom_padding_phone=\u00bb|20px||20px|false|true\u00bb custom_padding_last_edited=\u00bbon|phone\u00bb global_colors_info=\u00bb{}\u00bb]<\/p>\n<h5>Responsabilidad Corporativa<\/h5>\n<p>[\/et_pb_text][et_pb_button button_url=\u00bb@ET-DC@eyJkeW5hbWljIjp0cnVlLCJjb250ZW50IjoicG9zdF9saW5rX3VybF9wYWdlIiwic2V0dGluZ3MiOnsicG9zdF9pZCI6IjE0NCJ9fQ==@\u00bb button_text=\u00bbLeer m\u00e1s\u00bb _builder_version=\u00bb4.24.0&#8243; _dynamic_attributes=\u00bbbutton_url\u00bb _module_preset=\u00bb_initial\u00bb custom_margin=\u00bb|||40px|false|false\u00bb custom_margin_tablet=\u00bb|||\u00bb custom_margin_phone=\u00bb|||20px|false|false\u00bb custom_margin_last_edited=\u00bbon|desktop\u00bb locked=\u00bboff\u00bb global_colors_info=\u00bb{}\u00bb][\/et_pb_button][\/et_pb_column][et_pb_column type=\u00bb1_4&#8243; _builder_version=\u00bb4.24.0&#8243; _module_preset=\u00bbdefault\u00bb custom_padding=\u00bb||30px||false|false\u00bb border_width_all=\u00bb1px\u00bb border_color_all=\u00bb#dbdbdb\u00bb global_colors_info=\u00bb{}\u00bb][et_pb_divider show_divider=\u00bboff\u00bb _builder_version=\u00bb4.24.0&#8243; _module_preset=\u00bbdefault\u00bb background_image=\u00bbhttps:\/\/ack3.eu\/wp-content\/uploads\/2024\/02\/profile-image-box-media.jpg\u00bb custom_margin=\u00bb||20px||false|false\u00bb custom_padding=\u00bb10vh||10vh||true|false\u00bb custom_padding_tablet=\u00bb\u00bb custom_padding_phone=\u00bb13vh||13vh||true|false\u00bb custom_padding_last_edited=\u00bbon|phone\u00bb global_colors_info=\u00bb{}\u00bb][\/et_pb_divider][et_pb_text _builder_version=\u00bb4.24.0&#8243; _dynamic_attributes=\u00bblink_option_url\u00bb _module_preset=\u00bb_initial\u00bb header_4_text_color=\u00bb#FFFFFF\u00bb header_5_font_size=\u00bb18px\u00bb max_width=\u00bb100%\u00bb custom_margin=\u00bb||15px||false|false\u00bb custom_padding=\u00bb|40px||40px|false|true\u00bb custom_padding_tablet=\u00bb|30px||30px|false|true\u00bb custom_padding_phone=\u00bb|20px||20px|false|true\u00bb custom_padding_last_edited=\u00bbon|phone\u00bb link_option_url=\u00bb@ET-DC@eyJkeW5hbWljIjp0cnVlLCJjb250ZW50IjoicG9zdF9saW5rX3VybF9wYWdlIiwic2V0dGluZ3MiOnsicG9zdF9pZCI6IjI1ODQxMDc2In19@\u00bb global_colors_info=\u00bb{}\u00bb]<\/p>\n<h5>Medios de Comunicaci\u00f3n<\/h5>\n<p>[\/et_pb_text][et_pb_button button_url=\u00bb@ET-DC@eyJkeW5hbWljIjp0cnVlLCJjb250ZW50IjoicG9zdF9saW5rX3VybF9wYWdlIiwic2V0dGluZ3MiOnsicG9zdF9pZCI6IjI1ODQxMDc2In19@\u00bb button_text=\u00bbLeer m\u00e1s\u00bb _builder_version=\u00bb4.24.0&#8243; _dynamic_attributes=\u00bbbutton_url\u00bb _module_preset=\u00bb_initial\u00bb custom_margin=\u00bb|||40px|false|false\u00bb custom_margin_tablet=\u00bb|||\u00bb custom_margin_phone=\u00bb|||20px|false|false\u00bb custom_margin_last_edited=\u00bbon|desktop\u00bb locked=\u00bboff\u00bb global_colors_info=\u00bb{}\u00bb][\/et_pb_button][\/et_pb_column][\/et_pb_row][\/et_pb_section][et_pb_section fb_built=\u00bb1&#8243; _builder_version=\u00bb4.24.0&#8243; _module_preset=\u00bbdefault\u00bb background_color=\u00bbrgba(0,0,0,0.28)\u00bb background_image=\u00bbhttps:\/\/ack3.eu\/wp-content\/uploads\/2024\/01\/grupo-gente-negocios-trabaja-juntos-oficina.webp\u00bb background_blend=\u00bbmultiply\u00bb custom_padding=\u00bb20px||20px||true|false\u00bb global_module=\u00bb25841044&#8243; global_colors_info=\u00bb{}\u00bb][et_pb_row _builder_version=\u00bb4.24.0&#8243; _module_preset=\u00bbdefault\u00bb global_colors_info=\u00bb{}\u00bb][et_pb_column type=\u00bb4_4&#8243; _builder_version=\u00bb4.24.0&#8243; _module_preset=\u00bbdefault\u00bb global_colors_info=\u00bb{}\u00bb][et_pb_text _builder_version=\u00bb4.24.0&#8243; _module_preset=\u00bbdefault\u00bb header_2_text_color=\u00bb#FFFFFF\u00bb custom_margin=\u00bb||26px||false|false\u00bb global_colors_info=\u00bb{}\u00bb]<\/p>\n<h2 style=\"text-align: center;\">\u00bfTienes alguna pregunta?<\/h2>\n<p>[\/et_pb_text][et_pb_divider divider_weight=\u00bb3px\u00bb _builder_version=\u00bb4.24.0&#8243; _module_preset=\u00bbdefault\u00bb width=\u00bb9%\u00bb width_tablet=\u00bb17%\u00bb width_phone=\u00bb\u00bb width_last_edited=\u00bbon|phone\u00bb module_alignment=\u00bbcenter\u00bb custom_margin=\u00bb||15px||false|false\u00bb global_colors_info=\u00bb{}\u00bb][\/et_pb_divider][et_pb_text _builder_version=\u00bb4.24.0&#8243; _module_preset=\u00bbdefault\u00bb header_6_text_color=\u00bb#FFFFFF\u00bb global_colors_info=\u00bb{}\u00bb]<\/p>\n<h6 style=\"text-align: center;\">\u00a1Conectemos!<\/h6>\n<p>[\/et_pb_text][et_pb_button button_url=\u00bb@ET-DC@eyJkeW5hbWljIjp0cnVlLCJjb250ZW50IjoicG9zdF9saW5rX3VybF9wYWdlIiwic2V0dGluZ3MiOnsicG9zdF9pZCI6IjExNiIsImVuYWJsZV9odG1sIjoib2ZmIn19@\u00bb button_text=\u00bbContacto\u00bb button_alignment=\u00bbcenter\u00bb _builder_version=\u00bb4.24.0&#8243; _dynamic_attributes=\u00bbbutton_url\u00bb _module_preset=\u00bbdefault\u00bb global_colors_info=\u00bb{}\u00bb][\/et_pb_button][\/et_pb_column][\/et_pb_row][\/et_pb_section]<\/p>\n","protected":false},"excerpt":{"rendered":"<p>Jorge Quintana, CEO de ACK3 y veterano de las Fuerzas Especiales Espa\u00f1olas, con m\u00e1s de 25 a\u00f1os de experiencia militar y corporativa para impulsar soluciones empresariales innovadoras.<\/p>\n","protected":false},"author":1,"featured_media":25843069,"parent":25843437,"menu_order":0,"comment_status":"closed","ping_status":"closed","template":"","meta":{"_et_pb_use_builder":"on","_et_pb_old_content":"","_et_gb_content_width":"","footnotes":""},"dipi_cpt_category":[],"class_list":["post-25844599","page","type-page","status-publish","has-post-thumbnail","hentry"],"_links":{"self":[{"href":"https:\/\/ack3.eu\/es\/wp-json\/wp\/v2\/pages\/25844599","targetHints":{"allow":["GET"]}}],"collection":[{"href":"https:\/\/ack3.eu\/es\/wp-json\/wp\/v2\/pages"}],"about":[{"href":"https:\/\/ack3.eu\/es\/wp-json\/wp\/v2\/types\/page"}],"author":[{"embeddable":true,"href":"https:\/\/ack3.eu\/es\/wp-json\/wp\/v2\/users\/1"}],"replies":[{"embeddable":true,"href":"https:\/\/ack3.eu\/es\/wp-json\/wp\/v2\/comments?post=25844599"}],"version-history":[{"count":0,"href":"https:\/\/ack3.eu\/es\/wp-json\/wp\/v2\/pages\/25844599\/revisions"}],"up":[{"embeddable":true,"href":"https:\/\/ack3.eu\/es\/wp-json\/wp\/v2\/pages\/25843437"}],"wp:featuredmedia":[{"embeddable":true,"href":"https:\/\/ack3.eu\/es\/wp-json\/wp\/v2\/media\/25843069"}],"wp:attachment":[{"href":"https:\/\/ack3.eu\/es\/wp-json\/wp\/v2\/media?parent=25844599"}],"wp:term":[{"taxonomy":"dipi_cpt_category","embeddable":true,"href":"https:\/\/ack3.eu\/es\/wp-json\/wp\/v2\/dipi_cpt_category?post=25844599"}],"curies":[{"name":"wp","href":"https:\/\/api.w.org\/{rel}","templated":true}]}}