{"id":25844569,"date":"2024-02-05T15:50:32","date_gmt":"2024-02-05T14:50:32","guid":{"rendered":"https:\/\/ack3.eu\/productos\/analisis-de-voz-por-capas-lva\/"},"modified":"2025-11-24T11:15:04","modified_gmt":"2025-11-24T10:15:04","slug":"analisis-de-voz-por-capas-lva","status":"publish","type":"page","link":"https:\/\/ack3.eu\/es\/productos\/analisis-de-voz-por-capas-lva\/","title":{"rendered":"TrueTalent\u2122 con An\u00e1lisis de Voz por Capas (LVA)"},"content":{"rendered":"<p>[et_pb_section fb_built=\u00bb1&#8243; _builder_version=\u00bb4.24.0&#8243; _module_preset=\u00bbdefault\u00bb background_color=\u00bb#000000&#8243; background_pattern_repeat_origin=\u00bbcenter\u00bb custom_padding=\u00bb13px||13px||true|false\u00bb saved_tabs=\u00bball\u00bb locked=\u00bboff\u00bb global_colors_info=\u00bb{}\u00bb][et_pb_row _builder_version=\u00bb4.24.0&#8243; _module_preset=\u00bb32edda46-f9f8-4bcc-acb6-81abff8182ae\u00bb custom_margin=\u00bb||0px||false|false\u00bb custom_padding=\u00bb4px||4px||true|false\u00bb global_colors_info=\u00bb{}\u00bb][et_pb_column type=\u00bb4_4&#8243; _builder_version=\u00bb4.20.4&#8243; _module_preset=\u00bbdefault\u00bb global_colors_info=\u00bb{}\u00bb][dipi_breadcrumbs bc_home_text=\u00bbHome\u00bb bc_home_url=\u00bb\/\u00bb bc_items_alignment=\u00bbdipi-bc-left\u00bb bc_item_padding=\u00bb|10px||10px|false|true\u00bb bc_active_item_padding=\u00bb|20px||10px|true|false\u00bb _builder_version=\u00bb4.27.2&#8243; _module_preset=\u00bbdefault\u00bb active_text_color=\u00bb#BADFF7&#8243; global_colors_info=\u00bb{}\u00bb][\/dipi_breadcrumbs][\/et_pb_column][\/et_pb_row][\/et_pb_section][et_pb_section fb_built=\u00bb1&#8243; _builder_version=\u00bb4.24.0&#8243; _module_preset=\u00bbdefault\u00bb global_colors_info=\u00bb{}\u00bb][et_pb_row _builder_version=\u00bb4.24.0&#8243; _module_preset=\u00bbdefault\u00bb locked=\u00bboff\u00bb global_colors_info=\u00bb{}\u00bb][et_pb_column type=\u00bb4_4&#8243; _builder_version=\u00bb4.24.0&#8243; _module_preset=\u00bbdefault\u00bb global_colors_info=\u00bb{}\u00bb][et_pb_text _builder_version=\u00bb4.27.2&#8243; _module_preset=\u00bb13ddcc34-f131-47ca-8026-edc37a2f8af8&#8243; global_colors_info=\u00bb{}\u00bb]<\/p>\n<h1 style=\"text-align: center;\">TrueTalent\u2122 con An\u00e1lisis de Voz por Capas (LVA)<\/h1>\n<p style=\"text-align: center;\">Ad\u00e9ntrate en el mundo innovador de la optimizaci\u00f3n de recursos humanos con TrueTalent\u2122 con la tecnolog\u00eda Layered Voice Analysis (LVA). Nuestra <strong>avanzada plataforma de evaluaci\u00f3n de integridad y personalidad que revoluciona el proceso de reclutamiento y el control de calidad de la evaluaci\u00f3n de empleados<\/strong>. En ACK3, cerramos la brecha entre la innovaci\u00f3n tecnol\u00f3gica y la gesti\u00f3n de recursos humanos. Nuestra plataforma LVA emplea la sofisticada tecnolog\u00eda LVA7 para an\u00e1lisis de voz, proporcionando a los departamentos de gesti\u00f3n y RRHH datos objetivos e inmediatos para mejorar la toma de decisiones en el reclutamiento y la evaluaci\u00f3n de empleados.<\/p>\n<p>[\/et_pb_text][\/et_pb_column][\/et_pb_row][et_pb_row _builder_version=\u00bb4.24.2&#8243; _module_preset=\u00bbdefault\u00bb custom_padding=\u00bb||3px|||\u00bb global_colors_info=\u00bb{}\u00bb][et_pb_column type=\u00bb4_4&#8243; _builder_version=\u00bb4.24.2&#8243; _module_preset=\u00bbdefault\u00bb global_colors_info=\u00bb{}\u00bb][et_pb_text _builder_version=\u00bb4.24.2&#8243; _module_preset=\u00bbdefault\u00bb global_colors_info=\u00bb{}\u00bb]<\/p>\n<h3 style=\"text-align: left;\">Nuestros servicios incluyen<\/h3>\n<p>[\/et_pb_text][\/et_pb_column][\/et_pb_row][et_pb_row column_structure=\u00bb1_2,1_2&#8243; _builder_version=\u00bb4.24.0&#8243; _module_preset=\u00bbdefault\u00bb custom_padding=\u00bb3px||2px|||\u00bb global_colors_info=\u00bb{}\u00bb][et_pb_column type=\u00bb1_2&#8243; _builder_version=\u00bb4.24.0&#8243; _module_preset=\u00bbdefault\u00bb global_colors_info=\u00bb{}\u00bb][et_pb_text _builder_version=\u00bb4.24.2&#8243; _module_preset=\u00bbdefault\u00bb global_colors_info=\u00bb{}\u00bb]<\/p>\n<ul>\n<li><strong>Plataforma de evaluaci\u00f3n interactiva:<\/strong> una herramienta inmersiva de evaluaci\u00f3n que mide el contenido emocional y el \u00abriesgo\u00bb potencial en varios temas, permitiendo que los candidatos se expresen de manera natural.<\/li>\n<li><strong>Pruebas automatizadas y remotas:<\/strong> soporte para pruebas computarizadas y evaluaciones telef\u00f3nicas remotas asistidas por operador mediante cuestionarios predefinidos.<\/li>\n<li><strong>Resultados del an\u00e1lisis de riesgo:<\/strong> LVA genera puntuaciones de riesgo claras y f\u00e1cilmente comprensibles para cada sujeto examinado, resaltando valores adicionales y advertencias \u00fatiles para entrevistas de seguimiento.<\/li>\n<li><strong>Cuestionarios personalizados:<\/strong> cuestionarios est\u00e1ndar y personalizables dise\u00f1ados para investigar temas como el robo, el abuso de drogas y m\u00e1s, proporcionando informes detallados para cada sujeto basados en las respuestas de los candidatos.<\/li>\n<\/ul>\n<p>[\/et_pb_text][\/et_pb_column][et_pb_column type=\u00bb1_2&#8243; _builder_version=\u00bb4.24.0&#8243; _module_preset=\u00bbdefault\u00bb global_colors_info=\u00bb{}\u00bb][et_pb_image src=\u00bbhttps:\/\/ack3.eu\/wp-content\/uploads\/2024\/02\/Verity-Voice-Analyzer-2.webp\u00bb title_text=\u00bbAnalisis-de-Voz-por-Capas-LVA\u00bb align=\u00bbcenter\u00bb _builder_version=\u00bb4.24.0&#8243; _module_preset=\u00bbdefault\u00bb global_colors_info=\u00bb{}\u00bb][\/et_pb_image][\/et_pb_column][\/et_pb_row][et_pb_row column_structure=\u00bb1_2,1_2&#8243; _builder_version=\u00bb4.24.0&#8243; _module_preset=\u00bbdefault\u00bb custom_padding=\u00bb3px||2px|||\u00bb global_colors_info=\u00bb{}\u00bb][et_pb_column type=\u00bb1_2&#8243; _builder_version=\u00bb4.24.0&#8243; _module_preset=\u00bbdefault\u00bb global_colors_info=\u00bb{}\u00bb][et_pb_image src=\u00bbhttps:\/\/ack3.eu\/wp-content\/uploads\/2024\/03\/Layer-Voice-Analysis\u2122-LVA-1.jpg\u00bb title_text=\u00bbAn\u00e1lisis de Voz por Capas (LVA\u2122)\u00bb _builder_version=\u00bb4.24.2&#8243; _module_preset=\u00bbdefault\u00bb custom_margin=\u00bb||1px|||\u00bb global_colors_info=\u00bb{}\u00bb][\/et_pb_image][et_pb_text _builder_version=\u00bb4.27.0&#8243; _module_preset=\u00bbdefault\u00bb global_colors_info=\u00bb{}\u00bb]<\/p>\n<pre>Ejemplo de resultados del an\u00e1lisis de riesgos.<\/pre>\n<p>[\/et_pb_text][\/et_pb_column][et_pb_column type=\u00bb1_2&#8243; _builder_version=\u00bb4.24.0&#8243; _module_preset=\u00bbdefault\u00bb global_colors_info=\u00bb{}\u00bb][et_pb_text _builder_version=\u00bb4.24.2&#8243; _module_preset=\u00bbdefault\u00bb custom_padding=\u00bb2px|||||\u00bb global_colors_info=\u00bb{}\u00bb]<\/p>\n<ul>\n<li><strong>Sistema escalable:<\/strong> LVA es vers\u00e1til y est\u00e1 disponible en m\u00faltiples configuraciones, adecuado para organizaciones de cualquier tama\u00f1o, desde peque\u00f1as empresas hasta redes multinacionales, y unidades especializadas como reclutamiento policial y aplicaciones militares.<\/li>\n<li><strong style=\"font-size: 17px;\">Aplicaci\u00f3n diversa<\/strong><span style=\"font-size: 17px;\">: ideal para reclutamiento policial, unidades especiales, militares, seguridad y prevenci\u00f3n de p\u00e9rdidas, agencias de contrataci\u00f3n, empresas privadas, cadenas de suministro, bancos, compa\u00f1\u00edas de seguros y centros de llamadas.<\/span><\/li>\n<li><strong>Pruebas de integridad<\/strong>: las pruebas de integridad de LVA miden el riesgo potencial y la aceptaci\u00f3n personal de comportamientos il\u00edcitos o indeseables, reflejando la probabilidad de da\u00f1o a la organizaci\u00f3n.<\/li>\n<li><strong>Modos de operaci\u00f3n duales:<\/strong> elige entre una prueba automatizada donde los candidatos interact\u00faan directamente con el sistema LVA en una habitaci\u00f3n tranquila, o una prueba telef\u00f3nica donde un operador gu\u00eda al candidato a trav\u00e9s de cada pregunta.<\/li>\n<li><strong style=\"font-size: 17px;\">Generaci\u00f3n autom\u00e1tica de informes: <\/strong><span style=\"font-size: 17px;\">el informe de prueba se genera autom\u00e1ticamente para cada sujeto basado en el an\u00e1lisis de las respuestas del candidato.<\/span><\/li>\n<\/ul>\n<p>[\/et_pb_text][\/et_pb_column][\/et_pb_row][et_pb_row column_structure=\u00bb1_2,1_2&#8243; _builder_version=\u00bb4.24.2&#8243; _module_preset=\u00bbdefault\u00bb custom_margin=\u00bb-13px|auto||auto||\u00bb custom_padding=\u00bb26px||6px|||\u00bb global_colors_info=\u00bb{}\u00bb][et_pb_column type=\u00bb1_2&#8243; _builder_version=\u00bb4.24.2&#8243; _module_preset=\u00bbdefault\u00bb global_colors_info=\u00bb{}\u00bb][et_pb_text _builder_version=\u00bb4.24.2&#8243; _module_preset=\u00bbdefault\u00bb custom_margin=\u00bb-8px|||||\u00bb custom_padding=\u00bb6px|||||\u00bb global_colors_info=\u00bb{}\u00bb]<\/p>\n<ul>\n<li><strong style=\"font-size: 17px;\">Opci\u00f3n de reproducci\u00f3n de audio:<\/strong> <span style=\"font-size: 17px;\">para una revisi\u00f3n integral, se pueden escuchar segmentos espec\u00edficos (respuestas), con una navegaci\u00f3n f\u00e1cil a las respuestas marcadas como de riesgo.<\/span><\/li>\n<li><strong style=\"font-size: 17px;\">Scripts estandarizados y personalizados:<\/strong> <span style=\"font-size: 17px;\">incluye guiones de prueba de preempleo para versiones automatizadas y telef\u00f3nicas, con la flexibilidad para crear cuestionarios personalizados como paquetes adicionales.<\/span><\/li>\n<li><strong>Generaci\u00f3n autom\u00e1tica de informes:<\/strong> el informe de prueba se genera autom\u00e1ticamente para cada sujeto basado en el an\u00e1lisis de las respuestas del candidato.<\/li>\n<li><strong>Opci\u00f3n de reproducci\u00f3n de audio:<\/strong> para una revisi\u00f3n integral, se pueden escuchar segmentos espec\u00edficos (respuestas), con una navegaci\u00f3n f\u00e1cil a las respuestas marcadas como de riesgo.<\/li>\n<li><strong>Perfil emocional<\/strong>: <span>mostrando un oct\u00e1gono intrincadamente dise\u00f1ado. Esta representaci\u00f3n visual categoriza las caracter\u00edsticas principales del entrevistado en ocho secciones distintas: Apasionado, Emocional, Inquieto, Estresado, Pensador, Confidente, Concentrado y En\u00e9rgico. Cada segmento ofrece perspicacia sobre los estados emocionales y cognitivos del individuo, facilitando una comprensi\u00f3n m\u00e1s profunda de su personalidad y respuestas.<\/span><\/li>\n<\/ul>\n<p>[\/et_pb_text][\/et_pb_column][et_pb_column type=\u00bb1_2&#8243; _builder_version=\u00bb4.24.2&#8243; _module_preset=\u00bbdefault\u00bb global_colors_info=\u00bb{}\u00bb][et_pb_image src=\u00bbhttps:\/\/ack3.eu\/wp-content\/uploads\/2024\/03\/Layer-Voice-Analysis\u2122-LVA-Emotional-Profile.jpg\u00bb title_text=\u00bbLayered-Voice-Analysis\u2122-(LVA)-Perfil-Emocional\u00bb align=\u00bbcenter\u00bb _builder_version=\u00bb4.24.2&#8243; _module_preset=\u00bbdefault\u00bb custom_margin=\u00bb||2px|||\u00bb global_colors_info=\u00bb{}\u00bb][\/et_pb_image][et_pb_text _builder_version=\u00bb4.27.0&#8243; _module_preset=\u00bbdefault\u00bb global_colors_info=\u00bb{}\u00bb]<\/p>\n<pre>Ejemplo de perfil emocional.<\/pre>\n<p>[\/et_pb_text][\/et_pb_column][\/et_pb_row][et_pb_row _builder_version=\u00bb4.24.2&#8243; _module_preset=\u00bbdefault\u00bb custom_padding=\u00bb||4px|||\u00bb global_colors_info=\u00bb{}\u00bb][et_pb_column type=\u00bb4_4&#8243; _builder_version=\u00bb4.24.2&#8243; _module_preset=\u00bbdefault\u00bb global_colors_info=\u00bb{}\u00bb][et_pb_text _builder_version=\u00bb4.24.2&#8243; _module_preset=\u00bbdefault\u00bb custom_margin=\u00bb||-12px|||\u00bb custom_padding=\u00bb||6px|||\u00bb global_colors_info=\u00bb{}\u00bb]<\/p>\n<h2>\u00bfC\u00f3mo funciona LVA?<\/h2>\n<p>[\/et_pb_text][\/et_pb_column][\/et_pb_row][et_pb_row use_custom_gutter=\u00bbon\u00bb gutter_width=\u00bb2&#8243; _builder_version=\u00bb4.24.2&#8243; _module_preset=\u00bbdefault\u00bb custom_padding=\u00bb10px||0px|||\u00bb global_colors_info=\u00bb{}\u00bb][et_pb_column type=\u00bb4_4&#8243; _builder_version=\u00bb4.24.2&#8243; _module_preset=\u00bbdefault\u00bb global_colors_info=\u00bb{}\u00bb][et_pb_text _builder_version=\u00bb4.24.2&#8243; _module_preset=\u00bbdefault\u00bb custom_margin=\u00bb-8px|||||\u00bb global_colors_info=\u00bb{}\u00bb]<\/p>\n<blockquote>\n<p><span>Las preguntas planteadas est\u00e1n intrincadamente vinculadas a las capas de la voz para determinar la veracidad. Este enfoque analiza los matices y sutilezas en los patrones vocales, correlacion\u00e1ndolos con respuestas emocionales y cognitivas para evaluar la veracidad.<\/span><\/p>\n<\/blockquote>\n<p>[\/et_pb_text][\/et_pb_column][\/et_pb_row][et_pb_row _builder_version=\u00bb4.24.2&#8243; _module_preset=\u00bbdefault\u00bb custom_padding=\u00bb4px||2px|||\u00bb global_colors_info=\u00bb{}\u00bb][et_pb_column type=\u00bb4_4&#8243; _builder_version=\u00bb4.24.2&#8243; _module_preset=\u00bbdefault\u00bb global_colors_info=\u00bb{}\u00bb][et_pb_image src=\u00bbhttps:\/\/ack3.eu\/wp-content\/uploads\/2024\/03\/Layer-Voice-Analysis\u2122-LVA-tetailed-analysis.jpg\u00bb title_text=\u00bbLayered-Voice-Analysis\u2122-(LVA)-an\u00e1lisis-detallado\u00bb _builder_version=\u00bb4.24.2&#8243; _module_preset=\u00bbdefault\u00bb global_colors_info=\u00bb{}\u00bb][\/et_pb_image][et_pb_text _builder_version=\u00bb4.27.0&#8243; _module_preset=\u00bbdefault\u00bb custom_margin=\u00bb-22px|||||\u00bb custom_padding=\u00bb0px|||||\u00bb global_colors_info=\u00bb{}\u00bb]<\/p>\n<pre>Preguntas vinculadas a capas de voz, analizando la verdad a trav\u00e9s de matices vocales.<\/pre>\n<p>[\/et_pb_text][\/et_pb_column][\/et_pb_row][et_pb_row _builder_version=\u00bb4.24.2&#8243; _module_preset=\u00bbdefault\u00bb custom_padding=\u00bb6px||0px|||\u00bb global_colors_info=\u00bb{}\u00bb][et_pb_column type=\u00bb4_4&#8243; _builder_version=\u00bb4.24.2&#8243; _module_preset=\u00bbdefault\u00bb global_colors_info=\u00bb{}\u00bb][et_pb_text _builder_version=\u00bb4.24.0&#8243; _module_preset=\u00bbdefault\u00bb global_colors_info=\u00bb{}\u00bb]<\/p>\n<blockquote>\n<p>Con ACK3 Layered Voice Analysis (LVA), no solo est\u00e1s reclutando; est\u00e1s invirtiendo en la integridad futura y la cultura de tu organizaci\u00f3n. Aprovecha el poder del an\u00e1lisis de voz para obtener una comprensi\u00f3n m\u00e1s profunda y tomar decisiones m\u00e1s informadas sobre las personas que elijas para incorporar a tu empresa.<\/p>\n<\/blockquote>\n<p>[\/et_pb_text][\/et_pb_column][\/et_pb_row][et_pb_row column_structure=\u00bb1_2,1_2&#8243; use_custom_gutter=\u00bbon\u00bb gutter_width=\u00bb2&#8243; _builder_version=\u00bb4.24.2&#8243; _module_preset=\u00bbdefault\u00bb custom_padding=\u00bb0px|||||\u00bb global_colors_info=\u00bb{}\u00bb][et_pb_column type=\u00bb1_2&#8243; _builder_version=\u00bb4.24.2&#8243; _module_preset=\u00bbdefault\u00bb global_colors_info=\u00bb{}\u00bb][et_pb_image src=\u00bbhttps:\/\/ack3.eu\/wp-content\/uploads\/2024\/03\/Layer-Voice-Analysis\u2122-LVA-technology.jpg\u00bb title_text=\u00bbLayered-Voice-Analysis\u2122-(LVA)-tecnolog\u00eda\u00bb _builder_version=\u00bb4.24.2&#8243; _module_preset=\u00bbdefault\u00bb global_colors_info=\u00bb{}\u00bb][\/et_pb_image][et_pb_text _builder_version=\u00bb4.27.0&#8243; _module_preset=\u00bbdefault\u00bb custom_margin=\u00bb-11px|||||\u00bb global_colors_info=\u00bb{}\u00bb]<\/p>\n<pre>Cada capa de voz proporciona informaci\u00f3n.<\/pre>\n<p>[\/et_pb_text][\/et_pb_column][et_pb_column type=\u00bb1_2&#8243; _builder_version=\u00bb4.24.2&#8243; _module_preset=\u00bbdefault\u00bb global_colors_info=\u00bb{}\u00bb][et_pb_image src=\u00bbhttps:\/\/ack3.eu\/wp-content\/uploads\/2024\/03\/LVA-product-5.webp\u00bb title_text=\u00bbProducto LVA\u00bb _builder_version=\u00bb4.24.2&#8243; _module_preset=\u00bbdefault\u00bb custom_margin=\u00bb-3px|||||\u00bb custom_padding=\u00bb8px|||||\u00bb global_colors_info=\u00bb{}\u00bb][\/et_pb_image][et_pb_text _builder_version=\u00bb4.27.0&#8243; _module_preset=\u00bbdefault\u00bb custom_margin=\u00bb-11px|||||\u00bb global_colors_info=\u00bb{}\u00bb]<\/p>\n<pre>Ejemplo de resultados automatizados por temas.<\/pre>\n<p>[\/et_pb_text][\/et_pb_column][\/et_pb_row][et_pb_row _builder_version=\u00bb4.24.2&#8243; _module_preset=\u00bbdefault\u00bb global_colors_info=\u00bb{}\u00bb][et_pb_column type=\u00bb4_4&#8243; _builder_version=\u00bb4.24.2&#8243; _module_preset=\u00bbdefault\u00bb global_colors_info=\u00bb{}\u00bb][et_pb_text _builder_version=\u00bb4.24.2&#8243; _module_preset=\u00bbdefault\u00bb custom_margin=\u00bb||18px|||\u00bb custom_padding=\u00bb||6px|||\u00bb global_colors_info=\u00bb{}\u00bb]<\/p>\n<h2>\u00bfPor qu\u00e9 deber\u00eda hacer una LVA de ACK3 su organizaci\u00f3n?<\/h2>\n<p>[\/et_pb_text][et_pb_text _builder_version=\u00bb4.24.2&#8243; _module_preset=\u00bbdefault\u00bb custom_margin=\u00bb-8px|||||\u00bb global_colors_info=\u00bb{}\u00bb]<\/p>\n<p><strong>1.Toma de decisiones de RRHH mejorada:<\/strong> LVA proporciona informaci\u00f3n objetiva e inmediata sobre integridad y personalidad, facilitando la toma de decisiones informadas en el reclutamiento y las evaluaciones de empleados, reduciendo as\u00ed el riesgo de contratar o retener personal que podr\u00eda ser perjudicial para la organizaci\u00f3n.<\/p>\n<p><strong>2.Prevenci\u00f3n proactiva de fraude y riesgos:<\/strong> al evaluar el potencial de comportamientos il\u00edcitos o indeseables, LVA ayuda a prevenir el fraude, el robo y otros riesgos internos, garantizando un entorno de trabajo m\u00e1s seguro y confiable.<\/p>\n<p><strong>3.Optimizaci\u00f3n de recursos:<\/strong> LVA es una herramienta vers\u00e1til y escalable adaptable a cualquier tama\u00f1o de organizaci\u00f3n, desde peque\u00f1as empresas hasta redes multinacionales, lo que la convierte en una soluci\u00f3n rentable para la gesti\u00f3n de riesgos y la evaluaci\u00f3n de integridad.<\/p>\n<p><strong>4.Aplicaciones diversas y especializadas:<\/strong> su amplia aplicabilidad, desde la selecci\u00f3n de personal policial y militar hasta su uso en agencias de contrataci\u00f3n, empresas privadas y centros de llamadas, convierte a LVA en una herramienta valiosa en diversos contextos operativos.<\/p>\n<p><strong>5.Evaluaci\u00f3n no invasiva y \u00e9tica:<\/strong> a diferencia de otros m\u00e9todos de evaluaci\u00f3n, LVA no es intimidante ni discriminatorio, ofreciendo una forma \u00e9tica y respetuosa de evaluar candidatos y empleados, manteniendo la confianza y el respeto dentro de la organizaci\u00f3n.<\/p>\n<p><strong>6.An\u00e1lisis de perfil emocional y de riesgo:<\/strong> LVA no solo detecta el riesgo de comportamientos perjudiciales, sino que tambi\u00e9n analiza el perfil emocional, proporcionando una comprensi\u00f3n m\u00e1s profunda de las personalidades y estados emocionales individuales, contribuyendo a una mejor gesti\u00f3n del talento.<\/p>\n<blockquote>\n<p><strong>Implementar ACK3 LVA en tu organizaci\u00f3n significa adoptar un enfoque avanzado y cient\u00edficamente respaldado para la optimizaci\u00f3n de recursos humanos, la prevenci\u00f3n de riesgos y el fortalecimiento de la cultura organizacional, garantizando una inversi\u00f3n en la integridad y el futuro de tu empresa.<\/strong><\/p>\n<\/blockquote>\n<p>[\/et_pb_text][et_pb_divider _builder_version=\u00bb4.27.0&#8243; _module_preset=\u00bbdefault\u00bb global_colors_info=\u00bb{}\u00bb][\/et_pb_divider][\/et_pb_column][\/et_pb_row][et_pb_row _builder_version=\u00bb4.24.0&#8243; _module_preset=\u00bbdefault\u00bb global_module=\u00bb25841311&#8243; saved_tabs=\u00bball\u00bb locked=\u00bboff\u00bb global_colors_info=\u00bb{}\u00bb][et_pb_column type=\u00bb4_4&#8243; _builder_version=\u00bb4.24.0&#8243; _module_preset=\u00bbdefault\u00bb global_colors_info=\u00bb{}\u00bb][et_pb_text _builder_version=\u00bb4.24.0&#8243; _module_preset=\u00bbe9776427-b859-4288-b0a2-c7103567bb8c\u00bb global_colors_info=\u00bb{}\u00bb]<\/p>\n<p style=\"text-align: center;\">Cont\u00e1ctanos<\/p>\n<p>[\/et_pb_text][et_pb_text _builder_version=\u00bb4.27.4&#8243; _dynamic_attributes=\u00bbcontent\u00bb _module_preset=\u00bb13ddcc34-f131-47ca-8026-edc37a2f8af8&#8243; header_2_text_align=\u00bbcenter\u00bb custom_margin=\u00bb||5px||false|false\u00bb hover_enabled=\u00bb0&#8243; global_colors_info=\u00bb{}\u00bb sticky_enabled=\u00bb0&#8243;]@ET-DC@eyJkeW5hbWljIjp0cnVlLCJjb250ZW50IjoicG9zdF90aXRsZSIsInNldHRpbmdzIjp7ImJlZm9yZSI6IjxoMj4gwr9Fc3TDoXMgaW50ZXJlc2FkbyBlbiBsb3Mgc2VydmljaW9zIGRlICIsImFmdGVyIjoiIGRlIEFDSzM\/PC9oMj4ifX0=@[\/et_pb_text][et_pb_text _builder_version=\u00bb4.24.0&#8243; _module_preset=\u00bb13ddcc34-f131-47ca-8026-edc37a2f8af8&#8243; global_colors_info=\u00bb{}\u00bb]<\/p>\n<p style=\"text-align: center;\">Ponte en contacto con nosotros completando el siguiente formulario:<\/p>\n<p>[\/et_pb_text][dipi_gravity_forms_styler gf_form_id=\u00bb1&#8243; form_title=\u00bbhide\u00bb _builder_version=\u00bb4.24.0&#8243; _module_preset=\u00bbdefault\u00bb form_title_font_size=\u00bb0px\u00bb field_label_font=\u00bbTrade Gothic LT Bold Extended||||||||\u00bb field_label_font_size=\u00bb15px\u00bb required_field_indicator_font_size=\u00bb15px\u00bb field_description_font_size=\u00bb16px\u00bb checkbox_radio_label_font_size=\u00bb17px\u00bb custom_all=\u00bbon\u00bb all_text_size=\u00bb17px\u00bb all_bg_color=\u00bb#000000&#8243; all_font=\u00bb|600|||||||\u00bb all_use_icon=\u00bboff\u00bb max_width=\u00bb78%\u00bb max_width_tablet=\u00bb100%\u00bb max_width_phone=\u00bb\u00bb max_width_last_edited=\u00bbon|desktop\u00bb module_alignment=\u00bbcenter\u00bb global_colors_info=\u00bb{}\u00bb all_bg_color__hover_enabled=\u00bbon|hover\u00bb all_bg_color__hover=\u00bb#535353&#8243; all_bg_enable_color__hover=\u00bbon\u00bb][\/dipi_gravity_forms_styler][\/et_pb_column][\/et_pb_row][\/et_pb_section]<\/p>\n","protected":false},"excerpt":{"rendered":"<p>TrueTalent\u2122 emplea tecnolog\u00eda de An\u00e1lisis de Voz por Capas (LVA) para evaluaciones objetivas de personalidad para recursos humanos.<\/p>\n","protected":false},"author":1,"featured_media":25843054,"parent":25843888,"menu_order":0,"comment_status":"closed","ping_status":"closed","template":"","meta":{"_et_pb_use_builder":"on","_et_pb_old_content":"","_et_gb_content_width":"","footnotes":""},"dipi_cpt_category":[],"class_list":["post-25844569","page","type-page","status-publish","has-post-thumbnail","hentry"],"_links":{"self":[{"href":"https:\/\/ack3.eu\/es\/wp-json\/wp\/v2\/pages\/25844569","targetHints":{"allow":["GET"]}}],"collection":[{"href":"https:\/\/ack3.eu\/es\/wp-json\/wp\/v2\/pages"}],"about":[{"href":"https:\/\/ack3.eu\/es\/wp-json\/wp\/v2\/types\/page"}],"author":[{"embeddable":true,"href":"https:\/\/ack3.eu\/es\/wp-json\/wp\/v2\/users\/1"}],"replies":[{"embeddable":true,"href":"https:\/\/ack3.eu\/es\/wp-json\/wp\/v2\/comments?post=25844569"}],"version-history":[{"count":0,"href":"https:\/\/ack3.eu\/es\/wp-json\/wp\/v2\/pages\/25844569\/revisions"}],"up":[{"embeddable":true,"href":"https:\/\/ack3.eu\/es\/wp-json\/wp\/v2\/pages\/25843888"}],"wp:featuredmedia":[{"embeddable":true,"href":"https:\/\/ack3.eu\/es\/wp-json\/wp\/v2\/media\/25843054"}],"wp:attachment":[{"href":"https:\/\/ack3.eu\/es\/wp-json\/wp\/v2\/media?parent=25844569"}],"wp:term":[{"taxonomy":"dipi_cpt_category","embeddable":true,"href":"https:\/\/ack3.eu\/es\/wp-json\/wp\/v2\/dipi_cpt_category?post=25844569"}],"curies":[{"name":"wp","href":"https:\/\/api.w.org\/{rel}","templated":true}]}}