{"id":25844495,"date":"2024-02-06T14:45:53","date_gmt":"2024-02-06T13:45:53","guid":{"rendered":"https:\/\/ack3.eu\/perfil\/tona-diaz\/"},"modified":"2024-04-23T12:17:41","modified_gmt":"2024-04-23T10:17:41","slug":"tona-diaz","status":"publish","type":"page","link":"https:\/\/ack3.eu\/es\/perfil\/tona-diaz\/","title":{"rendered":"To\u00f1a D\u00edaz"},"content":{"rendered":"<p>[et_pb_section fb_built=\u00bb1&#8243; _builder_version=\u00bb4.24.0&#8243; _module_preset=\u00bbdefault\u00bb background_color=\u00bb#000000&#8243; background_pattern_repeat_origin=\u00bbcenter\u00bb custom_padding=\u00bb13px||13px||true|false\u00bb global_module=\u00bb54&#8243; saved_tabs=\u00bball\u00bb locked=\u00bboff\u00bb global_colors_info=\u00bb{}\u00bb][et_pb_row _builder_version=\u00bb4.24.0&#8243; _module_preset=\u00bb32edda46-f9f8-4bcc-acb6-81abff8182ae\u00bb custom_margin=\u00bb||0px||false|false\u00bb custom_padding=\u00bb4px||4px||true|false\u00bb global_colors_info=\u00bb{}\u00bb][et_pb_column type=\u00bb4_4&#8243; _builder_version=\u00bb4.20.4&#8243; _module_preset=\u00bbdefault\u00bb global_colors_info=\u00bb{}\u00bb][dipi_breadcrumbs bc_home_text=\u00bbHome\u00bb bc_home_url=\u00bb\/\u00bb bc_items_alignment=\u00bbdipi-bc-left\u00bb bc_item_padding=\u00bb|10px||10px|false|true\u00bb bc_active_item_padding=\u00bb|20px||10px|true|false\u00bb _builder_version=\u00bb4.24.0&#8243; _module_preset=\u00bbdefault\u00bb active_text_color=\u00bb#BADFF7&#8243; global_colors_info=\u00bb{}\u00bb][\/dipi_breadcrumbs][\/et_pb_column][\/et_pb_row][\/et_pb_section][et_pb_section fb_built=\u00bb1&#8243; _builder_version=\u00bb4.24.0&#8243; _module_preset=\u00bbdefault\u00bb global_colors_info=\u00bb{}\u00bb][et_pb_row column_structure=\u00bb1_3,2_3&#8243; module_class=\u00bbagf-vertical-align\u00bb _builder_version=\u00bb4.24.0&#8243; _module_preset=\u00bbdefault\u00bb background_color=\u00bbrgba(0,0,0,0.81)\u00bb background_image=\u00bbhttps:\/\/ack3.eu\/wp-content\/uploads\/2024\/01\/1.jpg\u00bb background_blend=\u00bbmultiply\u00bb custom_padding=\u00bb0px||0px||true|false\u00bb border_radii=\u00bbon|3px|3px|3px|3px\u00bb global_colors_info=\u00bb{}\u00bb][et_pb_column type=\u00bb1_3&#8243; _builder_version=\u00bb4.24.0&#8243; _module_preset=\u00bbdefault\u00bb global_colors_info=\u00bb{}\u00bb][et_pb_image src=\u00bbhttps:\/\/ack3.eu\/wp-content\/uploads\/2024\/02\/Tona2.webp\u00bb title_text=\u00bbTon\u0303a2&#8243; _builder_version=\u00bb4.24.0&#8243; _module_preset=\u00bbdefault\u00bb global_colors_info=\u00bb{}\u00bb][\/et_pb_image][\/et_pb_column][et_pb_column type=\u00bb2_3&#8243; _builder_version=\u00bb4.24.0&#8243; _module_preset=\u00bbdefault\u00bb global_colors_info=\u00bb{}\u00bb][et_pb_blurb title=\u00bbTo\u00f1a D\u00edaz\u00bb use_icon=\u00bbon\u00bb font_icon=\u00bb&#xf105;||fa||900&#8243; icon_placement=\u00bbleft\u00bb image_icon_width=\u00bb178px\u00bb content_max_width=\u00bb1100px\u00bb image_icon_width_tablet=\u00bb138px\u00bb image_icon_width_phone=\u00bb105px\u00bb image_icon_width_last_edited=\u00bbon|desktop\u00bb _builder_version=\u00bb4.24.2&#8243; _module_preset=\u00bbdefault\u00bb header_level=\u00bbh1&#8243; header_text_color=\u00bb#FFFFFF\u00bb header_font_size=\u00bb36px\u00bb body_text_color=\u00bb#FFFFFF\u00bb body_font_size=\u00bb26px\u00bb custom_margin=\u00bb||4px||false|false\u00bb hover_enabled=\u00bb0&#8243; header_font_size_tablet=\u00bb33px\u00bb header_font_size_phone=\u00bb26px\u00bb header_font_size_last_edited=\u00bbon|phone\u00bb body_font_size_tablet=\u00bb23px\u00bb body_font_size_phone=\u00bb20px\u00bb body_font_size_last_edited=\u00bbon|phone\u00bb global_colors_info=\u00bb{}\u00bb sticky_enabled=\u00bb0&#8243;]<\/p>\n<p>Directora de Administraci\u00f3n y Finanzas<\/p>\n<p>[\/et_pb_blurb][dipi_button_grid flex_direction=\u00bbrow\u00bb justify_content=\u00bbflex-start\u00bb align_items=\u00bbcenter\u00bb _builder_version=\u00bb4.24.0&#8243; _module_preset=\u00bbdefault\u00bb text_style_text_color=\u00bb#FFFFFF\u00bb text_style_font_size=\u00bb18px\u00bb global_colors_info=\u00bb{}\u00bb][dipi_button_grid_child button_id=\u00bblinkedin\u00bb button_type=\u00bbdp_button\u00bb button_text=\u00bbLINKEDIN\u00bb button_link=\u00bbhttps:\/\/www.linkedin.com\/in\/maria-antonia-diaz-franco\/\u00bb button_link_target=\u00bbon\u00bb _builder_version=\u00bb4.24.0&#8243; _module_preset=\u00bbdefault\u00bb text_style_font=\u00bb|600|||||||\u00bb custom_button=\u00bbon\u00bb button_font=\u00bb|600|||||||\u00bb button_use_icon=\u00bbon\u00bb button_icon=\u00bb&#xe0cb;||divi||400&#8243; button_icon_placement=\u00bbleft\u00bb button_on_hover=\u00bboff\u00bb button_custom_padding=\u00bb10px|10px|10px|33px|true|false\u00bb global_colors_info=\u00bb{}\u00bb][\/dipi_button_grid_child][\/dipi_button_grid][\/et_pb_column][\/et_pb_row][et_pb_row _builder_version=\u00bb4.24.0&#8243; _module_preset=\u00bbdefault\u00bb global_colors_info=\u00bb{}\u00bb][et_pb_column type=\u00bb4_4&#8243; _builder_version=\u00bb4.24.0&#8243; _module_preset=\u00bbdefault\u00bb global_colors_info=\u00bb{}\u00bb][et_pb_text _builder_version=\u00bb4.24.0&#8243; _module_preset=\u00bb13ddcc34-f131-47ca-8026-edc37a2f8af8&#8243; global_colors_info=\u00bb{}\u00bb]<\/p>\n<p>To\u00f1a D\u00edaz se desempe\u00f1a como <strong>Directora de Administraci\u00f3n y Finanzas<\/strong> en ACK3, aprovechando <strong>m\u00e1s de una d\u00e9cada de experiencia extensa en la gesti\u00f3n<\/strong> de los departamentos de Finanzas y Administraci\u00f3n.<\/p>\n<p>Su carrera se destaca por roles significativos, incluyendo su tenencia como <strong>contadora financiera dentro de corporaciones internacionales y posiciones gerenciales<\/strong> de 13 a\u00f1os en banca privada.<\/p>\n<p>En su rol actual, To\u00f1a es reconocida por su profunda experticia en gesti\u00f3n financiera, con un \u00e9nfasis notable en el despliegue de nuevos <strong>sistemas de Planificaci\u00f3n de Recursos Empresariales (ERP) y el an\u00e1lisis intrincado de datos que abarcan los sectores de finanzas, recursos humanos y cadena de suministros<\/strong>. Su capacidad para interpretar datos complejos en diversas funciones empresariales es fundamental para guiar la toma de decisiones informadas y mejorar la eficiencia financiera dentro de ACK3. La adaptabilidad de To\u00f1a y su profundo entendimiento de la din\u00e1mica empresarial son clave para su \u00e9xito en alinear las estrategias financieras con los objetivos operacionales m\u00e1s amplios de ACK3. Su tenencia en el sector financiero est\u00e1 marcada por una b\u00fasqueda incansable de la excelencia y un compromiso inquebrantable con la optimizaci\u00f3n de procesos financieros.<\/p>\n<p>Como complemento a su destreza profesional, To\u00f1a es multiling\u00fce, con fluidez en espa\u00f1ol, ingl\u00e9s y franc\u00e9s, lo que adem\u00e1s le permite sobresalir en entornos de negocios internacionales y navegar con facilidad las complejidades de las finanzas globales.<\/p>\n<p>&nbsp;<\/p>\n<h2>Educaci\u00f3n<\/h2>\n<p>\u2981 <strong>Master en Gesti\u00f3n Financiera<\/strong> por el <a href=\"https:\/\/www.esic.edu\/\" target=\"_blank\" rel=\"noopener\">ESIC Business School<\/a>. M\u00e1laga, Espa\u00f1a.<\/p>\n<p>\u2981 <strong>Asesor Financiero Europeo (EFPA)<\/strong> por el <a href=\"https:\/\/www.esade.edu\/es\/conoce-esade\/campus-servicios\/madrid\" target=\"_blank\" rel=\"noopener\">ESADE Business School<\/a>, completed in 2010. Madrid, Espa\u00f1a.<\/p>\n<p>\u2981 <strong>Licenciatura en Administraci\u00f3n de Empresas<\/strong> por la <a href=\"https:\/\/www.uspceu.com\/\" target=\"_blank\" rel=\"noopener\">Universidad San Pablo CEU<\/a>, especializaci\u00f3n en <strong>auditor\u00eda y finanzas<\/strong>, completada en 1996. Madrid, Espa\u00f1a.<\/p>\n<p>[\/et_pb_text][\/et_pb_column][\/et_pb_row][et_pb_row _builder_version=\u00bb4.24.2&#8243; _module_preset=\u00bbdefault\u00bb locked=\u00bboff\u00bb global_colors_info=\u00bb{}\u00bb][et_pb_column type=\u00bb4_4&#8243; _builder_version=\u00bb4.24.2&#8243; _module_preset=\u00bbdefault\u00bb global_colors_info=\u00bb{}\u00bb][et_pb_text _builder_version=\u00bb4.24.2&#8243; _module_preset=\u00bbdefault\u00bb global_colors_info=\u00bb{}\u00bb]<\/p>\n<h2 style=\"text-align: center;\">Noticias relacionadas<\/h2>\n<p>[\/et_pb_text][et_pb_blog posts_number=\u00bb6&#8243; include_categories=\u00bb60&#8243; show_more=\u00bbon\u00bb show_author=\u00bboff\u00bb show_categories=\u00bboff\u00bb module_class=\u00bbdipi-styled-blog\u00bb _builder_version=\u00bb4.24.2&#8243; _module_preset=\u00bbdefault\u00bb locked=\u00bboff\u00bb global_colors_info=\u00bb{}\u00bb][\/et_pb_blog][\/et_pb_column][\/et_pb_row][\/et_pb_section][et_pb_section fb_built=\u00bb1&#8243; _builder_version=\u00bb4.24.0&#8243; _module_preset=\u00bbdefault\u00bb custom_padding=\u00bb0px||||false|false\u00bb global_module=\u00bb25841043&#8243; locked=\u00bboff\u00bb global_colors_info=\u00bb{}\u00bb][et_pb_row _builder_version=\u00bb4.24.0&#8243; _module_preset=\u00bbdefault\u00bb custom_padding=\u00bb||22px|||\u00bb global_colors_info=\u00bb{}\u00bb][et_pb_column type=\u00bb4_4&#8243; _builder_version=\u00bb4.24.0&#8243; _module_preset=\u00bbdefault\u00bb global_colors_info=\u00bb{}\u00bb][et_pb_text _builder_version=\u00bb4.24.0&#8243; _module_preset=\u00bb13ddcc34-f131-47ca-8026-edc37a2f8af8&#8243; global_colors_info=\u00bb{}\u00bb]<\/p>\n<h2 style=\"text-align: center;\">Conoce m\u00e1s sobre ACK3<\/h2>\n<p>[\/et_pb_text][\/et_pb_column][\/et_pb_row][et_pb_row column_structure=\u00bb1_4,1_4,1_4,1_4&#8243; use_custom_gutter=\u00bbon\u00bb gutter_width=\u00bb2&#8243; make_equal=\u00bbon\u00bb _builder_version=\u00bb4.24.0&#8243; _module_preset=\u00bbdefault\u00bb locked=\u00bboff\u00bb global_colors_info=\u00bb{}\u00bb][et_pb_column type=\u00bb1_4&#8243; _builder_version=\u00bb4.24.0&#8243; _module_preset=\u00bbdefault\u00bb custom_padding=\u00bb||30px||false|false\u00bb border_width_all=\u00bb1px\u00bb border_color_all=\u00bb#dbdbdb\u00bb global_colors_info=\u00bb{}\u00bb][et_pb_divider show_divider=\u00bboff\u00bb _builder_version=\u00bb4.24.2&#8243; _module_preset=\u00bbdefault\u00bb background_image=\u00bbhttps:\/\/ack3.eu\/wp-content\/uploads\/2024\/03\/Quintana-Wiwi-Middle-East-Risk-Management-Consulting-ACK3-security.jpg\u00bb custom_margin=\u00bb||20px||false|false\u00bb custom_padding=\u00bb10vh||10vh||true|false\u00bb custom_padding_tablet=\u00bb\u00bb custom_padding_phone=\u00bb13vh||13vh||true|false\u00bb custom_padding_last_edited=\u00bbon|phone\u00bb global_colors_info=\u00bb{}\u00bb][\/et_pb_divider][et_pb_text _builder_version=\u00bb4.24.0&#8243; _dynamic_attributes=\u00bblink_option_url\u00bb _module_preset=\u00bb_initial\u00bb header_4_text_color=\u00bb#FFFFFF\u00bb header_5_font_size=\u00bb18px\u00bb max_width=\u00bb100%\u00bb custom_margin=\u00bb||15px||false|false\u00bb custom_padding=\u00bb|40px||40px|false|true\u00bb custom_padding_tablet=\u00bb|30px||30px|false|true\u00bb custom_padding_phone=\u00bb|20px||20px|false|true\u00bb custom_padding_last_edited=\u00bbon|phone\u00bb link_option_url=\u00bb@ET-DC@eyJkeW5hbWljIjp0cnVlLCJjb250ZW50IjoicG9zdF9saW5rX3VybF9wYWdlIiwic2V0dGluZ3MiOnsicG9zdF9pZCI6IjEzNSJ9fQ==@\u00bb global_colors_info=\u00bb{}\u00bb]<\/p>\n<h5>Perfil<\/h5>\n<p>[\/et_pb_text][et_pb_button button_url=\u00bb@ET-DC@eyJkeW5hbWljIjp0cnVlLCJjb250ZW50IjoicG9zdF9saW5rX3VybF9wYWdlIiwic2V0dGluZ3MiOnsicG9zdF9pZCI6IjEzNSJ9fQ==@\u00bb button_text=\u00bbLeer m\u00e1s\u00bb _builder_version=\u00bb4.24.0&#8243; _dynamic_attributes=\u00bbbutton_url\u00bb _module_preset=\u00bb_initial\u00bb custom_margin=\u00bb|||40px|false|false\u00bb custom_margin_tablet=\u00bb|||\u00bb custom_margin_phone=\u00bb|||20px|false|false\u00bb custom_margin_last_edited=\u00bbon|desktop\u00bb locked=\u00bboff\u00bb global_colors_info=\u00bb{}\u00bb][\/et_pb_button][\/et_pb_column][et_pb_column type=\u00bb1_4&#8243; _builder_version=\u00bb4.24.0&#8243; _module_preset=\u00bbdefault\u00bb custom_padding=\u00bb||30px||false|false\u00bb border_width_all=\u00bb1px\u00bb border_color_all=\u00bb#dbdbdb\u00bb global_colors_info=\u00bb{}\u00bb][et_pb_divider show_divider=\u00bboff\u00bb _builder_version=\u00bb4.24.0&#8243; _module_preset=\u00bbdefault\u00bb background_image=\u00bbhttps:\/\/ack3.eu\/wp-content\/uploads\/2024\/02\/profile-image-box-GO.jpg\u00bb custom_margin=\u00bb||20px||false|false\u00bb custom_padding=\u00bb10vh||10vh||true|false\u00bb custom_padding_tablet=\u00bb\u00bb custom_padding_phone=\u00bb13vh||13vh||true|false\u00bb custom_padding_last_edited=\u00bbon|phone\u00bb global_colors_info=\u00bb{}\u00bb][\/et_pb_divider][et_pb_text _builder_version=\u00bb4.24.2&#8243; _dynamic_attributes=\u00bblink_option_url\u00bb _module_preset=\u00bb_initial\u00bb header_4_text_color=\u00bb#FFFFFF\u00bb header_5_font_size=\u00bb18px\u00bb max_width=\u00bb100%\u00bb custom_margin=\u00bb||15px||false|false\u00bb custom_padding=\u00bb|40px||40px|false|true\u00bb custom_padding_tablet=\u00bb|30px||30px|false|true\u00bb custom_padding_phone=\u00bb|20px||20px|false|true\u00bb custom_padding_last_edited=\u00bbon|phone\u00bb link_option_url=\u00bb@ET-DC@eyJkeW5hbWljIjp0cnVlLCJjb250ZW50IjoicG9zdF9saW5rX3VybF9wYWdlIiwic2V0dGluZ3MiOnsicG9zdF9pZCI6IjEzNyJ9fQ==@\u00bb global_colors_info=\u00bb{}\u00bb]<\/p>\n<h5>Oficinas Internacionales<\/h5>\n<p>[\/et_pb_text][et_pb_button button_url=\u00bb@ET-DC@eyJkeW5hbWljIjp0cnVlLCJjb250ZW50IjoicG9zdF9saW5rX3VybF9wYWdlIiwic2V0dGluZ3MiOnsicG9zdF9pZCI6IjEzNyJ9fQ==@\u00bb button_text=\u00bbLeer m\u00e1s\u00bb _builder_version=\u00bb4.24.0&#8243; _dynamic_attributes=\u00bbbutton_url\u00bb _module_preset=\u00bb_initial\u00bb custom_margin=\u00bb|||40px|false|false\u00bb custom_margin_tablet=\u00bb|||\u00bb custom_margin_phone=\u00bb|||20px|false|false\u00bb custom_margin_last_edited=\u00bbon|desktop\u00bb locked=\u00bboff\u00bb global_colors_info=\u00bb{}\u00bb][\/et_pb_button][\/et_pb_column][et_pb_column type=\u00bb1_4&#8243; _builder_version=\u00bb4.24.0&#8243; _module_preset=\u00bbdefault\u00bb custom_padding=\u00bb||30px||false|false\u00bb border_width_all=\u00bb1px\u00bb border_color_all=\u00bb#dbdbdb\u00bb global_colors_info=\u00bb{}\u00bb][et_pb_divider show_divider=\u00bboff\u00bb _builder_version=\u00bb4.24.0&#8243; _module_preset=\u00bbdefault\u00bb background_image=\u00bbhttps:\/\/ack3.eu\/wp-content\/uploads\/2024\/02\/profile-image-box-cr.jpg\u00bb custom_margin=\u00bb||20px||false|false\u00bb custom_padding=\u00bb10vh||10vh||true|false\u00bb custom_padding_tablet=\u00bb\u00bb custom_padding_phone=\u00bb13vh||13vh||true|false\u00bb custom_padding_last_edited=\u00bbon|phone\u00bb global_colors_info=\u00bb{}\u00bb][\/et_pb_divider][et_pb_text _builder_version=\u00bb4.24.2&#8243; _module_preset=\u00bb_initial\u00bb header_4_text_color=\u00bb#FFFFFF\u00bb header_5_font_size=\u00bb18px\u00bb max_width=\u00bb100%\u00bb custom_margin=\u00bb||15px||false|false\u00bb custom_padding=\u00bb|40px||40px|false|true\u00bb custom_padding_tablet=\u00bb|30px||30px|false|true\u00bb custom_padding_phone=\u00bb|20px||20px|false|true\u00bb custom_padding_last_edited=\u00bbon|phone\u00bb global_colors_info=\u00bb{}\u00bb]<\/p>\n<h5>Responsabilidad Corporativa<\/h5>\n<p>[\/et_pb_text][et_pb_button button_url=\u00bb@ET-DC@eyJkeW5hbWljIjp0cnVlLCJjb250ZW50IjoicG9zdF9saW5rX3VybF9wYWdlIiwic2V0dGluZ3MiOnsicG9zdF9pZCI6IjE0NCJ9fQ==@\u00bb button_text=\u00bbLeer m\u00e1s\u00bb _builder_version=\u00bb4.24.0&#8243; _dynamic_attributes=\u00bbbutton_url\u00bb _module_preset=\u00bb_initial\u00bb custom_margin=\u00bb|||40px|false|false\u00bb custom_margin_tablet=\u00bb|||\u00bb custom_margin_phone=\u00bb|||20px|false|false\u00bb custom_margin_last_edited=\u00bbon|desktop\u00bb locked=\u00bboff\u00bb global_colors_info=\u00bb{}\u00bb][\/et_pb_button][\/et_pb_column][et_pb_column type=\u00bb1_4&#8243; _builder_version=\u00bb4.24.0&#8243; _module_preset=\u00bbdefault\u00bb custom_padding=\u00bb||30px||false|false\u00bb border_width_all=\u00bb1px\u00bb border_color_all=\u00bb#dbdbdb\u00bb global_colors_info=\u00bb{}\u00bb][et_pb_divider show_divider=\u00bboff\u00bb _builder_version=\u00bb4.24.0&#8243; _module_preset=\u00bbdefault\u00bb background_image=\u00bbhttps:\/\/ack3.eu\/wp-content\/uploads\/2024\/02\/profile-image-box-media.jpg\u00bb custom_margin=\u00bb||20px||false|false\u00bb custom_padding=\u00bb10vh||10vh||true|false\u00bb custom_padding_tablet=\u00bb\u00bb custom_padding_phone=\u00bb13vh||13vh||true|false\u00bb custom_padding_last_edited=\u00bbon|phone\u00bb global_colors_info=\u00bb{}\u00bb][\/et_pb_divider][et_pb_text _builder_version=\u00bb4.24.0&#8243; _dynamic_attributes=\u00bblink_option_url\u00bb _module_preset=\u00bb_initial\u00bb header_4_text_color=\u00bb#FFFFFF\u00bb header_5_font_size=\u00bb18px\u00bb max_width=\u00bb100%\u00bb custom_margin=\u00bb||15px||false|false\u00bb custom_padding=\u00bb|40px||40px|false|true\u00bb custom_padding_tablet=\u00bb|30px||30px|false|true\u00bb custom_padding_phone=\u00bb|20px||20px|false|true\u00bb custom_padding_last_edited=\u00bbon|phone\u00bb link_option_url=\u00bb@ET-DC@eyJkeW5hbWljIjp0cnVlLCJjb250ZW50IjoicG9zdF9saW5rX3VybF9wYWdlIiwic2V0dGluZ3MiOnsicG9zdF9pZCI6IjI1ODQxMDc2In19@\u00bb global_colors_info=\u00bb{}\u00bb]<\/p>\n<h5>Medios de Comunicaci\u00f3n<\/h5>\n<p>[\/et_pb_text][et_pb_button button_url=\u00bb@ET-DC@eyJkeW5hbWljIjp0cnVlLCJjb250ZW50IjoicG9zdF9saW5rX3VybF9wYWdlIiwic2V0dGluZ3MiOnsicG9zdF9pZCI6IjI1ODQxMDc2In19@\u00bb button_text=\u00bbLeer m\u00e1s\u00bb _builder_version=\u00bb4.24.0&#8243; _dynamic_attributes=\u00bbbutton_url\u00bb _module_preset=\u00bb_initial\u00bb custom_margin=\u00bb|||40px|false|false\u00bb custom_margin_tablet=\u00bb|||\u00bb custom_margin_phone=\u00bb|||20px|false|false\u00bb custom_margin_last_edited=\u00bbon|desktop\u00bb locked=\u00bboff\u00bb global_colors_info=\u00bb{}\u00bb][\/et_pb_button][\/et_pb_column][\/et_pb_row][\/et_pb_section][et_pb_section fb_built=\u00bb1&#8243; _builder_version=\u00bb4.24.0&#8243; _module_preset=\u00bbdefault\u00bb background_color=\u00bbrgba(0,0,0,0.28)\u00bb background_image=\u00bbhttps:\/\/ack3.eu\/wp-content\/uploads\/2024\/01\/grupo-gente-negocios-trabaja-juntos-oficina.webp\u00bb background_blend=\u00bbmultiply\u00bb custom_padding=\u00bb20px||20px||true|false\u00bb global_module=\u00bb25841044&#8243; global_colors_info=\u00bb{}\u00bb][et_pb_row _builder_version=\u00bb4.24.0&#8243; _module_preset=\u00bbdefault\u00bb global_colors_info=\u00bb{}\u00bb][et_pb_column type=\u00bb4_4&#8243; _builder_version=\u00bb4.24.0&#8243; _module_preset=\u00bbdefault\u00bb global_colors_info=\u00bb{}\u00bb][et_pb_text _builder_version=\u00bb4.24.0&#8243; _module_preset=\u00bbdefault\u00bb header_2_text_color=\u00bb#FFFFFF\u00bb custom_margin=\u00bb||26px||false|false\u00bb global_colors_info=\u00bb{}\u00bb]<\/p>\n<h2 style=\"text-align: center;\">\u00bfTienes alguna pregunta?<\/h2>\n<p>[\/et_pb_text][et_pb_divider divider_weight=\u00bb3px\u00bb _builder_version=\u00bb4.24.0&#8243; _module_preset=\u00bbdefault\u00bb width=\u00bb9%\u00bb width_tablet=\u00bb17%\u00bb width_phone=\u00bb\u00bb width_last_edited=\u00bbon|phone\u00bb module_alignment=\u00bbcenter\u00bb custom_margin=\u00bb||15px||false|false\u00bb global_colors_info=\u00bb{}\u00bb][\/et_pb_divider][et_pb_text _builder_version=\u00bb4.24.0&#8243; _module_preset=\u00bbdefault\u00bb header_6_text_color=\u00bb#FFFFFF\u00bb global_colors_info=\u00bb{}\u00bb]<\/p>\n<h6 style=\"text-align: center;\">\u00a1Conectemos!<\/h6>\n<p>[\/et_pb_text][et_pb_button button_url=\u00bb@ET-DC@eyJkeW5hbWljIjp0cnVlLCJjb250ZW50IjoicG9zdF9saW5rX3VybF9wYWdlIiwic2V0dGluZ3MiOnsicG9zdF9pZCI6IjExNiJ9fQ==@\u00bb button_text=\u00bbContacto\u00bb button_alignment=\u00bbcenter\u00bb _builder_version=\u00bb4.24.0&#8243; _dynamic_attributes=\u00bbbutton_url\u00bb _module_preset=\u00bbdefault\u00bb global_colors_info=\u00bb{}\u00bb][\/et_pb_button][\/et_pb_column][\/et_pb_row][\/et_pb_section]<\/p>\n","protected":false},"excerpt":{"rendered":"<p>To\u00f1a D\u00edaz, Directora de Administraci\u00f3n y Finanzas de ACK3, cuenta con m\u00e1s de 10 a\u00f1os de experiencia en gesti\u00f3n financiera, experticia en sistemas ERP y un historial comprobado en toma de decisiones estrat\u00e9gicas.<\/p>\n","protected":false},"author":1,"featured_media":25843071,"parent":25843437,"menu_order":0,"comment_status":"closed","ping_status":"closed","template":"","meta":{"_et_pb_use_builder":"on","_et_pb_old_content":"","_et_gb_content_width":"","footnotes":""},"dipi_cpt_category":[],"class_list":["post-25844495","page","type-page","status-publish","has-post-thumbnail","hentry"],"_links":{"self":[{"href":"https:\/\/ack3.eu\/es\/wp-json\/wp\/v2\/pages\/25844495","targetHints":{"allow":["GET"]}}],"collection":[{"href":"https:\/\/ack3.eu\/es\/wp-json\/wp\/v2\/pages"}],"about":[{"href":"https:\/\/ack3.eu\/es\/wp-json\/wp\/v2\/types\/page"}],"author":[{"embeddable":true,"href":"https:\/\/ack3.eu\/es\/wp-json\/wp\/v2\/users\/1"}],"replies":[{"embeddable":true,"href":"https:\/\/ack3.eu\/es\/wp-json\/wp\/v2\/comments?post=25844495"}],"version-history":[{"count":0,"href":"https:\/\/ack3.eu\/es\/wp-json\/wp\/v2\/pages\/25844495\/revisions"}],"up":[{"embeddable":true,"href":"https:\/\/ack3.eu\/es\/wp-json\/wp\/v2\/pages\/25843437"}],"wp:featuredmedia":[{"embeddable":true,"href":"https:\/\/ack3.eu\/es\/wp-json\/wp\/v2\/media\/25843071"}],"wp:attachment":[{"href":"https:\/\/ack3.eu\/es\/wp-json\/wp\/v2\/media?parent=25844495"}],"wp:term":[{"taxonomy":"dipi_cpt_category","embeddable":true,"href":"https:\/\/ack3.eu\/es\/wp-json\/wp\/v2\/dipi_cpt_category?post=25844495"}],"curies":[{"name":"wp","href":"https:\/\/api.w.org\/{rel}","templated":true}]}}