{"id":25844428,"date":"2024-01-23T15:52:54","date_gmt":"2024-01-23T14:52:54","guid":{"rendered":"https:\/\/ack3.eu\/politica-de-privacidad\/"},"modified":"2024-04-23T11:07:02","modified_gmt":"2024-04-23T09:07:02","slug":"politica-de-privacidad","status":"publish","type":"page","link":"https:\/\/ack3.eu\/es\/politica-de-privacidad\/","title":{"rendered":"Pol\u00edtica de Privacidad"},"content":{"rendered":"<p>[et_pb_section fb_built=\u00bb1&#8243; _builder_version=\u00bb4.24.0&#8243; _module_preset=\u00bbdefault\u00bb global_colors_info=\u00bb{}\u00bb][et_pb_row _builder_version=\u00bb4.24.0&#8243; _module_preset=\u00bbdefault\u00bb global_colors_info=\u00bb{}\u00bb][et_pb_column type=\u00bb4_4&#8243; _builder_version=\u00bb4.24.0&#8243; _module_preset=\u00bbdefault\u00bb global_colors_info=\u00bb{}\u00bb][et_pb_text _builder_version=\u00bb4.24.2&#8243; _module_preset=\u00bbdefault\u00bb hover_enabled=\u00bb0&#8243; global_colors_info=\u00bb{}\u00bb sticky_enabled=\u00bb0&#8243;]<\/p>\n<h1>POL\u00cdTICA DE PRIVACIDAD<\/h1>\n<p>Esta Pol\u00edtica de Privacidad (en adelante, la \u00abPol\u00edtica de Privacidad\u00bb) se aplicar\u00e1 a todos los datos personales proporcionados por el Usuario a \u00ab<strong>ACK3 Consultor\u00eda de Riesgos Globales SL<\/strong>\u00bb (en adelante, \u00ab<strong>ACK3<\/strong>\u00ab), siendo este \u00faltimo el responsable y propietario del sitio web.<\/p>\n<p>ACK3 proporciona a los usuarios este documento para cumplir con las obligaciones legales en materia de Protecci\u00f3n de Datos.<\/p>\n<p>Cualquier persona que acceda a este sitio web ser\u00e1 considerada un Usuario. Los usuarios se comprometen a observar y cumplir estrictamente con las disposiciones de este documento, as\u00ed como con cualquier otra disposici\u00f3n legal aplicable.<\/p>\n<p>Para utilizar algunos de los servicios proporcionados por ACK3, el Usuario debe proporcionar previamente datos personales. ACK3 procesar\u00e1 estos datos de forma manual\/autom\u00e1tica\/mixta y aplicar\u00e1 las medidas de seguridad correspondientes para cumplir con lo establecido en la legislaci\u00f3n vigente.<\/p>\n<p>&nbsp;<\/p>\n<h4>I. IDENTIFICACI\u00d3N DEL RESPONSABLE DEL TRATAMIENTO DE DATOS<\/h4>\n<p>De acuerdo con la legislaci\u00f3n vigente, le informamos que los datos personales proporcionados por usted como Usuario ser\u00e1n tratados como Responsable por parte de ACK3, con domicilio social en Calle Manuel de Falla 14, 1\u00baA, 28100, Alcobendas, Madrid, Espa\u00f1a.<\/p>\n<p>Puede ponerse en contacto con el Delegado de Protecci\u00f3n de Datos de ACK3 a trav\u00e9s del correo electr\u00f3nico: <a target=\"_new\" rel=\"noopener\">info@ack3.eu<\/a><\/p>\n<p>Los t\u00e9rminos en may\u00fasculas incluidos en esta pol\u00edtica de privacidad corresponden a las definiciones incluidas en las Condiciones Generales de Acceso a los Servicios Digitales.<\/p>\n<p>Los datos de los usuarios ser\u00e1n procesados de acuerdo con lo dispuesto en la legislaci\u00f3n vigente sobre protecci\u00f3n de datos personales, el Reglamento (UE) 2016\/679 del 27 de abril de 2016 (en adelante, \u00abGDPR\u00bb) y la Ley Org\u00e1nica 3\/2018, de 5 de diciembre, de Protecci\u00f3n de Datos Personales y garant\u00eda de los derechos digitales. El tratamiento de los datos personales del usuario estar\u00e1 sujeto a los principios establecidos en el Art\u00edculo 5 del GDPR.<\/p>\n<p>&nbsp;<\/p>\n<h4>II. NECESIDAD DEL TRATAMIENTO<\/h4>\n<p>El formulario de contacto implica la necesidad de que el usuario proporcione, al menos, los datos solicitados en \u00e9l identificados como obligatorios. La negativa a proporcionar estos datos implica la imposibilidad de completar el formulario de contacto y, en consecuencia, de proporcionar cualquier tipo de servicio y de cumplir adecuadamente nuestros compromisos contractuales con usted. Adem\u00e1s, puede proporcionar otros datos adicionales no solicitados en el formulario de contacto con el objetivo de mejorar la prestaci\u00f3n de los servicios de ACK3.<\/p>\n<p>El tratamiento de sus datos permite a ACK3 contactarlo para ofrecer y contratar los servicios requeridos. Simult\u00e1neamente, todos los datos personales proporcionados a ACK3 ser\u00e1n necesarios, adem\u00e1s de facilitar el proceso de contrataci\u00f3n, para mantenerlo informado a trav\u00e9s de nuestros boletines personalizados y facilitar y llevar a cabo procesos de reclutamiento de personal.<\/p>\n<p>&nbsp;<\/p>\n<h4>III. DATOS PERSONALES RECOGIDOS<\/h4>\n<p>Recopilamos, almacenamos y procesamos informaci\u00f3n personalmente identificable que le identifica o que le hace identificable a trav\u00e9s de otros registros. Espec\u00edficamente, recopilamos datos de su dispositivo relacionados con la geolocalizaci\u00f3n, la direcci\u00f3n IP, identificadores \u00fanicos y otros datos relacionados con su actividad en el sitio web. Tambi\u00e9n recopilamos datos personales sobre el registro en el Sitio Web, espec\u00edficamente, datos como su nombre, apellidos, correo electr\u00f3nico o direcci\u00f3n postal, y otros datos personales que nos proporcione.<\/p>\n<p>&nbsp;<\/p>\n<h4>IV. PROP\u00d3SITOS Y LEGITIMIDAD DEL TRATAMIENTO<\/h4>\n<p>Los datos personales son recopilados y gestionados por ACK3 para los siguientes fines:<\/p>\n<ul>\n<li>Mantener comunicaciones con usted para enviar notificaciones relacionadas con nuestros servicios, proporcionar informaci\u00f3n t\u00e9cnica y resolver cualquier problema a trav\u00e9s del servicio de atenci\u00f3n al cliente. Este prop\u00f3sito se basa en la correcta ejecuci\u00f3n del contrato celebrado con ACK3.<\/li>\n<li>Fines de publicidad personalizada. Este prop\u00f3sito se basa en el consentimiento del usuario.<\/li>\n<li>Llevando a cabo comunicaciones comerciales relacionadas con nuestros servicios y la promoci\u00f3n de marketing de nuestros sitios web y productos. Este prop\u00f3sito de procesamiento se basa en el consentimiento proporcionado por el usuario. Puede estar basado en el inter\u00e9s leg\u00edtimo de ACK3 siempre y cuando el usuario ya tenga el estatus de cliente por haber tenido relaciones comerciales previas con ACK3 y no haya retirado su consentimiento para el procesamiento de sus datos.<\/li>\n<li>Realizando pruebas y estudios estad\u00edsticos y anal\u00edticos con el fin de mejorar el sitio web. Este prop\u00f3sito de procesamiento se basa en el inter\u00e9s leg\u00edtimo de ACK3 en analizar y mejorar sus servicios y contenido.<\/li>\n<li>Organizando, seleccionando y llevando a cabo procesos de selecci\u00f3n para nuevos empleados para ACK3. Este prop\u00f3sito de procesamiento se basa en el consentimiento del usuario al enviar su informaci\u00f3n personal.<\/li>\n<\/ul>\n<p>&nbsp;<\/p>\n<h4>V. DERECHOS DEL USUARIO<\/h4>\n<p>Como usuario, puede ejercer cualquiera de los siguientes derechos frente al responsable del tratamiento en cualquier momento:<\/p>\n<ul>\n<li>Derecho de acceso: Puede solicitar a ACK3 que indique si sus datos personales est\u00e1n siendo procesados o no y, de ser as\u00ed, tiene derecho a obtener informaci\u00f3n, de forma gratuita, sobre el procesamiento que se ha realizado o se realizar\u00e1 sobre sus datos personales, as\u00ed como toda la informaci\u00f3n sobre los destinatarios de dichos datos.<\/li>\n<li>Derecho de supresi\u00f3n: Tiene derecho a solicitar a ACK3 que borre sus datos personales cuando:\n<ul>\n<li>Los datos personales recopilados ya no son necesarios para los fines para los que fueron recopilados, ni son necesarios, espec\u00edficamente, para la ejecuci\u00f3n de obligaciones contractuales entre usted y ACK3.<\/li>\n<li>Ha retirado su consentimiento para el procesamiento de sus datos personales y no hay raz\u00f3n leg\u00edtima para continuar con el procesamiento.<\/li>\n<li>Los datos personales han sido procesados ilegalmente.<\/li>\n<li>Los datos personales deben ser borrados debido al cumplimiento de una obligaci\u00f3n legal.<\/li>\n<\/ul>\n<\/li>\n<li>Derecho de rectificaci\u00f3n: Tiene derecho a modificar sus datos personales proporcionados err\u00f3neamente, de manera inexacta o incompleta en cualquier momento.<\/li>\n<li>Derecho de restricci\u00f3n: Puede solicitar a ACK3 que restrinja el procesamiento de sus datos personales cuando:\n<ul>\n<li>a) El interesado impugna la exactitud de los datos personales, por un periodo que permita al controlador verificar la exactitud de los mismos;<\/li>\n<li>b) El procesamiento es ilegal y el interesado se opone a la eliminaci\u00f3n de los datos personales y solicita en cambio la restricci\u00f3n de su uso;<\/li>\n<li>c) El controlador ya no necesita los datos personales para los fines del procesamiento, pero el interesado los necesita para la formulaci\u00f3n, el ejercicio o la defensa de reclamaciones;<\/li>\n<li>d) El interesado se ha opuesto al procesamiento conforme al derecho de oposici\u00f3n. mientras se verifica si los motivos leg\u00edtimos del controlador prevalecen sobre los del interesado.<\/li>\n<\/ul>\n<\/li>\n<li>Derecho a la portabilidad de los datos: Puede solicitar a ACK3 recibir sus propios datos personales en un formato estructurado, de uso com\u00fan y lectura mec\u00e1nica y transmitirlos a otro controlador sin impedimentos por parte del Controlador cuando:\n<ul>\n<li>El procesamiento se basa en el consentimiento<\/li>\n<li>El procesamiento se lleva a cabo por medios automatizados<\/li>\n<li>Puede ejercer cualquiera de estos derechos mediante comunicaci\u00f3n escrita dirigida al procesador de datos, especificando:\n<ul>\n<li>Nombre, apellido del usuario y DNI.<\/li>\n<li>Solicitud con motivos espec\u00edficos para la solicitud o informaci\u00f3n a ser accedida.<\/li>\n<li>Direcci\u00f3n o correo electr\u00f3nico para notificaciones.<\/li>\n<li>Fecha y firma del solicitante.<\/li>\n<li>Cualquier documento que respalde la solicitud realizada.<\/li>\n<\/ul>\n<\/li>\n<\/ul>\n<\/li>\n<\/ul>\n<h5>Esta solicitud y cualquier otro documento adjunto pueden ser enviados a la siguiente direcci\u00f3n y\/o correo electr\u00f3nico:<\/h5>\n<ul>\n<li>Direcci\u00f3n postal: Paseo de la Castellana, 259 C, 28046 Madrid, Espa\u00f1a<\/li>\n<li>Correo electr\u00f3nico: <strong><a target=\"_new\" rel=\"noopener\">info@ack3.eu<\/a><\/strong><\/li>\n<\/ul>\n<p>&nbsp;<\/p>\n<h3> <\/h3>\n<h4>VI. RESPONSABILIDAD DEL USUARIO<\/h4>\n<p>Usted, como usuario, es responsable de asegurar que los datos que proporciona a ACK3 sean precisos, veraces, completos y est\u00e9n actualizados. Por lo tanto, ser\u00e1 responsable en cualquier caso de la veracidad de todos los datos que proporcione y tendr\u00e1 el deber de mantener la informaci\u00f3n proporcionada debidamente actualizada para adaptarla en todo momento a su situaci\u00f3n real.<\/p>\n<p>Asimismo, como usuario, ser\u00e1 responsable de la informaci\u00f3n falsa, err\u00f3nea e inexacta proporcionada a trav\u00e9s de formularios, correspondencia electr\u00f3nica o postal, y cualquier otro medio de proporcionar informaci\u00f3n a ACK3, as\u00ed como de los da\u00f1os, ya sean directos o indirectos, que esta informaci\u00f3n pueda causar a ACK3 o a terceros.<\/p>\n<p>En su caso, usted como usuario es responsable de tener la capacidad legal requerida para tratar, proporcionar y utilizar datos personales de terceros, siendo responsabilidad del usuario cumplir debidamente con sus obligaciones de protecci\u00f3n de datos y tener el consentimiento de los propietarios individuales de dichos datos personales.<\/p>\n<p>&nbsp;<\/p>\n<h4>VII. PROTECCI\u00d3N DE MENORES<\/h4>\n<p>Estamos totalmente comprometidos a proteger la privacidad y seguridad de los menores en el entorno en l\u00ednea. Por esta raz\u00f3n, el sitio web no est\u00e1 dise\u00f1ado ni destinado para su uso por menores. En ning\u00fan caso permitiremos el uso de nuestros servicios por menores sin la autorizaci\u00f3n previa o el consentimiento de un padre o tutor legal. Adem\u00e1s, no recopilamos intencionalmente ning\u00fan tipo de informaci\u00f3n personal de menores. Si un padre o tutor legal se entera de que su hijo nos ha proporcionado informaci\u00f3n personal sin su autorizaci\u00f3n, le pedimos amablemente que se ponga en contacto con nosotros de inmediato. Al aceptar esta Pol\u00edtica de Privacidad, usted declara y garantiza que es mayor de 18 a\u00f1os.<\/p>\n<p>&nbsp;<\/p>\n<h4>VIII. DECISIONES AUTOMATIZADAS<\/h4>\n<p>Tiene derecho a no ser objeto de una decisi\u00f3n basada \u00fanicamente en el procesamiento automatizado de sus datos personales. Por lo tanto, las decisiones que puedan afectarle siempre, como m\u00ednimo, ser\u00e1n revisadas y ratificadas por un componente humano de ACK3.<\/p>\n<p>&nbsp;<\/p>\n<h4>IX. COMUNICACIONES DE DATOS<\/h4>\n<p>Los datos personales proporcionados por usted, como Usuario, no ser\u00e1n divulgados a terceros, a menos que sea necesario para la prestaci\u00f3n de los servicios solicitados o cuando usted haya acordado expresamente su divulgaci\u00f3n.<\/p>\n<p>Los datos personales proporcionados por el Usuario SER\u00c1N comunicados a empresas del grupo, siempre que est\u00e9n involucradas en la prestaci\u00f3n de los servicios solicitados por el Usuario. Los datos personales a empresas del grupo de terceros son \u00fanicamente con el prop\u00f3sito de ejecutar el contrato con el Usuario.<\/p>\n<p>Los datos personales pueden ser comunicados a las Autoridades competentes, Administraciones y Organismos P\u00fablicos conforme a la legislaci\u00f3n vigente y cuando exista una obligaci\u00f3n legal de hacerlo.<\/p>\n<p>&nbsp;<\/p>\n<h4>X. CONSERVACI\u00d3N DE DATOS PERSONALES<\/h4>\n<p>Los datos de contacto para el env\u00edo de comunicaciones comerciales ser\u00e1n tratados hasta el momento en que el Usuario revoque su consentimiento para su env\u00edo, ejerciendo su derecho como se indica en la secci\u00f3n de Derechos del Usuario. Los datos de los Usuarios registrados ser\u00e1n tratados hasta la solicitud de baja, la p\u00e9rdida de tal estado por cualquier otra raz\u00f3n, o por un per\u00edodo m\u00e1ximo de TRES (3) A\u00d1OS.<\/p>\n<p>Los datos requeridos para servicios espec\u00edficos solicitados ser\u00e1n retenidos mientras sean necesarios para la prestaci\u00f3n de dichos servicios y, posteriormente, sus datos ser\u00e1n retenidos por los per\u00edodos legalmente establecidos para cualquier responsabilidad derivada de los servicios prestados.<\/p>\n<p>&nbsp;<\/p>\n<h4>XI. SEGURIDAD DE LOS DATOS PERSONALES<\/h4>\n<p>ACK3 ha implementado las medidas t\u00e9cnicas y organizativas necesarias, seg\u00fan el nivel de seguridad adecuado al riesgo de los datos personales recopilados, con el objetivo de garantizar la seguridad de los datos personales y prevenir la destrucci\u00f3n, p\u00e9rdida o alteraci\u00f3n accidental o il\u00edcita de datos personales transmitidos, almacenados o procesados de otra manera, o el acceso o divulgaci\u00f3n no autorizados de dichos datos.<\/p>\n<p>En cualquier caso, ACK3 no puede garantizar la seguridad absoluta de sus datos personales.<\/p>\n<p>Por lo tanto, le informamos que existe un riesgo de acceso no autorizado y fraudulento a los datos personales. ACK3 se compromete a informar al usuario, sin demora indebida, si se produce una brecha de seguridad de datos personales y, en su caso, si es probable que entra\u00f1e un alto riesgo para los derechos y libertades de las personas. De acuerdo con lo dispuesto en el RGPD, se entiende por \u00abbrecha de seguridad\u00bb cualquier violaci\u00f3n de seguridad que resulte en la destrucci\u00f3n, p\u00e9rdida o alteraci\u00f3n accidental o il\u00edcita de datos personales transmitidos, almacenados o procesados de otra manera, o el acceso no autorizado o la divulgaci\u00f3n de dichos datos.<\/p>\n<p>&nbsp;<\/p>\n<h4>XII. ACTUALIZACI\u00d3N DE LA POL\u00cdTICA DE PRIVACIDAD<\/h4>\n<p>ACK3 puede modificar su Pol\u00edtica de Privacidad de acuerdo con los desarrollos legislativos que puedan ser aplicables en cualquier momento.<\/p>\n<p>En cualquier caso, cualquier modificaci\u00f3n de la Pol\u00edtica de Privacidad ser\u00e1 debidamente notificada a usted con el objetivo de informarle sobre los cambios realizados en el tratamiento de sus datos personales.<\/p>\n<p>[\/et_pb_text][\/et_pb_column][\/et_pb_row][\/et_pb_section]<\/p>\n","protected":false},"excerpt":{"rendered":"<p>POL\u00cdTICA DE PRIVACIDAD Esta Pol\u00edtica de Privacidad (en adelante, la \u00abPol\u00edtica de Privacidad\u00bb) se aplicar\u00e1 a todos los datos personales proporcionados por el Usuario a \u00abACK3 Consultor\u00eda de Riesgos Globales SL\u00bb (en adelante, \u00abACK3\u00bb), siendo este \u00faltimo el responsable y propietario del sitio web. ACK3 proporciona a los usuarios este documento para cumplir con las [&hellip;]<\/p>\n","protected":false},"author":1,"featured_media":25843133,"parent":0,"menu_order":0,"comment_status":"closed","ping_status":"open","template":"","meta":{"_et_pb_use_builder":"on","_et_pb_old_content":"","_et_gb_content_width":"","footnotes":""},"dipi_cpt_category":[],"class_list":["post-25844428","page","type-page","status-publish","has-post-thumbnail","hentry"],"_links":{"self":[{"href":"https:\/\/ack3.eu\/es\/wp-json\/wp\/v2\/pages\/25844428","targetHints":{"allow":["GET"]}}],"collection":[{"href":"https:\/\/ack3.eu\/es\/wp-json\/wp\/v2\/pages"}],"about":[{"href":"https:\/\/ack3.eu\/es\/wp-json\/wp\/v2\/types\/page"}],"author":[{"embeddable":true,"href":"https:\/\/ack3.eu\/es\/wp-json\/wp\/v2\/users\/1"}],"replies":[{"embeddable":true,"href":"https:\/\/ack3.eu\/es\/wp-json\/wp\/v2\/comments?post=25844428"}],"version-history":[{"count":0,"href":"https:\/\/ack3.eu\/es\/wp-json\/wp\/v2\/pages\/25844428\/revisions"}],"wp:featuredmedia":[{"embeddable":true,"href":"https:\/\/ack3.eu\/es\/wp-json\/wp\/v2\/media\/25843133"}],"wp:attachment":[{"href":"https:\/\/ack3.eu\/es\/wp-json\/wp\/v2\/media?parent=25844428"}],"wp:term":[{"taxonomy":"dipi_cpt_category","embeddable":true,"href":"https:\/\/ack3.eu\/es\/wp-json\/wp\/v2\/dipi_cpt_category?post=25844428"}],"curies":[{"name":"wp","href":"https:\/\/api.w.org\/{rel}","templated":true}]}}