{"id":25844413,"date":"2024-02-12T17:11:22","date_gmt":"2024-02-12T16:11:22","guid":{"rendered":"https:\/\/ack3.eu\/equipo-rojo-red-team\/"},"modified":"2024-10-07T14:01:05","modified_gmt":"2024-10-07T12:01:05","slug":"equipo-rojo-red-team","status":"publish","type":"page","link":"https:\/\/ack3.eu\/es\/servicios\/ciberseguridad\/equipo-rojo-red-team\/","title":{"rendered":"Equipo Rojo (Red Team)"},"content":{"rendered":"<p>[et_pb_section fb_built=\u00bb1&#8243; _builder_version=\u00bb4.24.0&#8243; _module_preset=\u00bbdefault\u00bb background_color=\u00bb#000000&#8243; background_pattern_repeat_origin=\u00bbcenter\u00bb custom_padding=\u00bb13px||13px||true|false\u00bb saved_tabs=\u00bball\u00bb locked=\u00bboff\u00bb global_colors_info=\u00bb{}\u00bb][et_pb_row _builder_version=\u00bb4.24.0&#8243; _module_preset=\u00bb32edda46-f9f8-4bcc-acb6-81abff8182ae\u00bb custom_margin=\u00bb||0px||false|false\u00bb custom_padding=\u00bb4px||4px||true|false\u00bb global_colors_info=\u00bb{}\u00bb][et_pb_column type=\u00bb4_4&#8243; _builder_version=\u00bb4.20.4&#8243; _module_preset=\u00bbdefault\u00bb global_colors_info=\u00bb{}\u00bb][dipi_breadcrumbs bc_home_text=\u00bbHome\u00bb bc_home_url=\u00bb\/\u00bb bc_items_alignment=\u00bbdipi-bc-left\u00bb bc_item_padding=\u00bb|10px||10px|false|true\u00bb bc_active_item_padding=\u00bb|20px||10px|true|false\u00bb _builder_version=\u00bb4.24.0&#8243; _module_preset=\u00bbdefault\u00bb active_text_color=\u00bb#BADFF7&#8243; global_colors_info=\u00bb{}\u00bb][\/dipi_breadcrumbs][\/et_pb_column][\/et_pb_row][\/et_pb_section][et_pb_section fb_built=\u00bb1&#8243; _builder_version=\u00bb4.24.0&#8243; _module_preset=\u00bbdefault\u00bb global_colors_info=\u00bb{}\u00bb][et_pb_row _builder_version=\u00bb4.24.0&#8243; _module_preset=\u00bbdefault\u00bb locked=\u00bboff\u00bb global_colors_info=\u00bb{}\u00bb][et_pb_column type=\u00bb4_4&#8243; _builder_version=\u00bb4.24.0&#8243; _module_preset=\u00bbdefault\u00bb global_colors_info=\u00bb{}\u00bb][et_pb_text _builder_version=\u00bb4.24.0&#8243; _module_preset=\u00bb13ddcc34-f131-47ca-8026-edc37a2f8af8&#8243; global_colors_info=\u00bb{}\u00bb]<\/p>\n<h1 style=\"text-align: center;\">Evaluaci\u00f3n del Equipo Rojo (Red Team)<\/h1>\n<p style=\"text-align: center;\">El servicio de Evaluaci\u00f3n del Equipo Rojo (Red Team) de ACK3 es una oferta avanzada destinada a proporcionar a las organizaciones una evaluaci\u00f3n integral de sus defensas de seguridad a trav\u00e9s de <strong>ciberataques simulados<\/strong>. Nuestros expertos del Equipo Rojo emulan a adversarios del mundo real para <strong>identificar debilidades en los controles de seguridad, procesos y personal<\/strong>, permitiendo a las organizaciones mejorar su postura de seguridad general.<\/p>\n<p>[\/et_pb_text][\/et_pb_column][\/et_pb_row][et_pb_row column_structure=\u00bb1_2,1_2&#8243; module_class=\u00bbagf-vertical-align\u00bb _builder_version=\u00bb4.24.0&#8243; _module_preset=\u00bbdefault\u00bb custom_padding=\u00bb||||false|false\u00bb global_colors_info=\u00bb{}\u00bb][et_pb_column type=\u00bb1_2&#8243; _builder_version=\u00bb4.24.0&#8243; _module_preset=\u00bbdefault\u00bb global_colors_info=\u00bb{}\u00bb][et_pb_text _builder_version=\u00bb4.24.0&#8243; _module_preset=\u00bbdefault\u00bb background_color=\u00bb#F6FAFD\u00bb custom_padding=\u00bb30px|30px|30px|30px|true|true\u00bb border_radii=\u00bbon|3px|3px|3px|3px\u00bb box_shadow_style=\u00bbpreset4&#8243; box_shadow_horizontal=\u00bb7px\u00bb box_shadow_vertical=\u00bb7px\u00bb box_shadow_color=\u00bb#BADFF7&#8243; global_colors_info=\u00bb{}\u00bb]<\/p>\n<h2>\u00bfQu\u00e9 es el Red Teaming?<\/h2>\n<p>El Red Teaming es una t\u00e9cnica de seguridad ofensiva que implica simular ciberataques sofisticados para evaluar la preparaci\u00f3n de una organizaci\u00f3n para defenderse contra adversarios decididos. <strong>A diferencia de las pruebas de penetraci\u00f3n tradicionales, que se centran en identificar vulnerabilidades t\u00e9cnicas, el Red Teaming eval\u00faa la efectividad del programa de seguridad completo de una organizaci\u00f3n, incluyendo personas, procesos y tecnolog\u00eda<\/strong>. Las evaluaciones del Equipo Rojo generalmente involucran a profesionales altamente capacitados en ciberseguridad realizando simulaciones de ataque realistas para identificar posibles debilidades y brechas de seguridad.<\/p>\n<p>[\/et_pb_text][\/et_pb_column][et_pb_column type=\u00bb1_2&#8243; _builder_version=\u00bb4.24.0&#8243; _module_preset=\u00bbdefault\u00bb global_colors_info=\u00bb{}\u00bb][et_pb_image src=\u00bbhttps:\/\/ack3.eu\/wp-content\/uploads\/2024\/02\/Pentesting-2.webp\u00bb alt=\u00bbConozca a su Cliente (KYC)\u00bb title_text=\u00bbPentesting-2&#8243; _builder_version=\u00bb4.24.0&#8243; _module_preset=\u00bbdefault\u00bb global_colors_info=\u00bb{}\u00bb][\/et_pb_image][\/et_pb_column][\/et_pb_row][et_pb_row _builder_version=\u00bb4.24.0&#8243; _module_preset=\u00bbdefault\u00bb global_colors_info=\u00bb{}\u00bb][et_pb_column type=\u00bb4_4&#8243; _builder_version=\u00bb4.24.0&#8243; _module_preset=\u00bbdefault\u00bb global_colors_info=\u00bb{}\u00bb][et_pb_text _builder_version=\u00bb4.27.2&#8243; _module_preset=\u00bbdefault\u00bb hover_enabled=\u00bb0&#8243; global_colors_info=\u00bb{}\u00bb sticky_enabled=\u00bb0&#8243;]<\/p>\n<h3>Evaluaci\u00f3n integral para mejorar la resiliencia de seguridad<\/h3>\n<p>Nuestro servicio de Evaluaci\u00f3n del Equipo Rojo emplea un enfoque multifac\u00e9tico para evaluar de manera integral la postura de seguridad de una organizaci\u00f3n. Aprovechamos una combinaci\u00f3n de t\u00e9cnicas de ataque avanzadas, t\u00e1cticas de ingenier\u00eda social e inteligencia sobre amenazas para emular eficazmente las ciberamenazas del mundo real. Nuestras metodolog\u00edas de evaluaci\u00f3n incluyen:<\/p>\n<ul>\n<li><strong>Reconocimiento y recopilaci\u00f3n de inteligencia<\/strong>: Investigaci\u00f3n y an\u00e1lisis en profundidad para recopilar informaci\u00f3n sobre la infraestructura de la organizaci\u00f3n objetivo, empleados y controles de seguridad.<\/li>\n<li><strong>Modelado de amenazas y desarrollo de escenarios:<\/strong> Creaci\u00f3n de escenarios de ataque personalizados adaptados al panorama de amenazas espec\u00edfico de la organizaci\u00f3n, la industria y el perfil de riesgo.<\/li>\n<li><strong>Ciberataques simulados:<\/strong> Ejecuci\u00f3n de simulaciones de ataque realistas, incluidas campa\u00f1as de phishing dirigidas, intrusiones en la red y violaciones de seguridad f\u00edsica, para identificar vulnerabilidades y debilidades.<\/li>\n<li><strong>An\u00e1lisis y reporte post-ataque:<\/strong> An\u00e1lisis exhaustivo de los hallazgos de la evaluaci\u00f3n, incluyendo vulnerabilidades identificadas, vectores de ataque explotados y recomendaciones para mejorar las defensas de seguridad.<\/li>\n<\/ul>\n<ol><\/ol>\n<blockquote>\n<p><strong>Al colaborar con ACK3 para Evaluaciones del Equipo Rojo, las organizaciones pueden obtener valiosos conocimientos sobre su resiliencia de seguridad y preparaci\u00f3n para defenderse contra amenazas cibern\u00e9ticas sofisticadas. Nuestro equipo de expertos del Equipo Rojo proporciona informes detallados que esbozan los hallazgos de la evaluaci\u00f3n, recomendaciones para la remediaci\u00f3n y conocimientos pr\u00e1cticos para fortalecer la postura de seguridad general. Con el servicio de Evaluaci\u00f3n del Equipo Rojo de ACK3, las organizaciones pueden identificar y mitigar proactivamente los riesgos de seguridad, mejorando en \u00faltima instancia su resiliencia cibern\u00e9tica y preparaci\u00f3n frente a amenazas cibern\u00e9ticas en evoluci\u00f3n.<\/strong><\/p>\n<\/blockquote>\n<p>[\/et_pb_text][et_pb_divider _builder_version=\u00bb4.27.2&#8243; _module_preset=\u00bbdefault\u00bb hover_enabled=\u00bb0&#8243; sticky_enabled=\u00bb0&#8243;][\/et_pb_divider][\/et_pb_column][\/et_pb_row][et_pb_row _builder_version=\u00bb4.24.0&#8243; _module_preset=\u00bbdefault\u00bb global_module=\u00bb25840410&#8243; saved_tabs=\u00bball\u00bb locked=\u00bboff\u00bb global_colors_info=\u00bb{}\u00bb][et_pb_column type=\u00bb4_4&#8243; _builder_version=\u00bb4.24.0&#8243; _module_preset=\u00bbdefault\u00bb global_colors_info=\u00bb{}\u00bb][et_pb_text _builder_version=\u00bb4.24.0&#8243; _module_preset=\u00bbe9776427-b859-4288-b0a2-c7103567bb8c\u00bb global_colors_info=\u00bb{}\u00bb]<\/p>\n<p style=\"text-align: center;\">Cont\u00e1ctanos<\/p>\n<p>[\/et_pb_text][et_pb_text _builder_version=\u00bb4.24.0&#8243; _dynamic_attributes=\u00bbcontent\u00bb _module_preset=\u00bb13ddcc34-f131-47ca-8026-edc37a2f8af8&#8243; header_2_text_align=\u00bbcenter\u00bb custom_margin=\u00bb||5px||false|false\u00bb global_colors_info=\u00bb{}\u00bb]@ET-DC@eyJkeW5hbWljIjp0cnVlLCJjb250ZW50IjoicG9zdF90aXRsZSIsInNldHRpbmdzIjp7ImJlZm9yZSI6IjxoMj4gXHUwMGJmRXN0XHUwMGUxcyBpbnRlcmVzYWRvIGVuIGxvcyBzZXJ2aWNpb3MgZGUgIiwiYWZ0ZXIiOiIgZGUgQUNLMz88L2gyPiJ9fQ==@[\/et_pb_text][et_pb_text _builder_version=\u00bb4.24.0&#8243; _module_preset=\u00bb13ddcc34-f131-47ca-8026-edc37a2f8af8&#8243; global_colors_info=\u00bb{}\u00bb]<\/p>\n<p style=\"text-align: center;\">Ponte en contacto con nosotros completando el siguiente formulario:<\/p>\n<p>[\/et_pb_text][dipi_gravity_forms_styler gf_form_id=\u00bb1&#8243; form_title=\u00bbhide\u00bb _builder_version=\u00bb4.24.0&#8243; _module_preset=\u00bbdefault\u00bb form_title_font_size=\u00bb0px\u00bb field_label_font=\u00bbTrade Gothic LT Bold Extended||||||||\u00bb field_label_font_size=\u00bb15px\u00bb required_field_indicator_font_size=\u00bb15px\u00bb field_description_font_size=\u00bb16px\u00bb checkbox_radio_label_font_size=\u00bb17px\u00bb custom_all=\u00bbon\u00bb all_text_size=\u00bb17px\u00bb all_bg_color=\u00bb#000000&#8243; all_font=\u00bb|600|||||||\u00bb all_use_icon=\u00bboff\u00bb max_width=\u00bb78%\u00bb max_width_tablet=\u00bb100%\u00bb max_width_phone=\u00bb100%\u00bb max_width_last_edited=\u00bbon|desktop\u00bb module_alignment=\u00bbcenter\u00bb global_colors_info=\u00bb{}\u00bb all_bg_color__hover_enabled=\u00bbon|hover\u00bb all_bg_color__hover=\u00bb#535353&#8243; all_bg_enable_color__hover=\u00bbon\u00bb][\/dipi_gravity_forms_styler][\/et_pb_column][\/et_pb_row][\/et_pb_section]<\/p>\n","protected":false},"excerpt":{"rendered":"<p>Potencia tu seguridad con los Servicios del Equipo Rojo (Red Team) de ACK3. Prueba las defensas, identifica vulnerabilidades y mejora la resiliencia en simulaciones del mundo real.<\/p>\n","protected":false},"author":1,"featured_media":25843100,"parent":25844469,"menu_order":0,"comment_status":"closed","ping_status":"closed","template":"","meta":{"_et_pb_use_builder":"on","_et_pb_old_content":"","_et_gb_content_width":"","footnotes":""},"dipi_cpt_category":[],"class_list":["post-25844413","page","type-page","status-publish","has-post-thumbnail","hentry"],"_links":{"self":[{"href":"https:\/\/ack3.eu\/es\/wp-json\/wp\/v2\/pages\/25844413","targetHints":{"allow":["GET"]}}],"collection":[{"href":"https:\/\/ack3.eu\/es\/wp-json\/wp\/v2\/pages"}],"about":[{"href":"https:\/\/ack3.eu\/es\/wp-json\/wp\/v2\/types\/page"}],"author":[{"embeddable":true,"href":"https:\/\/ack3.eu\/es\/wp-json\/wp\/v2\/users\/1"}],"replies":[{"embeddable":true,"href":"https:\/\/ack3.eu\/es\/wp-json\/wp\/v2\/comments?post=25844413"}],"version-history":[{"count":0,"href":"https:\/\/ack3.eu\/es\/wp-json\/wp\/v2\/pages\/25844413\/revisions"}],"up":[{"embeddable":true,"href":"https:\/\/ack3.eu\/es\/wp-json\/wp\/v2\/pages\/25844469"}],"wp:featuredmedia":[{"embeddable":true,"href":"https:\/\/ack3.eu\/es\/wp-json\/wp\/v2\/media\/25843100"}],"wp:attachment":[{"href":"https:\/\/ack3.eu\/es\/wp-json\/wp\/v2\/media?parent=25844413"}],"wp:term":[{"taxonomy":"dipi_cpt_category","embeddable":true,"href":"https:\/\/ack3.eu\/es\/wp-json\/wp\/v2\/dipi_cpt_category?post=25844413"}],"curies":[{"name":"wp","href":"https:\/\/api.w.org\/{rel}","templated":true}]}}