{"id":25844151,"date":"2024-01-31T11:02:17","date_gmt":"2024-01-31T10:02:17","guid":{"rendered":"https:\/\/ack3.eu\/due-diligence\/"},"modified":"2024-10-07T15:49:57","modified_gmt":"2024-10-07T13:49:57","slug":"due-diligence","status":"publish","type":"page","link":"https:\/\/ack3.eu\/es\/servicios\/servicios-de-investigacion-y-legales\/due-diligence\/","title":{"rendered":"Due Diligence"},"content":{"rendered":"<p>[et_pb_section fb_built=\u00bb1&#8243; _builder_version=\u00bb4.24.0&#8243; _module_preset=\u00bbdefault\u00bb background_color=\u00bb#000000&#8243; background_pattern_repeat_origin=\u00bbcenter\u00bb custom_padding=\u00bb13px||13px||true|false\u00bb saved_tabs=\u00bball\u00bb locked=\u00bboff\u00bb global_colors_info=\u00bb{}\u00bb][et_pb_row _builder_version=\u00bb4.24.0&#8243; _module_preset=\u00bb32edda46-f9f8-4bcc-acb6-81abff8182ae\u00bb custom_margin=\u00bb||0px||false|false\u00bb custom_padding=\u00bb4px||4px||true|false\u00bb global_colors_info=\u00bb{}\u00bb][et_pb_column type=\u00bb4_4&#8243; _builder_version=\u00bb4.20.4&#8243; _module_preset=\u00bbdefault\u00bb global_colors_info=\u00bb{}\u00bb][dipi_breadcrumbs bc_home_text=\u00bbHome\u00bb bc_home_url=\u00bb\/\u00bb bc_items_alignment=\u00bbdipi-bc-left\u00bb bc_item_padding=\u00bb|10px||10px|false|true\u00bb bc_active_item_padding=\u00bb|20px||10px|true|false\u00bb _builder_version=\u00bb4.24.0&#8243; _module_preset=\u00bbdefault\u00bb active_text_color=\u00bb#BADFF7&#8243; global_colors_info=\u00bb{}\u00bb][\/dipi_breadcrumbs][\/et_pb_column][\/et_pb_row][\/et_pb_section][et_pb_section fb_built=\u00bb1&#8243; _builder_version=\u00bb4.24.0&#8243; _module_preset=\u00bbdefault\u00bb global_colors_info=\u00bb{}\u00bb][et_pb_row _builder_version=\u00bb4.24.0&#8243; _module_preset=\u00bbdefault\u00bb locked=\u00bboff\u00bb global_colors_info=\u00bb{}\u00bb][et_pb_column type=\u00bb4_4&#8243; _builder_version=\u00bb4.24.0&#8243; _module_preset=\u00bbdefault\u00bb global_colors_info=\u00bb{}\u00bb][et_pb_text _builder_version=\u00bb4.25.1&#8243; _module_preset=\u00bb13ddcc34-f131-47ca-8026-edc37a2f8af8&#8243; global_colors_info=\u00bb{}\u00bb]<\/p>\n<h1 style=\"text-align: center;\">Due Diligence<\/h1>\n<h2 style=\"text-align: center;\">Consultor\u00eda legal e investigativa: <strong>Perspectiva Perspicaz 4.0<\/strong><\/h2>\n<p style=\"text-align: center;\">En ACK3, nuestros servicios de Due Diligence (diligencia debida) van m\u00e1s all\u00e1 de simples controles de cumplimiento y escrutinio financiero. Ofrecemos un enfoque detallado e investigativo con una tecnolog\u00eda 4.0, acceso a fuentes de informaci\u00f3n exclusivas y trabajo operativo en el terreno por profesionales del soporte a misiones especiales que <strong>proporciona a las organizaciones los conocimientos necesarios para navegar con confianza transacciones complejas<\/strong>. El equipo de Due Diligence de ACK3 cuenta con una experiencia significativa en la recopilaci\u00f3n y an\u00e1lisis de informaci\u00f3n de todo el mundo, lo que le ayuda a comprender todos los &#8216;teatros&#8217;, incluso los escenarios m\u00e1s complejos y desafiantes.<\/p>\n<div class=\"flex-1 overflow-hidden\">\n<div class=\"react-scroll-to-bottom--css-ljzmq-79elbk h-full\">\n<div class=\"react-scroll-to-bottom--css-ljzmq-1n7m0yu\">\n<div class=\"flex flex-col text-sm pb-9\">\n<div class=\"w-full text-token-text-primary\" dir=\"auto\" data-testid=\"conversation-turn-69\">\n<div class=\"px-4 py-2 justify-center text-base md:gap-6 m-auto\">\n<div class=\"flex flex-1 text-base mx-auto gap-3 juice:gap-4 juice:md:gap-6 md:px-5 lg:px-1 xl:px-5 md:max-w-3xl lg:max-w-[40rem] xl:max-w-[48rem] group final-completion\">\n<div class=\"relative flex w-full flex-col agent-turn\">\n<div class=\"flex-col gap-1 md:gap-3\">\n<div class=\"pr-2 lg:pr-0\">\u00a0<\/div>\n<\/div>\n<\/div>\n<\/div>\n<\/div>\n<\/div>\n<\/div>\n<\/div>\n<\/div>\n<\/div>\n<p>[\/et_pb_text][\/et_pb_column][\/et_pb_row][et_pb_row column_structure=\u00bb1_2,1_2&#8243; module_class=\u00bbagf-vertical-align\u00bb _builder_version=\u00bb4.24.0&#8243; _module_preset=\u00bbdefault\u00bb custom_padding=\u00bb||||false|false\u00bb global_colors_info=\u00bb{}\u00bb][et_pb_column type=\u00bb1_2&#8243; _builder_version=\u00bb4.24.0&#8243; _module_preset=\u00bbdefault\u00bb global_colors_info=\u00bb{}\u00bb][et_pb_text _builder_version=\u00bb4.25.1&#8243; _module_preset=\u00bbdefault\u00bb background_color=\u00bb#F6FAFD\u00bb custom_padding=\u00bb30px|30px|30px|30px|true|true\u00bb border_radii=\u00bbon|3px|3px|3px|3px\u00bb box_shadow_style=\u00bbpreset4&#8243; box_shadow_horizontal=\u00bb7px\u00bb box_shadow_vertical=\u00bb7px\u00bb box_shadow_color=\u00bb#BADFF7&#8243; global_colors_info=\u00bb{}\u00bb]<\/p>\n<h2>\u00bfQu\u00e9 es la diligencia debida?<\/h2>\n<p>La debida diligencia (en ingl\u00e9s y mundialmente conocida como &#8216;Due Diligence&#8217;) es un proceso meticuloso de investigaci\u00f3n y evaluaci\u00f3n llevado a cabo por organizaciones para <strong>recopilar informaci\u00f3n cr\u00edtica sobre posibles inversiones, asociaciones comerciales u otras decisiones significativas<\/strong>. Implica examinar registros financieros, realizar verificaciones de antecedentes, investigar mercados y garantizar el cumplimiento normativo. El objetivo es descubrir riesgos, oportunidades e informaci\u00f3n que informe decisiones informadas, mitigue problemas potenciales y respalde resultados exitosos.<\/p>\n<p>[\/et_pb_text][\/et_pb_column][et_pb_column type=\u00bb1_2&#8243; _builder_version=\u00bb4.24.0&#8243; _module_preset=\u00bbdefault\u00bb global_colors_info=\u00bb{}\u00bb][et_pb_image src=\u00bbhttps:\/\/ack3.eu\/wp-content\/uploads\/2024\/04\/Global-Due-Diligence-vendor.jpg\u00bb alt=\u00bbDue Diligence\u00bb title_text=\u00bbVendedor-de-Global-Due-Diligence\u00bb _builder_version=\u00bb4.24.3&#8243; _module_preset=\u00bbdefault\u00bb global_colors_info=\u00bb{}\u00bb][\/et_pb_image][\/et_pb_column][\/et_pb_row][et_pb_row _builder_version=\u00bb4.24.0&#8243; _module_preset=\u00bbdefault\u00bb custom_padding=\u00bb2px||1px|||\u00bb global_colors_info=\u00bb{}\u00bb][et_pb_column type=\u00bb4_4&#8243; _builder_version=\u00bb4.24.0&#8243; _module_preset=\u00bbdefault\u00bb global_colors_info=\u00bb{}\u00bb][et_pb_text _builder_version=\u00bb4.24.3&#8243; _module_preset=\u00bbdefault\u00bb global_colors_info=\u00bb{}\u00bb]<\/p>\n<blockquote>\n<p><span>Nuestros servicios de asesoramiento para ventas abarcan la evaluaci\u00f3n de opciones de venta, la realizaci\u00f3n de an\u00e1lisis e investigaciones previas a la venta de debida diligencia, la asistencia en la preparaci\u00f3n de memorandos informativos y salas de datos, la preparaci\u00f3n de informaci\u00f3n financiera especializada para divisiones empresariales sin datos hist\u00f3ricos, el manejo de consultas de compradores, la obtenci\u00f3n de permisos y autorizaciones de mercados y otras entidades, la formalizaci\u00f3n de compromisos, ajustes de precios de compra, garant\u00edas y reclamaciones de indemnizaci\u00f3n.<\/span><\/p>\n<\/blockquote>\n<p>[\/et_pb_text][et_pb_text _builder_version=\u00bb4.27.2&#8243; _module_preset=\u00bbdefault\u00bb hover_enabled=\u00bb0&#8243; global_colors_info=\u00bb{}\u00bb sticky_enabled=\u00bb0&#8243;]<\/p>\n<h3>Evaluaci\u00f3n de riesgos en profundidad para decisiones informadas<\/h3>\n<p><span>Hoy en d\u00eda, <strong>no se puede prescindir del trabajo de campo ni de las herramientas autom\u00e1ticas de inteligencia<\/strong> que aceleran y mejoran la calidad del an\u00e1lisis de datos provenientes de fuentes de informaci\u00f3n exclusivas. Nuestra estrategia de Debida Diligencia ampl\u00eda la <strong>evaluaci\u00f3n de riesgos y aprovecha an\u00e1lisis avanzados<\/strong>, tecnolog\u00eda de vanguardia y experiencia sectorial para desbloquear valor sostenible en cada transacci\u00f3n<\/span>. Nuestra suite de servicios abarca:<\/p>\n<p>&nbsp;<\/p>\n<ul>\n<li><strong>Metodolog\u00edas innovadoras para una exploraci\u00f3n m\u00e1s profunda<\/strong>: Al ir m\u00e1s all\u00e1 de las listas de verificaci\u00f3n tradicionales, nuestro proceso de Debida Diligencia emplea metodolog\u00edas innovadoras que profundizan en el n\u00facleo de las evaluaciones est\u00e1ndar. A trav\u00e9s de la planificaci\u00f3n din\u00e1mica de escenarios y pruebas rigurosas de estr\u00e9s, consideramos cada resultado potencial para garantizar un an\u00e1lisis de riesgos completo.<\/li>\n<li><strong>S\u00edntesis de datos impulsada por IA<\/strong>: Nuestro uso de plataformas impulsadas por IA eleva el manejo de datos, convirtiendo conjuntos de datos complejos en un tapiz de ideas estrat\u00e9gicas. Esta s\u00edntesis avanzada nos permite no solo identificar, sino tambi\u00e9n prever tendencias del mercado, proporcionando a nuestros clientes una ventaja competitiva en sus decisiones estrat\u00e9gicas.<\/li>\n<li><strong>Enfoque en ciberseguridad<\/strong>: En la era digital de hoy, la integridad de la ciberseguridad puede determinar el destino de una transacci\u00f3n. Nuestra Debida Diligencia en ciberseguridad eval\u00faa con vigilancia las vulnerabilidades digitales, afirmando la fortaleza digital de una inversi\u00f3n junto con su salud financiera y operativa.<\/li>\n<li><strong>An\u00e1lisis del panorama socio-pol\u00edtico<\/strong>: Reconociendo el contexto m\u00e1s amplio en el que operan las empresas, exploramos factores socio-pol\u00edticos que pueden impactar las inversiones potenciales. Abordando desde cambios regulatorios hasta din\u00e1micas geopol\u00edticas, brindamos a nuestros clientes una comprensi\u00f3n completa para navegar h\u00e1bilmente entornos complejos.<\/li>\n<li><strong>Enfoque personalizado para la integraci\u00f3n cultural y organizativa<\/strong>: Reconociendo la importancia del aspecto humano en la Debida Diligencia, evaluamos la armon\u00eda cultural y organizativa de posibles alianzas, promoviendo integraciones fluidas y un \u00e9xito sostenido en empresas colaborativas.<\/li>\n<li><strong>Revelaci\u00f3n de ideas financieras<\/strong>: Realizamos un examen meticuloso de registros financieros, estados financieros y transacciones, no solo para evaluar la salud financiera, sino tambi\u00e9n para detectar cualquier riesgo subyacente.<\/li>\n<li><strong>Confianza a trav\u00e9s de la verificaci\u00f3n<\/strong>: Nuestras exhaustivas verificaciones de antecedentes sobre individuos, entidades u organizaciones van m\u00e1s all\u00e1 del examen superficial para confirmar la credibilidad y revelar problemas ocultos.<\/li>\n<li><strong>Dominio del mercado<\/strong>: Nuestra investigaci\u00f3n de mercado integral traza los contornos de las condiciones del mercado, tendencias y el panorama competitivo, proporcionando a las estrategias comerciales una inteligencia sustancial.<\/li>\n<li><strong>Cumplimiento sin compromisos<\/strong>: Nuestras auditor\u00edas de cumplimiento verifican rigurosamente el cumplimiento de los est\u00e1ndares legales y regulaciones, protegiendo las empresas de desaf\u00edos legales inesperados.<\/li>\n<\/ul>\n<blockquote>\n<p><strong>Con ACK3 como tu socio en Due Diligence, obtendr\u00e1s una fuente confiable de informaci\u00f3n de debida diligencia, capacitando a su organizaci\u00f3n para navegar paisajes empresariales complejos con confianza.<\/strong><\/p>\n<\/blockquote>\n<p>[\/et_pb_text][et_pb_divider show_divider=\u00bboff\u00bb _builder_version=\u00bb4.24.3&#8243; _module_preset=\u00bbdefault\u00bb global_colors_info=\u00bb{}\u00bb][\/et_pb_divider][et_pb_text _builder_version=\u00bb4.24.3&#8243; _module_preset=\u00bbdefault\u00bb global_colors_info=\u00bb{}\u00bb]<\/p>\n<h3><span>Ejemplos de nuestro trabajo incluyen:<\/span><\/h3>\n<p>[\/et_pb_text][\/et_pb_column][\/et_pb_row][et_pb_row column_structure=\u00bb1_2,1_2&#8243; _builder_version=\u00bb4.24.3&#8243; _module_preset=\u00bbdefault\u00bb custom_padding=\u00bb2px|||||\u00bb global_colors_info=\u00bb{}\u00bb][et_pb_column type=\u00bb1_2&#8243; _builder_version=\u00bb4.24.3&#8243; _module_preset=\u00bbdefault\u00bb global_colors_info=\u00bb{}\u00bb][et_pb_image src=\u00bbhttps:\/\/ack3.eu\/wp-content\/uploads\/2024\/03\/SOC-I-Madrid.jpg\u00bb alt=\u00bbDue Diligence\u00bb title_text=\u00bbSOC-I-Madrid\u00bb _builder_version=\u00bb4.24.3&#8243; _module_preset=\u00bbdefault\u00bb global_colors_info=\u00bb{}\u00bb][\/et_pb_image][\/et_pb_column][et_pb_column type=\u00bb1_2&#8243; _builder_version=\u00bb4.24.3&#8243; _module_preset=\u00bbdefault\u00bb global_colors_info=\u00bb{}\u00bb][et_pb_text _builder_version=\u00bb4.24.3&#8243; _module_preset=\u00bbdefault\u00bb global_colors_info=\u00bb{}\u00bb]<\/p>\n<ul>\n<li><strong>Inteligencia contextual para respaldar investigaciones<\/strong> sobre <strong>presunta fraude o mala conducta<\/strong>.<\/li>\n<li>Comprensi\u00f3n de <strong>preocupaciones relacionadas con delitos financieros<\/strong>, incluida evasi\u00f3n fiscal, violaciones de legislaci\u00f3n de sanciones, financiamiento de terrorismo o acusaciones de soborno y corrupci\u00f3n.<\/li>\n<li><strong>Exposici\u00f3n directa e indirecta a personas pol\u00edticamente expuestas<\/strong>, y la naturaleza y posibles consecuencias de esas relaciones.<\/li>\n<li>Propiedad beneficiosa y control de un grupo de empresas que involucra <strong>m\u00faltiples estructuras legales complejas en el extranjero<\/strong>.<\/li>\n<li><strong>Conducta y reputaci\u00f3n de equipos de direcci\u00f3n o individuos de alto nivel<\/strong>, resaltando asuntos que pueden estar ocultos o poco claros.<\/li>\n<li>Preocupaciones relacionadas con abusos de <strong>derechos humanos o delitos ambientales<\/strong>.<\/li>\n<li><strong>Veracidad de declaraciones<\/strong> hechas por personas con patrimonio neto ultra alto con respecto a su origen de riqueza.<\/li>\n<li>An\u00e1lisis conciso de la evoluci\u00f3n y estado actual de procedimientos de <strong>litigio complejos en m\u00faltiples jurisdicciones<\/strong>.<\/li>\n<\/ul>\n<p>[\/et_pb_text][\/et_pb_column][\/et_pb_row][et_pb_row _builder_version=\u00bb4.27.2&#8243; _module_preset=\u00bbdefault\u00bb][et_pb_column _builder_version=\u00bb4.27.2&#8243; _module_preset=\u00bbdefault\u00bb type=\u00bb4_4&#8243;][et_pb_divider _builder_version=\u00bb4.27.2&#8243; _module_preset=\u00bbdefault\u00bb hover_enabled=\u00bb0&#8243; sticky_enabled=\u00bb0&#8243;][\/et_pb_divider][\/et_pb_column][\/et_pb_row][et_pb_row _builder_version=\u00bb4.24.0&#8243; _module_preset=\u00bbdefault\u00bb global_module=\u00bb25840410&#8243; saved_tabs=\u00bball\u00bb locked=\u00bboff\u00bb global_colors_info=\u00bb{}\u00bb][et_pb_column type=\u00bb4_4&#8243; _builder_version=\u00bb4.24.0&#8243; _module_preset=\u00bbdefault\u00bb global_colors_info=\u00bb{}\u00bb][et_pb_text _builder_version=\u00bb4.24.0&#8243; _module_preset=\u00bbe9776427-b859-4288-b0a2-c7103567bb8c\u00bb global_colors_info=\u00bb{}\u00bb]<\/p>\n<p style=\"text-align: center;\">Cont\u00e1ctanos<\/p>\n<p>[\/et_pb_text][et_pb_text _builder_version=\u00bb4.24.0&#8243; _dynamic_attributes=\u00bbcontent\u00bb _module_preset=\u00bb13ddcc34-f131-47ca-8026-edc37a2f8af8&#8243; header_2_text_align=\u00bbcenter\u00bb custom_margin=\u00bb||5px||false|false\u00bb global_colors_info=\u00bb{}\u00bb]@ET-DC@eyJkeW5hbWljIjp0cnVlLCJjb250ZW50IjoicG9zdF90aXRsZSIsInNldHRpbmdzIjp7ImJlZm9yZSI6IjxoMj4gXHUwMGJmRXN0XHUwMGUxcyBpbnRlcmVzYWRvIGVuIGxvcyBzZXJ2aWNpb3MgZGUgIiwiYWZ0ZXIiOiIgZGUgQUNLMz88L2gyPiJ9fQ==@[\/et_pb_text][et_pb_text _builder_version=\u00bb4.24.0&#8243; _module_preset=\u00bb13ddcc34-f131-47ca-8026-edc37a2f8af8&#8243; global_colors_info=\u00bb{}\u00bb]<\/p>\n<p style=\"text-align: center;\">Ponte en contacto con nosotros completando el siguiente formulario:<\/p>\n<p>[\/et_pb_text][dipi_gravity_forms_styler gf_form_id=\u00bb1&#8243; form_title=\u00bbhide\u00bb _builder_version=\u00bb4.24.0&#8243; _module_preset=\u00bbdefault\u00bb form_title_font_size=\u00bb0px\u00bb field_label_font=\u00bbTrade Gothic LT Bold Extended||||||||\u00bb field_label_font_size=\u00bb15px\u00bb required_field_indicator_font_size=\u00bb15px\u00bb field_description_font_size=\u00bb16px\u00bb checkbox_radio_label_font_size=\u00bb17px\u00bb custom_all=\u00bbon\u00bb all_text_size=\u00bb17px\u00bb all_bg_color=\u00bb#000000&#8243; all_font=\u00bb|600|||||||\u00bb all_use_icon=\u00bboff\u00bb max_width=\u00bb78%\u00bb max_width_tablet=\u00bb100%\u00bb max_width_phone=\u00bb100%\u00bb max_width_last_edited=\u00bbon|desktop\u00bb module_alignment=\u00bbcenter\u00bb global_colors_info=\u00bb{}\u00bb all_bg_color__hover_enabled=\u00bbon|hover\u00bb all_bg_color__hover=\u00bb#535353&#8243; all_bg_enable_color__hover=\u00bbon\u00bb][\/dipi_gravity_forms_styler][\/et_pb_column][\/et_pb_row][\/et_pb_section]<\/p>\n","protected":false},"excerpt":{"rendered":"<p>La Perspectiva Perspicaz 4.0 de ACK3: Servicio de Consultor\u00eda Internacional de Debida Diligencia (Due Diligence) para decisiones informadas.<\/p>\n","protected":false},"author":1,"featured_media":25843908,"parent":25844443,"menu_order":0,"comment_status":"closed","ping_status":"closed","template":"","meta":{"_et_pb_use_builder":"on","_et_pb_old_content":"","_et_gb_content_width":"","footnotes":""},"dipi_cpt_category":[],"class_list":["post-25844151","page","type-page","status-publish","has-post-thumbnail","hentry"],"_links":{"self":[{"href":"https:\/\/ack3.eu\/es\/wp-json\/wp\/v2\/pages\/25844151","targetHints":{"allow":["GET"]}}],"collection":[{"href":"https:\/\/ack3.eu\/es\/wp-json\/wp\/v2\/pages"}],"about":[{"href":"https:\/\/ack3.eu\/es\/wp-json\/wp\/v2\/types\/page"}],"author":[{"embeddable":true,"href":"https:\/\/ack3.eu\/es\/wp-json\/wp\/v2\/users\/1"}],"replies":[{"embeddable":true,"href":"https:\/\/ack3.eu\/es\/wp-json\/wp\/v2\/comments?post=25844151"}],"version-history":[{"count":0,"href":"https:\/\/ack3.eu\/es\/wp-json\/wp\/v2\/pages\/25844151\/revisions"}],"up":[{"embeddable":true,"href":"https:\/\/ack3.eu\/es\/wp-json\/wp\/v2\/pages\/25844443"}],"wp:featuredmedia":[{"embeddable":true,"href":"https:\/\/ack3.eu\/es\/wp-json\/wp\/v2\/media\/25843908"}],"wp:attachment":[{"href":"https:\/\/ack3.eu\/es\/wp-json\/wp\/v2\/media?parent=25844151"}],"wp:term":[{"taxonomy":"dipi_cpt_category","embeddable":true,"href":"https:\/\/ack3.eu\/es\/wp-json\/wp\/v2\/dipi_cpt_category?post=25844151"}],"curies":[{"name":"wp","href":"https:\/\/api.w.org\/{rel}","templated":true}]}}