{"id":25844127,"date":"2024-01-31T13:18:06","date_gmt":"2024-01-31T12:18:06","guid":{"rendered":"https:\/\/ack3.eu\/servicios\/consultoria-de-riesgo-estrategico\/estrategia-corporativa-y-planificacion\/"},"modified":"2025-04-15T12:42:52","modified_gmt":"2025-04-15T10:42:52","slug":"estrategia-corporativa-planificacion","status":"publish","type":"page","link":"https:\/\/ack3.eu\/es\/servicios\/consultoria-estrategica-de-riesgos\/estrategia-corporativa-planificacion\/","title":{"rendered":"Estrategia corporativa y planificaci\u00f3n"},"content":{"rendered":"<p>[et_pb_section fb_built=\u00bb1&#8243; _builder_version=\u00bb4.24.0&#8243; _module_preset=\u00bbdefault\u00bb background_color=\u00bb#000000&#8243; background_pattern_repeat_origin=\u00bbcenter\u00bb custom_padding=\u00bb13px||13px||true|false\u00bb saved_tabs=\u00bball\u00bb locked=\u00bboff\u00bb global_colors_info=\u00bb{}\u00bb][et_pb_row _builder_version=\u00bb4.24.0&#8243; _module_preset=\u00bb32edda46-f9f8-4bcc-acb6-81abff8182ae\u00bb custom_margin=\u00bb||0px||false|false\u00bb custom_padding=\u00bb4px||4px||true|false\u00bb global_colors_info=\u00bb{}\u00bb][et_pb_column type=\u00bb4_4&#8243; _builder_version=\u00bb4.20.4&#8243; _module_preset=\u00bbdefault\u00bb global_colors_info=\u00bb{}\u00bb][dipi_breadcrumbs bc_home_text=\u00bbHome\u00bb bc_home_url=\u00bb\/\u00bb bc_items_alignment=\u00bbdipi-bc-left\u00bb bc_item_padding=\u00bb|10px||10px|false|true\u00bb bc_active_item_padding=\u00bb|20px||10px|true|false\u00bb _builder_version=\u00bb4.24.0&#8243; _module_preset=\u00bbdefault\u00bb active_text_color=\u00bb#BADFF7&#8243; global_colors_info=\u00bb{}\u00bb][\/dipi_breadcrumbs][\/et_pb_column][\/et_pb_row][\/et_pb_section][et_pb_section fb_built=\u00bb1&#8243; _builder_version=\u00bb4.24.0&#8243; _module_preset=\u00bbdefault\u00bb global_colors_info=\u00bb{}\u00bb][et_pb_row _builder_version=\u00bb4.24.0&#8243; _module_preset=\u00bbdefault\u00bb locked=\u00bboff\u00bb global_colors_info=\u00bb{}\u00bb][et_pb_column type=\u00bb4_4&#8243; _builder_version=\u00bb4.24.0&#8243; _module_preset=\u00bbdefault\u00bb global_colors_info=\u00bb{}\u00bb][et_pb_text _builder_version=\u00bb4.27.4&#8243; _module_preset=\u00bb13ddcc34-f131-47ca-8026-edc37a2f8af8&#8243; hover_enabled=\u00bb0&#8243; global_colors_info=\u00bb{}\u00bb sticky_enabled=\u00bb0&#8243;]<\/p>\n<h1 style=\"text-align: center;\">Estrategia corporativa y planificaci\u00f3n<\/h1>\n<p style=\"text-align: center;\">Nuestro servicio de estrategia y planificaci\u00f3n corporativa en ACK3 es una soluci\u00f3n integral dise\u00f1ada para <strong>mejorar la competitividad, continuidad y rentabilidad a largo plazo de tu negocio<\/strong>. Colaboramos estrechamente con tu organizaci\u00f3n para evaluar su posici\u00f3n actual, analizar la din\u00e1mica del mercado y trazar un camino claro hacia el \u00e9xito.<\/p>\n<p>[\/et_pb_text][\/et_pb_column][\/et_pb_row][et_pb_row column_structure=\u00bb1_2,1_2&#8243; module_class=\u00bbagf-vertical-align\u00bb _builder_version=\u00bb4.24.0&#8243; _module_preset=\u00bbdefault\u00bb custom_padding=\u00bb||||false|false\u00bb global_colors_info=\u00bb{}\u00bb][et_pb_column type=\u00bb1_2&#8243; _builder_version=\u00bb4.24.0&#8243; _module_preset=\u00bbdefault\u00bb global_colors_info=\u00bb{}\u00bb][et_pb_text _builder_version=\u00bb4.27.4&#8243; _module_preset=\u00bbdefault\u00bb background_color=\u00bb#F6FAFD\u00bb custom_padding=\u00bb30px|30px|30px|30px|true|true\u00bb hover_enabled=\u00bb0&#8243; border_radii=\u00bbon|3px|3px|3px|3px\u00bb box_shadow_style=\u00bbpreset4&#8243; box_shadow_horizontal=\u00bb7px\u00bb box_shadow_vertical=\u00bb7px\u00bb box_shadow_color=\u00bb#BADFF7&#8243; global_colors_info=\u00bb{}\u00bb sticky_enabled=\u00bb0&#8243;]<\/p>\n<h2>\u00bfQu\u00e9 es la estrategia y planificaci\u00f3n corporativa?<\/h2>\n<p>La estrategia y planificaci\u00f3n corporativa es un proceso sistem\u00e1tico donde las empresas <strong>definen sus metas a largo plazo, eval\u00faan su posici\u00f3n actual, analizan la din\u00e1mica del mercado, abordan los riesgos de manera proactiva y desarrollan una hoja de ruta para lograr un \u00e9xito sostenible<\/strong>. Involucra establecer objetivos claros, formular estrategias y ejecutar acciones para mantenerse competitivo y adaptarse a los cambiantes entornos empresariales.<\/p>\n<p>[\/et_pb_text][\/et_pb_column][et_pb_column type=\u00bb1_2&#8243; _builder_version=\u00bb4.24.0&#8243; _module_preset=\u00bbdefault\u00bb global_colors_info=\u00bb{}\u00bb][et_pb_image src=\u00bbhttps:\/\/ack3.eu\/wp-content\/uploads\/2024\/01\/Corporate-Strategy-and-Planning-2.webp\u00bb title_text=\u00bbEstrategia-Corporativa-y-Planificaci\u00f3n\u00bb _builder_version=\u00bb4.24.0&#8243; _module_preset=\u00bbdefault\u00bb global_colors_info=\u00bb{}\u00bb][\/et_pb_image][\/et_pb_column][\/et_pb_row][et_pb_row _builder_version=\u00bb4.24.0&#8243; _module_preset=\u00bbdefault\u00bb global_colors_info=\u00bb{}\u00bb][et_pb_column type=\u00bb4_4&#8243; _builder_version=\u00bb4.24.0&#8243; _module_preset=\u00bbdefault\u00bb global_colors_info=\u00bb{}\u00bb][et_pb_text _builder_version=\u00bb4.27.4&#8243; _module_preset=\u00bbdefault\u00bb hover_enabled=\u00bb0&#8243; global_colors_info=\u00bb{}\u00bb sticky_enabled=\u00bb0&#8243;]<\/p>\n<h3>Elevando tu negocio a nuevas alturas<\/h3>\n<p>Nuestro proceso comienza con una evaluaci\u00f3n exhaustiva de tu negocio, identificando fortalezas y \u00e1reas para mejorar. Luego realizamos un an\u00e1lisis de mercado en profundidad para identificar oportunidades emergentes y tendencias del mercado. A continuaci\u00f3n, establecemos de manera colaborativa metas espec\u00edficas y alcanzables, y desarrollamos un plan estrat\u00e9gico adaptado a tus necesidades \u00fanicas.<\/p>\n<p>Con una hoja de ruta estrat\u00e9gica clara, trabajamos junto a tu equipo para ejecutar el plan, monitorear el progreso y ajustar las estrategias seg\u00fan sea necesario. La medici\u00f3n continua del rendimiento asegura que te mantengas en el camino y tomes decisiones basadas en datos. Operamos en:<\/p>\n<p style=\"padding-left: 40px;\">\u2981 <strong>Fase de evaluaci\u00f3n:<\/strong> En esta fase inicial, realizamos una evaluaci\u00f3n integral de tu negocio.<br \/>\u2981 <strong>An\u00e1lisis de mercado:<\/strong> A continuaci\u00f3n, profundizamos en la investigaci\u00f3n de mercado para entender las tendencias de la industria, las actividades de los competidores y las oportunidades emergentes que dar\u00e1n forma a tu estrategia.<br \/>\u2981 <strong>Establecimiento de objetivos:<\/strong> Juntos, establecemos metas espec\u00edficas, medibles y temporales alineadas con tu visi\u00f3n y misi\u00f3n.<br \/>\u2981 <strong>Planificaci\u00f3n estrat\u00e9gica:<\/strong> Desarrollamos un plan estrat\u00e9gico detallado que describe las iniciativas, pasos y recursos necesarios para alcanzar tus objetivos.<br \/>\u2981 <strong>Ejecuci\u00f3n e implementaci\u00f3n:<\/strong> Nuestro equipo colabora con el tuyo para poner en acci\u00f3n el plan estrat\u00e9gico, asignar responsabilidades y monitorear el progreso.<br \/>\u2981 <strong>Medici\u00f3n del rendimiento:<\/strong> El seguimiento y la medici\u00f3n continuos de los indicadores clave de rendimiento (KPI) nos permiten evaluar la efectividad de tus estrategias.<br \/>\u2981 <strong>Retroalimentaci\u00f3n y adaptaci\u00f3n:<\/strong> Recopilamos comentarios de los interesados para refinar y adaptar tu estrategia corporativa seg\u00fan sea necesario para asegurar su relevancia y \u00e9xito continuos.<\/p>\n<blockquote>\n<p><strong>Nuestro servicio de estrategia y planificaci\u00f3n corporativa empodera a tu negocio para adaptarse y prosperar en un entorno din\u00e1mico, proporcionando una ventaja competitiva y \u00e9xito a largo plazo. D\u00e9janos ser tu socio estrat\u00e9gico para elevar tu negocio a nuevas alturas.<\/strong><\/p>\n<\/blockquote>\n<p>[\/et_pb_text][et_pb_divider _builder_version=\u00bb4.27.2&#8243; _module_preset=\u00bbdefault\u00bb global_colors_info=\u00bb{}\u00bb][\/et_pb_divider][\/et_pb_column][\/et_pb_row][et_pb_row _builder_version=\u00bb4.24.0&#8243; _module_preset=\u00bbdefault\u00bb global_module=\u00bb25841311&#8243; saved_tabs=\u00bball\u00bb locked=\u00bboff\u00bb collapsed=\u00bbon\u00bb global_colors_info=\u00bb{}\u00bb][et_pb_column type=\u00bb4_4&#8243; _builder_version=\u00bb4.24.0&#8243; _module_preset=\u00bbdefault\u00bb global_colors_info=\u00bb{}\u00bb][et_pb_text _builder_version=\u00bb4.24.0&#8243; _module_preset=\u00bbe9776427-b859-4288-b0a2-c7103567bb8c\u00bb global_colors_info=\u00bb{}\u00bb]<\/p>\n<p style=\"text-align: center;\">Cont\u00e1ctanos<\/p>\n<p>[\/et_pb_text][et_pb_text _builder_version=\u00bb4.24.2&#8243; _dynamic_attributes=\u00bbcontent\u00bb _module_preset=\u00bb13ddcc34-f131-47ca-8026-edc37a2f8af8&#8243; header_2_text_align=\u00bbcenter\u00bb custom_margin=\u00bb||5px||false|false\u00bb global_colors_info=\u00bb{}\u00bb]@ET-DC@eyJkeW5hbWljIjp0cnVlLCJjb250ZW50IjoicG9zdF90aXRsZSIsInNldHRpbmdzIjp7ImJlZm9yZSI6IjxoMj4gXHUwMGJmRXN0XHUwMGUxcyBpbnRlcmVzYWRvIGVuIGxvcyBzZXJ2aWNpb3MgZGUgIiwiYWZ0ZXIiOiJkZSBBQ0szPzwvaDI+In19@[\/et_pb_text][et_pb_text _builder_version=\u00bb4.24.0&#8243; _module_preset=\u00bb13ddcc34-f131-47ca-8026-edc37a2f8af8&#8243; global_colors_info=\u00bb{}\u00bb]<\/p>\n<p style=\"text-align: center;\">Ponte en contacto con nosotros completando el siguiente formulario:<\/p>\n<p>[\/et_pb_text][dipi_gravity_forms_styler gf_form_id=\u00bb1&#8243; form_title=\u00bbhide\u00bb _builder_version=\u00bb4.24.0&#8243; _module_preset=\u00bbdefault\u00bb form_title_font_size=\u00bb0px\u00bb field_label_font=\u00bbTrade Gothic LT Bold Extended||||||||\u00bb field_label_font_size=\u00bb15px\u00bb required_field_indicator_font_size=\u00bb15px\u00bb field_description_font_size=\u00bb16px\u00bb checkbox_radio_label_font_size=\u00bb17px\u00bb custom_all=\u00bbon\u00bb all_text_size=\u00bb17px\u00bb all_bg_color=\u00bb#000000&#8243; all_font=\u00bb|600|||||||\u00bb all_use_icon=\u00bboff\u00bb max_width=\u00bb78%\u00bb max_width_tablet=\u00bb100%\u00bb max_width_phone=\u00bb\u00bb max_width_last_edited=\u00bbon|desktop\u00bb module_alignment=\u00bbcenter\u00bb global_colors_info=\u00bb{}\u00bb all_bg_color__hover_enabled=\u00bbon|hover\u00bb all_bg_color__hover=\u00bb#535353&#8243; all_bg_enable_color__hover=\u00bbon\u00bb][\/dipi_gravity_forms_styler][\/et_pb_column][\/et_pb_row][\/et_pb_section]<\/p>\n","protected":false},"excerpt":{"rendered":"<p>ACK3&#8217;s service enhances long-term competitiveness and profitability by establishing clear objectives and strategic plans tailored to your business.<\/p>\n","protected":false},"author":1,"featured_media":25842984,"parent":25844083,"menu_order":0,"comment_status":"closed","ping_status":"closed","template":"","meta":{"_et_pb_use_builder":"on","_et_pb_old_content":"","_et_gb_content_width":"","footnotes":""},"dipi_cpt_category":[],"class_list":["post-25844127","page","type-page","status-publish","has-post-thumbnail","hentry"],"_links":{"self":[{"href":"https:\/\/ack3.eu\/es\/wp-json\/wp\/v2\/pages\/25844127","targetHints":{"allow":["GET"]}}],"collection":[{"href":"https:\/\/ack3.eu\/es\/wp-json\/wp\/v2\/pages"}],"about":[{"href":"https:\/\/ack3.eu\/es\/wp-json\/wp\/v2\/types\/page"}],"author":[{"embeddable":true,"href":"https:\/\/ack3.eu\/es\/wp-json\/wp\/v2\/users\/1"}],"replies":[{"embeddable":true,"href":"https:\/\/ack3.eu\/es\/wp-json\/wp\/v2\/comments?post=25844127"}],"version-history":[{"count":0,"href":"https:\/\/ack3.eu\/es\/wp-json\/wp\/v2\/pages\/25844127\/revisions"}],"up":[{"embeddable":true,"href":"https:\/\/ack3.eu\/es\/wp-json\/wp\/v2\/pages\/25844083"}],"wp:featuredmedia":[{"embeddable":true,"href":"https:\/\/ack3.eu\/es\/wp-json\/wp\/v2\/media\/25842984"}],"wp:attachment":[{"href":"https:\/\/ack3.eu\/es\/wp-json\/wp\/v2\/media?parent=25844127"}],"wp:term":[{"taxonomy":"dipi_cpt_category","embeddable":true,"href":"https:\/\/ack3.eu\/es\/wp-json\/wp\/v2\/dipi_cpt_category?post=25844127"}],"curies":[{"name":"wp","href":"https:\/\/api.w.org\/{rel}","templated":true}]}}