{"id":25844121,"date":"2024-01-31T09:56:15","date_gmt":"2024-01-31T08:56:15","guid":{"rendered":"https:\/\/ack3.eu\/servicios\/consultoria-de-riesgo-estrategico\/estrategia-de-entrada-al-mercado\/"},"modified":"2025-04-15T12:36:59","modified_gmt":"2025-04-15T10:36:59","slug":"estrategia-de-entrada-al-mercado","status":"publish","type":"page","link":"https:\/\/ack3.eu\/es\/servicios\/consultoria-estrategica-de-riesgos\/estrategia-de-entrada-al-mercado\/","title":{"rendered":"Estrategia de entrada al mercado"},"content":{"rendered":"<p>[et_pb_section fb_built=\u00bb1&#8243; _builder_version=\u00bb4.24.0&#8243; _module_preset=\u00bbdefault\u00bb background_color=\u00bb#000000&#8243; background_pattern_repeat_origin=\u00bbcenter\u00bb custom_padding=\u00bb13px||13px||true|false\u00bb saved_tabs=\u00bball\u00bb locked=\u00bboff\u00bb global_colors_info=\u00bb{}\u00bb][et_pb_row _builder_version=\u00bb4.24.0&#8243; _module_preset=\u00bb32edda46-f9f8-4bcc-acb6-81abff8182ae\u00bb custom_margin=\u00bb||0px||false|false\u00bb custom_padding=\u00bb4px||4px||true|false\u00bb global_colors_info=\u00bb{}\u00bb][et_pb_column type=\u00bb4_4&#8243; _builder_version=\u00bb4.20.4&#8243; _module_preset=\u00bbdefault\u00bb global_colors_info=\u00bb{}\u00bb][dipi_breadcrumbs bc_home_text=\u00bbHome\u00bb bc_home_url=\u00bb\/\u00bb bc_items_alignment=\u00bbdipi-bc-left\u00bb bc_item_padding=\u00bb|10px||10px|false|true\u00bb bc_active_item_padding=\u00bb|20px||10px|true|false\u00bb _builder_version=\u00bb4.24.0&#8243; _module_preset=\u00bbdefault\u00bb active_text_color=\u00bb#BADFF7&#8243; global_colors_info=\u00bb{}\u00bb][\/dipi_breadcrumbs][\/et_pb_column][\/et_pb_row][\/et_pb_section][et_pb_section fb_built=\u00bb1&#8243; _builder_version=\u00bb4.24.0&#8243; _module_preset=\u00bbdefault\u00bb global_colors_info=\u00bb{}\u00bb][et_pb_row _builder_version=\u00bb4.24.0&#8243; _module_preset=\u00bbdefault\u00bb locked=\u00bboff\u00bb global_colors_info=\u00bb{}\u00bb][et_pb_column type=\u00bb4_4&#8243; _builder_version=\u00bb4.24.0&#8243; _module_preset=\u00bbdefault\u00bb global_colors_info=\u00bb{}\u00bb][et_pb_text _builder_version=\u00bb4.27.4&#8243; _module_preset=\u00bb13ddcc34-f131-47ca-8026-edc37a2f8af8&#8243; global_colors_info=\u00bb{}\u00bb]<\/p>\n<h1 style=\"text-align: center;\">Estrategia de entrada al mercado<\/h1>\n<p style=\"text-align: center;\">Nuestro servicio de estrategia de entrada al mercado en ACK3 es una soluci\u00f3n integral dise\u00f1ada para ayudar a las empresas a <strong>navegar exitosamente las complejidades de entrar en nuevos mercados y expandir su presencia global.<\/strong> Entendemos que <strong>aventurarse en territorio desconocido puede ser desalentador<\/strong>, por lo que ofrecemos un enfoque personalizado que combina an\u00e1lisis de mercado en profundidad, planificaci\u00f3n estrat\u00e9gica, gesti\u00f3n de riesgos y orientaci\u00f3n experta.<\/p>\n<p>[\/et_pb_text][\/et_pb_column][\/et_pb_row][et_pb_row column_structure=\u00bb1_2,1_2&#8243; module_class=\u00bbagf-vertical-align\u00bb _builder_version=\u00bb4.24.0&#8243; _module_preset=\u00bbdefault\u00bb custom_padding=\u00bb||||false|false\u00bb global_colors_info=\u00bb{}\u00bb][et_pb_column type=\u00bb1_2&#8243; _builder_version=\u00bb4.24.0&#8243; _module_preset=\u00bbdefault\u00bb global_colors_info=\u00bb{}\u00bb][et_pb_text _builder_version=\u00bb4.27.4&#8243; _module_preset=\u00bbdefault\u00bb background_color=\u00bb#F6FAFD\u00bb custom_padding=\u00bb30px|30px|30px|30px|true|true\u00bb border_radii=\u00bbon|3px|3px|3px|3px\u00bb box_shadow_style=\u00bbpreset4&#8243; box_shadow_horizontal=\u00bb7px\u00bb box_shadow_vertical=\u00bb7px\u00bb box_shadow_color=\u00bb#BADFF7&#8243; global_colors_info=\u00bb{}\u00bb]<\/p>\n<h2>\u00bfQu\u00e9 es la estrategia de entrada al mercado?<\/h2>\n<p>Una estrategia de entrada al mercado es un plan que una empresa desarrolla para entrar en un nuevo mercado o expandirse en uno existente. Involucra investigar el <strong>mercado, analizar a los competidores, evaluar riesgos y oportunidades, y dise\u00f1ar un enfoque personalizado<\/strong> para una entrada exitosa al mercado.<\/p>\n<p>[\/et_pb_text][\/et_pb_column][et_pb_column type=\u00bb1_2&#8243; _builder_version=\u00bb4.24.0&#8243; _module_preset=\u00bbdefault\u00bb global_colors_info=\u00bb{}\u00bb][et_pb_image src=\u00bbhttps:\/\/ack3.eu\/wp-content\/uploads\/2024\/01\/Market-Entry-Strategy-2.webp\u00bb title_text=\u00bbEstrategia-de-Entrada-al-Mercado\u00bb _builder_version=\u00bb4.24.0&#8243; _module_preset=\u00bbdefault\u00bb global_colors_info=\u00bb{}\u00bb][\/et_pb_image][\/et_pb_column][\/et_pb_row][et_pb_row _builder_version=\u00bb4.24.0&#8243; _module_preset=\u00bbdefault\u00bb global_colors_info=\u00bb{}\u00bb][et_pb_column type=\u00bb4_4&#8243; _builder_version=\u00bb4.24.0&#8243; _module_preset=\u00bbdefault\u00bb global_colors_info=\u00bb{}\u00bb][et_pb_text _builder_version=\u00bb4.27.4&#8243; _module_preset=\u00bbdefault\u00bb global_colors_info=\u00bb{}\u00bb]<\/p>\n<h3>Desbloqueando oportunidades globales<\/h3>\n<p>Con ACK3 como tu socio, ganas acceso a un equipo de especialistas en negocios internacionales, investigaci\u00f3n de mercado e inteligencia estrat\u00e9gica. Trabajamos estrechamente contigo para desarrollar un plan de entrada al mercado personalizado que se alinee con tus objetivos y metas \u00fanicas.<\/p>\n<p>Nuestras metodolog\u00edas probadas, junto con una amplia experiencia, aseguran que tomes decisiones informadas y mitigue los riesgos en el camino. Operamos en:<\/p>\n<ul>\n<li data-start=\"1399\" data-end=\"1549\" class=\"\">\n<p data-start=\"1401\" data-end=\"1549\" class=\"\"><strong data-start=\"1401\" data-end=\"1429\">Investigaci\u00f3n de mercado<\/strong>: Comprensi\u00f3n detallada del mercado objetivo, incluyendo tama\u00f1o, demograf\u00eda, tendencias y preferencias del consumidor.<\/p>\n<\/li>\n<li data-start=\"1550\" data-end=\"1685\" class=\"\">\n<p data-start=\"1552\" data-end=\"1685\" class=\"\"><strong data-start=\"1552\" data-end=\"1582\">An\u00e1lisis de la competencia<\/strong>: Evaluaci\u00f3n de los competidores existentes en el mercado, sus fortalezas, debilidades y estrategias.<\/p>\n<\/li>\n<li data-start=\"1686\" data-end=\"1895\" class=\"\">\n<p data-start=\"1688\" data-end=\"1895\" class=\"\"><strong data-start=\"1688\" data-end=\"1729\">Evaluaci\u00f3n de riesgos y oportunidades<\/strong>: Identificaci\u00f3n de riesgos y oportunidades espec\u00edficas del nuevo mercado, como barreras comerciales, regulaciones, demanda del consumidor y condiciones econ\u00f3micas.<\/p>\n<\/li>\n<li data-start=\"1896\" data-end=\"2155\" class=\"\">\n<p data-start=\"1898\" data-end=\"2155\" class=\"\"><strong data-start=\"1898\" data-end=\"1929\">Desarrollo de la estrategia<\/strong>: Dise\u00f1o de una estrategia integral de entrada al mercado, alineada con las condiciones del entorno y los objetivos del negocio, incluyendo la selecci\u00f3n del enfoque de entrada y la definici\u00f3n de acciones y recursos necesarios.<\/p>\n<\/li>\n<\/ul>\n<blockquote>\n<p><strong>Ya sea que est\u00e9s observando mercados emergentes, explorando nuevas regiones o buscando optimizar tu presencia actual en el mercado, el servicio de estrategia de entrada al mercado de ACK3 te equipa con las perspectivas y estrategias necesarias para prosperar en un paisaje global. D\u00e9janos ser tu gu\u00eda mientras te embarcas en tu viaje para conquistar nuevos horizontes y maximizar tu potencial empresarial.<\/strong><\/p>\n<\/blockquote>\n<p>[\/et_pb_text][et_pb_divider _builder_version=\u00bb4.27.2&#8243; _module_preset=\u00bbdefault\u00bb global_colors_info=\u00bb{}\u00bb][\/et_pb_divider][\/et_pb_column][\/et_pb_row][et_pb_row _builder_version=\u00bb4.24.0&#8243; _module_preset=\u00bbdefault\u00bb global_module=\u00bb25841311&#8243; saved_tabs=\u00bball\u00bb locked=\u00bboff\u00bb global_colors_info=\u00bb{}\u00bb][et_pb_column type=\u00bb4_4&#8243; _builder_version=\u00bb4.24.0&#8243; _module_preset=\u00bbdefault\u00bb global_colors_info=\u00bb{}\u00bb][et_pb_text _builder_version=\u00bb4.27.4&#8243; _module_preset=\u00bbe9776427-b859-4288-b0a2-c7103567bb8c\u00bb hover_enabled=\u00bb0&#8243; global_colors_info=\u00bb{}\u00bb sticky_enabled=\u00bb0&#8243;]<\/p>\n<p style=\"text-align: center;\">Cont\u00e1ctanos<\/p>\n<p>[\/et_pb_text][et_pb_text _builder_version=\u00bb4.27.4&#8243; _dynamic_attributes=\u00bbcontent\u00bb _module_preset=\u00bb13ddcc34-f131-47ca-8026-edc37a2f8af8&#8243; header_2_text_align=\u00bbcenter\u00bb custom_margin=\u00bb||5px||false|false\u00bb hover_enabled=\u00bb0&#8243; global_colors_info=\u00bb{}\u00bb sticky_enabled=\u00bb0&#8243;]@ET-DC@eyJkeW5hbWljIjp0cnVlLCJjb250ZW50IjoicG9zdF90aXRsZSIsInNldHRpbmdzIjp7ImJlZm9yZSI6IjxoMj4gwr9Fc3TDoXMgaW50ZXJlc2FkbyBlbiBsb3Mgc2VydmljaW9zIGRlICIsImFmdGVyIjoiIGRlIEFDSzM\/PC9oMj4ifX0=@[\/et_pb_text][et_pb_text _builder_version=\u00bb4.24.0&#8243; _module_preset=\u00bb13ddcc34-f131-47ca-8026-edc37a2f8af8&#8243; global_colors_info=\u00bb{}\u00bb]<\/p>\n<p style=\"text-align: center;\">Ponte en contacto con nosotros completando el siguiente formulario:<\/p>\n<p>[\/et_pb_text][dipi_gravity_forms_styler gf_form_id=\u00bb1&#8243; form_title=\u00bbhide\u00bb _builder_version=\u00bb4.24.0&#8243; _module_preset=\u00bbdefault\u00bb form_title_font_size=\u00bb0px\u00bb field_label_font=\u00bbTrade Gothic LT Bold Extended||||||||\u00bb field_label_font_size=\u00bb15px\u00bb required_field_indicator_font_size=\u00bb15px\u00bb field_description_font_size=\u00bb16px\u00bb checkbox_radio_label_font_size=\u00bb17px\u00bb custom_all=\u00bbon\u00bb all_text_size=\u00bb17px\u00bb all_bg_color=\u00bb#000000&#8243; all_font=\u00bb|600|||||||\u00bb all_use_icon=\u00bboff\u00bb max_width=\u00bb78%\u00bb max_width_tablet=\u00bb100%\u00bb max_width_phone=\u00bb\u00bb max_width_last_edited=\u00bbon|desktop\u00bb module_alignment=\u00bbcenter\u00bb global_colors_info=\u00bb{}\u00bb all_bg_color__hover_enabled=\u00bbon|hover\u00bb all_bg_color__hover=\u00bb#535353&#8243; all_bg_enable_color__hover=\u00bbon\u00bb][\/dipi_gravity_forms_styler][\/et_pb_column][\/et_pb_row][\/et_pb_section]<\/p>\n","protected":false},"excerpt":{"rendered":"<p>ACK3\u2019s Market Entry Strategy service helps businesses navigate new markets with tailored plans, market analysis, and risk management.<\/p>\n","protected":false},"author":1,"featured_media":25843014,"parent":25844083,"menu_order":0,"comment_status":"closed","ping_status":"closed","template":"","meta":{"_et_pb_use_builder":"on","_et_pb_old_content":"","_et_gb_content_width":"","footnotes":""},"dipi_cpt_category":[],"class_list":["post-25844121","page","type-page","status-publish","has-post-thumbnail","hentry"],"_links":{"self":[{"href":"https:\/\/ack3.eu\/es\/wp-json\/wp\/v2\/pages\/25844121","targetHints":{"allow":["GET"]}}],"collection":[{"href":"https:\/\/ack3.eu\/es\/wp-json\/wp\/v2\/pages"}],"about":[{"href":"https:\/\/ack3.eu\/es\/wp-json\/wp\/v2\/types\/page"}],"author":[{"embeddable":true,"href":"https:\/\/ack3.eu\/es\/wp-json\/wp\/v2\/users\/1"}],"replies":[{"embeddable":true,"href":"https:\/\/ack3.eu\/es\/wp-json\/wp\/v2\/comments?post=25844121"}],"version-history":[{"count":0,"href":"https:\/\/ack3.eu\/es\/wp-json\/wp\/v2\/pages\/25844121\/revisions"}],"up":[{"embeddable":true,"href":"https:\/\/ack3.eu\/es\/wp-json\/wp\/v2\/pages\/25844083"}],"wp:featuredmedia":[{"embeddable":true,"href":"https:\/\/ack3.eu\/es\/wp-json\/wp\/v2\/media\/25843014"}],"wp:attachment":[{"href":"https:\/\/ack3.eu\/es\/wp-json\/wp\/v2\/media?parent=25844121"}],"wp:term":[{"taxonomy":"dipi_cpt_category","embeddable":true,"href":"https:\/\/ack3.eu\/es\/wp-json\/wp\/v2\/dipi_cpt_category?post=25844121"}],"curies":[{"name":"wp","href":"https:\/\/api.w.org\/{rel}","templated":true}]}}