{"id":25844112,"date":"2024-03-07T13:52:57","date_gmt":"2024-03-07T12:52:57","guid":{"rendered":"https:\/\/ack3.eu\/servicios\/gestion-de-riesgos\/paz-estabilidad-y-transicion\/"},"modified":"2025-05-13T11:47:36","modified_gmt":"2025-05-13T09:47:36","slug":"paz-estabilidad-y-transicion","status":"publish","type":"page","link":"https:\/\/ack3.eu\/es\/servicios\/consultoria-estrategica-de-riesgos\/paz-estabilidad-y-transicion\/","title":{"rendered":"Paz, Estabilidad y Transici\u00f3n"},"content":{"rendered":"<p>[et_pb_section fb_built=\u00bb1&#8243; _builder_version=\u00bb4.24.0&#8243; _module_preset=\u00bbdefault\u00bb background_color=\u00bb#000000&#8243; background_pattern_repeat_origin=\u00bbcenter\u00bb custom_padding=\u00bb13px||13px||true|false\u00bb saved_tabs=\u00bball\u00bb locked=\u00bboff\u00bb global_colors_info=\u00bb{}\u00bb][et_pb_row _builder_version=\u00bb4.24.0&#8243; _module_preset=\u00bb32edda46-f9f8-4bcc-acb6-81abff8182ae\u00bb custom_margin=\u00bb||0px||false|false\u00bb custom_padding=\u00bb4px||4px||true|false\u00bb global_colors_info=\u00bb{}\u00bb][et_pb_column type=\u00bb4_4&#8243; _builder_version=\u00bb4.20.4&#8243; _module_preset=\u00bbdefault\u00bb global_colors_info=\u00bb{}\u00bb][dipi_breadcrumbs bc_home_text=\u00bbHome\u00bb bc_home_url=\u00bb\/\u00bb bc_items_alignment=\u00bbdipi-bc-left\u00bb bc_item_padding=\u00bb|10px||10px|false|true\u00bb bc_active_item_padding=\u00bb|20px||10px|true|false\u00bb _builder_version=\u00bb4.24.0&#8243; _module_preset=\u00bbdefault\u00bb active_text_color=\u00bb#BADFF7&#8243; global_colors_info=\u00bb{}\u00bb][\/dipi_breadcrumbs][\/et_pb_column][\/et_pb_row][\/et_pb_section][et_pb_section fb_built=\u00bb1&#8243; _builder_version=\u00bb4.24.0&#8243; _module_preset=\u00bbdefault\u00bb locked=\u00bboff\u00bb global_colors_info=\u00bb{}\u00bb][et_pb_row _builder_version=\u00bb4.24.0&#8243; _module_preset=\u00bbdefault\u00bb locked=\u00bboff\u00bb global_colors_info=\u00bb{}\u00bb][et_pb_column type=\u00bb4_4&#8243; _builder_version=\u00bb4.24.0&#8243; _module_preset=\u00bbdefault\u00bb global_colors_info=\u00bb{}\u00bb][et_pb_text _builder_version=\u00bb4.24.2&#8243; _module_preset=\u00bb13ddcc34-f131-47ca-8026-edc37a2f8af8&#8243; global_colors_info=\u00bb{}\u00bb]<\/p>\n<h1 style=\"text-align: center;\">Paz, Estabilidad y Transici\u00f3n <\/h1>\n<p style=\"text-align: center;\">El servicio de ACK3 en Paz, Estabilidad y Transici\u00f3n est\u00e1 dedicado a <strong>abordar las causas subyacentes de los conflictos y a contribuir a la paz y el desarrollo sostenibles<\/strong>. Nuestro enfoque se basa en una profunda experiencia en estados fr\u00e1giles y afectados por conflictos, aplicando experiencia t\u00e9cnica e investigaci\u00f3n integral para mitigar la violencia y promover la cohesi\u00f3n social.<\/p>\n<p>[\/et_pb_text][\/et_pb_column][\/et_pb_row][et_pb_row column_structure=\u00bb1_2,1_2&#8243; module_class=\u00bbagf-vertical-align\u00bb _builder_version=\u00bb4.24.0&#8243; _module_preset=\u00bbdefault\u00bb custom_padding=\u00bb||||false|false\u00bb global_colors_info=\u00bb{}\u00bb][et_pb_column type=\u00bb1_2&#8243; _builder_version=\u00bb4.24.0&#8243; _module_preset=\u00bbdefault\u00bb global_colors_info=\u00bb{}\u00bb][et_pb_text _builder_version=\u00bb4.24.2&#8243; _module_preset=\u00bbdefault\u00bb background_color=\u00bb#F6FAFD\u00bb custom_padding=\u00bb30px|30px|30px|30px|true|true\u00bb border_radii=\u00bbon|3px|3px|3px|3px\u00bb box_shadow_style=\u00bbpreset4&#8243; box_shadow_horizontal=\u00bb7px\u00bb box_shadow_vertical=\u00bb7px\u00bb box_shadow_color=\u00bb#BADFF7&#8243; global_colors_info=\u00bb{}\u00bb]<\/p>\n<h2><span>\u00bfQu\u00e9 es Paz, Estabilidad y Transici\u00f3n?<\/span><\/h2>\n<p><span>Paz, Estabilidad y Transici\u00f3n (PST) se refiere al proceso integral y las pr\u00e1cticas destinadas a cultivar la paz, <strong>mantener la estabilidad social y gestionar la delicada fase de transici\u00f3n de un conflicto a la paz<\/strong>. PST abarca la resoluci\u00f3n de conflictos, la construcci\u00f3n de paz y el apoyo a las reformas institucionales para establecer una paz duradera y prevenir la recurrencia de la violencia. Este proceso implica promover la cohesi\u00f3n social, fortalecer la gobernanza y facilitar la recuperaci\u00f3n econ\u00f3mica para construir comunidades y naciones resilientes.<\/span><\/p>\n<p>[\/et_pb_text][\/et_pb_column][et_pb_column type=\u00bb1_2&#8243; _builder_version=\u00bb4.24.0&#8243; _module_preset=\u00bbdefault\u00bb global_colors_info=\u00bb{}\u00bb][et_pb_image src=\u00bbhttps:\/\/ack3.eu\/wp-content\/uploads\/2024\/03\/Peace-Stability-and-Transition-.jpg\u00bb title_text=\u00bbPaz-Estabilidad-Transici\u00f3n\u00bb _builder_version=\u00bb4.24.2&#8243; _module_preset=\u00bbdefault\u00bb global_colors_info=\u00bb{}\u00bb][\/et_pb_image][\/et_pb_column][\/et_pb_row][et_pb_row _builder_version=\u00bb4.24.0&#8243; _module_preset=\u00bbdefault\u00bb global_colors_info=\u00bb{}\u00bb][et_pb_column type=\u00bb4_4&#8243; _builder_version=\u00bb4.24.0&#8243; _module_preset=\u00bbdefault\u00bb global_colors_info=\u00bb{}\u00bb][et_pb_text _builder_version=\u00bb4.27.4&#8243; _module_preset=\u00bbdefault\u00bb hover_enabled=\u00bb0&#8243; global_colors_info=\u00bb{}\u00bb sticky_enabled=\u00bb0&#8243;]<\/p>\n<h3>Experiencia en estados fr\u00e1giles: Construyendo estabilidad y resiliencia<\/h3>\n<p>Nos especializamos en <strong>transformar la fragilidad en estabilidad entendiendo las complejidades de la gobernanza d\u00e9bil, la volatilidad econ\u00f3mica y las desigualdades sociales<\/strong> que pueden escalar a conflictos.<\/p>\n<blockquote>\n<p>Nuestros programas est\u00e1n dise\u00f1ados para prevenir conflictos, facilitar transiciones estables y apoyar procesos democr\u00e1ticos, asegurando un entorno seguro propicio para el desarrollo a largo plazo.<\/p>\n<\/blockquote>\n<p>El servicio PST de ACK3 incluye un an\u00e1lisis profundo de los conflictos, planificaci\u00f3n estrat\u00e9gica para los procesos de paz y apoyo a las reformas de gobernanza. Operamos en:<\/p>\n<ul>\n<li><strong>An\u00e1lisis de conflictos<\/strong>: Evaluaci\u00f3n profunda de las causas subyacentes y las posibles resoluciones de los conflictos en curso.<\/li>\n<li><strong>Estrategias de construcci\u00f3n de paz<\/strong>: Enfoques integrales para apoyar la sanaci\u00f3n y reconciliaci\u00f3n societal.<\/li>\n<li><strong>Transiciones democr\u00e1ticas<\/strong>: Orientaci\u00f3n y apoyo para que las instituciones transiten hacia una gobernanza democr\u00e1tica.<\/li>\n<li><strong>Fortalecimiento de la gobernanza<\/strong>: Empoderamiento de los gobiernos para impartir justicia e igualdad para sostener la paz.<\/li>\n<li><strong>Participaci\u00f3n comunitaria<\/strong>: Facilitaci\u00f3n del di\u00e1logo y entendimiento entre partes en conflicto y comunidades.<\/li>\n<li><strong>Construcci\u00f3n de resiliencia<\/strong>: Mejora de la capacidad de las sociedades para resistir y recuperarse de conflictos y crisis.<\/li>\n<\/ul>\n<p>Nuestras estrategias est\u00e1n adaptadas a las necesidades locales, involucrando asociaciones comunitarias e iniciativas basadas en evidencia que abordan desaf\u00edos espec\u00edficos. Desde mejorar la cohesi\u00f3n social hasta prepararse para la escasez de recursos inducida por el clima, nuestro enfoque est\u00e1 en crear programas que sean receptivos y eficaces para mantener la paz y la seguridad. Los servicios de ACK3 abarcan una amplia gama de actividades esenciales para la paz, la estabilidad y la transici\u00f3n, incluyendo la resiliencia clim\u00e1tica, la prevenci\u00f3n de conflictos, la construcci\u00f3n de paz, el an\u00e1lisis de pol\u00edticas, la lucha contra el extremismo y el fomento de la seguridad inclusiva con un enfoque en los roles de las mujeres en los procesos de paz.<\/p>\n<blockquote>\n<p><strong>En ACK3, creemos en crear una base para la estabilidad resiliente empoderando a los socios locales y aprovechando nuestra experiencia global para facilitar la recuperaci\u00f3n y prevenir futuros conflictos. Estamos dedicados a innovar soluciones que allanan el camino hacia un futuro pac\u00edfico y seguro.<\/strong><\/p>\n<\/blockquote>\n<p>[\/et_pb_text][et_pb_divider _builder_version=\u00bb4.27.2&#8243; _module_preset=\u00bbdefault\u00bb global_colors_info=\u00bb{}\u00bb][\/et_pb_divider][\/et_pb_column][\/et_pb_row][et_pb_row _builder_version=\u00bb4.24.0&#8243; _module_preset=\u00bbdefault\u00bb global_module=\u00bb25840410&#8243; saved_tabs=\u00bball\u00bb locked=\u00bboff\u00bb global_colors_info=\u00bb{}\u00bb][et_pb_column type=\u00bb4_4&#8243; _builder_version=\u00bb4.24.0&#8243; _module_preset=\u00bbdefault\u00bb global_colors_info=\u00bb{}\u00bb][et_pb_text _builder_version=\u00bb4.24.0&#8243; _module_preset=\u00bbe9776427-b859-4288-b0a2-c7103567bb8c\u00bb global_colors_info=\u00bb{}\u00bb]<\/p>\n<p style=\"text-align: center;\">Cont\u00e1ctanos<\/p>\n<p>[\/et_pb_text][et_pb_text _builder_version=\u00bb4.24.0&#8243; _dynamic_attributes=\u00bbcontent\u00bb _module_preset=\u00bb13ddcc34-f131-47ca-8026-edc37a2f8af8&#8243; header_2_text_align=\u00bbcenter\u00bb custom_margin=\u00bb||5px||false|false\u00bb global_colors_info=\u00bb{}\u00bb]@ET-DC@eyJkeW5hbWljIjp0cnVlLCJjb250ZW50IjoicG9zdF90aXRsZSIsInNldHRpbmdzIjp7ImJlZm9yZSI6IjxoMj4gXHUwMGJmRXN0XHUwMGUxcyBpbnRlcmVzYWRvIGVuIGxvcyBzZXJ2aWNpb3MgZGUgIiwiYWZ0ZXIiOiIgZGUgQUNLMz88L2gyPiJ9fQ==@[\/et_pb_text][et_pb_text _builder_version=\u00bb4.24.0&#8243; _module_preset=\u00bb13ddcc34-f131-47ca-8026-edc37a2f8af8&#8243; global_colors_info=\u00bb{}\u00bb]<\/p>\n<p style=\"text-align: center;\">Ponte en contacto con nosotros completando el siguiente formulario:<\/p>\n<p>[\/et_pb_text][dipi_gravity_forms_styler gf_form_id=\u00bb1&#8243; form_title=\u00bbhide\u00bb _builder_version=\u00bb4.24.0&#8243; _module_preset=\u00bbdefault\u00bb form_title_font_size=\u00bb0px\u00bb field_label_font=\u00bbTrade Gothic LT Bold Extended||||||||\u00bb field_label_font_size=\u00bb15px\u00bb required_field_indicator_font_size=\u00bb15px\u00bb field_description_font_size=\u00bb16px\u00bb checkbox_radio_label_font_size=\u00bb17px\u00bb custom_all=\u00bbon\u00bb all_text_size=\u00bb17px\u00bb all_bg_color=\u00bb#000000&#8243; all_font=\u00bb|600|||||||\u00bb all_use_icon=\u00bboff\u00bb max_width=\u00bb78%\u00bb max_width_tablet=\u00bb100%\u00bb max_width_phone=\u00bb100%\u00bb max_width_last_edited=\u00bbon|desktop\u00bb module_alignment=\u00bbcenter\u00bb global_colors_info=\u00bb{}\u00bb all_bg_color__hover_enabled=\u00bbon|hover\u00bb all_bg_color__hover=\u00bb#535353&#8243; all_bg_enable_color__hover=\u00bbon\u00bb][\/dipi_gravity_forms_styler][\/et_pb_column][\/et_pb_row][\/et_pb_section]<\/p>\n","protected":false},"excerpt":{"rendered":"<p>Apoya la paz sostenible, la estabilidad y la transici\u00f3n a trav\u00e9s de la prevenci\u00f3n estrat\u00e9gica de conflictos y soluciones integrales impulsadas por la comunidad.<\/p>\n","protected":false},"author":2,"featured_media":25843175,"parent":25844083,"menu_order":0,"comment_status":"closed","ping_status":"closed","template":"","meta":{"_et_pb_use_builder":"on","_et_pb_old_content":"","_et_gb_content_width":"","footnotes":""},"dipi_cpt_category":[],"class_list":["post-25844112","page","type-page","status-publish","has-post-thumbnail","hentry"],"_links":{"self":[{"href":"https:\/\/ack3.eu\/es\/wp-json\/wp\/v2\/pages\/25844112","targetHints":{"allow":["GET"]}}],"collection":[{"href":"https:\/\/ack3.eu\/es\/wp-json\/wp\/v2\/pages"}],"about":[{"href":"https:\/\/ack3.eu\/es\/wp-json\/wp\/v2\/types\/page"}],"author":[{"embeddable":true,"href":"https:\/\/ack3.eu\/es\/wp-json\/wp\/v2\/users\/2"}],"replies":[{"embeddable":true,"href":"https:\/\/ack3.eu\/es\/wp-json\/wp\/v2\/comments?post=25844112"}],"version-history":[{"count":0,"href":"https:\/\/ack3.eu\/es\/wp-json\/wp\/v2\/pages\/25844112\/revisions"}],"up":[{"embeddable":true,"href":"https:\/\/ack3.eu\/es\/wp-json\/wp\/v2\/pages\/25844083"}],"wp:featuredmedia":[{"embeddable":true,"href":"https:\/\/ack3.eu\/es\/wp-json\/wp\/v2\/media\/25843175"}],"wp:attachment":[{"href":"https:\/\/ack3.eu\/es\/wp-json\/wp\/v2\/media?parent=25844112"}],"wp:term":[{"taxonomy":"dipi_cpt_category","embeddable":true,"href":"https:\/\/ack3.eu\/es\/wp-json\/wp\/v2\/dipi_cpt_category?post=25844112"}],"curies":[{"name":"wp","href":"https:\/\/api.w.org\/{rel}","templated":true}]}}