{"id":25844106,"date":"2024-02-01T15:47:41","date_gmt":"2024-02-01T14:47:41","guid":{"rendered":"https:\/\/ack3.eu\/servicios\/resiliencia-organizacional\/resiliencia-de-la-cadena-de-suministro\/"},"modified":"2024-10-02T13:15:55","modified_gmt":"2024-10-02T11:15:55","slug":"resiliencia-de-la-cadena-de-suministro","status":"publish","type":"page","link":"https:\/\/ack3.eu\/es\/servicios\/resiliencia-organizacional\/resiliencia-de-la-cadena-de-suministro\/","title":{"rendered":"Resiliencia de la Cadena de Suministro"},"content":{"rendered":"<p>[et_pb_section fb_built=\u00bb1&#8243; _builder_version=\u00bb4.24.0&#8243; _module_preset=\u00bbdefault\u00bb background_color=\u00bb#000000&#8243; background_pattern_repeat_origin=\u00bbcenter\u00bb custom_padding=\u00bb13px||13px||true|false\u00bb saved_tabs=\u00bball\u00bb locked=\u00bboff\u00bb global_colors_info=\u00bb{}\u00bb][et_pb_row _builder_version=\u00bb4.24.0&#8243; _module_preset=\u00bb32edda46-f9f8-4bcc-acb6-81abff8182ae\u00bb custom_margin=\u00bb||0px||false|false\u00bb custom_padding=\u00bb4px||4px||true|false\u00bb global_colors_info=\u00bb{}\u00bb][et_pb_column type=\u00bb4_4&#8243; _builder_version=\u00bb4.20.4&#8243; _module_preset=\u00bbdefault\u00bb global_colors_info=\u00bb{}\u00bb][dipi_breadcrumbs bc_home_text=\u00bbHome\u00bb bc_home_url=\u00bb\/\u00bb bc_items_alignment=\u00bbdipi-bc-left\u00bb bc_item_padding=\u00bb|10px||10px|false|true\u00bb bc_active_item_padding=\u00bb|20px||10px|true|false\u00bb _builder_version=\u00bb4.24.0&#8243; _module_preset=\u00bbdefault\u00bb active_text_color=\u00bb#BADFF7&#8243; global_colors_info=\u00bb{}\u00bb][\/dipi_breadcrumbs][\/et_pb_column][\/et_pb_row][\/et_pb_section][et_pb_section fb_built=\u00bb1&#8243; _builder_version=\u00bb4.24.0&#8243; _module_preset=\u00bbdefault\u00bb global_colors_info=\u00bb{}\u00bb][et_pb_row _builder_version=\u00bb4.24.0&#8243; _module_preset=\u00bbdefault\u00bb locked=\u00bboff\u00bb global_colors_info=\u00bb{}\u00bb][et_pb_column type=\u00bb4_4&#8243; _builder_version=\u00bb4.24.0&#8243; _module_preset=\u00bbdefault\u00bb global_colors_info=\u00bb{}\u00bb][et_pb_text _builder_version=\u00bb4.24.0&#8243; _module_preset=\u00bb13ddcc34-f131-47ca-8026-edc37a2f8af8&#8243; global_colors_info=\u00bb{}\u00bb]<\/p>\n<h1 style=\"text-align: center;\">Resiliencia de la Cadena de Suministro<\/h1>\n<p style=\"text-align: center;\">El servicio de Resiliencia de la Cadena de Suministro de ACK3 es una soluci\u00f3n especializada dise\u00f1ada para mejorar la robustez y la continuidad de las operaciones de la cadena de suministro. Destacamos en identificar vulnerabilidades, mitigar riesgos y optimizar estrategias de cadena de suministro.<\/p>\n<p>[\/et_pb_text][\/et_pb_column][\/et_pb_row][et_pb_row column_structure=\u00bb1_2,1_2&#8243; module_class=\u00bbagf-vertical-align\u00bb _builder_version=\u00bb4.24.0&#8243; _module_preset=\u00bbdefault\u00bb custom_padding=\u00bb||||false|false\u00bb global_colors_info=\u00bb{}\u00bb][et_pb_column type=\u00bb1_2&#8243; _builder_version=\u00bb4.24.0&#8243; _module_preset=\u00bbdefault\u00bb global_colors_info=\u00bb{}\u00bb][et_pb_text _builder_version=\u00bb4.24.0&#8243; _module_preset=\u00bbdefault\u00bb background_color=\u00bb#F6FAFD\u00bb custom_padding=\u00bb30px|30px|30px|30px|true|true\u00bb border_radii=\u00bbon|3px|3px|3px|3px\u00bb box_shadow_style=\u00bbpreset4&#8243; box_shadow_horizontal=\u00bb7px\u00bb box_shadow_vertical=\u00bb7px\u00bb box_shadow_color=\u00bb#BADFF7&#8243; global_colors_info=\u00bb{}\u00bb]<\/p>\n<h2>\u00bfQu\u00e9 es la Resiliencia de la Cadena de Suministro?<\/h2>\n<p>La Resiliencia de la Cadena de Suministro es la capacidad de una cadena de suministro para soportar y recuperarse de interrupciones mientras sostiene las operaciones esenciales. Incluye la evaluaci\u00f3n de riesgos, estrategias de mitigaci\u00f3n, planificaci\u00f3n de contingencias, relaciones con proveedores, utilizaci\u00f3n de tecnolog\u00eda y mejora continua. Esto asegura que una cadena de suministro pueda funcionar sin problemas ante desaf\u00edos imprevistos, protegiendo las operaciones comerciales, la satisfacci\u00f3n del cliente y la estabilidad financiera.<\/p>\n<p>[\/et_pb_text][\/et_pb_column][et_pb_column type=\u00bb1_2&#8243; _builder_version=\u00bb4.24.0&#8243; _module_preset=\u00bbdefault\u00bb global_colors_info=\u00bb{}\u00bb][et_pb_image src=\u00bbhttps:\/\/ack3.eu\/wp-content\/uploads\/2024\/01\/Supply-Chain-Resilience-2.webp\u00bb title_text=\u00bbResiliencia-de-la-Cadena-de-Suministro\u00bb _builder_version=\u00bb4.24.0&#8243; _module_preset=\u00bbdefault\u00bb global_colors_info=\u00bb{}\u00bb][\/et_pb_image][\/et_pb_column][\/et_pb_row][et_pb_row _builder_version=\u00bb4.24.0&#8243; _module_preset=\u00bbdefault\u00bb global_colors_info=\u00bb{}\u00bb][et_pb_column type=\u00bb4_4&#8243; _builder_version=\u00bb4.24.0&#8243; _module_preset=\u00bbdefault\u00bb global_colors_info=\u00bb{}\u00bb][et_pb_text _builder_version=\u00bb4.27.2&#8243; _module_preset=\u00bbdefault\u00bb global_colors_info=\u00bb{}\u00bb]<\/p>\n<h3>Fortaleciendo la Continuidad del Negocio<\/h3>\n<p>Nuestro servicio incluye evaluaciones de la cadena de suministro, planificaci\u00f3n de mitigaci\u00f3n de riesgos y desarrollo de contingencias. Aprovechamos los datos, la experiencia de la industria y herramientas innovadoras para asegurar que tu cadena de suministro permanezca resiliente, incluso ante interrupciones. Operamos:<\/p>\n<ul>\n<li><strong>Evaluaci\u00f3n de Riesgos<\/strong>: Identificaci\u00f3n de riesgos potenciales, como desastres naturales, interrupciones en la cadena de suministro, cuestiones geopol\u00edticas y otras amenazas que podr\u00edan impactar la cadena de suministro.<\/li>\n<li><strong>Estrategias de Mitigaci\u00f3n<\/strong>: Desarrollo de planes y estrategias para mitigar riesgos y minimizar su impacto. Esto puede incluir diversificar proveedores, crear redundancias y establecer rutas de transporte alternativas.<\/li>\n<li><strong>Planificaci\u00f3n de Contingencias<\/strong>: Creaci\u00f3n de planes de contingencia que detallan acciones espec\u00edficas a tomar en caso de una interrupci\u00f3n. Estos planes aseguran que las funciones cr\u00edticas puedan continuar incluso durante circunstancias desafiantes.<\/li>\n<li><strong>Relaciones con Proveedores<\/strong>: Construcci\u00f3n de relaciones s\u00f3lidas con proveedores y socios para fomentar la colaboraci\u00f3n y asegurar tambi\u00e9n su resiliencia.<\/li>\n<li><strong>Tecnolog\u00eda y Datos<\/strong>: Aprovechamiento de la tecnolog\u00eda y an\u00e1lisis de datos para monitorear y gestionar la cadena de suministro de manera m\u00e1s eficaz, permitiendo respuestas r\u00e1pidas a interrupciones.<\/li>\n<li><strong>Mejora Continua<\/strong>: Evaluaci\u00f3n y mejora continua de las estrategias de resiliencia de la cadena de suministro para adaptarse a riesgos y desaf\u00edos en evoluci\u00f3n.<\/li>\n<\/ul>\n<blockquote>\n<p><strong>Con ACK3 como tu socio en Resiliencia de la Cadena de Suministro, puedes fortalecer tu negocio contra desaf\u00edos imprevistos, minimizar interrupciones y mantener una ventaja competitiva.<\/strong><\/p>\n<\/blockquote>\n<p>[\/et_pb_text][et_pb_divider _builder_version=\u00bb4.27.2&#8243; _module_preset=\u00bbdefault\u00bb global_colors_info=\u00bb{}\u00bb][\/et_pb_divider][\/et_pb_column][\/et_pb_row][et_pb_row _builder_version=\u00bb4.24.0&#8243; _module_preset=\u00bbdefault\u00bb global_module=\u00bb25840410&#8243; saved_tabs=\u00bball\u00bb locked=\u00bboff\u00bb global_colors_info=\u00bb{}\u00bb][et_pb_column type=\u00bb4_4&#8243; _builder_version=\u00bb4.24.0&#8243; _module_preset=\u00bbdefault\u00bb global_colors_info=\u00bb{}\u00bb][et_pb_text _builder_version=\u00bb4.24.0&#8243; _module_preset=\u00bbe9776427-b859-4288-b0a2-c7103567bb8c\u00bb global_colors_info=\u00bb{}\u00bb]<\/p>\n<p style=\"text-align: center;\">Cont\u00e1ctanos<\/p>\n<p>[\/et_pb_text][et_pb_text _builder_version=\u00bb4.24.0&#8243; _dynamic_attributes=\u00bbcontent\u00bb _module_preset=\u00bb13ddcc34-f131-47ca-8026-edc37a2f8af8&#8243; header_2_text_align=\u00bbcenter\u00bb custom_margin=\u00bb||5px||false|false\u00bb global_colors_info=\u00bb{}\u00bb]@ET-DC@eyJkeW5hbWljIjp0cnVlLCJjb250ZW50IjoicG9zdF90aXRsZSIsInNldHRpbmdzIjp7ImJlZm9yZSI6IjxoMj4gXHUwMGJmRXN0XHUwMGUxcyBpbnRlcmVzYWRvIGVuIGxvcyBzZXJ2aWNpb3MgZGUgIiwiYWZ0ZXIiOiIgZGUgQUNLMz88L2gyPiJ9fQ==@[\/et_pb_text][et_pb_text _builder_version=\u00bb4.24.0&#8243; _module_preset=\u00bb13ddcc34-f131-47ca-8026-edc37a2f8af8&#8243; global_colors_info=\u00bb{}\u00bb]<\/p>\n<p style=\"text-align: center;\">Ponte en contacto con nosotros completando el siguiente formulario:<\/p>\n<p>[\/et_pb_text][dipi_gravity_forms_styler gf_form_id=\u00bb1&#8243; form_title=\u00bbhide\u00bb _builder_version=\u00bb4.24.0&#8243; _module_preset=\u00bbdefault\u00bb form_title_font_size=\u00bb0px\u00bb field_label_font=\u00bbTrade Gothic LT Bold Extended||||||||\u00bb field_label_font_size=\u00bb15px\u00bb required_field_indicator_font_size=\u00bb15px\u00bb field_description_font_size=\u00bb16px\u00bb checkbox_radio_label_font_size=\u00bb17px\u00bb custom_all=\u00bbon\u00bb all_text_size=\u00bb17px\u00bb all_bg_color=\u00bb#000000&#8243; all_font=\u00bb|600|||||||\u00bb all_use_icon=\u00bboff\u00bb max_width=\u00bb78%\u00bb max_width_tablet=\u00bb100%\u00bb max_width_phone=\u00bb100%\u00bb max_width_last_edited=\u00bbon|desktop\u00bb module_alignment=\u00bbcenter\u00bb global_colors_info=\u00bb{}\u00bb all_bg_color__hover_enabled=\u00bbon|hover\u00bb all_bg_color__hover=\u00bb#535353&#8243; all_bg_enable_color__hover=\u00bbon\u00bb][\/dipi_gravity_forms_styler][\/et_pb_column][\/et_pb_row][\/et_pb_section]<\/p>\n","protected":false},"excerpt":{"rendered":"<p>En ACK3 mejoramos tu cadena de suministro. Identificamos vulnerabilidades, riesgos y optimizamos estrategias para operaciones continuas.<\/p>\n","protected":false},"author":1,"featured_media":25842975,"parent":25844068,"menu_order":0,"comment_status":"closed","ping_status":"closed","template":"","meta":{"_et_pb_use_builder":"on","_et_pb_old_content":"","_et_gb_content_width":"","footnotes":""},"dipi_cpt_category":[],"class_list":["post-25844106","page","type-page","status-publish","has-post-thumbnail","hentry"],"_links":{"self":[{"href":"https:\/\/ack3.eu\/es\/wp-json\/wp\/v2\/pages\/25844106","targetHints":{"allow":["GET"]}}],"collection":[{"href":"https:\/\/ack3.eu\/es\/wp-json\/wp\/v2\/pages"}],"about":[{"href":"https:\/\/ack3.eu\/es\/wp-json\/wp\/v2\/types\/page"}],"author":[{"embeddable":true,"href":"https:\/\/ack3.eu\/es\/wp-json\/wp\/v2\/users\/1"}],"replies":[{"embeddable":true,"href":"https:\/\/ack3.eu\/es\/wp-json\/wp\/v2\/comments?post=25844106"}],"version-history":[{"count":0,"href":"https:\/\/ack3.eu\/es\/wp-json\/wp\/v2\/pages\/25844106\/revisions"}],"up":[{"embeddable":true,"href":"https:\/\/ack3.eu\/es\/wp-json\/wp\/v2\/pages\/25844068"}],"wp:featuredmedia":[{"embeddable":true,"href":"https:\/\/ack3.eu\/es\/wp-json\/wp\/v2\/media\/25842975"}],"wp:attachment":[{"href":"https:\/\/ack3.eu\/es\/wp-json\/wp\/v2\/media?parent=25844106"}],"wp:term":[{"taxonomy":"dipi_cpt_category","embeddable":true,"href":"https:\/\/ack3.eu\/es\/wp-json\/wp\/v2\/dipi_cpt_category?post=25844106"}],"curies":[{"name":"wp","href":"https:\/\/api.w.org\/{rel}","templated":true}]}}