{"id":25844092,"date":"2024-02-08T09:55:06","date_gmt":"2024-02-08T08:55:06","guid":{"rendered":"https:\/\/ack3.eu\/formacion\/entrenamiento-en-conciencia-de-entornos-hostiles-heat\/"},"modified":"2025-11-24T12:16:10","modified_gmt":"2025-11-24T11:16:10","slug":"entrenamiento-en-conciencia-de-entornos-hostiles-heat","status":"publish","type":"page","link":"https:\/\/ack3.eu\/es\/formacion\/entrenamiento-en-conciencia-de-entornos-hostiles-heat\/","title":{"rendered":"Entrenamiento en Conciencia de Entornos Hostiles (HEAT)"},"content":{"rendered":"<p>[et_pb_section fb_built=\u00bb1&#8243; _builder_version=\u00bb4.24.0&#8243; _module_preset=\u00bbdefault\u00bb background_color=\u00bb#000000&#8243; background_pattern_repeat_origin=\u00bbcenter\u00bb custom_padding=\u00bb13px||13px||true|false\u00bb saved_tabs=\u00bball\u00bb locked=\u00bboff\u00bb global_colors_info=\u00bb{}\u00bb][et_pb_row _builder_version=\u00bb4.24.0&#8243; _module_preset=\u00bb32edda46-f9f8-4bcc-acb6-81abff8182ae\u00bb custom_margin=\u00bb||0px||false|false\u00bb custom_padding=\u00bb4px||4px||true|false\u00bb global_colors_info=\u00bb{}\u00bb][et_pb_column type=\u00bb4_4&#8243; _builder_version=\u00bb4.20.4&#8243; _module_preset=\u00bbdefault\u00bb global_colors_info=\u00bb{}\u00bb][dipi_breadcrumbs bc_home_text=\u00bbHome\u00bb bc_home_url=\u00bb\/\u00bb bc_items_alignment=\u00bbdipi-bc-left\u00bb bc_item_padding=\u00bb|10px||10px|false|true\u00bb bc_active_item_padding=\u00bb|20px||10px|true|false\u00bb _builder_version=\u00bb4.24.0&#8243; _module_preset=\u00bbdefault\u00bb active_text_color=\u00bb#BADFF7&#8243; global_colors_info=\u00bb{}\u00bb][\/dipi_breadcrumbs][\/et_pb_column][\/et_pb_row][\/et_pb_section][et_pb_section fb_built=\u00bb1&#8243; _builder_version=\u00bb4.24.0&#8243; _module_preset=\u00bbdefault\u00bb global_colors_info=\u00bb{}\u00bb][et_pb_row _builder_version=\u00bb4.24.0&#8243; _module_preset=\u00bbdefault\u00bb locked=\u00bboff\u00bb global_colors_info=\u00bb{}\u00bb][et_pb_column type=\u00bb4_4&#8243; _builder_version=\u00bb4.24.0&#8243; _module_preset=\u00bbdefault\u00bb global_colors_info=\u00bb{}\u00bb][et_pb_image src=\u00bbhttps:\/\/ack3.eu\/wp-content\/uploads\/2025\/09\/ACK3-Academy.jpg\u00bb title_text=\u00bbACK3-Academy\u00bb align=\u00bbcenter\u00bb _builder_version=\u00bb4.27.4&#8243; _module_preset=\u00bbdefault\u00bb width=\u00bb15%\u00bb locked=\u00bboff\u00bb global_colors_info=\u00bb{}\u00bb][\/et_pb_image][et_pb_text _builder_version=\u00bb4.24.0&#8243; _module_preset=\u00bb13ddcc34-f131-47ca-8026-edc37a2f8af8&#8243; global_colors_info=\u00bb{}\u00bb]<\/p>\n<h1 style=\"text-align: center;\">Entrenamiento en Conciencia de Entornos Hostiles (HEAT)<\/h1>\n<p style=\"text-align: center;\">Este curso est\u00e1 dise\u00f1ado por ACK3 para <strong>preparar a individuos que trabajar\u00e1n o viajar\u00e1n en \u00e1reas de alto riesgo, como zonas de conflicto o regiones con altos \u00edndices de criminalidad<\/strong>. El entrenamiento t\u00edpicamente incluye <strong>t\u00e9cnicas de supervivencia<\/strong>, primeros auxilios, navegaci\u00f3n, comunicaci\u00f3n en situaciones de emergencia y c\u00f3mo reaccionar ante amenazas como secuestros o ataques.<\/p>\n<p>[\/et_pb_text][\/et_pb_column][\/et_pb_row][et_pb_row column_structure=\u00bb1_2,1_2&#8243; module_class=\u00bbagf-vertical-align\u00bb _builder_version=\u00bb4.24.0&#8243; _module_preset=\u00bbdefault\u00bb custom_padding=\u00bb1px||||false|false\u00bb global_colors_info=\u00bb{}\u00bb][et_pb_column type=\u00bb1_2&#8243; _builder_version=\u00bb4.24.0&#8243; _module_preset=\u00bbdefault\u00bb global_colors_info=\u00bb{}\u00bb][et_pb_text _builder_version=\u00bb4.24.0&#8243; _module_preset=\u00bbdefault\u00bb background_color=\u00bb#F6FAFD\u00bb custom_padding=\u00bb30px|30px|30px|30px|true|true\u00bb border_radii=\u00bbon|3px|3px|3px|3px\u00bb box_shadow_style=\u00bbpreset4&#8243; box_shadow_horizontal=\u00bb7px\u00bb box_shadow_vertical=\u00bb7px\u00bb box_shadow_color=\u00bb#BADFF7&#8243; global_colors_info=\u00bb{}\u00bb]<\/p>\n<h2>\u00bfQu\u00e9 es HEAT?<\/h2>\n<p>El Entrenamiento en Conciencia de Entornos Hostiles (HEAT) es un <strong>programa integral de seguridad y capacitaci\u00f3n dise\u00f1ado para individuos que planean trabajar o viajar en \u00e1reas de alto riesgo o en entornos donde existe una amenaza significativa de disturbios pol\u00edticos o civiles, conflictos, terrorismo o desastres naturales<\/strong>. Este tipo de entrenamiento es particularmente relevante para periodistas, trabajadores humanitarios, personal militar y gubernamental, y empleados de organizaciones internacionales y ONGs que pueden encontrarse en situaciones potencialmente peligrosas como parte de su trabajo.<\/p>\n<p>[\/et_pb_text][\/et_pb_column][et_pb_column type=\u00bb1_2&#8243; _builder_version=\u00bb4.24.0&#8243; _module_preset=\u00bbdefault\u00bb global_colors_info=\u00bb{}\u00bb][et_pb_image src=\u00bbhttps:\/\/ack3.eu\/wp-content\/uploads\/2024\/01\/Hostile-Environment-Awareness-Training-HEAT.webp\u00bb alt=\u00bbConozca a su Cliente (KYC)\u00bb title_text=\u00bbEntrenamiento en Conciencia de Entornos Hostiles (HEAT)\u00bb _builder_version=\u00bb4.24.0&#8243; _module_preset=\u00bbdefault\u00bb global_colors_info=\u00bb{}\u00bb][\/et_pb_image][\/et_pb_column][\/et_pb_row][et_pb_row _builder_version=\u00bb4.24.0&#8243; _module_preset=\u00bbdefault\u00bb custom_padding=\u00bb4px||2px|||\u00bb global_colors_info=\u00bb{}\u00bb][et_pb_column type=\u00bb4_4&#8243; _builder_version=\u00bb4.24.0&#8243; _module_preset=\u00bbdefault\u00bb global_colors_info=\u00bb{}\u00bb][et_pb_text _builder_version=\u00bb4.27.2&#8243; _module_preset=\u00bbdefault\u00bb global_colors_info=\u00bb{}\u00bb]<\/p>\n<h3>Duraci\u00f3n<\/h3>\n<p>La duraci\u00f3n puede variar desde unos pocos d\u00edas hasta varias semanas, dependiendo de la profundidad del curso. Los cursos generalmente se llevan a cabo en nuestras instalaciones en un pueblo en <strong>Castilla-La Mancha<\/strong>, que est\u00e1 a una hora de Madrid. All\u00ed, contamos con m\u00e1s de 200.000 m2 que cuentan con instalaciones y entornos naturales perfectos para este entrenamiento.<\/p>\n<p>&nbsp;<\/p>\n<h3><strong>Objetivo<\/strong><\/h3>\n<p>El curso HEAT tiene como objetivo preparar a los participantes para operar en entornos de alto riesgo, brind\u00e1ndoles las <strong>habilidades necesarias para gestionar amenazas como conflictos armados, criminalidad, secuestros o desastres naturales<\/strong>. A trav\u00e9s de teor\u00eda y pr\u00e1ctica, los participantes aprender\u00e1n a anticipar, evitar y responder de manera efectiva a incidentes cr\u00edticos, mejorando su seguridad personal y capacidad de toma de decisiones en situaciones adversas.<\/p>\n<p>&nbsp;<\/p>\n<h3><strong>Metodolog\u00eda<\/strong><\/h3>\n<p>Este curso utiliza una metodolog\u00eda participativa que combina un <strong>25% de teor\u00eda con un 75% de actividades pr\u00e1cticas<\/strong>. Las sesiones incluyen juegos de roles, simulaciones realistas y escenarios inmersivos. Los participantes asumir\u00e1n el rol de un equipo en un pa\u00eds en crisis, enfrent\u00e1ndose a situaciones que pondr\u00e1n a prueba su habilidad para tomar decisiones r\u00e1pidas, resolver conflictos y trabajar en equipo bajo presi\u00f3n.<\/p>\n<p>&nbsp;<\/p>\n<h3>Contenidos<\/h3>\n<p>Los cursos ACK3 HEAT tienen como objetivo preparar a los participantes para reconocer, evitar y responder a una variedad de amenazas que puedan encontrar. El plan de estudios a menudo incluye, pero no se limita a, los siguientes componentes:<\/p>\n<ul>\n<li><strong>Evaluaci\u00f3n y gesti\u00f3n de riesgos<\/strong>: Entrenamiento en identificaci\u00f3n y mitigaci\u00f3n de riesgos, cubriendo la identificaci\u00f3n de amenazas y la planificaci\u00f3n de seguridad.<\/li>\n<li><strong>Conciencia cultural<\/strong>: Adquisici\u00f3n de conocimiento sobre culturas locales para mejorar la comunicaci\u00f3n, negociaci\u00f3n y operaci\u00f3n segura en entornos extranjeros.<\/li>\n<li><strong>Navegaci\u00f3n y movimiento<\/strong>: Habilidades en el uso de herramientas de navegaci\u00f3n tradicionales y modernas para atravesar \u00e1reas hostiles.<\/li>\n<li><strong>Entrenamiento m\u00e9dico<\/strong>: Aprendizaje de primeros auxilios y respuesta de emergencia relevantes para amenazas en entornos hostiles.<\/li>\n<li><strong>Seguridad personal<\/strong>: Pr\u00e1cticas para mantener la seguridad, incluida la conciencia y manejo de peligros durante los viajes.<\/li>\n<li><strong>Habilidades de supervivencia<\/strong>: Aspectos esenciales de la supervivencia como asegurar comida, agua y refugio en condiciones adversas.<\/li>\n<li><strong>Supervivencia de rehenes y prevenci\u00f3n de secuestros<\/strong>: T\u00e9cnicas para reducir los riesgos de secuestro y aumentar la supervivencia si se es capturado.<\/li>\n<li><strong>Gesti\u00f3n del estr\u00e9s<\/strong>: T\u00e9cnicas para manejar el estr\u00e9s en operaciones de alto riesgo, como estrategias de resiliencia y afrontamiento.<\/li>\n<li><strong>Consideraciones legales y \u00e9ticas<\/strong>: Conocimiento de problemas legales y \u00e9ticos en entornos hostiles.<\/li>\n<li><strong>Comunicaci\u00f3n<\/strong>: Uso de comunicaci\u00f3n segura y manejo de informaci\u00f3n en contextos sensibles.<\/li>\n<li><strong>Trabajo en equipo y liderazgo<\/strong>: Desarrollo de habilidades de equipo y liderazgo para operaciones desafiantes.<br \/><strong><\/strong><\/li>\n<li><strong>Planificaci\u00f3n de evacuaci\u00f3n<\/strong>: Creaci\u00f3n y comprensi\u00f3n de planes para la partida r\u00e1pida y segura de \u00e1reas peligrosas.<\/li>\n<\/ul>\n<p>[\/et_pb_text][\/et_pb_column][\/et_pb_row][et_pb_row column_structure=\u00bb1_2,1_2&#8243; _builder_version=\u00bb4.27.2&#8243; _module_preset=\u00bbdefault\u00bb global_colors_info=\u00bb{}\u00bb][et_pb_column type=\u00bb1_2&#8243; _builder_version=\u00bb4.27.2&#8243; _module_preset=\u00bbdefault\u00bb global_colors_info=\u00bb{}\u00bb][et_pb_image src=\u00bbhttps:\/\/ack3.eu\/wp-content\/uploads\/2024\/10\/Curso-HEAT-Espana-Spain-ONGs-ACK3-Academy.jpg\u00bb title_text=\u00bbCurso-HEAT-Espan\u0303a-Spain-ONGs-ACK3-Academy\u00bb _builder_version=\u00bb4.27.2&#8243; _module_preset=\u00bbdefault\u00bb global_colors_info=\u00bb{}\u00bb][\/et_pb_image][\/et_pb_column][et_pb_column type=\u00bb1_2&#8243; _builder_version=\u00bb4.27.2&#8243; _module_preset=\u00bbdefault\u00bb global_colors_info=\u00bb{}\u00bb][et_pb_image src=\u00bbhttps:\/\/ack3.eu\/wp-content\/uploads\/2024\/10\/Curso-HEAT-Espana-Spain-ACK3-Academy.jpg\u00bb title_text=\u00bbCurso-HEAT-Espan\u0303a-Spain-ACK3-Academy\u00bb _builder_version=\u00bb4.27.2&#8243; _module_preset=\u00bbdefault\u00bb global_colors_info=\u00bb{}\u00bb][\/et_pb_image][\/et_pb_column][\/et_pb_row][et_pb_row _builder_version=\u00bb4.24.0&#8243; _module_preset=\u00bbdefault\u00bb custom_padding=\u00bb4px|||||\u00bb global_colors_info=\u00bb{}\u00bb][et_pb_column type=\u00bb4_4&#8243; _builder_version=\u00bb4.24.0&#8243; _module_preset=\u00bbdefault\u00bb global_colors_info=\u00bb{}\u00bb][et_pb_text _builder_version=\u00bb4.27.2&#8243; _module_preset=\u00bbdefault\u00bb global_colors_info=\u00bb{}\u00bb]<\/p>\n<h3><strong>Perfil de los participantes<\/strong><\/h3>\n<p>El entrenamiento HEAT est\u00e1 dirigido a <strong>cooperantes, periodistas, diplom\u00e1ticos, personal de ONGs, ingenieros, miembros de corporaciones y cualquier persona que deba operar en zonas de alto riesgo<\/strong>. Es particularmente relevante para quienes trabajan en \u00e1reas con alta criminalidad, conflictos armados, mala gobernanza o desastres naturales, donde las amenazas como ataques, robos o secuestros son una realidad.<\/p>\n<p>&nbsp;<\/p>\n<h3><strong>Certificaci\u00f3n y seguimiento<\/strong><\/h3>\n<p>Al finalizar el curso, los participantes recibir\u00e1n una certificaci\u00f3n que acredita su formaci\u00f3n en seguridad y capacidad para operar en entornos hostiles. Adem\u00e1s, ACK3 ofrece servicios de seguimiento y asesor\u00eda continua para garantizar que las habilidades aprendidas se mantengan actualizadas frente a nuevas amenazas.<\/p>\n<p>&nbsp;<\/p>\n<p><strong><\/strong><\/p>\n<h3><strong>Beneficios<\/strong><\/h3>\n<ul>\n<li>Reducci\u00f3n del riesgo personal mediante el aprendizaje de t\u00e1cticas de seguridad y supervivencia.<\/li>\n<li>Mejora de la capacidad para tomar decisiones bajo presi\u00f3n en situaciones de alto riesgo.<\/li>\n<li>Aumento de la confianza para operar en entornos peligrosos con protocolos de seguridad probados.<\/li>\n<li>Adquisici\u00f3n de habilidades pr\u00e1cticas en primeros auxilios, gesti\u00f3n de crisis y negociaci\u00f3n en situaciones de emergencia.<\/li>\n<li>Preparaci\u00f3n psicol\u00f3gica para manejar el estr\u00e9s y aumentar la resiliencia en situaciones extremas.<\/li>\n<\/ul>\n<blockquote>\n<p><strong>El curso HEAT de ACK3 prepara a los participantes para enfrentar los riesgos en entornos hostiles, dot\u00e1ndolos de habilidades clave en seguridad, primeros auxilios, navegaci\u00f3n y respuesta a crisis. A trav\u00e9s de una combinaci\u00f3n de teor\u00eda y simulaciones pr\u00e1cticas, los participantes desarrollan resiliencia, confianza y capacidad para operar de manera efectiva en situaciones de alto riesgo.<\/strong><\/p>\n<\/blockquote>\n<p>[\/et_pb_text][et_pb_divider _builder_version=\u00bb4.27.2&#8243; _module_preset=\u00bbdefault\u00bb global_colors_info=\u00bb{}\u00bb][\/et_pb_divider][\/et_pb_column][\/et_pb_row][et_pb_row _builder_version=\u00bb4.24.0&#8243; _module_preset=\u00bbdefault\u00bb global_module=\u00bb25840410&#8243; saved_tabs=\u00bball\u00bb locked=\u00bboff\u00bb global_colors_info=\u00bb{}\u00bb][et_pb_column type=\u00bb4_4&#8243; _builder_version=\u00bb4.24.0&#8243; _module_preset=\u00bbdefault\u00bb global_colors_info=\u00bb{}\u00bb][et_pb_text _builder_version=\u00bb4.24.0&#8243; _module_preset=\u00bbe9776427-b859-4288-b0a2-c7103567bb8c\u00bb global_colors_info=\u00bb{}\u00bb]<\/p>\n<p style=\"text-align: center;\">Cont\u00e1ctanos<\/p>\n<p>[\/et_pb_text][et_pb_text _builder_version=\u00bb4.24.0&#8243; _dynamic_attributes=\u00bbcontent\u00bb _module_preset=\u00bb13ddcc34-f131-47ca-8026-edc37a2f8af8&#8243; header_2_text_align=\u00bbcenter\u00bb custom_margin=\u00bb||5px||false|false\u00bb global_colors_info=\u00bb{}\u00bb]@ET-DC@eyJkeW5hbWljIjp0cnVlLCJjb250ZW50IjoicG9zdF90aXRsZSIsInNldHRpbmdzIjp7ImJlZm9yZSI6IjxoMj4gXHUwMGJmRXN0XHUwMGUxcyBpbnRlcmVzYWRvIGVuIGxvcyBzZXJ2aWNpb3MgZGUgIiwiYWZ0ZXIiOiIgZGUgQUNLMz88L2gyPiJ9fQ==@[\/et_pb_text][et_pb_text _builder_version=\u00bb4.24.0&#8243; _module_preset=\u00bb13ddcc34-f131-47ca-8026-edc37a2f8af8&#8243; global_colors_info=\u00bb{}\u00bb]<\/p>\n<p style=\"text-align: center;\">Ponte en contacto con nosotros completando el siguiente formulario:<\/p>\n<p>[\/et_pb_text][dipi_gravity_forms_styler gf_form_id=\u00bb1&#8243; form_title=\u00bbhide\u00bb _builder_version=\u00bb4.24.0&#8243; _module_preset=\u00bbdefault\u00bb form_title_font_size=\u00bb0px\u00bb field_label_font=\u00bbTrade Gothic LT Bold Extended||||||||\u00bb field_label_font_size=\u00bb15px\u00bb required_field_indicator_font_size=\u00bb15px\u00bb field_description_font_size=\u00bb16px\u00bb checkbox_radio_label_font_size=\u00bb17px\u00bb custom_all=\u00bbon\u00bb all_text_size=\u00bb17px\u00bb all_bg_color=\u00bb#000000&#8243; all_font=\u00bb|600|||||||\u00bb all_use_icon=\u00bboff\u00bb max_width=\u00bb78%\u00bb max_width_tablet=\u00bb100%\u00bb max_width_phone=\u00bb100%\u00bb max_width_last_edited=\u00bbon|desktop\u00bb module_alignment=\u00bbcenter\u00bb global_colors_info=\u00bb{}\u00bb all_bg_color__hover_enabled=\u00bbon|hover\u00bb all_bg_color__hover=\u00bb#535353&#8243; all_bg_enable_color__hover=\u00bbon\u00bb][\/dipi_gravity_forms_styler][\/et_pb_column][\/et_pb_row][\/et_pb_section]<\/p>\n","protected":false},"excerpt":{"rendered":"<p>ACK3 te prepara para los riesgos en zonas de conflicto, conciencia cultural, manejar estr\u00e9s, supervivencia, primeros auxilios y respuesta ante crisis.<\/p>\n","protected":false},"author":1,"featured_media":25842996,"parent":25844034,"menu_order":0,"comment_status":"closed","ping_status":"closed","template":"","meta":{"_et_pb_use_builder":"on","_et_pb_old_content":"","_et_gb_content_width":"","footnotes":""},"dipi_cpt_category":[],"class_list":["post-25844092","page","type-page","status-publish","has-post-thumbnail","hentry"],"_links":{"self":[{"href":"https:\/\/ack3.eu\/es\/wp-json\/wp\/v2\/pages\/25844092","targetHints":{"allow":["GET"]}}],"collection":[{"href":"https:\/\/ack3.eu\/es\/wp-json\/wp\/v2\/pages"}],"about":[{"href":"https:\/\/ack3.eu\/es\/wp-json\/wp\/v2\/types\/page"}],"author":[{"embeddable":true,"href":"https:\/\/ack3.eu\/es\/wp-json\/wp\/v2\/users\/1"}],"replies":[{"embeddable":true,"href":"https:\/\/ack3.eu\/es\/wp-json\/wp\/v2\/comments?post=25844092"}],"version-history":[{"count":0,"href":"https:\/\/ack3.eu\/es\/wp-json\/wp\/v2\/pages\/25844092\/revisions"}],"up":[{"embeddable":true,"href":"https:\/\/ack3.eu\/es\/wp-json\/wp\/v2\/pages\/25844034"}],"wp:featuredmedia":[{"embeddable":true,"href":"https:\/\/ack3.eu\/es\/wp-json\/wp\/v2\/media\/25842996"}],"wp:attachment":[{"href":"https:\/\/ack3.eu\/es\/wp-json\/wp\/v2\/media?parent=25844092"}],"wp:term":[{"taxonomy":"dipi_cpt_category","embeddable":true,"href":"https:\/\/ack3.eu\/es\/wp-json\/wp\/v2\/dipi_cpt_category?post=25844092"}],"curies":[{"name":"wp","href":"https:\/\/api.w.org\/{rel}","templated":true}]}}