{"id":25843879,"date":"2024-02-09T09:57:31","date_gmt":"2024-02-09T08:57:31","guid":{"rendered":"https:\/\/ack3.eu\/aviso-legal\/"},"modified":"2024-04-10T10:20:02","modified_gmt":"2024-04-10T08:20:02","slug":"aviso-legal","status":"publish","type":"page","link":"https:\/\/ack3.eu\/es\/aviso-legal\/","title":{"rendered":"Aviso Legal"},"content":{"rendered":"<p>[et_pb_section fb_built=\u00bb1&#8243; _builder_version=\u00bb4.24.0&#8243; _module_preset=\u00bbdefault\u00bb background_color=\u00bb#000000&#8243; background_pattern_repeat_origin=\u00bbcenter\u00bb custom_padding=\u00bb13px||13px||true|false\u00bb global_module=\u00bb54&#8243; saved_tabs=\u00bball\u00bb locked=\u00bboff\u00bb global_colors_info=\u00bb{}\u00bb][et_pb_row _builder_version=\u00bb4.24.0&#8243; _module_preset=\u00bb32edda46-f9f8-4bcc-acb6-81abff8182ae\u00bb custom_margin=\u00bb||0px||false|false\u00bb custom_padding=\u00bb4px||4px||true|false\u00bb global_colors_info=\u00bb{}\u00bb][et_pb_column type=\u00bb4_4&#8243; _builder_version=\u00bb4.20.4&#8243; _module_preset=\u00bbdefault\u00bb global_colors_info=\u00bb{}\u00bb][dipi_breadcrumbs bc_home_text=\u00bbHome\u00bb bc_home_url=\u00bb\/\u00bb bc_items_alignment=\u00bbdipi-bc-left\u00bb bc_item_padding=\u00bb|10px||10px|false|true\u00bb bc_active_item_padding=\u00bb|20px||10px|true|false\u00bb _builder_version=\u00bb4.24.0&#8243; _module_preset=\u00bbdefault\u00bb active_text_color=\u00bb#BADFF7&#8243; global_colors_info=\u00bb{}\u00bb][\/dipi_breadcrumbs][\/et_pb_column][\/et_pb_row][\/et_pb_section][et_pb_section fb_built=\u00bb1&#8243; _builder_version=\u00bb4.24.0&#8243; _module_preset=\u00bbdefault\u00bb global_colors_info=\u00bb{}\u00bb][et_pb_row _builder_version=\u00bb4.24.0&#8243; _module_preset=\u00bbdefault\u00bb global_colors_info=\u00bb{}\u00bb][et_pb_column type=\u00bb4_4&#8243; _builder_version=\u00bb4.24.0&#8243; _module_preset=\u00bbdefault\u00bb global_colors_info=\u00bb{}\u00bb][et_pb_text _builder_version=\u00bb4.24.2&#8243; _module_preset=\u00bbdefault\u00bb global_colors_info=\u00bb{}\u00bb]<\/p>\n<h1>AVISO LEGAL<\/h1>\n<p>Le informamos que, en cumplimiento de las obligaciones legales estipuladas en la Ley 34\/2002 de Servicios de la Sociedad de la Informaci\u00f3n y de Comercio Electr\u00f3nico, as\u00ed como el Reglamento 2016\/679 sobre la Protecci\u00f3n de las Personas F\u00edsicas en lo que respecta al Tratamiento de Datos Personales y a la libre circulaci\u00f3n de estos datos, redactamos y publicamos nuestro AVISO LEGAL.<\/p>\n<p>Este sitio web https:\/\/www.ack3.eu\/ (en adelante, el \u00abSitio Web\u00bb) es propiedad de ACK3 Consultor\u00eda de Riesgos Globales SL, dedicada a la consultor\u00eda estrat\u00e9gica de riesgos, operando en Espa\u00f1a realizando actividades de asesoramiento y gesti\u00f3n de proyectos de resiliencia, formaci\u00f3n y soluciones de apoyo cr\u00edticas para misiones.<\/p>\n<p>Usuarios que navegan por este sitio web se comprometen a hacer uso correcto y apropiado del mismo, conforme a los t\u00e9rminos establecidos en las regulaciones vigentes y en este aviso legal. En relaci\u00f3n con la categor\u00eda de \u00abusuarios\u00bb, cualquier persona que acceda y navegue por este sitio web ser\u00e1 considerada un Usuario.<\/p>\n<p>&nbsp;<\/p>\n<h4>DETALLES DE LA EMPRESA<\/h4>\n<p>\u00ab<strong>ACK3 Consultor\u00eda de Riesgos Globales SL<\/strong>\u00ab, en adelante \u00ab<strong>ACK3<\/strong>,\u00bb proporciona a todos los usuarios del sitio web los siguientes datos de identificaci\u00f3n:<\/p>\n<ul>\n<li>Nombre de la empresa: ACK3 Consultor\u00eda de Riesgos Globales SL<\/li>\n<li>C\u00f3digo de Identificaci\u00f3n Fiscal (CIF): B87348413<\/li>\n<li>Domicilio registrado: Calle Manuel de Falla 14, 1\u00baA, 28100, Alcobendas, Madrid, Spain.<\/li>\n<li>Contacto\n<ul>\n<li>Correo electr\u00f3nico: info@ack3.es<\/li>\n<li>Tel\u00e9fono: 911831325<\/li>\n<li>Direcci\u00f3n postal: Paseo de la Castellana, 259 C, 28046 Madrid, Espa\u00f1a.<\/li>\n<\/ul>\n<\/li>\n<\/ul>\n<p>&nbsp;<\/p>\n<h4>RESPONSABILIDAD<\/h4>\n<p>ACK3 ha implementado las medidas t\u00e9cnicas y organizativas necesarias, conforme al nivel adecuado de seguridad para el riesgo de los datos personales recopilados. ACK3 no se hace responsable de los posibles da\u00f1os derivados de intrusiones o ciberataques llevados a cabo por terceros no autorizados a trav\u00e9s de enlaces externos.<\/p>\n<p>ACK3 no ser\u00e1 responsable en caso de ciberataque al sitio web o si este es manipulado y alterado por terceros no autorizados que exploten vulnerabilidades en los sistemas inform\u00e1ticos.<\/p>\n<p>Cualquier otra responsabilidad derivada del uso del sitio web y\/o la contrataci\u00f3n de los servicios de ACK3 puede consultarse en los T\u00e9rminos y Condiciones Generales disponibles en el siguiente enlace.<\/p>\n<p>&nbsp;<\/p>\n<h4>PROPIEDAD INTELECTUAL E INDUSTRIAL<\/h4>\n<p>El contenido publicado en el Sitio Web, as\u00ed como el contenido proporcionado por ACK3 en cualquier forma a trav\u00e9s de su sitio web, constituyen una OBRA de acuerdo con lo establecido en las leyes de propiedad intelectual aplicables, y por lo tanto est\u00e1n protegidos por las leyes y acuerdos internacionales aplicables en esta materia.<\/p>\n<p>Para obtener m\u00e1s informaci\u00f3n, puede consultar los T\u00e9rminos y Condiciones Generales disponibles en el siguiente enlace.<\/p>\n<p>&nbsp;<\/p>\n<h4>PROTECCI\u00d3N DE DATOS PERSONALES<\/h4>\n<p>ACK3 es responsable del tratamiento de todos los datos personales recopilados y procesados en el Sitio Web. De acuerdo con el Reglamento General de Protecci\u00f3n de Datos (UE, 2016\/679) y la Ley Org\u00e1nica de Protecci\u00f3n de Datos y Garant\u00eda de los Derechos Digitales (3\/2018), puede consultar nuestra Pol\u00edtica de Privacidad en el siguiente enlace.<\/p>\n<p>ACK3 ha sido beneficiaria del Fondo Europeo de Desarrollo Regional cuyo objetivo es mejorar el uso y la calidad de las tecnolog\u00edas de la informaci\u00f3n y la comunicaci\u00f3n y el acceso a las mismas, y gracias al cual ha solicitado su inscripci\u00f3n en TICC\u00e1maras para la mejora de la competitividad y productividad de la empresa el 08-06-2018. Para este fin, ha contado con el apoyo de TICC\u00e1maras de la C\u00e1mara de Comercio de Lleida.<\/p>\n<p>ACK3, en el marco del Programa ICEX Next, ha contado con el apoyo de ICEX y con la cofinanciaci\u00f3n del Fondo Europeo FEDER. El prop\u00f3sito de este apoyo es contribuir al desarrollo internacional de la empresa y su entorno.<\/p>\n<p>[\/et_pb_text][\/et_pb_column][\/et_pb_row][\/et_pb_section]<\/p>\n","protected":false},"excerpt":{"rendered":"<p>Aviso legal: Conforme a la Ley 34\/2002 y al Reglamento 2016\/679. Sitio web propiedad de ACK3 Consultor\u00eda de Riesgos Globales SL. <\/p>\n","protected":false},"author":1,"featured_media":25843133,"parent":0,"menu_order":0,"comment_status":"closed","ping_status":"closed","template":"","meta":{"_et_pb_use_builder":"on","_et_pb_old_content":"","_et_gb_content_width":"","footnotes":""},"dipi_cpt_category":[],"class_list":["post-25843879","page","type-page","status-publish","has-post-thumbnail","hentry"],"_links":{"self":[{"href":"https:\/\/ack3.eu\/es\/wp-json\/wp\/v2\/pages\/25843879","targetHints":{"allow":["GET"]}}],"collection":[{"href":"https:\/\/ack3.eu\/es\/wp-json\/wp\/v2\/pages"}],"about":[{"href":"https:\/\/ack3.eu\/es\/wp-json\/wp\/v2\/types\/page"}],"author":[{"embeddable":true,"href":"https:\/\/ack3.eu\/es\/wp-json\/wp\/v2\/users\/1"}],"replies":[{"embeddable":true,"href":"https:\/\/ack3.eu\/es\/wp-json\/wp\/v2\/comments?post=25843879"}],"version-history":[{"count":0,"href":"https:\/\/ack3.eu\/es\/wp-json\/wp\/v2\/pages\/25843879\/revisions"}],"wp:featuredmedia":[{"embeddable":true,"href":"https:\/\/ack3.eu\/es\/wp-json\/wp\/v2\/media\/25843133"}],"wp:attachment":[{"href":"https:\/\/ack3.eu\/es\/wp-json\/wp\/v2\/media?parent=25843879"}],"wp:term":[{"taxonomy":"dipi_cpt_category","embeddable":true,"href":"https:\/\/ack3.eu\/es\/wp-json\/wp\/v2\/dipi_cpt_category?post=25843879"}],"curies":[{"name":"wp","href":"https:\/\/api.w.org\/{rel}","templated":true}]}}