{"id":25843447,"date":"2024-02-06T14:53:39","date_gmt":"2024-02-06T13:53:39","guid":{"rendered":"https:\/\/ack3.eu\/risk-management-consulting-baghdad-irak\/"},"modified":"2024-10-16T14:51:59","modified_gmt":"2024-10-16T12:51:59","slug":"bagdad-irak","status":"publish","type":"page","link":"https:\/\/ack3.eu\/es\/bagdad-irak\/","title":{"rendered":"ACK3 Bagdad"},"content":{"rendered":"<p>[et_pb_section fb_built=\u00bb1&#8243; _builder_version=\u00bb4.24.0&#8243; _module_preset=\u00bbdefault\u00bb global_colors_info=\u00bb{}\u00bb][et_pb_row _builder_version=\u00bb4.24.0&#8243; _module_preset=\u00bbdefault\u00bb global_colors_info=\u00bb{}\u00bb][et_pb_column type=\u00bb4_4&#8243; _builder_version=\u00bb4.24.0&#8243; _module_preset=\u00bbdefault\u00bb global_colors_info=\u00bb{}\u00bb][et_pb_text _builder_version=\u00bb4.27.2&#8243; _module_preset=\u00bb13ddcc34-f131-47ca-8026-edc37a2f8af8&#8243; global_colors_info=\u00bb{}\u00bb]<\/p>\n<h1 style=\"text-align: center;\">Consultor\u00eda estrat\u00e9gica de riesgos e inteligencia\u00a0en Irak<\/h1>\n<p style=\"text-align: center;\">El establecimiento de ACK3 en Bagdad, Irak, representa una extensi\u00f3n estrat\u00e9gica de nuestra experiencia en gesti\u00f3n de riesgos, inteligencia estrat\u00e9gica y apoyo a misiones cr\u00edticas en uno de los entornos m\u00e1s complejos de Oriente Medio. Esta iniciativa se destaca por el reconocimiento de ACK3 como proveedor registrado tanto del Ministerio de Defensa espa\u00f1ol como del Ministerio de Defensa iraqu\u00ed, cumpliendo con los rigurosos est\u00e1ndares de calidad y experiencia exigidos por las colaboraciones de defensa internacionales y nacionales. Esta doble certificaci\u00f3n subraya el firme compromiso de ACK3 de ofrecer servicios que cumplen con los criterios prestigiosos de las agencias de defensa globales y locales, posicion\u00e1ndonos de manera \u00fanica dentro del complejo panorama de riesgos de Irak.<\/p>\n<p>[\/et_pb_text][\/et_pb_column][\/et_pb_row][et_pb_row column_structure=\u00bb1_2,1_2&#8243; module_class=\u00bbagf-vertical-align\u00bb _builder_version=\u00bb4.24.0&#8243; _module_preset=\u00bbdefault\u00bb global_colors_info=\u00bb{}\u00bb][et_pb_column type=\u00bb1_2&#8243; _builder_version=\u00bb4.24.0&#8243; _module_preset=\u00bbdefault\u00bb global_colors_info=\u00bb{}\u00bb][et_pb_image src=\u00bbhttps:\/\/ack3.eu\/wp-content\/uploads\/2024\/02\/Bagdad-2.webp\u00bb alt=\u00bbACK3 Irak\u00bb title_text=\u00bbBagdad-2&#8243; _builder_version=\u00bb4.24.0&#8243; _module_preset=\u00bbdefault\u00bb global_colors_info=\u00bb{}\u00bb][\/et_pb_image][\/et_pb_column][et_pb_column type=\u00bb1_2&#8243; _builder_version=\u00bb4.24.0&#8243; _module_preset=\u00bbdefault\u00bb global_colors_info=\u00bb{}\u00bb][et_pb_text _builder_version=\u00bb4.27.2&#8243; _module_preset=\u00bbdefault\u00bb global_colors_info=\u00bb{}\u00bb]<\/p>\n<h2>El contexto iraqu\u00ed<\/h2>\n<p>Irak presenta una variedad diversa de desaf\u00edos y oportunidades, desde la inestabilidad pol\u00edtica y preocupaciones de seguridad hasta la reconstrucci\u00f3n econ\u00f3mica y su significativa importancia geopol\u00edtica. La riqueza del pa\u00eds en recursos naturales y su posici\u00f3n crucial a\u00f1aden complejidad al entorno operativo, lo que requiere estrategias de gesti\u00f3n de riesgos sofisticadas e informadas.<\/p>\n<p>[\/et_pb_text][\/et_pb_column][\/et_pb_row][et_pb_row column_structure=\u00bb1_3,1_3,1_3&#8243; _builder_version=\u00bb4.24.0&#8243; _module_preset=\u00bbdefault\u00bb global_colors_info=\u00bb{}\u00bb][et_pb_column type=\u00bb1_3&#8243; _builder_version=\u00bb4.24.0&#8243; _module_preset=\u00bbdefault\u00bb global_colors_info=\u00bb{}\u00bb][et_pb_blurb title=\u00bbConsultor\u00eda de riesgos estrat\u00e9gicos en Bagdad\u00bb use_icon=\u00bbon\u00bb font_icon=\u00bb&#x3d;||divi||400&#8243; icon_color=\u00bb#000000&#8243; image_icon_width=\u00bb68px\u00bb icon_alignment=\u00bbleft\u00bb _builder_version=\u00bb4.27.2&#8243; _module_preset=\u00bbdefault\u00bb global_colors_info=\u00bb{}\u00bb]<\/p>\n<p>En ACK3 ofrecemos consultor\u00eda estrat\u00e9gica en gesti\u00f3n de riesgos en Bagdad, adaptada a los desaf\u00edos \u00fanicos de Irak. Los servicios incluyen an\u00e1lisis exhaustivo de riesgos geopol\u00edticos, consultor\u00eda de seguridad y planificaci\u00f3n estrat\u00e9gica, que son esenciales para las entidades que operan en o con Irak. Nuestra es especialmente valiosa para navegar por las incertidumbres de seguridad y pol\u00edticas del mercado iraqu\u00ed, aprovechando las oportunidades vinculadas al trayectoria de desarrollo del pa\u00eds.<\/p>\n<p>[\/et_pb_blurb][\/et_pb_column][et_pb_column type=\u00bb1_3&#8243; _builder_version=\u00bb4.24.0&#8243; _module_preset=\u00bbdefault\u00bb global_colors_info=\u00bb{}\u00bb][et_pb_blurb title=\u00bbInteligencia econ\u00f3mica para una econom\u00eda en transformaci\u00f3n\u00bb use_icon=\u00bbon\u00bb font_icon=\u00bb&#x3d;||divi||400&#8243; icon_color=\u00bb#000000&#8243; image_icon_width=\u00bb68px\u00bb icon_alignment=\u00bbleft\u00bb _builder_version=\u00bb4.27.2&#8243; _module_preset=\u00bbdefault\u00bb global_colors_info=\u00bb{}\u00bb]<\/p>\n<p>En Bagdad, ACK3 proporciona servicios cr\u00edticos de inteligencia econ\u00f3mica, esenciales para navegar por la econom\u00eda en evoluci\u00f3n de Irak. Estos servicios ofrecen informaci\u00f3n sobre los riesgos y oportunidades de inversi\u00f3n, respaldando la toma de decisiones informadas en medio de los esfuerzos de recuperaci\u00f3n y transformaci\u00f3n econ\u00f3mica del pa\u00eds.<\/p>\n<p>[\/et_pb_blurb][\/et_pb_column][et_pb_column type=\u00bb1_3&#8243; _builder_version=\u00bb4.24.0&#8243; _module_preset=\u00bbdefault\u00bb global_colors_info=\u00bb{}\u00bb][et_pb_blurb title=\u00bbCiberseguridad y protecci\u00f3n de infraestructuras\u00bb use_icon=\u00bbon\u00bb font_icon=\u00bb&#x3d;||divi||400&#8243; icon_color=\u00bb#000000&#8243; image_icon_width=\u00bb68px\u00bb icon_alignment=\u00bbleft\u00bb _builder_version=\u00bb4.27.2&#8243; _module_preset=\u00bbdefault\u00bb global_colors_info=\u00bb{}\u00bb]<\/p>\n<p>Con el desarrollo de infraestructuras y la digitalizaci\u00f3n en Irak, la ciberseguridad y la protecci\u00f3n de infraestructuras son fundamentales. Los servicios integrales de ACK3 en Bagdad garantizan la protecci\u00f3n de activos cr\u00edticos, datos y operaciones, aline\u00e1ndose con los altos est\u00e1ndares exigidos por sus certificaciones de defensa.<\/p>\n<p>[\/et_pb_blurb][\/et_pb_column][\/et_pb_row][et_pb_row column_structure=\u00bb1_3,1_3,1_3&#8243; _builder_version=\u00bb4.24.0&#8243; _module_preset=\u00bbdefault\u00bb custom_padding=\u00bb1px|||||\u00bb global_colors_info=\u00bb{}\u00bb][et_pb_column type=\u00bb1_3&#8243; _builder_version=\u00bb4.24.0&#8243; _module_preset=\u00bbdefault\u00bb global_colors_info=\u00bb{}\u00bb][et_pb_blurb title=\u00bbSeguridad de los recursos humanos en entornos de alto riesgo\u00bb use_icon=\u00bbon\u00bb font_icon=\u00bb&#x3d;||divi||400&#8243; icon_color=\u00bb#000000&#8243; image_icon_width=\u00bb68px\u00bb icon_alignment=\u00bbleft\u00bb _builder_version=\u00bb4.27.2&#8243; _module_preset=\u00bbdefault\u00bb global_colors_info=\u00bb{}\u00bb]<\/p>\n<p>Los servicios de seguridad de recursos humanos de ACK3 en Bagdad abordan las complejidades de la gesti\u00f3n de la fuerza laboral en \u00e1reas de alto riesgo. A trav\u00e9s del an\u00e1lisis de riesgos de personal y evaluaciones de integridad, ACK3 garantiza la seguridad y confiabilidad tanto de los equipos locales como del personal internacional, cumpliendo con los estrictos protocolos de seguridad de las agencias de defensa.<\/p>\n<p>[\/et_pb_blurb][\/et_pb_column][et_pb_column type=\u00bb1_3&#8243; _builder_version=\u00bb4.24.0&#8243; _module_preset=\u00bbdefault\u00bb global_colors_info=\u00bb{}\u00bb][et_pb_blurb title=\u00bbResiliencia organizacional en tiempos de incertidumbre\u00bb use_icon=\u00bbon\u00bb font_icon=\u00bb&#x3d;||divi||400&#8243; icon_color=\u00bb#000000&#8243; image_icon_width=\u00bb68px\u00bb icon_alignment=\u00bbleft\u00bb _builder_version=\u00bb4.27.2&#8243; _module_preset=\u00bbdefault\u00bb global_colors_info=\u00bb{}\u00bb]<\/p>\n<p>Con un enfoque en la resiliencia organizacional, en ACK3 preparamos a nuestros clientes en Bagdad para gestionar y recuperarse de diversos riesgos. Este compromiso se refleja en sus servicios de gesti\u00f3n de crisis, planificaci\u00f3n de contingencias y capacitaci\u00f3n en resiliencia, todos adaptados a los desaf\u00edos espec\u00edficos de operar en Irak.<\/p>\n<p>[\/et_pb_blurb][\/et_pb_column][et_pb_column type=\u00bb1_3&#8243; _builder_version=\u00bb4.24.0&#8243; _module_preset=\u00bbdefault\u00bb global_colors_info=\u00bb{}\u00bb][\/et_pb_column][\/et_pb_row][et_pb_row _builder_version=\u00bb4.24.0&#8243; _module_preset=\u00bbdefault\u00bb global_colors_info=\u00bb{}\u00bb][et_pb_column type=\u00bb4_4&#8243; _builder_version=\u00bb4.24.0&#8243; _module_preset=\u00bbdefault\u00bb global_colors_info=\u00bb{}\u00bb][et_pb_text _builder_version=\u00bb4.27.2&#8243; _module_preset=\u00bb13ddcc34-f131-47ca-8026-edc37a2f8af8&#8243; global_colors_info=\u00bb{}\u00bb]<\/p>\n<h2 style=\"text-align: center;\">Tu socio de confianza en Irak<\/h2>\n<p style=\"text-align: center;\">El reconocimiento de ACK3 como proveedor registrado tanto para el Ministerio de Defensa espa\u00f1ol como para el Ministerio de Defensa iraqu\u00ed es un testimonio de su capacidad y compromiso con la excelencia en la consultor\u00eda de gesti\u00f3n de riesgos en Bagdad. Esta prestigiosa certificaci\u00f3n, combinada con el profundo conocimiento de ACK3 del panorama de riesgos local e internacional, nos posiciona como un socio de confianza para empresas y organizaciones que operan en el desafiante, pero lleno de oportunidades, mercado iraqu\u00ed.<\/p>\n<p>[\/et_pb_text][et_pb_divider _builder_version=\u00bb4.24.0&#8243; _module_preset=\u00bbdefault\u00bb global_colors_info=\u00bb{}\u00bb][\/et_pb_divider][\/et_pb_column][\/et_pb_row][et_pb_row _builder_version=\u00bb4.24.0&#8243; _module_preset=\u00bbdefault\u00bb global_module=\u00bb25841843&#8243; saved_tabs=\u00bball\u00bb locked=\u00bboff\u00bb global_colors_info=\u00bb{}\u00bb][et_pb_column type=\u00bb4_4&#8243; _builder_version=\u00bb4.24.0&#8243; _module_preset=\u00bbdefault\u00bb global_colors_info=\u00bb{}\u00bb][et_pb_text _builder_version=\u00bb4.24.0&#8243; _module_preset=\u00bbe9776427-b859-4288-b0a2-c7103567bb8c\u00bb global_colors_info=\u00bb{}\u00bb]<\/p>\n<p style=\"text-align: center;\">Cont\u00e1ctanos<\/p>\n<p>[\/et_pb_text][et_pb_text _builder_version=\u00bb4.24.0&#8243; _module_preset=\u00bb13ddcc34-f131-47ca-8026-edc37a2f8af8&#8243; header_2_text_align=\u00bbcenter\u00bb custom_margin=\u00bb||5px||false|false\u00bb global_colors_info=\u00bb{}\u00bb]<\/p>\n<h2>\u00bfEst\u00e1s interesado en nuestros servicios?<\/h2>\n<p>[\/et_pb_text][et_pb_text _builder_version=\u00bb4.24.0&#8243; _module_preset=\u00bb13ddcc34-f131-47ca-8026-edc37a2f8af8&#8243; global_colors_info=\u00bb{}\u00bb]<\/p>\n<p style=\"text-align: center;\">Ponte en contacto con nosotros completando el siguiente formulario:<\/p>\n<p>[\/et_pb_text][dipi_gravity_forms_styler gf_form_id=\u00bb1&#8243; form_title=\u00bbhide\u00bb _builder_version=\u00bb4.24.0&#8243; _module_preset=\u00bbdefault\u00bb form_title_font_size=\u00bb0px\u00bb field_label_font=\u00bbTrade Gothic LT Bold Extended||||||||\u00bb field_label_font_size=\u00bb15px\u00bb required_field_indicator_font_size=\u00bb15px\u00bb field_description_font_size=\u00bb16px\u00bb checkbox_radio_label_font_size=\u00bb17px\u00bb custom_all=\u00bbon\u00bb all_text_size=\u00bb17px\u00bb all_bg_color=\u00bb#000000&#8243; all_font=\u00bb|600|||||||\u00bb all_use_icon=\u00bboff\u00bb max_width=\u00bb78%\u00bb max_width_tablet=\u00bb100%\u00bb max_width_phone=\u00bb\u00bb max_width_last_edited=\u00bbon|desktop\u00bb module_alignment=\u00bbcenter\u00bb global_colors_info=\u00bb{}\u00bb all_bg_color__hover_enabled=\u00bbon|hover\u00bb all_bg_color__hover=\u00bb#535353&#8243; all_bg_enable_color__hover=\u00bbon\u00bb][\/dipi_gravity_forms_styler][\/et_pb_column][\/et_pb_row][\/et_pb_section]<\/p>\n","protected":false},"excerpt":{"rendered":"<p>ACK3 ofrece gesti\u00f3n de riesgos en Bagdad, Irak \u00b7 An\u00e1lisis de riesgos, inteligencia estrat\u00e9gica, ciberseguridad y resiliencia organizacional.<\/p>\n","protected":false},"author":1,"featured_media":25843076,"parent":0,"menu_order":0,"comment_status":"closed","ping_status":"closed","template":"","meta":{"_et_pb_use_builder":"on","_et_pb_old_content":"","_et_gb_content_width":"","footnotes":""},"dipi_cpt_category":[],"class_list":["post-25843447","page","type-page","status-publish","has-post-thumbnail","hentry"],"_links":{"self":[{"href":"https:\/\/ack3.eu\/es\/wp-json\/wp\/v2\/pages\/25843447","targetHints":{"allow":["GET"]}}],"collection":[{"href":"https:\/\/ack3.eu\/es\/wp-json\/wp\/v2\/pages"}],"about":[{"href":"https:\/\/ack3.eu\/es\/wp-json\/wp\/v2\/types\/page"}],"author":[{"embeddable":true,"href":"https:\/\/ack3.eu\/es\/wp-json\/wp\/v2\/users\/1"}],"replies":[{"embeddable":true,"href":"https:\/\/ack3.eu\/es\/wp-json\/wp\/v2\/comments?post=25843447"}],"version-history":[{"count":0,"href":"https:\/\/ack3.eu\/es\/wp-json\/wp\/v2\/pages\/25843447\/revisions"}],"wp:featuredmedia":[{"embeddable":true,"href":"https:\/\/ack3.eu\/es\/wp-json\/wp\/v2\/media\/25843076"}],"wp:attachment":[{"href":"https:\/\/ack3.eu\/es\/wp-json\/wp\/v2\/media?parent=25843447"}],"wp:term":[{"taxonomy":"dipi_cpt_category","embeddable":true,"href":"https:\/\/ack3.eu\/es\/wp-json\/wp\/v2\/dipi_cpt_category?post=25843447"}],"curies":[{"name":"wp","href":"https:\/\/api.w.org\/{rel}","templated":true}]}}